{"id":596774,"date":"2025-10-22T08:10:06","date_gmt":"2025-10-22T06:10:06","guid":{"rendered":"https:\/\/selleetools.com\/?post_type=product&#038;p=596774"},"modified":"2025-10-23T19:23:55","modified_gmt":"2025-10-23T17:23:55","slug":"petitfee-agave-cooling-hydrogel-eye-mask-60-szt-chlodzace-platki-pod-oczy","status":"publish","type":"product","link":"https:\/\/selleetools.com\/pl\/product\/petitfee-agave-cooling-hydrogel-eye-mask-60-szt-chlodzace-platki-pod-oczy\/","title":{"rendered":"PETITFEE Agave Cooling Hydrogel Eye Mask 60 szt. &#8211; Ch\u0142odz\u0105ce p\u0142atki pod oczy"},"content":{"rendered":"<p><font style=\"font-size: 12px;\"><strong>PETITFEE Agave Cooling Hydrogel Eye Mask<\/strong> to luksusowe hydro\u017celowe p\u0142atki pod oczy, kt\u00f3re zosta\u0142y stworzone, aby zapewni\u0107 Twojej sk\u00f3rze maksymaln\u0105 regeneracj\u0119 i ukojenie. Formu\u0142a opiera si\u0119 na ekstrakcie z agawy, kt\u00f3ry znany jest ze swoich intensywnie nawil\u017caj\u0105cych w\u0142a\u015bciwo\u015bci. Kosmetyk dzia\u0142a ch\u0142odz\u0105co, co natychmiastowo redukuje opuchlizn\u0119 i zm\u0119czenie, pozostawiaj\u0105c sk\u00f3r\u0119 od\u015bwie\u017con\u0105 i roz\u015bwietlon\u0105.<\/font><\/p>\n<p><strong><font style=\"font-size: 12px;\">Korzy\u015bci dla sk\u00f3ry:<\/font><\/strong><\/p>\n<ul>\n<li><font style=\"font-size: 12px;\"><strong>Nawil\u017cenie<\/strong>: Ekstrakt z agawy i inne sk\u0142adniki nawil\u017caj\u0105ce intensywnie nawadniaj\u0105 sk\u00f3r\u0119, zapobiegaj\u0105c jej wysuszaniu.<\/font><\/li>\n<li><font style=\"font-size: 12px;\"><strong>Ch\u0142odzenie i ukojenie<\/strong>: Ch\u0142odz\u0105cy efekt maseczki dzia\u0142a \u0142agodz\u0105co na zm\u0119czon\u0105 i podra\u017cnion\u0105 sk\u00f3r\u0119 wok\u00f3\u0142 oczu.<\/font><\/li>\n<li><font style=\"font-size: 12px;\"><strong>Redukcja opuchlizny<\/strong>: Regularne stosowanie p\u0142atk\u00f3w pomaga zmniejszy\u0107 widoczno\u015b\u0107 opuchni\u0119\u0107 i cieni pod oczami.<\/font><\/li>\n<li><font style=\"font-size: 12px;\"><strong>Roz\u015bwietlenie<\/strong>: Maska dodaje sk\u00f3rze blasku, sprawiaj\u0105c, \u017ce wygl\u0105da zdrowiej i bardziej promiennie.<\/font><\/li>\n<\/ul>\n<p><strong><font style=\"font-size: 12px;\">Spos\u00f3b u\u017cycia:<\/font><\/strong><\/p>\n<ol>\n<li><font style=\"font-size: 12px;\">Oczy\u015b\u0107 dok\u0142adnie sk\u00f3r\u0119 wok\u00f3\u0142 oczu i osusz j\u0105.<\/font><\/li>\n<li><font style=\"font-size: 12px;\">Delikatnie wyjmij p\u0142atki z opakowania i na\u0142\u00f3\u017c je pod oczy, dopasowuj\u0105c ich kszta\u0142t do konturu twarzy.<\/font><\/li>\n<li><font style=\"font-size: 12px;\">Pozostaw na 15-20 minut, pozwalaj\u0105c sk\u00f3rze wch\u0142on\u0105\u0107 aktywne sk\u0142adniki.<\/font><\/li>\n<li><font style=\"font-size: 12px;\">Po zdj\u0119ciu p\u0142atk\u00f3w delikatnie wmasuj pozosta\u0142o\u015b\u0107 esencji w sk\u00f3r\u0119, aby maksymalnie wykorzysta\u0107 dzia\u0142anie produktu.<\/font><\/li>\n<\/ol>\n<p><font style=\"font-size: 12px;\">Kosmetyk jest idealny do codziennego u\u017cytku, szczeg\u00f3lnie rano, aby szybko przywr\u00f3ci\u0107 sk\u00f3rze \u015bwie\u017co\u015b\u0107 przed wyj\u015bciem z domu, lub wieczorem, jako cz\u0119\u015b\u0107 relaksuj\u0105cego rytua\u0142u piel\u0119gnacyjnego.<\/font><\/p>\n","protected":false},"excerpt":{"rendered":"<p>PETITFEE Agave Cooling Hydrogel Eye Mask to luksusowe hydro\u017celowe p\u0142atki pod oczy, kt\u00f3re zosta\u0142y stworzone, aby zapewni\u0107 Twojej sk\u00f3rze maksymaln\u0105 regeneracj\u0119 i ukojenie. Formu\u0142a opiera si\u0119 na ekstrakcie z agawy, kt\u00f3ry znany jest ze swoich intensywnie nawil\u017caj\u0105cych w\u0142a\u015bciwo\u015bci. Kosmetyk dzia\u0142a ch\u0142odz\u0105co, co natychmiastowo redukuje opuchlizn\u0119 i zm\u0119czenie, pozostawiaj\u0105c sk\u00f3r\u0119 od\u015bwie\u017con\u0105 i roz\u015bwietlon\u0105. Korzy\u015bci dla sk\u00f3ry: &#8230; <a title=\"PETITFEE Agave Cooling Hydrogel Eye Mask 60 szt. &#8211; Ch\u0142odz\u0105ce p\u0142atki pod oczy\" class=\"read-more\" href=\"https:\/\/selleetools.com\/pl\/product\/petitfee-agave-cooling-hydrogel-eye-mask-60-szt-chlodzace-platki-pod-oczy\/\">Read more<span class=\"screen-reader-text\">PETITFEE Agave Cooling Hydrogel Eye Mask 60 szt. &#8211; Ch\u0142odz\u0105ce p\u0142atki pod oczy<\/span><\/a><\/p>\n","protected":false},"featured_media":596772,"comment_status":"open","ping_status":"closed","template":"","meta":{"_links_to":"","_links_to_target":""},"yoast_head":"<!-- This site is optimized with the Yoast SEO plugin v19.4 - https:\/\/yoast.com\/wordpress\/plugins\/seo\/ -->\n<title>PETITFEE Agave Cooling Hydrogel Eye Mask 60 szt. - Ch\u0142odz\u0105ce p\u0142atki pod oczy - Selleetools.com<\/title>\n<meta name=\"robots\" content=\"index, follow, max-snippet:-1, max-image-preview:large, max-video-preview:-1\" \/>\n<link rel=\"canonical\" href=\"https:\/\/selleetools.com\/pl\/product\/petitfee-agave-cooling-hydrogel-eye-mask-60-szt-chlodzace-platki-pod-oczy\/\" \/>\n<meta property=\"og:locale\" content=\"pl_PL\" \/>\n<meta property=\"og:type\" content=\"article\" \/>\n<meta property=\"og:title\" content=\"PETITFEE Agave Cooling Hydrogel Eye Mask 60 szt. - Ch\u0142odz\u0105ce p\u0142atki pod oczy - Selleetools.com\" \/>\n<meta property=\"og:description\" content=\"PETITFEE Agave Cooling Hydrogel Eye Mask to luksusowe hydro\u017celowe p\u0142atki pod oczy, kt\u00f3re zosta\u0142y stworzone, aby zapewni\u0107 Twojej sk\u00f3rze maksymaln\u0105 regeneracj\u0119 i ukojenie. Formu\u0142a opiera si\u0119 na ekstrakcie z agawy, kt\u00f3ry znany jest ze swoich intensywnie nawil\u017caj\u0105cych w\u0142a\u015bciwo\u015bci. Kosmetyk dzia\u0142a ch\u0142odz\u0105co, co natychmiastowo redukuje opuchlizn\u0119 i zm\u0119czenie, pozostawiaj\u0105c sk\u00f3r\u0119 od\u015bwie\u017con\u0105 i roz\u015bwietlon\u0105. Korzy\u015bci dla sk\u00f3ry: ... Read morePETITFEE Agave Cooling Hydrogel Eye Mask 60 szt. &#8211; Ch\u0142odz\u0105ce p\u0142atki pod oczy\" \/>\n<meta property=\"og:url\" content=\"https:\/\/selleetools.com\/pl\/product\/petitfee-agave-cooling-hydrogel-eye-mask-60-szt-chlodzace-platki-pod-oczy\/\" \/>\n<meta property=\"og:site_name\" content=\"Selleetools.com\" \/>\n<meta property=\"article:modified_time\" content=\"2025-10-23T17:23:55+00:00\" \/>\n<meta property=\"og:image\" content=\"https:\/\/selleetools.com\/wp-content\/uploads\/2025\/10\/439aacc51ea0e800306a6b972c892aa8.jpg\" \/>\n\t<meta property=\"og:image:width\" content=\"1000\" \/>\n\t<meta property=\"og:image:height\" content=\"1000\" \/>\n\t<meta property=\"og:image:type\" content=\"image\/jpeg\" \/>\n<meta name=\"twitter:card\" content=\"summary_large_image\" \/>\n<meta name=\"twitter:label1\" content=\"Est. reading time\" \/>\n\t<meta name=\"twitter:data1\" content=\"1 minuta\" \/>\n<!-- \/ Yoast SEO plugin. -->","yoast_head_json":{"title":"PETITFEE Agave Cooling Hydrogel Eye Mask 60 szt. - Ch\u0142odz\u0105ce p\u0142atki pod oczy - Selleetools.com","robots":{"index":"index","follow":"follow","max-snippet":"max-snippet:-1","max-image-preview":"max-image-preview:large","max-video-preview":"max-video-preview:-1"},"canonical":"https:\/\/selleetools.com\/pl\/product\/petitfee-agave-cooling-hydrogel-eye-mask-60-szt-chlodzace-platki-pod-oczy\/","og_locale":"pl_PL","og_type":"article","og_title":"PETITFEE Agave Cooling Hydrogel Eye Mask 60 szt. - Ch\u0142odz\u0105ce p\u0142atki pod oczy - Selleetools.com","og_description":"PETITFEE Agave Cooling Hydrogel Eye Mask to luksusowe hydro\u017celowe p\u0142atki pod oczy, kt\u00f3re zosta\u0142y stworzone, aby zapewni\u0107 Twojej sk\u00f3rze maksymaln\u0105 regeneracj\u0119 i ukojenie. Formu\u0142a opiera si\u0119 na ekstrakcie z agawy, kt\u00f3ry znany jest ze swoich intensywnie nawil\u017caj\u0105cych w\u0142a\u015bciwo\u015bci. Kosmetyk dzia\u0142a ch\u0142odz\u0105co, co natychmiastowo redukuje opuchlizn\u0119 i zm\u0119czenie, pozostawiaj\u0105c sk\u00f3r\u0119 od\u015bwie\u017con\u0105 i roz\u015bwietlon\u0105. Korzy\u015bci dla sk\u00f3ry: ... Read morePETITFEE Agave Cooling Hydrogel Eye Mask 60 szt. &#8211; Ch\u0142odz\u0105ce p\u0142atki pod oczy","og_url":"https:\/\/selleetools.com\/pl\/product\/petitfee-agave-cooling-hydrogel-eye-mask-60-szt-chlodzace-platki-pod-oczy\/","og_site_name":"Selleetools.com","article_modified_time":"2025-10-23T17:23:55+00:00","og_image":[{"width":1000,"height":1000,"url":"https:\/\/selleetools.com\/wp-content\/uploads\/2025\/10\/439aacc51ea0e800306a6b972c892aa8.jpg","type":"image\/jpeg"}],"twitter_card":"summary_large_image","twitter_misc":{"Est. reading time":"1 minuta"},"schema":{"@context":"https:\/\/schema.org","@graph":[{"@type":"Organization","@id":"https:\/\/selleetools.com\/#organization","name":"Selleetools","url":"https:\/\/selleetools.com\/","sameAs":[],"logo":{"@type":"ImageObject","inLanguage":"pl-PL","@id":"https:\/\/selleetools.com\/#\/schema\/logo\/image\/","url":"https:\/\/selleetools.com\/wp-content\/uploads\/2021\/10\/logo-dark.png","contentUrl":"https:\/\/selleetools.com\/wp-content\/uploads\/2021\/10\/logo-dark.png","width":320,"height":76,"caption":"Selleetools"},"image":{"@id":"https:\/\/selleetools.com\/#\/schema\/logo\/image\/"}},{"@type":"WebSite","@id":"https:\/\/selleetools.com\/#website","url":"https:\/\/selleetools.com\/","name":"Selleetools.com","description":"","publisher":{"@id":"https:\/\/selleetools.com\/#organization"},"potentialAction":[{"@type":"SearchAction","target":{"@type":"EntryPoint","urlTemplate":"https:\/\/selleetools.com\/?s={search_term_string}"},"query-input":"required name=search_term_string"}],"inLanguage":"pl-PL"},{"@type":"WebPage","@id":"https:\/\/selleetools.com\/pl\/product\/petitfee-agave-cooling-hydrogel-eye-mask-60-szt-chlodzace-platki-pod-oczy\/","url":"https:\/\/selleetools.com\/pl\/product\/petitfee-agave-cooling-hydrogel-eye-mask-60-szt-chlodzace-platki-pod-oczy\/","name":"PETITFEE Agave Cooling Hydrogel Eye Mask 60 szt. - Ch\u0142odz\u0105ce p\u0142atki pod oczy - Selleetools.com","isPartOf":{"@id":"https:\/\/selleetools.com\/#website"},"datePublished":"2025-10-22T06:10:06+00:00","dateModified":"2025-10-23T17:23:55+00:00","breadcrumb":{"@id":"https:\/\/selleetools.com\/pl\/product\/petitfee-agave-cooling-hydrogel-eye-mask-60-szt-chlodzace-platki-pod-oczy\/#breadcrumb"},"inLanguage":"pl-PL","potentialAction":[{"@type":"ReadAction","target":["https:\/\/selleetools.com\/pl\/product\/petitfee-agave-cooling-hydrogel-eye-mask-60-szt-chlodzace-platki-pod-oczy\/"]}]},{"@type":"BreadcrumbList","@id":"https:\/\/selleetools.com\/pl\/product\/petitfee-agave-cooling-hydrogel-eye-mask-60-szt-chlodzace-platki-pod-oczy\/#breadcrumb","itemListElement":[{"@type":"ListItem","position":1,"name":"Home","item":"https:\/\/selleetools.com\/pl\/"},{"@type":"ListItem","position":2,"name":"Katalog","item":"https:\/\/selleetools.com\/pl\/katalog\/"},{"@type":"ListItem","position":3,"name":"PETITFEE Agave Cooling Hydrogel Eye Mask 60 szt. &#8211; Ch\u0142odz\u0105ce p\u0142atki pod oczy"}]}]}},"_links":{"self":[{"href":"https:\/\/selleetools.com\/pl\/wp-json\/wp\/v2\/product\/596774"}],"collection":[{"href":"https:\/\/selleetools.com\/pl\/wp-json\/wp\/v2\/product"}],"about":[{"href":"https:\/\/selleetools.com\/pl\/wp-json\/wp\/v2\/types\/product"}],"replies":[{"embeddable":true,"href":"https:\/\/selleetools.com\/pl\/wp-json\/wp\/v2\/comments?post=596774"}],"wp:featuredmedia":[{"embeddable":true,"href":"https:\/\/selleetools.com\/pl\/wp-json\/wp\/v2\/media\/596772"}],"wp:attachment":[{"href":"https:\/\/selleetools.com\/pl\/wp-json\/wp\/v2\/media?parent=596774"}],"curies":[{"name":"wp","href":"https:\/\/api.w.org\/{rel}","templated":true}]}}