{"id":596731,"date":"2025-10-22T08:09:31","date_gmt":"2025-10-22T06:09:31","guid":{"rendered":"https:\/\/selleetools.com\/?post_type=product&#038;p=596731"},"modified":"2026-03-03T11:16:41","modified_gmt":"2026-03-03T10:16:41","slug":"cosrx-ac-collection-calming-liquid-intensive-125-ml-tonik-dla-cery-problematycznej","status":"publish","type":"product","link":"https:\/\/selleetools.com\/pl\/product\/cosrx-ac-collection-calming-liquid-intensive-125-ml-tonik-dla-cery-problematycznej\/","title":{"rendered":"COSRX AC Collection Calming Liquid Intensive 125 ml &#8211; Tonik dla cery problematycznej"},"content":{"rendered":"<p>COSRX AC Collection Calming Liquid Intensive to intensywnie koj\u0105cy p\u0142yn, kt\u00f3ry skutecznie dba o sk\u00f3r\u0119 sk\u0142onn\u0105 do podra\u017cnie\u0144 i problem\u00f3w z tr\u0105dzikiem. Zawiera zaawansowan\u0105 formu\u0142\u0119 CENTELLAC-RX COMPLEX (madecassic acid, asiatic acid, asiaticoside), kt\u00f3ra przyspiesza regeneracj\u0119 i \u0142agodzi sk\u00f3r\u0119. Dodatkowo, po\u0142\u0105czenie AHA (kwasu mlekowego i glikolowego) oraz BHA (betaina salicylowa) skutecznie usuwa martwe kom\u00f3rki sk\u00f3ry, pomagaj\u0105c w oczyszczeniu i odblokowaniu por\u00f3w, co sprawia, \u017ce sk\u00f3ra staje si\u0119 bardziej g\u0142adka i \u015bwie\u017ca. Produkt dzia\u0142a ch\u0142odz\u0105co, uspokajaj\u0105c i nawil\u017caj\u0105c sk\u00f3r\u0119, zapewniaj\u0105c jej komfort przez ca\u0142y dzie\u0144.<\/p>\n<p>Korzy\u015bci dla sk\u00f3ry:<br \/>\nSkuteczne oczyszczenie por\u00f3w oraz usuwanie martwych kom\u00f3rek sk\u00f3ry dzi\u0119ki AHA i BHA<br \/>\n\u0141agodzenie podra\u017cnie\u0144 oraz przyspieszenie procesu gojenia dzi\u0119ki Centella-C RX Complex<br \/>\nUspokojenie sk\u00f3ry, redukcja zaczerwienie\u0144 i stanu zapalnego<br \/>\nNawil\u017cenie i przywr\u00f3cenie komfortu, zapobiegaj\u0105c wysuszeniu sk\u00f3ry<\/p>\n<p>Spos\u00f3b u\u017cycia: Po oczyszczeniu twarzy, na\u0142\u00f3\u017c odpowiedni\u0105 ilo\u015b\u0107 p\u0142ynu na wacik i delikatnie przetrzyj ca\u0142\u0105 twarz, omijaj\u0105c okolice oczu. Pami\u0119taj o aplikacji ochrony przeciws\u0142onecznej.<\/p>\n","protected":false},"excerpt":{"rendered":"<p>COSRX AC Collection Calming Liquid Intensive to intensywnie koj\u0105cy p\u0142yn, kt\u00f3ry skutecznie dba o sk\u00f3r\u0119 sk\u0142onn\u0105 do podra\u017cnie\u0144 i problem\u00f3w z tr\u0105dzikiem. Zawiera zaawansowan\u0105 formu\u0142\u0119 CENTELLAC-RX COMPLEX (madecassic acid, asiatic acid, asiaticoside), kt\u00f3ra przyspiesza regeneracj\u0119 i \u0142agodzi sk\u00f3r\u0119. Dodatkowo, po\u0142\u0105czenie AHA (kwasu mlekowego i glikolowego) oraz BHA (betaina salicylowa) skutecznie usuwa martwe kom\u00f3rki sk\u00f3ry, pomagaj\u0105c &#8230; <a title=\"COSRX AC Collection Calming Liquid Intensive 125 ml &#8211; Tonik dla cery problematycznej\" class=\"read-more\" href=\"https:\/\/selleetools.com\/pl\/product\/cosrx-ac-collection-calming-liquid-intensive-125-ml-tonik-dla-cery-problematycznej\/\">Read more<span class=\"screen-reader-text\">COSRX AC Collection Calming Liquid Intensive 125 ml &#8211; Tonik dla cery problematycznej<\/span><\/a><\/p>\n","protected":false},"featured_media":596729,"comment_status":"open","ping_status":"closed","template":"","meta":{"_links_to":"","_links_to_target":""},"yoast_head":"<!-- This site is optimized with the Yoast SEO plugin v19.4 - https:\/\/yoast.com\/wordpress\/plugins\/seo\/ -->\n<title>COSRX AC Collection Calming Liquid Intensive 125 ml - Tonik dla cery problematycznej - Selleetools.com<\/title>\n<meta name=\"robots\" content=\"index, follow, max-snippet:-1, max-image-preview:large, max-video-preview:-1\" \/>\n<link rel=\"canonical\" href=\"https:\/\/selleetools.com\/product\/cosrx-ac-collection-calming-liquid-intensive-125-ml-tonik-dla-cery-problematycznej\/\" \/>\n<meta property=\"og:locale\" content=\"pl_PL\" \/>\n<meta property=\"og:type\" content=\"article\" \/>\n<meta property=\"og:title\" content=\"COSRX AC Collection Calming Liquid Intensive 125 ml - Tonik dla cery problematycznej - Selleetools.com\" \/>\n<meta property=\"og:description\" content=\"COSRX AC Collection Calming Liquid Intensive to intensywnie koj\u0105cy p\u0142yn, kt\u00f3ry skutecznie dba o sk\u00f3r\u0119 sk\u0142onn\u0105 do podra\u017cnie\u0144 i problem\u00f3w z tr\u0105dzikiem. Zawiera zaawansowan\u0105 formu\u0142\u0119 CENTELLAC-RX COMPLEX (madecassic acid, asiatic acid, asiaticoside), kt\u00f3ra przyspiesza regeneracj\u0119 i \u0142agodzi sk\u00f3r\u0119. Dodatkowo, po\u0142\u0105czenie AHA (kwasu mlekowego i glikolowego) oraz BHA (betaina salicylowa) skutecznie usuwa martwe kom\u00f3rki sk\u00f3ry, pomagaj\u0105c ... Read moreCOSRX AC Collection Calming Liquid Intensive 125 ml &#8211; Tonik dla cery problematycznej\" \/>\n<meta property=\"og:url\" content=\"https:\/\/selleetools.com\/product\/cosrx-ac-collection-calming-liquid-intensive-125-ml-tonik-dla-cery-problematycznej\/\" \/>\n<meta property=\"og:site_name\" content=\"Selleetools.com\" \/>\n<meta property=\"article:modified_time\" content=\"2026-03-03T10:16:41+00:00\" \/>\n<meta property=\"og:image\" content=\"https:\/\/selleetools.com\/wp-content\/uploads\/2025\/10\/af6e7ce7202c4b79be184882164ad4b4.jpg\" \/>\n\t<meta property=\"og:image:width\" content=\"1200\" \/>\n\t<meta property=\"og:image:height\" content=\"1200\" \/>\n\t<meta property=\"og:image:type\" content=\"image\/jpeg\" \/>\n<meta name=\"twitter:card\" content=\"summary_large_image\" \/>\n<meta name=\"twitter:label1\" content=\"Est. reading time\" \/>\n\t<meta name=\"twitter:data1\" content=\"1 minuta\" \/>\n<!-- \/ Yoast SEO plugin. -->","yoast_head_json":{"title":"COSRX AC Collection Calming Liquid Intensive 125 ml - Tonik dla cery problematycznej - Selleetools.com","robots":{"index":"index","follow":"follow","max-snippet":"max-snippet:-1","max-image-preview":"max-image-preview:large","max-video-preview":"max-video-preview:-1"},"canonical":"https:\/\/selleetools.com\/product\/cosrx-ac-collection-calming-liquid-intensive-125-ml-tonik-dla-cery-problematycznej\/","og_locale":"pl_PL","og_type":"article","og_title":"COSRX AC Collection Calming Liquid Intensive 125 ml - Tonik dla cery problematycznej - Selleetools.com","og_description":"COSRX AC Collection Calming Liquid Intensive to intensywnie koj\u0105cy p\u0142yn, kt\u00f3ry skutecznie dba o sk\u00f3r\u0119 sk\u0142onn\u0105 do podra\u017cnie\u0144 i problem\u00f3w z tr\u0105dzikiem. Zawiera zaawansowan\u0105 formu\u0142\u0119 CENTELLAC-RX COMPLEX (madecassic acid, asiatic acid, asiaticoside), kt\u00f3ra przyspiesza regeneracj\u0119 i \u0142agodzi sk\u00f3r\u0119. Dodatkowo, po\u0142\u0105czenie AHA (kwasu mlekowego i glikolowego) oraz BHA (betaina salicylowa) skutecznie usuwa martwe kom\u00f3rki sk\u00f3ry, pomagaj\u0105c ... Read moreCOSRX AC Collection Calming Liquid Intensive 125 ml &#8211; Tonik dla cery problematycznej","og_url":"https:\/\/selleetools.com\/product\/cosrx-ac-collection-calming-liquid-intensive-125-ml-tonik-dla-cery-problematycznej\/","og_site_name":"Selleetools.com","article_modified_time":"2026-03-03T10:16:41+00:00","og_image":[{"width":1200,"height":1200,"url":"https:\/\/selleetools.com\/wp-content\/uploads\/2025\/10\/af6e7ce7202c4b79be184882164ad4b4.jpg","type":"image\/jpeg"}],"twitter_card":"summary_large_image","twitter_misc":{"Est. reading time":"1 minuta"},"schema":{"@context":"https:\/\/schema.org","@graph":[{"@type":"Organization","@id":"https:\/\/selleetools.com\/#organization","name":"Selleetools","url":"https:\/\/selleetools.com\/","sameAs":[],"logo":{"@type":"ImageObject","inLanguage":"pl-PL","@id":"https:\/\/selleetools.com\/#\/schema\/logo\/image\/","url":"https:\/\/selleetools.com\/wp-content\/uploads\/2021\/10\/logo-dark.png","contentUrl":"https:\/\/selleetools.com\/wp-content\/uploads\/2021\/10\/logo-dark.png","width":320,"height":76,"caption":"Selleetools"},"image":{"@id":"https:\/\/selleetools.com\/#\/schema\/logo\/image\/"}},{"@type":"WebSite","@id":"https:\/\/selleetools.com\/#website","url":"https:\/\/selleetools.com\/","name":"Selleetools.com","description":"","publisher":{"@id":"https:\/\/selleetools.com\/#organization"},"potentialAction":[{"@type":"SearchAction","target":{"@type":"EntryPoint","urlTemplate":"https:\/\/selleetools.com\/?s={search_term_string}"},"query-input":"required name=search_term_string"}],"inLanguage":"pl-PL"},{"@type":"WebPage","@id":"https:\/\/selleetools.com\/product\/cosrx-ac-collection-calming-liquid-intensive-125-ml-tonik-dla-cery-problematycznej\/","url":"https:\/\/selleetools.com\/product\/cosrx-ac-collection-calming-liquid-intensive-125-ml-tonik-dla-cery-problematycznej\/","name":"COSRX AC Collection Calming Liquid Intensive 125 ml - Tonik dla cery problematycznej - Selleetools.com","isPartOf":{"@id":"https:\/\/selleetools.com\/#website"},"datePublished":"2025-10-22T06:09:31+00:00","dateModified":"2026-03-03T10:16:41+00:00","breadcrumb":{"@id":"https:\/\/selleetools.com\/product\/cosrx-ac-collection-calming-liquid-intensive-125-ml-tonik-dla-cery-problematycznej\/#breadcrumb"},"inLanguage":"pl-PL","potentialAction":[{"@type":"ReadAction","target":["https:\/\/selleetools.com\/product\/cosrx-ac-collection-calming-liquid-intensive-125-ml-tonik-dla-cery-problematycznej\/"]}]},{"@type":"BreadcrumbList","@id":"https:\/\/selleetools.com\/product\/cosrx-ac-collection-calming-liquid-intensive-125-ml-tonik-dla-cery-problematycznej\/#breadcrumb","itemListElement":[{"@type":"ListItem","position":1,"name":"Home","item":"https:\/\/selleetools.com\/pl\/"},{"@type":"ListItem","position":2,"name":"Katalog","item":"https:\/\/selleetools.com\/pl\/katalog\/"},{"@type":"ListItem","position":3,"name":"COSRX AC Collection Calming Liquid Intensive 125 ml &#8211; Tonik dla cery problematycznej"}]}]}},"_links":{"self":[{"href":"https:\/\/selleetools.com\/pl\/wp-json\/wp\/v2\/product\/596731"}],"collection":[{"href":"https:\/\/selleetools.com\/pl\/wp-json\/wp\/v2\/product"}],"about":[{"href":"https:\/\/selleetools.com\/pl\/wp-json\/wp\/v2\/types\/product"}],"replies":[{"embeddable":true,"href":"https:\/\/selleetools.com\/pl\/wp-json\/wp\/v2\/comments?post=596731"}],"wp:featuredmedia":[{"embeddable":true,"href":"https:\/\/selleetools.com\/pl\/wp-json\/wp\/v2\/media\/596729"}],"wp:attachment":[{"href":"https:\/\/selleetools.com\/pl\/wp-json\/wp\/v2\/media?parent=596731"}],"curies":[{"name":"wp","href":"https:\/\/api.w.org\/{rel}","templated":true}]}}