{"id":596702,"date":"2025-10-22T08:09:04","date_gmt":"2025-10-22T06:09:04","guid":{"rendered":"https:\/\/selleetools.com\/?post_type=product&#038;p=596702"},"modified":"2025-10-23T19:43:39","modified_gmt":"2025-10-23T17:43:39","slug":"heimish-all-clean-green-foam-30-g-mini-oczyszczajaca-pianka-do-twarzy","status":"publish","type":"product","link":"https:\/\/selleetools.com\/pl\/product\/heimish-all-clean-green-foam-30-g-mini-oczyszczajaca-pianka-do-twarzy\/","title":{"rendered":"Heimish All Clean Green Foam 30 g (Mini) &#8211; Oczyszczaj\u0105ca pianka do twarzy"},"content":{"rendered":"<p>Heimish All Clean Green Foam to delikatna pianka oczyszczaj\u0105ca, kt\u00f3ra jest idealna dla wszystkich typ\u00f3w sk\u00f3ry, w tym wra\u017cliwej. Produkt zosta\u0142 stworzony z my\u015bl\u0105 o skutecznym, ale \u0142agodnym oczyszczaniu, kt\u00f3re nie narusza naturalnej bariery ochronnej sk\u00f3ry. Pianka jest oparta na naturalnych sk\u0142adnikach, takich jak ekstrakt z Centella Asiatica oraz ro\u015blinne surfaktanty, kt\u00f3re dok\u0142adnie oczyszczaj\u0105 sk\u00f3r\u0119, jednocze\u015bnie j\u0105 koj\u0105c i nawil\u017caj\u0105c.<\/p>\n<p>Korzy\u015bci dla sk\u00f3ry:<br \/>\nG\u0142\u0119bokie oczyszczanie: Formu\u0142a pianki skutecznie usuwa zanieczyszczenia, nadmiar sebum i makija\u017c, pozostawiaj\u0105c sk\u00f3r\u0119 czyst\u0105 i od\u015bwie\u017con\u0105.<br \/>\n\u0141agodno\u015b\u0107: Dzi\u0119ki naturalnym sk\u0142adnikom, pianka jest delikatna dla sk\u00f3ry, minimalizuj\u0105c ryzyko podra\u017cnie\u0144.<br \/>\nKojenie i nawil\u017canie: Zawarto\u015b\u0107 Centella Asiatica pomaga w \u0142agodzeniu podra\u017cnie\u0144 oraz wspomaga procesy regeneracyjne sk\u00f3ry, zapewniaj\u0105c jej odpowiednie nawil\u017cenie.<br \/>\nOchrona bariery sk\u00f3rnej: Pianka pomaga utrzyma\u0107 naturalne pH sk\u00f3ry, wspieraj\u0105c jej barier\u0119 ochronn\u0105.<\/p>\n<p>Spos\u00f3b u\u017cycia:<br \/>\nNawil\u017c twarz: Przed u\u017cyciem pianki, delikatnie zwil\u017c twarz letni\u0105 wod\u0105.<br \/>\nAplikacja: Na\u0142\u00f3\u017c niewielk\u0105 ilo\u015b\u0107 pianki na d\u0142onie i delikatnie masuj twarz okr\u0119\u017cnymi ruchami, omijaj\u0105c okolice oczu.<br \/>\nSp\u0142ukiwanie: Dok\u0142adnie sp\u0142ucz twarz letni\u0105 wod\u0105, a\u017c do ca\u0142kowitego usuni\u0119cia pianki.<br \/>\nOsuszenie: Delikatnie osusz twarz r\u0119cznikiem, nie pocieraj\u0105c sk\u00f3ry.<\/p>\n","protected":false},"excerpt":{"rendered":"<p>Heimish All Clean Green Foam to delikatna pianka oczyszczaj\u0105ca, kt\u00f3ra jest idealna dla wszystkich typ\u00f3w sk\u00f3ry, w tym wra\u017cliwej. Produkt zosta\u0142 stworzony z my\u015bl\u0105 o skutecznym, ale \u0142agodnym oczyszczaniu, kt\u00f3re nie narusza naturalnej bariery ochronnej sk\u00f3ry. Pianka jest oparta na naturalnych sk\u0142adnikach, takich jak ekstrakt z Centella Asiatica oraz ro\u015blinne surfaktanty, kt\u00f3re dok\u0142adnie oczyszczaj\u0105 sk\u00f3r\u0119, &#8230; <a title=\"Heimish All Clean Green Foam 30 g (Mini) &#8211; Oczyszczaj\u0105ca pianka do twarzy\" class=\"read-more\" href=\"https:\/\/selleetools.com\/pl\/product\/heimish-all-clean-green-foam-30-g-mini-oczyszczajaca-pianka-do-twarzy\/\">Read more<span class=\"screen-reader-text\">Heimish All Clean Green Foam 30 g (Mini) &#8211; Oczyszczaj\u0105ca pianka do twarzy<\/span><\/a><\/p>\n","protected":false},"featured_media":596696,"comment_status":"open","ping_status":"closed","template":"","meta":{"_links_to":"","_links_to_target":""},"yoast_head":"<!-- This site is optimized with the Yoast SEO plugin v19.4 - https:\/\/yoast.com\/wordpress\/plugins\/seo\/ -->\n<title>Heimish All Clean Green Foam 30 g (Mini) - Oczyszczaj\u0105ca pianka do twarzy - Selleetools.com<\/title>\n<meta name=\"robots\" content=\"index, follow, max-snippet:-1, max-image-preview:large, max-video-preview:-1\" \/>\n<link rel=\"canonical\" href=\"https:\/\/admincentral.selleetools.com\/pl\/product\/heimish-all-clean-green-foam-30-g-mini-oczyszczajaca-pianka-do-twarzy\/\" \/>\n<meta property=\"og:locale\" content=\"pl_PL\" \/>\n<meta property=\"og:type\" content=\"article\" \/>\n<meta property=\"og:title\" content=\"Heimish All Clean Green Foam 30 g (Mini) - Oczyszczaj\u0105ca pianka do twarzy - Selleetools.com\" \/>\n<meta property=\"og:description\" content=\"Heimish All Clean Green Foam to delikatna pianka oczyszczaj\u0105ca, kt\u00f3ra jest idealna dla wszystkich typ\u00f3w sk\u00f3ry, w tym wra\u017cliwej. Produkt zosta\u0142 stworzony z my\u015bl\u0105 o skutecznym, ale \u0142agodnym oczyszczaniu, kt\u00f3re nie narusza naturalnej bariery ochronnej sk\u00f3ry. Pianka jest oparta na naturalnych sk\u0142adnikach, takich jak ekstrakt z Centella Asiatica oraz ro\u015blinne surfaktanty, kt\u00f3re dok\u0142adnie oczyszczaj\u0105 sk\u00f3r\u0119, ... Read moreHeimish All Clean Green Foam 30 g (Mini) &#8211; Oczyszczaj\u0105ca pianka do twarzy\" \/>\n<meta property=\"og:url\" content=\"https:\/\/admincentral.selleetools.com\/pl\/product\/heimish-all-clean-green-foam-30-g-mini-oczyszczajaca-pianka-do-twarzy\/\" \/>\n<meta property=\"og:site_name\" content=\"Selleetools.com\" \/>\n<meta property=\"article:modified_time\" content=\"2025-10-23T17:43:39+00:00\" \/>\n<meta property=\"og:image\" content=\"https:\/\/selleetools.com\/wp-content\/uploads\/2025\/10\/8e58e4c16cdaae170bad1217e53c4eb3.jpg\" \/>\n\t<meta property=\"og:image:width\" content=\"480\" \/>\n\t<meta property=\"og:image:height\" content=\"480\" \/>\n\t<meta property=\"og:image:type\" content=\"image\/jpeg\" \/>\n<meta name=\"twitter:card\" content=\"summary_large_image\" \/>\n<meta name=\"twitter:label1\" content=\"Est. reading time\" \/>\n\t<meta name=\"twitter:data1\" content=\"1 minuta\" \/>\n<!-- \/ Yoast SEO plugin. -->","yoast_head_json":{"title":"Heimish All Clean Green Foam 30 g (Mini) - Oczyszczaj\u0105ca pianka do twarzy - Selleetools.com","robots":{"index":"index","follow":"follow","max-snippet":"max-snippet:-1","max-image-preview":"max-image-preview:large","max-video-preview":"max-video-preview:-1"},"canonical":"https:\/\/admincentral.selleetools.com\/pl\/product\/heimish-all-clean-green-foam-30-g-mini-oczyszczajaca-pianka-do-twarzy\/","og_locale":"pl_PL","og_type":"article","og_title":"Heimish All Clean Green Foam 30 g (Mini) - Oczyszczaj\u0105ca pianka do twarzy - Selleetools.com","og_description":"Heimish All Clean Green Foam to delikatna pianka oczyszczaj\u0105ca, kt\u00f3ra jest idealna dla wszystkich typ\u00f3w sk\u00f3ry, w tym wra\u017cliwej. Produkt zosta\u0142 stworzony z my\u015bl\u0105 o skutecznym, ale \u0142agodnym oczyszczaniu, kt\u00f3re nie narusza naturalnej bariery ochronnej sk\u00f3ry. Pianka jest oparta na naturalnych sk\u0142adnikach, takich jak ekstrakt z Centella Asiatica oraz ro\u015blinne surfaktanty, kt\u00f3re dok\u0142adnie oczyszczaj\u0105 sk\u00f3r\u0119, ... Read moreHeimish All Clean Green Foam 30 g (Mini) &#8211; Oczyszczaj\u0105ca pianka do twarzy","og_url":"https:\/\/admincentral.selleetools.com\/pl\/product\/heimish-all-clean-green-foam-30-g-mini-oczyszczajaca-pianka-do-twarzy\/","og_site_name":"Selleetools.com","article_modified_time":"2025-10-23T17:43:39+00:00","og_image":[{"width":480,"height":480,"url":"https:\/\/selleetools.com\/wp-content\/uploads\/2025\/10\/8e58e4c16cdaae170bad1217e53c4eb3.jpg","type":"image\/jpeg"}],"twitter_card":"summary_large_image","twitter_misc":{"Est. reading time":"1 minuta"},"schema":{"@context":"https:\/\/schema.org","@graph":[{"@type":"Organization","@id":"https:\/\/selleetools.com\/#organization","name":"Selleetools","url":"https:\/\/selleetools.com\/","sameAs":[],"logo":{"@type":"ImageObject","inLanguage":"pl-PL","@id":"https:\/\/selleetools.com\/#\/schema\/logo\/image\/","url":"https:\/\/selleetools.com\/wp-content\/uploads\/2021\/10\/logo-dark.png","contentUrl":"https:\/\/selleetools.com\/wp-content\/uploads\/2021\/10\/logo-dark.png","width":320,"height":76,"caption":"Selleetools"},"image":{"@id":"https:\/\/selleetools.com\/#\/schema\/logo\/image\/"}},{"@type":"WebSite","@id":"https:\/\/selleetools.com\/#website","url":"https:\/\/selleetools.com\/","name":"Selleetools.com","description":"","publisher":{"@id":"https:\/\/selleetools.com\/#organization"},"potentialAction":[{"@type":"SearchAction","target":{"@type":"EntryPoint","urlTemplate":"https:\/\/selleetools.com\/?s={search_term_string}"},"query-input":"required name=search_term_string"}],"inLanguage":"pl-PL"},{"@type":"WebPage","@id":"https:\/\/admincentral.selleetools.com\/pl\/product\/heimish-all-clean-green-foam-30-g-mini-oczyszczajaca-pianka-do-twarzy\/","url":"https:\/\/admincentral.selleetools.com\/pl\/product\/heimish-all-clean-green-foam-30-g-mini-oczyszczajaca-pianka-do-twarzy\/","name":"Heimish All Clean Green Foam 30 g (Mini) - Oczyszczaj\u0105ca pianka do twarzy - Selleetools.com","isPartOf":{"@id":"https:\/\/selleetools.com\/#website"},"datePublished":"2025-10-22T06:09:04+00:00","dateModified":"2025-10-23T17:43:39+00:00","breadcrumb":{"@id":"https:\/\/admincentral.selleetools.com\/pl\/product\/heimish-all-clean-green-foam-30-g-mini-oczyszczajaca-pianka-do-twarzy\/#breadcrumb"},"inLanguage":"pl-PL","potentialAction":[{"@type":"ReadAction","target":["https:\/\/admincentral.selleetools.com\/pl\/product\/heimish-all-clean-green-foam-30-g-mini-oczyszczajaca-pianka-do-twarzy\/"]}]},{"@type":"BreadcrumbList","@id":"https:\/\/admincentral.selleetools.com\/pl\/product\/heimish-all-clean-green-foam-30-g-mini-oczyszczajaca-pianka-do-twarzy\/#breadcrumb","itemListElement":[{"@type":"ListItem","position":1,"name":"Home","item":"https:\/\/selleetools.com\/pl\/"},{"@type":"ListItem","position":2,"name":"Katalog","item":"https:\/\/selleetools.com\/pl\/katalog\/"},{"@type":"ListItem","position":3,"name":"Heimish All Clean Green Foam 30 g (Mini) &#8211; Oczyszczaj\u0105ca pianka do twarzy"}]}]}},"_links":{"self":[{"href":"https:\/\/selleetools.com\/pl\/wp-json\/wp\/v2\/product\/596702"}],"collection":[{"href":"https:\/\/selleetools.com\/pl\/wp-json\/wp\/v2\/product"}],"about":[{"href":"https:\/\/selleetools.com\/pl\/wp-json\/wp\/v2\/types\/product"}],"replies":[{"embeddable":true,"href":"https:\/\/selleetools.com\/pl\/wp-json\/wp\/v2\/comments?post=596702"}],"wp:featuredmedia":[{"embeddable":true,"href":"https:\/\/selleetools.com\/pl\/wp-json\/wp\/v2\/media\/596696"}],"wp:attachment":[{"href":"https:\/\/selleetools.com\/pl\/wp-json\/wp\/v2\/media?parent=596702"}],"curies":[{"name":"wp","href":"https:\/\/api.w.org\/{rel}","templated":true}]}}