{"id":596631,"date":"2025-10-22T08:08:00","date_gmt":"2025-10-22T06:08:00","guid":{"rendered":"https:\/\/selleetools.com\/?post_type=product&#038;p=596631"},"modified":"2025-10-28T11:09:27","modified_gmt":"2025-10-28T10:09:27","slug":"mediheal-acaiberry-vita-mask-20-ml-maska-witaminowa-z-jagodami-acai","status":"publish","type":"product","link":"https:\/\/selleetools.com\/pl\/product\/mediheal-acaiberry-vita-mask-20-ml-maska-witaminowa-z-jagodami-acai\/","title":{"rendered":"MEDIHEAL Acaiberry VITA Mask 20 ml &#8211; Maska witaminowa z jagodami Acai"},"content":{"rendered":"<p><font style=\"font-size: 12px;\">MEDIHEAL Acai Berry VITA Mask to od\u017cywcza maska w p\u0142achcie, kt\u00f3ra dostarcza sk\u00f3rze niezb\u0119dnych witamin i antyoksydant\u00f3w, aby zapewni\u0107 jej zdrowy i promienny wygl\u0105d. Dzi\u0119ki zawarto\u015bci ekstraktu z jag\u00f3d Acai, maska ta pomaga w walce z wolnymi rodnikami, kt\u00f3re mog\u0105 przyspiesza\u0107 proces starzenia si\u0119 sk\u00f3ry. Jagody Acai s\u0105 bogate w witaminy A, C i E, kt\u00f3re skutecznie nawil\u017caj\u0105 i od\u017cywiaj\u0105 sk\u00f3r\u0119, jednocze\u015bnie poprawiaj\u0105c jej elastyczno\u015b\u0107 i j\u0119drno\u015b\u0107. Maska dzia\u0142a r\u00f3wnie\u017c koj\u0105co, redukuj\u0105c zaczerwienienia i podra\u017cnienia, dzi\u0119ki czemu jest idealna dla ka\u017cdego typu sk\u00f3ry, nawet tej najbardziej wra\u017cliwej.<\/font><\/p>\n<p><strong><font style=\"font-size: 12px;\">Korzy\u015bci dla sk\u00f3ry:<\/font><\/strong><\/p>\n<ul>\n<li><font style=\"font-size: 12px;\">Intensywne nawil\u017cenie i od\u017cywienie sk\u00f3ry<\/font><\/li>\n<li><font style=\"font-size: 12px;\">Wzmocnienie bariery ochronnej sk\u00f3ry<\/font><\/li>\n<li><font style=\"font-size: 12px;\">Zwalczanie oznak starzenia si\u0119 sk\u00f3ry dzi\u0119ki antyoksydantom<\/font><\/li>\n<li><font style=\"font-size: 12px;\">Poprawa elastyczno\u015bci i j\u0119drno\u015bci sk\u00f3ry<\/font><\/li>\n<li><font style=\"font-size: 12px;\">Kojenie i \u0142agodzenie podra\u017cnie\u0144<\/font><\/li>\n<\/ul>\n<p><strong><font style=\"font-size: 12px;\">Spos\u00f3b u\u017cycia:<\/font><\/strong><\/p>\n<ol>\n<li><font style=\"font-size: 12px;\">Dok\u0142adnie oczy\u015b\u0107 i osusz twarz.<\/font><\/li>\n<li><font style=\"font-size: 12px;\">Otw\u00f3rz opakowanie i delikatnie roz\u0142\u00f3\u017c mask\u0119.<\/font><\/li>\n<li><font style=\"font-size: 12px;\">Na\u0142\u00f3\u017c mask\u0119 na twarz, dopasowuj\u0105c j\u0105 do kontur\u00f3w twarzy.<\/font><\/li>\n<li><font style=\"font-size: 12px;\">Pozostaw mask\u0119 na sk\u00f3rze na 15-20 minut.<\/font><\/li>\n<li><font style=\"font-size: 12px;\">Po zdj\u0119ciu maski delikatnie wklep pozosta\u0142o\u015bci esencji w sk\u00f3r\u0119, a\u017c do ca\u0142kowitego wch\u0142oni\u0119cia. Nie wymaga sp\u0142ukiwania.<\/font><\/li>\n<\/ol>\n","protected":false},"excerpt":{"rendered":"<p>MEDIHEAL Acai Berry VITA Mask to od\u017cywcza maska w p\u0142achcie, kt\u00f3ra dostarcza sk\u00f3rze niezb\u0119dnych witamin i antyoksydant\u00f3w, aby zapewni\u0107 jej zdrowy i promienny wygl\u0105d. Dzi\u0119ki zawarto\u015bci ekstraktu z jag\u00f3d Acai, maska ta pomaga w walce z wolnymi rodnikami, kt\u00f3re mog\u0105 przyspiesza\u0107 proces starzenia si\u0119 sk\u00f3ry. Jagody Acai s\u0105 bogate w witaminy A, C i E, &#8230; <a title=\"MEDIHEAL Acaiberry VITA Mask 20 ml &#8211; Maska witaminowa z jagodami Acai\" class=\"read-more\" href=\"https:\/\/selleetools.com\/pl\/product\/mediheal-acaiberry-vita-mask-20-ml-maska-witaminowa-z-jagodami-acai\/\">Read more<span class=\"screen-reader-text\">MEDIHEAL Acaiberry VITA Mask 20 ml &#8211; Maska witaminowa z jagodami Acai<\/span><\/a><\/p>\n","protected":false},"featured_media":596629,"comment_status":"open","ping_status":"closed","template":"","meta":{"_links_to":"","_links_to_target":""},"yoast_head":"<!-- This site is optimized with the Yoast SEO plugin v19.4 - https:\/\/yoast.com\/wordpress\/plugins\/seo\/ -->\n<title>MEDIHEAL Acaiberry VITA Mask 20 ml - Maska witaminowa z jagodami Acai - Selleetools.com<\/title>\n<meta name=\"robots\" content=\"index, follow, max-snippet:-1, max-image-preview:large, max-video-preview:-1\" \/>\n<link rel=\"canonical\" href=\"https:\/\/selleetools.com\/pl\/product\/mediheal-acaiberry-vita-mask-20-ml-maska-witaminowa-z-jagodami-acai\/\" \/>\n<meta property=\"og:locale\" content=\"pl_PL\" \/>\n<meta property=\"og:type\" content=\"article\" \/>\n<meta property=\"og:title\" content=\"MEDIHEAL Acaiberry VITA Mask 20 ml - Maska witaminowa z jagodami Acai - Selleetools.com\" \/>\n<meta property=\"og:description\" content=\"MEDIHEAL Acai Berry VITA Mask to od\u017cywcza maska w p\u0142achcie, kt\u00f3ra dostarcza sk\u00f3rze niezb\u0119dnych witamin i antyoksydant\u00f3w, aby zapewni\u0107 jej zdrowy i promienny wygl\u0105d. Dzi\u0119ki zawarto\u015bci ekstraktu z jag\u00f3d Acai, maska ta pomaga w walce z wolnymi rodnikami, kt\u00f3re mog\u0105 przyspiesza\u0107 proces starzenia si\u0119 sk\u00f3ry. Jagody Acai s\u0105 bogate w witaminy A, C i E, ... Read moreMEDIHEAL Acaiberry VITA Mask 20 ml &#8211; Maska witaminowa z jagodami Acai\" \/>\n<meta property=\"og:url\" content=\"https:\/\/selleetools.com\/pl\/product\/mediheal-acaiberry-vita-mask-20-ml-maska-witaminowa-z-jagodami-acai\/\" \/>\n<meta property=\"og:site_name\" content=\"Selleetools.com\" \/>\n<meta property=\"article:modified_time\" content=\"2025-10-28T10:09:27+00:00\" \/>\n<meta property=\"og:image\" content=\"https:\/\/selleetools.com\/wp-content\/uploads\/2025\/10\/883c5411a823298752a5206182e5411c.jpg\" \/>\n\t<meta property=\"og:image:width\" content=\"450\" \/>\n\t<meta property=\"og:image:height\" content=\"450\" \/>\n\t<meta property=\"og:image:type\" content=\"image\/jpeg\" \/>\n<meta name=\"twitter:card\" content=\"summary_large_image\" \/>\n<meta name=\"twitter:label1\" content=\"Est. reading time\" \/>\n\t<meta name=\"twitter:data1\" content=\"1 minuta\" \/>\n<!-- \/ Yoast SEO plugin. -->","yoast_head_json":{"title":"MEDIHEAL Acaiberry VITA Mask 20 ml - Maska witaminowa z jagodami Acai - Selleetools.com","robots":{"index":"index","follow":"follow","max-snippet":"max-snippet:-1","max-image-preview":"max-image-preview:large","max-video-preview":"max-video-preview:-1"},"canonical":"https:\/\/selleetools.com\/pl\/product\/mediheal-acaiberry-vita-mask-20-ml-maska-witaminowa-z-jagodami-acai\/","og_locale":"pl_PL","og_type":"article","og_title":"MEDIHEAL Acaiberry VITA Mask 20 ml - Maska witaminowa z jagodami Acai - Selleetools.com","og_description":"MEDIHEAL Acai Berry VITA Mask to od\u017cywcza maska w p\u0142achcie, kt\u00f3ra dostarcza sk\u00f3rze niezb\u0119dnych witamin i antyoksydant\u00f3w, aby zapewni\u0107 jej zdrowy i promienny wygl\u0105d. Dzi\u0119ki zawarto\u015bci ekstraktu z jag\u00f3d Acai, maska ta pomaga w walce z wolnymi rodnikami, kt\u00f3re mog\u0105 przyspiesza\u0107 proces starzenia si\u0119 sk\u00f3ry. Jagody Acai s\u0105 bogate w witaminy A, C i E, ... Read moreMEDIHEAL Acaiberry VITA Mask 20 ml &#8211; Maska witaminowa z jagodami Acai","og_url":"https:\/\/selleetools.com\/pl\/product\/mediheal-acaiberry-vita-mask-20-ml-maska-witaminowa-z-jagodami-acai\/","og_site_name":"Selleetools.com","article_modified_time":"2025-10-28T10:09:27+00:00","og_image":[{"width":450,"height":450,"url":"https:\/\/selleetools.com\/wp-content\/uploads\/2025\/10\/883c5411a823298752a5206182e5411c.jpg","type":"image\/jpeg"}],"twitter_card":"summary_large_image","twitter_misc":{"Est. reading time":"1 minuta"},"schema":{"@context":"https:\/\/schema.org","@graph":[{"@type":"Organization","@id":"https:\/\/selleetools.com\/#organization","name":"Selleetools","url":"https:\/\/selleetools.com\/","sameAs":[],"logo":{"@type":"ImageObject","inLanguage":"pl-PL","@id":"https:\/\/selleetools.com\/#\/schema\/logo\/image\/","url":"https:\/\/selleetools.com\/wp-content\/uploads\/2021\/10\/logo-dark.png","contentUrl":"https:\/\/selleetools.com\/wp-content\/uploads\/2021\/10\/logo-dark.png","width":320,"height":76,"caption":"Selleetools"},"image":{"@id":"https:\/\/selleetools.com\/#\/schema\/logo\/image\/"}},{"@type":"WebSite","@id":"https:\/\/selleetools.com\/#website","url":"https:\/\/selleetools.com\/","name":"Selleetools.com","description":"","publisher":{"@id":"https:\/\/selleetools.com\/#organization"},"potentialAction":[{"@type":"SearchAction","target":{"@type":"EntryPoint","urlTemplate":"https:\/\/selleetools.com\/?s={search_term_string}"},"query-input":"required name=search_term_string"}],"inLanguage":"pl-PL"},{"@type":"WebPage","@id":"https:\/\/selleetools.com\/pl\/product\/mediheal-acaiberry-vita-mask-20-ml-maska-witaminowa-z-jagodami-acai\/","url":"https:\/\/selleetools.com\/pl\/product\/mediheal-acaiberry-vita-mask-20-ml-maska-witaminowa-z-jagodami-acai\/","name":"MEDIHEAL Acaiberry VITA Mask 20 ml - Maska witaminowa z jagodami Acai - Selleetools.com","isPartOf":{"@id":"https:\/\/selleetools.com\/#website"},"datePublished":"2025-10-22T06:08:00+00:00","dateModified":"2025-10-28T10:09:27+00:00","breadcrumb":{"@id":"https:\/\/selleetools.com\/pl\/product\/mediheal-acaiberry-vita-mask-20-ml-maska-witaminowa-z-jagodami-acai\/#breadcrumb"},"inLanguage":"pl-PL","potentialAction":[{"@type":"ReadAction","target":["https:\/\/selleetools.com\/pl\/product\/mediheal-acaiberry-vita-mask-20-ml-maska-witaminowa-z-jagodami-acai\/"]}]},{"@type":"BreadcrumbList","@id":"https:\/\/selleetools.com\/pl\/product\/mediheal-acaiberry-vita-mask-20-ml-maska-witaminowa-z-jagodami-acai\/#breadcrumb","itemListElement":[{"@type":"ListItem","position":1,"name":"Home","item":"https:\/\/selleetools.com\/pl\/"},{"@type":"ListItem","position":2,"name":"Katalog","item":"https:\/\/selleetools.com\/pl\/katalog\/"},{"@type":"ListItem","position":3,"name":"MEDIHEAL Acaiberry VITA Mask 20 ml &#8211; Maska witaminowa z jagodami Acai"}]}]}},"_links":{"self":[{"href":"https:\/\/selleetools.com\/pl\/wp-json\/wp\/v2\/product\/596631"}],"collection":[{"href":"https:\/\/selleetools.com\/pl\/wp-json\/wp\/v2\/product"}],"about":[{"href":"https:\/\/selleetools.com\/pl\/wp-json\/wp\/v2\/types\/product"}],"replies":[{"embeddable":true,"href":"https:\/\/selleetools.com\/pl\/wp-json\/wp\/v2\/comments?post=596631"}],"wp:featuredmedia":[{"embeddable":true,"href":"https:\/\/selleetools.com\/pl\/wp-json\/wp\/v2\/media\/596629"}],"wp:attachment":[{"href":"https:\/\/selleetools.com\/pl\/wp-json\/wp\/v2\/media?parent=596631"}],"curies":[{"name":"wp","href":"https:\/\/api.w.org\/{rel}","templated":true}]}}