{"id":596614,"date":"2025-10-22T08:07:41","date_gmt":"2025-10-22T06:07:41","guid":{"rendered":"https:\/\/selleetools.com\/?post_type=product&#038;p=596614"},"modified":"2026-01-04T15:26:19","modified_gmt":"2026-01-04T14:26:19","slug":"mediheal-w-h-p-white-hydrating-black-mask-25-ml-nawilzajaca-maska-w-plachcie","status":"publish","type":"product","link":"https:\/\/selleetools.com\/pl\/product\/mediheal-w-h-p-white-hydrating-black-mask-25-ml-nawilzajaca-maska-w-plachcie\/","title":{"rendered":"MEDIHEAL W.H.P White Hydrating Black Mask 25 ml &#8211; Nawil\u017caj\u0105ca Maska w p\u0142achcie"},"content":{"rendered":"<p><font style=\"font-size: 12px;\">MEDIHEAL W.H.P White Hydrating Black Mask to innowacyjna maska w p\u0142achcie, kt\u00f3ra \u0142\u0105czy w sobie moc nawil\u017cenia i rozja\u015bnienia sk\u00f3ry. Ta unikalna formu\u0142a z w\u0119glem aktywnym i silnie nawil\u017caj\u0105cymi sk\u0142adnikami pomaga wyr\u00f3wna\u0107 koloryt sk\u00f3ry, nadaj\u0105c jej promienny i zdrowy wygl\u0105d.<\/font><\/p>\n<p><strong><font style=\"font-size: 12px;\">Korzy\u015bci dla sk\u00f3ry:<\/font><\/strong><\/p>\n<ul>\n<li><font style=\"font-size: 12px;\"><strong>Rozja\u015bnienie cery:<\/strong> Maska skutecznie rozja\u015bnia sk\u00f3r\u0119, eliminuj\u0105c przebarwienia i wyr\u00f3wnuj\u0105c jej koloryt.<\/font><\/li>\n<li><font style=\"font-size: 12px;\"><strong>G\u0142\u0119bokie nawil\u017cenie:<\/strong> Zawarto\u015b\u0107 kwasu hialuronowego i gliceryny intensywnie nawil\u017ca sk\u00f3r\u0119, zapobiegaj\u0105c utracie wilgoci i nadaj\u0105c jej mi\u0119kko\u015b\u0107.<\/font><\/li>\n<li><font style=\"font-size: 12px;\"><strong>Detoksykacja:<\/strong> Aktywny w\u0119giel oczyszcza sk\u00f3r\u0119, usuwaj\u0105c zanieczyszczenia i nadmiar sebum, co sprawia, \u017ce sk\u00f3ra staje si\u0119 \u015bwie\u017ca i matowa.<\/font><\/li>\n<li><font style=\"font-size: 12px;\"><strong>Wzmocnienie bariery ochronnej:<\/strong> Regularne stosowanie maski pomaga wzmocni\u0107 barier\u0119 ochronn\u0105 sk\u00f3ry, chroni\u0105c j\u0105 przed szkodliwymi czynnikami zewn\u0119trznymi.<\/font><\/li>\n<\/ul>\n<p><strong><font style=\"font-size: 12px;\">Spos\u00f3b u\u017cycia:<\/font><\/strong><\/p>\n<ol>\n<li><font style=\"font-size: 12px;\">Oczy\u015b\u0107 dok\u0142adnie twarz i osusz j\u0105 r\u0119cznikiem.<\/font><\/li>\n<li><font style=\"font-size: 12px;\">Delikatnie roz\u0142\u00f3\u017c mask\u0119 na twarzy, dopasowuj\u0105c j\u0105 do kszta\u0142tu twarzy.<\/font><\/li>\n<li><font style=\"font-size: 12px;\">Pozostaw mask\u0119 na 15-20 minut, pozwalaj\u0105c sk\u0142adnikom aktywnym przenikn\u0105\u0107 w g\u0142\u0105b sk\u00f3ry.<\/font><\/li>\n<li><font style=\"font-size: 12px;\">Po zdj\u0119ciu maski, delikatnie wmasuj pozosta\u0142o\u015bci esencji w sk\u00f3r\u0119, a\u017c do pe\u0142nego wch\u0142oni\u0119cia.<\/font><\/li>\n<li><font style=\"font-size: 12px;\">Nie sp\u0142ukuj. Stosuj 2-3 razy w tygodniu, aby uzyska\u0107 najlepsze rezultaty.<\/font><\/li>\n<\/ol>\n<p><font style=\"font-size: 12px;\">Maska MEDIHEAL W.H.P White Hydrating Black Mask to idealne rozwi\u0105zanie dla os\u00f3b pragn\u0105cych po\u0142\u0105czy\u0107 intensywne nawil\u017cenie z rozja\u015bnieniem sk\u00f3ry, przy jednoczesnym jej oczyszczeniu i od\u015bwie\u017ceniu.<\/font><\/p>\n","protected":false},"excerpt":{"rendered":"<p>MEDIHEAL W.H.P White Hydrating Black Mask to innowacyjna maska w p\u0142achcie, kt\u00f3ra \u0142\u0105czy w sobie moc nawil\u017cenia i rozja\u015bnienia sk\u00f3ry. Ta unikalna formu\u0142a z w\u0119glem aktywnym i silnie nawil\u017caj\u0105cymi sk\u0142adnikami pomaga wyr\u00f3wna\u0107 koloryt sk\u00f3ry, nadaj\u0105c jej promienny i zdrowy wygl\u0105d. Korzy\u015bci dla sk\u00f3ry: Rozja\u015bnienie cery: Maska skutecznie rozja\u015bnia sk\u00f3r\u0119, eliminuj\u0105c przebarwienia i wyr\u00f3wnuj\u0105c jej koloryt. &#8230; <a title=\"MEDIHEAL W.H.P White Hydrating Black Mask 25 ml &#8211; Nawil\u017caj\u0105ca Maska w p\u0142achcie\" class=\"read-more\" href=\"https:\/\/selleetools.com\/pl\/product\/mediheal-w-h-p-white-hydrating-black-mask-25-ml-nawilzajaca-maska-w-plachcie\/\">Read more<span class=\"screen-reader-text\">MEDIHEAL W.H.P White Hydrating Black Mask 25 ml &#8211; Nawil\u017caj\u0105ca Maska w p\u0142achcie<\/span><\/a><\/p>\n","protected":false},"featured_media":596612,"comment_status":"open","ping_status":"closed","template":"","meta":{"_links_to":"","_links_to_target":""},"yoast_head":"<!-- This site is optimized with the Yoast SEO plugin v19.4 - https:\/\/yoast.com\/wordpress\/plugins\/seo\/ -->\n<title>MEDIHEAL W.H.P White Hydrating Black Mask 25 ml - Nawil\u017caj\u0105ca Maska w p\u0142achcie - Selleetools.com<\/title>\n<meta name=\"robots\" content=\"index, follow, max-snippet:-1, max-image-preview:large, max-video-preview:-1\" \/>\n<link rel=\"canonical\" href=\"https:\/\/selleetools.com\/product\/mediheal-w-h-p-white-hydrating-black-mask-25-ml-nawilzajaca-maska-w-plachcie\/\" \/>\n<meta property=\"og:locale\" content=\"pl_PL\" \/>\n<meta property=\"og:type\" content=\"article\" \/>\n<meta property=\"og:title\" content=\"MEDIHEAL W.H.P White Hydrating Black Mask 25 ml - Nawil\u017caj\u0105ca Maska w p\u0142achcie - Selleetools.com\" \/>\n<meta property=\"og:description\" content=\"MEDIHEAL W.H.P White Hydrating Black Mask to innowacyjna maska w p\u0142achcie, kt\u00f3ra \u0142\u0105czy w sobie moc nawil\u017cenia i rozja\u015bnienia sk\u00f3ry. Ta unikalna formu\u0142a z w\u0119glem aktywnym i silnie nawil\u017caj\u0105cymi sk\u0142adnikami pomaga wyr\u00f3wna\u0107 koloryt sk\u00f3ry, nadaj\u0105c jej promienny i zdrowy wygl\u0105d. Korzy\u015bci dla sk\u00f3ry: Rozja\u015bnienie cery: Maska skutecznie rozja\u015bnia sk\u00f3r\u0119, eliminuj\u0105c przebarwienia i wyr\u00f3wnuj\u0105c jej koloryt. ... Read moreMEDIHEAL W.H.P White Hydrating Black Mask 25 ml &#8211; Nawil\u017caj\u0105ca Maska w p\u0142achcie\" \/>\n<meta property=\"og:url\" content=\"https:\/\/selleetools.com\/product\/mediheal-w-h-p-white-hydrating-black-mask-25-ml-nawilzajaca-maska-w-plachcie\/\" \/>\n<meta property=\"og:site_name\" content=\"Selleetools.com\" \/>\n<meta property=\"article:modified_time\" content=\"2026-01-04T14:26:19+00:00\" \/>\n<meta property=\"og:image\" content=\"https:\/\/selleetools.com\/wp-content\/uploads\/2025\/10\/c37f541f016e2fa362bc168ad08e6ded.jpg\" \/>\n\t<meta property=\"og:image:width\" content=\"450\" \/>\n\t<meta property=\"og:image:height\" content=\"450\" \/>\n\t<meta property=\"og:image:type\" content=\"image\/jpeg\" \/>\n<meta name=\"twitter:card\" content=\"summary_large_image\" \/>\n<meta name=\"twitter:label1\" content=\"Est. reading time\" \/>\n\t<meta name=\"twitter:data1\" content=\"1 minuta\" \/>\n<!-- \/ Yoast SEO plugin. -->","yoast_head_json":{"title":"MEDIHEAL W.H.P White Hydrating Black Mask 25 ml - Nawil\u017caj\u0105ca Maska w p\u0142achcie - Selleetools.com","robots":{"index":"index","follow":"follow","max-snippet":"max-snippet:-1","max-image-preview":"max-image-preview:large","max-video-preview":"max-video-preview:-1"},"canonical":"https:\/\/selleetools.com\/product\/mediheal-w-h-p-white-hydrating-black-mask-25-ml-nawilzajaca-maska-w-plachcie\/","og_locale":"pl_PL","og_type":"article","og_title":"MEDIHEAL W.H.P White Hydrating Black Mask 25 ml - Nawil\u017caj\u0105ca Maska w p\u0142achcie - Selleetools.com","og_description":"MEDIHEAL W.H.P White Hydrating Black Mask to innowacyjna maska w p\u0142achcie, kt\u00f3ra \u0142\u0105czy w sobie moc nawil\u017cenia i rozja\u015bnienia sk\u00f3ry. Ta unikalna formu\u0142a z w\u0119glem aktywnym i silnie nawil\u017caj\u0105cymi sk\u0142adnikami pomaga wyr\u00f3wna\u0107 koloryt sk\u00f3ry, nadaj\u0105c jej promienny i zdrowy wygl\u0105d. Korzy\u015bci dla sk\u00f3ry: Rozja\u015bnienie cery: Maska skutecznie rozja\u015bnia sk\u00f3r\u0119, eliminuj\u0105c przebarwienia i wyr\u00f3wnuj\u0105c jej koloryt. ... Read moreMEDIHEAL W.H.P White Hydrating Black Mask 25 ml &#8211; Nawil\u017caj\u0105ca Maska w p\u0142achcie","og_url":"https:\/\/selleetools.com\/product\/mediheal-w-h-p-white-hydrating-black-mask-25-ml-nawilzajaca-maska-w-plachcie\/","og_site_name":"Selleetools.com","article_modified_time":"2026-01-04T14:26:19+00:00","og_image":[{"width":450,"height":450,"url":"https:\/\/selleetools.com\/wp-content\/uploads\/2025\/10\/c37f541f016e2fa362bc168ad08e6ded.jpg","type":"image\/jpeg"}],"twitter_card":"summary_large_image","twitter_misc":{"Est. reading time":"1 minuta"},"schema":{"@context":"https:\/\/schema.org","@graph":[{"@type":"Organization","@id":"https:\/\/selleetools.com\/#organization","name":"Selleetools","url":"https:\/\/selleetools.com\/","sameAs":[],"logo":{"@type":"ImageObject","inLanguage":"pl-PL","@id":"https:\/\/selleetools.com\/#\/schema\/logo\/image\/","url":"https:\/\/selleetools.com\/wp-content\/uploads\/2021\/10\/logo-dark.png","contentUrl":"https:\/\/selleetools.com\/wp-content\/uploads\/2021\/10\/logo-dark.png","width":320,"height":76,"caption":"Selleetools"},"image":{"@id":"https:\/\/selleetools.com\/#\/schema\/logo\/image\/"}},{"@type":"WebSite","@id":"https:\/\/selleetools.com\/#website","url":"https:\/\/selleetools.com\/","name":"Selleetools.com","description":"","publisher":{"@id":"https:\/\/selleetools.com\/#organization"},"potentialAction":[{"@type":"SearchAction","target":{"@type":"EntryPoint","urlTemplate":"https:\/\/selleetools.com\/?s={search_term_string}"},"query-input":"required name=search_term_string"}],"inLanguage":"pl-PL"},{"@type":"WebPage","@id":"https:\/\/selleetools.com\/product\/mediheal-w-h-p-white-hydrating-black-mask-25-ml-nawilzajaca-maska-w-plachcie\/","url":"https:\/\/selleetools.com\/product\/mediheal-w-h-p-white-hydrating-black-mask-25-ml-nawilzajaca-maska-w-plachcie\/","name":"MEDIHEAL W.H.P White Hydrating Black Mask 25 ml - Nawil\u017caj\u0105ca Maska w p\u0142achcie - Selleetools.com","isPartOf":{"@id":"https:\/\/selleetools.com\/#website"},"datePublished":"2025-10-22T06:07:41+00:00","dateModified":"2026-01-04T14:26:19+00:00","breadcrumb":{"@id":"https:\/\/selleetools.com\/product\/mediheal-w-h-p-white-hydrating-black-mask-25-ml-nawilzajaca-maska-w-plachcie\/#breadcrumb"},"inLanguage":"pl-PL","potentialAction":[{"@type":"ReadAction","target":["https:\/\/selleetools.com\/product\/mediheal-w-h-p-white-hydrating-black-mask-25-ml-nawilzajaca-maska-w-plachcie\/"]}]},{"@type":"BreadcrumbList","@id":"https:\/\/selleetools.com\/product\/mediheal-w-h-p-white-hydrating-black-mask-25-ml-nawilzajaca-maska-w-plachcie\/#breadcrumb","itemListElement":[{"@type":"ListItem","position":1,"name":"Home","item":"https:\/\/selleetools.com\/pl\/"},{"@type":"ListItem","position":2,"name":"Katalog","item":"https:\/\/selleetools.com\/pl\/katalog\/"},{"@type":"ListItem","position":3,"name":"MEDIHEAL W.H.P White Hydrating Black Mask 25 ml &#8211; Nawil\u017caj\u0105ca Maska w p\u0142achcie"}]}]}},"_links":{"self":[{"href":"https:\/\/selleetools.com\/pl\/wp-json\/wp\/v2\/product\/596614"}],"collection":[{"href":"https:\/\/selleetools.com\/pl\/wp-json\/wp\/v2\/product"}],"about":[{"href":"https:\/\/selleetools.com\/pl\/wp-json\/wp\/v2\/types\/product"}],"replies":[{"embeddable":true,"href":"https:\/\/selleetools.com\/pl\/wp-json\/wp\/v2\/comments?post=596614"}],"wp:featuredmedia":[{"embeddable":true,"href":"https:\/\/selleetools.com\/pl\/wp-json\/wp\/v2\/media\/596612"}],"wp:attachment":[{"href":"https:\/\/selleetools.com\/pl\/wp-json\/wp\/v2\/media?parent=596614"}],"curies":[{"name":"wp","href":"https:\/\/api.w.org\/{rel}","templated":true}]}}