{"id":596608,"date":"2025-10-22T08:07:35","date_gmt":"2025-10-22T06:07:35","guid":{"rendered":"https:\/\/selleetools.com\/?post_type=product&#038;p=596608"},"modified":"2025-10-23T19:22:55","modified_gmt":"2025-10-23T17:22:55","slug":"some-by-mi-aha-bha-pha-30-days-miracle-starter-kit-zestaw-startowy-z-kwasami","status":"publish","type":"product","link":"https:\/\/selleetools.com\/pl\/product\/some-by-mi-aha-bha-pha-30-days-miracle-starter-kit-zestaw-startowy-z-kwasami\/","title":{"rendered":"SOME BY MI AHA BHA PHA 30 days Miracle Starter Kit &#8211; Zestaw startowy z kwasami"},"content":{"rendered":"<p>Odkryj tajemnic\u0119 zdrowej i promiennej sk\u00f3ry dzi\u0119ki zestawowi SOME BY MI AHA BHA PHA 30 Days Miracle Starter Kit. Ten wyj\u0105tkowy zestaw zawiera starannie dobrane produkty, kt\u00f3re wspieraj\u0105 sk\u00f3r\u0119 w osi\u0105gni\u0119ciu jej idealnego wygl\u0105du w zaledwie 30 dni.<\/p>\n<p>Korzy\u015bci dla sk\u00f3ry:<br \/>\nOczyszczenie i z\u0142uszczanie &#8211; AHA (kwasy alfa-hydroksylowe) skutecznie usuwaj\u0105 martwe kom\u00f3rki nask\u00f3rka, poprawiaj\u0105c tekstur\u0119 sk\u00f3ry i promienno\u015b\u0107.<br \/>\nRedukcja zanieczyszcze\u0144 &#8211; BHA (kwas beta-hydroksylowy) penetruje pory, usuwaj\u0105c zanieczyszczenia i nadmiar sebum, co pomaga w walce z tr\u0105dzikiem.<br \/>\nNawil\u017cenie i wyg\u0142adzenie &#8211; PHA (kwas polihydroksylowy) dzia\u0142a \u0142agodnie, nawil\u017caj\u0105c sk\u00f3r\u0119 i wzmacniaj\u0105c jej barier\u0119 ochronn\u0105, co jest idealne dla sk\u00f3ry wra\u017cliwej.<br \/>\nPoprawa struktury sk\u00f3ry &#8211; Regularne stosowanie zestawu poprawia og\u00f3lny wygl\u0105d sk\u00f3ry, wyg\u0142adza j\u0105 i nadaje jej zdrowy blask.<\/p>\n<p>Spos\u00f3b u\u017cycia:<br \/>\nOczy\u015b\u0107 sk\u00f3r\u0119 &#8211; Zacznij od dok\u0142adnego oczyszczenia twarzy, aby usun\u0105\u0107 wszelkie zanieczyszczenia.<br \/>\nTonizuj &#8211; Na\u0142\u00f3\u017c tonik na sk\u00f3r\u0119, aby przywr\u00f3ci\u0107 jej odpowiednie pH i przygotowa\u0107 j\u0105 do dalszych krok\u00f3w piel\u0119gnacyjnych.<br \/>\nStosuj serum &#8211; Aplikuj serum AHA BHA PHA na twarz, delikatnie wklepuj\u0105c je w sk\u00f3r\u0119. Pozw\u00f3l, aby produkt ca\u0142kowicie si\u0119 wch\u0142on\u0105\u0142.<br \/>\nNawil\u017caj &#8211; Na zako\u0144czenie, u\u017cyj kremu nawil\u017caj\u0105cego, aby zapewni\u0107 sk\u00f3rze odpowiedni poziom nawil\u017cenia i ochrony.<\/p>\n<p>Stosuj\u0105c zestaw SOME BY MI AHA BHA PHA 30 Days Miracle przez 30 dni, zauwa\u017cysz znaczn\u0105 popraw\u0119 w wygl\u0105dzie i kondycji swojej sk\u00f3ry. Ciesz si\u0119 g\u0142adk\u0105, promienn\u0105 i zdrowo wygl\u0105daj\u0105c\u0105 cer\u0105 ka\u017cdego dnia!<\/p>\n","protected":false},"excerpt":{"rendered":"<p>Odkryj tajemnic\u0119 zdrowej i promiennej sk\u00f3ry dzi\u0119ki zestawowi SOME BY MI AHA BHA PHA 30 Days Miracle Starter Kit. Ten wyj\u0105tkowy zestaw zawiera starannie dobrane produkty, kt\u00f3re wspieraj\u0105 sk\u00f3r\u0119 w osi\u0105gni\u0119ciu jej idealnego wygl\u0105du w zaledwie 30 dni. Korzy\u015bci dla sk\u00f3ry: Oczyszczenie i z\u0142uszczanie &#8211; AHA (kwasy alfa-hydroksylowe) skutecznie usuwaj\u0105 martwe kom\u00f3rki nask\u00f3rka, poprawiaj\u0105c tekstur\u0119 &#8230; <a title=\"SOME BY MI AHA BHA PHA 30 days Miracle Starter Kit &#8211; Zestaw startowy z kwasami\" class=\"read-more\" href=\"https:\/\/selleetools.com\/pl\/product\/some-by-mi-aha-bha-pha-30-days-miracle-starter-kit-zestaw-startowy-z-kwasami\/\">Read more<span class=\"screen-reader-text\">SOME BY MI AHA BHA PHA 30 days Miracle Starter Kit &#8211; Zestaw startowy z kwasami<\/span><\/a><\/p>\n","protected":false},"featured_media":596606,"comment_status":"open","ping_status":"closed","template":"","meta":{"_links_to":"","_links_to_target":""},"yoast_head":"<!-- This site is optimized with the Yoast SEO plugin v19.4 - https:\/\/yoast.com\/wordpress\/plugins\/seo\/ -->\n<title>SOME BY MI AHA BHA PHA 30 days Miracle Starter Kit - Zestaw startowy z kwasami - Selleetools.com<\/title>\n<meta name=\"robots\" content=\"index, follow, max-snippet:-1, max-image-preview:large, max-video-preview:-1\" \/>\n<link rel=\"canonical\" href=\"https:\/\/admincentral.selleetools.com\/pl\/product\/some-by-mi-aha-bha-pha-30-days-miracle-starter-kit-zestaw-startowy-z-kwasami\/\" \/>\n<meta property=\"og:locale\" content=\"pl_PL\" \/>\n<meta property=\"og:type\" content=\"article\" \/>\n<meta property=\"og:title\" content=\"SOME BY MI AHA BHA PHA 30 days Miracle Starter Kit - Zestaw startowy z kwasami - Selleetools.com\" \/>\n<meta property=\"og:description\" content=\"Odkryj tajemnic\u0119 zdrowej i promiennej sk\u00f3ry dzi\u0119ki zestawowi SOME BY MI AHA BHA PHA 30 Days Miracle Starter Kit. Ten wyj\u0105tkowy zestaw zawiera starannie dobrane produkty, kt\u00f3re wspieraj\u0105 sk\u00f3r\u0119 w osi\u0105gni\u0119ciu jej idealnego wygl\u0105du w zaledwie 30 dni. Korzy\u015bci dla sk\u00f3ry: Oczyszczenie i z\u0142uszczanie &#8211; AHA (kwasy alfa-hydroksylowe) skutecznie usuwaj\u0105 martwe kom\u00f3rki nask\u00f3rka, poprawiaj\u0105c tekstur\u0119 ... Read moreSOME BY MI AHA BHA PHA 30 days Miracle Starter Kit &#8211; Zestaw startowy z kwasami\" \/>\n<meta property=\"og:url\" content=\"https:\/\/admincentral.selleetools.com\/pl\/product\/some-by-mi-aha-bha-pha-30-days-miracle-starter-kit-zestaw-startowy-z-kwasami\/\" \/>\n<meta property=\"og:site_name\" content=\"Selleetools.com\" \/>\n<meta property=\"article:modified_time\" content=\"2025-10-23T17:22:55+00:00\" \/>\n<meta property=\"og:image\" content=\"https:\/\/selleetools.com\/wp-content\/uploads\/2025\/10\/1.jpg\" \/>\n\t<meta property=\"og:image:width\" content=\"1200\" \/>\n\t<meta property=\"og:image:height\" content=\"1200\" \/>\n\t<meta property=\"og:image:type\" content=\"image\/jpeg\" \/>\n<meta name=\"twitter:card\" content=\"summary_large_image\" \/>\n<meta name=\"twitter:label1\" content=\"Est. reading time\" \/>\n\t<meta name=\"twitter:data1\" content=\"1 minuta\" \/>\n<!-- \/ Yoast SEO plugin. -->","yoast_head_json":{"title":"SOME BY MI AHA BHA PHA 30 days Miracle Starter Kit - Zestaw startowy z kwasami - Selleetools.com","robots":{"index":"index","follow":"follow","max-snippet":"max-snippet:-1","max-image-preview":"max-image-preview:large","max-video-preview":"max-video-preview:-1"},"canonical":"https:\/\/admincentral.selleetools.com\/pl\/product\/some-by-mi-aha-bha-pha-30-days-miracle-starter-kit-zestaw-startowy-z-kwasami\/","og_locale":"pl_PL","og_type":"article","og_title":"SOME BY MI AHA BHA PHA 30 days Miracle Starter Kit - Zestaw startowy z kwasami - Selleetools.com","og_description":"Odkryj tajemnic\u0119 zdrowej i promiennej sk\u00f3ry dzi\u0119ki zestawowi SOME BY MI AHA BHA PHA 30 Days Miracle Starter Kit. Ten wyj\u0105tkowy zestaw zawiera starannie dobrane produkty, kt\u00f3re wspieraj\u0105 sk\u00f3r\u0119 w osi\u0105gni\u0119ciu jej idealnego wygl\u0105du w zaledwie 30 dni. Korzy\u015bci dla sk\u00f3ry: Oczyszczenie i z\u0142uszczanie &#8211; AHA (kwasy alfa-hydroksylowe) skutecznie usuwaj\u0105 martwe kom\u00f3rki nask\u00f3rka, poprawiaj\u0105c tekstur\u0119 ... Read moreSOME BY MI AHA BHA PHA 30 days Miracle Starter Kit &#8211; Zestaw startowy z kwasami","og_url":"https:\/\/admincentral.selleetools.com\/pl\/product\/some-by-mi-aha-bha-pha-30-days-miracle-starter-kit-zestaw-startowy-z-kwasami\/","og_site_name":"Selleetools.com","article_modified_time":"2025-10-23T17:22:55+00:00","og_image":[{"width":1200,"height":1200,"url":"https:\/\/selleetools.com\/wp-content\/uploads\/2025\/10\/1.jpg","type":"image\/jpeg"}],"twitter_card":"summary_large_image","twitter_misc":{"Est. reading time":"1 minuta"},"schema":{"@context":"https:\/\/schema.org","@graph":[{"@type":"Organization","@id":"https:\/\/selleetools.com\/#organization","name":"Selleetools","url":"https:\/\/selleetools.com\/","sameAs":[],"logo":{"@type":"ImageObject","inLanguage":"pl-PL","@id":"https:\/\/selleetools.com\/#\/schema\/logo\/image\/","url":"https:\/\/selleetools.com\/wp-content\/uploads\/2021\/10\/logo-dark.png","contentUrl":"https:\/\/selleetools.com\/wp-content\/uploads\/2021\/10\/logo-dark.png","width":320,"height":76,"caption":"Selleetools"},"image":{"@id":"https:\/\/selleetools.com\/#\/schema\/logo\/image\/"}},{"@type":"WebSite","@id":"https:\/\/selleetools.com\/#website","url":"https:\/\/selleetools.com\/","name":"Selleetools.com","description":"","publisher":{"@id":"https:\/\/selleetools.com\/#organization"},"potentialAction":[{"@type":"SearchAction","target":{"@type":"EntryPoint","urlTemplate":"https:\/\/selleetools.com\/?s={search_term_string}"},"query-input":"required name=search_term_string"}],"inLanguage":"pl-PL"},{"@type":"WebPage","@id":"https:\/\/admincentral.selleetools.com\/pl\/product\/some-by-mi-aha-bha-pha-30-days-miracle-starter-kit-zestaw-startowy-z-kwasami\/","url":"https:\/\/admincentral.selleetools.com\/pl\/product\/some-by-mi-aha-bha-pha-30-days-miracle-starter-kit-zestaw-startowy-z-kwasami\/","name":"SOME BY MI AHA BHA PHA 30 days Miracle Starter Kit - Zestaw startowy z kwasami - Selleetools.com","isPartOf":{"@id":"https:\/\/selleetools.com\/#website"},"datePublished":"2025-10-22T06:07:35+00:00","dateModified":"2025-10-23T17:22:55+00:00","breadcrumb":{"@id":"https:\/\/admincentral.selleetools.com\/pl\/product\/some-by-mi-aha-bha-pha-30-days-miracle-starter-kit-zestaw-startowy-z-kwasami\/#breadcrumb"},"inLanguage":"pl-PL","potentialAction":[{"@type":"ReadAction","target":["https:\/\/admincentral.selleetools.com\/pl\/product\/some-by-mi-aha-bha-pha-30-days-miracle-starter-kit-zestaw-startowy-z-kwasami\/"]}]},{"@type":"BreadcrumbList","@id":"https:\/\/admincentral.selleetools.com\/pl\/product\/some-by-mi-aha-bha-pha-30-days-miracle-starter-kit-zestaw-startowy-z-kwasami\/#breadcrumb","itemListElement":[{"@type":"ListItem","position":1,"name":"Home","item":"https:\/\/selleetools.com\/pl\/"},{"@type":"ListItem","position":2,"name":"Katalog","item":"https:\/\/selleetools.com\/pl\/katalog\/"},{"@type":"ListItem","position":3,"name":"SOME BY MI AHA BHA PHA 30 days Miracle Starter Kit &#8211; Zestaw startowy z kwasami"}]}]}},"_links":{"self":[{"href":"https:\/\/selleetools.com\/pl\/wp-json\/wp\/v2\/product\/596608"}],"collection":[{"href":"https:\/\/selleetools.com\/pl\/wp-json\/wp\/v2\/product"}],"about":[{"href":"https:\/\/selleetools.com\/pl\/wp-json\/wp\/v2\/types\/product"}],"replies":[{"embeddable":true,"href":"https:\/\/selleetools.com\/pl\/wp-json\/wp\/v2\/comments?post=596608"}],"wp:featuredmedia":[{"embeddable":true,"href":"https:\/\/selleetools.com\/pl\/wp-json\/wp\/v2\/media\/596606"}],"wp:attachment":[{"href":"https:\/\/selleetools.com\/pl\/wp-json\/wp\/v2\/media?parent=596608"}],"curies":[{"name":"wp","href":"https:\/\/api.w.org\/{rel}","templated":true}]}}