{"id":596560,"date":"2025-10-22T08:06:46","date_gmt":"2025-10-22T06:06:46","guid":{"rendered":"https:\/\/selleetools.com\/?post_type=product&#038;p=596560"},"modified":"2026-02-25T19:06:51","modified_gmt":"2026-02-25T18:06:51","slug":"some-by-mi-aha-bha-pha-30-days-miracle-cream-60-ml-krem-z-kwasami","status":"publish","type":"product","link":"https:\/\/selleetools.com\/pl\/product\/some-by-mi-aha-bha-pha-30-days-miracle-cream-60-ml-krem-z-kwasami\/","title":{"rendered":"SOME BY MI AHA.BHA.PHA 30 Days Miracle Cream 60 ml &#8211; Krem z kwasami"},"content":{"rendered":"<p>SOME BY MI AHA.BHA.PHA 30 Days Miracle Cream to intensywnie regeneruj\u0105cy krem, kt\u00f3ry przynosi spektakularne efekty ju\u017c w ci\u0105gu 30 dni. Dzi\u0119ki unikalnej kombinacji kwas\u00f3w AHA, BHA i PHA, ten krem dzia\u0142a kompleksowo, aby poprawi\u0107 wygl\u0105d i kondycj\u0119 sk\u00f3ry.<\/p>\n<p>Korzy\u015bci dla sk\u00f3ry:<br \/>\nAHA (kwas glikolowy): Pomaga w z\u0142uszczaniu martwego nask\u00f3rka, ods\u0142aniaj\u0105c ja\u015bniejsz\u0105 i bardziej promienn\u0105 sk\u00f3r\u0119.<br \/>\nBHA (kwas salicylowy): Przenika w g\u0142\u0105b por\u00f3w, skutecznie oczyszczaj\u0105c je i zmniejszaj\u0105c niedoskona\u0142o\u015bci.<br \/>\nPHA (kwas laktobionowy): Dzia\u0142a nawil\u017caj\u0105co i antyoksydacyjnie, wspieraj\u0105c regeneracj\u0119 sk\u00f3ry i poprawiaj\u0105c jej elastyczno\u015b\u0107.<br \/>\nKrem jest idealny do codziennego stosowania, a jego regularne u\u017cycie przyczynia si\u0119 do wyg\u0142adzenia powierzchni sk\u00f3ry, zmniejszenia widoczno\u015bci por\u00f3w oraz poprawy og\u00f3lnego kolorytu i tekstury.<\/p>\n<p>Spos\u00f3b u\u017cycia:<br \/>\nNa oczyszczon\u0105 sk\u00f3r\u0119 twarzy nanie\u015b odpowiedni\u0105 ilo\u015b\u0107 kremu, delikatnie wmasowuj\u0105c go a\u017c do pe\u0142nego wch\u0142oni\u0119cia. Stosuj codziennie rano i wieczorem dla najlepszych rezultat\u00f3w. Unikaj kontaktu z oczami i u\u017cywaj ochrony przeciws\u0142onecznej w ci\u0105gu dnia, aby zminimalizowa\u0107 ryzyko podra\u017cnie\u0144 i zwi\u0119kszy\u0107 skuteczno\u015b\u0107 dzia\u0142ania kremu.<\/p>\n","protected":false},"excerpt":{"rendered":"<p>SOME BY MI AHA.BHA.PHA 30 Days Miracle Cream to intensywnie regeneruj\u0105cy krem, kt\u00f3ry przynosi spektakularne efekty ju\u017c w ci\u0105gu 30 dni. Dzi\u0119ki unikalnej kombinacji kwas\u00f3w AHA, BHA i PHA, ten krem dzia\u0142a kompleksowo, aby poprawi\u0107 wygl\u0105d i kondycj\u0119 sk\u00f3ry. Korzy\u015bci dla sk\u00f3ry: AHA (kwas glikolowy): Pomaga w z\u0142uszczaniu martwego nask\u00f3rka, ods\u0142aniaj\u0105c ja\u015bniejsz\u0105 i bardziej promienn\u0105 &#8230; <a title=\"SOME BY MI AHA.BHA.PHA 30 Days Miracle Cream 60 ml &#8211; Krem z kwasami\" class=\"read-more\" href=\"https:\/\/selleetools.com\/pl\/product\/some-by-mi-aha-bha-pha-30-days-miracle-cream-60-ml-krem-z-kwasami\/\">Read more<span class=\"screen-reader-text\">SOME BY MI AHA.BHA.PHA 30 Days Miracle Cream 60 ml &#8211; Krem z kwasami<\/span><\/a><\/p>\n","protected":false},"featured_media":596558,"comment_status":"open","ping_status":"closed","template":"","meta":{"_links_to":"","_links_to_target":""},"yoast_head":"<!-- This site is optimized with the Yoast SEO plugin v19.4 - https:\/\/yoast.com\/wordpress\/plugins\/seo\/ -->\n<title>SOME BY MI AHA.BHA.PHA 30 Days Miracle Cream 60 ml - Krem z kwasami - Selleetools.com<\/title>\n<meta name=\"robots\" content=\"index, follow, max-snippet:-1, max-image-preview:large, max-video-preview:-1\" \/>\n<link rel=\"canonical\" href=\"https:\/\/admincentral.selleetools.com\/pl\/product\/some-by-mi-aha-bha-pha-30-days-miracle-cream-60-ml-krem-z-kwasami\/\" \/>\n<meta property=\"og:locale\" content=\"pl_PL\" \/>\n<meta property=\"og:type\" content=\"article\" \/>\n<meta property=\"og:title\" content=\"SOME BY MI AHA.BHA.PHA 30 Days Miracle Cream 60 ml - Krem z kwasami - Selleetools.com\" \/>\n<meta property=\"og:description\" content=\"SOME BY MI AHA.BHA.PHA 30 Days Miracle Cream to intensywnie regeneruj\u0105cy krem, kt\u00f3ry przynosi spektakularne efekty ju\u017c w ci\u0105gu 30 dni. Dzi\u0119ki unikalnej kombinacji kwas\u00f3w AHA, BHA i PHA, ten krem dzia\u0142a kompleksowo, aby poprawi\u0107 wygl\u0105d i kondycj\u0119 sk\u00f3ry. Korzy\u015bci dla sk\u00f3ry: AHA (kwas glikolowy): Pomaga w z\u0142uszczaniu martwego nask\u00f3rka, ods\u0142aniaj\u0105c ja\u015bniejsz\u0105 i bardziej promienn\u0105 ... Read moreSOME BY MI AHA.BHA.PHA 30 Days Miracle Cream 60 ml &#8211; Krem z kwasami\" \/>\n<meta property=\"og:url\" content=\"https:\/\/admincentral.selleetools.com\/pl\/product\/some-by-mi-aha-bha-pha-30-days-miracle-cream-60-ml-krem-z-kwasami\/\" \/>\n<meta property=\"og:site_name\" content=\"Selleetools.com\" \/>\n<meta property=\"article:modified_time\" content=\"2026-02-25T18:06:51+00:00\" \/>\n<meta property=\"og:image\" content=\"https:\/\/selleetools.com\/wp-content\/uploads\/2025\/10\/65a445ca73f144c2501cbeef314fdadd.jpg\" \/>\n\t<meta property=\"og:image:width\" content=\"405\" \/>\n\t<meta property=\"og:image:height\" content=\"405\" \/>\n\t<meta property=\"og:image:type\" content=\"image\/jpeg\" \/>\n<meta name=\"twitter:card\" content=\"summary_large_image\" \/>\n<meta name=\"twitter:label1\" content=\"Est. reading time\" \/>\n\t<meta name=\"twitter:data1\" content=\"1 minuta\" \/>\n<!-- \/ Yoast SEO plugin. -->","yoast_head_json":{"title":"SOME BY MI AHA.BHA.PHA 30 Days Miracle Cream 60 ml - Krem z kwasami - Selleetools.com","robots":{"index":"index","follow":"follow","max-snippet":"max-snippet:-1","max-image-preview":"max-image-preview:large","max-video-preview":"max-video-preview:-1"},"canonical":"https:\/\/admincentral.selleetools.com\/pl\/product\/some-by-mi-aha-bha-pha-30-days-miracle-cream-60-ml-krem-z-kwasami\/","og_locale":"pl_PL","og_type":"article","og_title":"SOME BY MI AHA.BHA.PHA 30 Days Miracle Cream 60 ml - Krem z kwasami - Selleetools.com","og_description":"SOME BY MI AHA.BHA.PHA 30 Days Miracle Cream to intensywnie regeneruj\u0105cy krem, kt\u00f3ry przynosi spektakularne efekty ju\u017c w ci\u0105gu 30 dni. Dzi\u0119ki unikalnej kombinacji kwas\u00f3w AHA, BHA i PHA, ten krem dzia\u0142a kompleksowo, aby poprawi\u0107 wygl\u0105d i kondycj\u0119 sk\u00f3ry. Korzy\u015bci dla sk\u00f3ry: AHA (kwas glikolowy): Pomaga w z\u0142uszczaniu martwego nask\u00f3rka, ods\u0142aniaj\u0105c ja\u015bniejsz\u0105 i bardziej promienn\u0105 ... Read moreSOME BY MI AHA.BHA.PHA 30 Days Miracle Cream 60 ml &#8211; Krem z kwasami","og_url":"https:\/\/admincentral.selleetools.com\/pl\/product\/some-by-mi-aha-bha-pha-30-days-miracle-cream-60-ml-krem-z-kwasami\/","og_site_name":"Selleetools.com","article_modified_time":"2026-02-25T18:06:51+00:00","og_image":[{"width":405,"height":405,"url":"https:\/\/selleetools.com\/wp-content\/uploads\/2025\/10\/65a445ca73f144c2501cbeef314fdadd.jpg","type":"image\/jpeg"}],"twitter_card":"summary_large_image","twitter_misc":{"Est. reading time":"1 minuta"},"schema":{"@context":"https:\/\/schema.org","@graph":[{"@type":"Organization","@id":"https:\/\/selleetools.com\/#organization","name":"Selleetools","url":"https:\/\/selleetools.com\/","sameAs":[],"logo":{"@type":"ImageObject","inLanguage":"pl-PL","@id":"https:\/\/selleetools.com\/#\/schema\/logo\/image\/","url":"https:\/\/selleetools.com\/wp-content\/uploads\/2021\/10\/logo-dark.png","contentUrl":"https:\/\/selleetools.com\/wp-content\/uploads\/2021\/10\/logo-dark.png","width":320,"height":76,"caption":"Selleetools"},"image":{"@id":"https:\/\/selleetools.com\/#\/schema\/logo\/image\/"}},{"@type":"WebSite","@id":"https:\/\/selleetools.com\/#website","url":"https:\/\/selleetools.com\/","name":"Selleetools.com","description":"","publisher":{"@id":"https:\/\/selleetools.com\/#organization"},"potentialAction":[{"@type":"SearchAction","target":{"@type":"EntryPoint","urlTemplate":"https:\/\/selleetools.com\/?s={search_term_string}"},"query-input":"required name=search_term_string"}],"inLanguage":"pl-PL"},{"@type":"WebPage","@id":"https:\/\/admincentral.selleetools.com\/pl\/product\/some-by-mi-aha-bha-pha-30-days-miracle-cream-60-ml-krem-z-kwasami\/","url":"https:\/\/admincentral.selleetools.com\/pl\/product\/some-by-mi-aha-bha-pha-30-days-miracle-cream-60-ml-krem-z-kwasami\/","name":"SOME BY MI AHA.BHA.PHA 30 Days Miracle Cream 60 ml - Krem z kwasami - Selleetools.com","isPartOf":{"@id":"https:\/\/selleetools.com\/#website"},"datePublished":"2025-10-22T06:06:46+00:00","dateModified":"2026-02-25T18:06:51+00:00","breadcrumb":{"@id":"https:\/\/admincentral.selleetools.com\/pl\/product\/some-by-mi-aha-bha-pha-30-days-miracle-cream-60-ml-krem-z-kwasami\/#breadcrumb"},"inLanguage":"pl-PL","potentialAction":[{"@type":"ReadAction","target":["https:\/\/admincentral.selleetools.com\/pl\/product\/some-by-mi-aha-bha-pha-30-days-miracle-cream-60-ml-krem-z-kwasami\/"]}]},{"@type":"BreadcrumbList","@id":"https:\/\/admincentral.selleetools.com\/pl\/product\/some-by-mi-aha-bha-pha-30-days-miracle-cream-60-ml-krem-z-kwasami\/#breadcrumb","itemListElement":[{"@type":"ListItem","position":1,"name":"Home","item":"https:\/\/selleetools.com\/pl\/"},{"@type":"ListItem","position":2,"name":"Katalog","item":"https:\/\/selleetools.com\/pl\/katalog\/"},{"@type":"ListItem","position":3,"name":"SOME BY MI AHA.BHA.PHA 30 Days Miracle Cream 60 ml &#8211; Krem z kwasami"}]}]}},"_links":{"self":[{"href":"https:\/\/selleetools.com\/pl\/wp-json\/wp\/v2\/product\/596560"}],"collection":[{"href":"https:\/\/selleetools.com\/pl\/wp-json\/wp\/v2\/product"}],"about":[{"href":"https:\/\/selleetools.com\/pl\/wp-json\/wp\/v2\/types\/product"}],"replies":[{"embeddable":true,"href":"https:\/\/selleetools.com\/pl\/wp-json\/wp\/v2\/comments?post=596560"}],"wp:featuredmedia":[{"embeddable":true,"href":"https:\/\/selleetools.com\/pl\/wp-json\/wp\/v2\/media\/596558"}],"wp:attachment":[{"href":"https:\/\/selleetools.com\/pl\/wp-json\/wp\/v2\/media?parent=596560"}],"curies":[{"name":"wp","href":"https:\/\/api.w.org\/{rel}","templated":true}]}}