{"id":596534,"date":"2025-10-22T08:06:24","date_gmt":"2025-10-22T06:06:24","guid":{"rendered":"https:\/\/selleetools.com\/?post_type=product&#038;p=596534"},"modified":"2025-12-26T16:38:39","modified_gmt":"2025-12-26T15:38:39","slug":"pyunkang-yul-eye-cream-1-ml-x-50-szt-krem-pod-oczy","status":"publish","type":"product","link":"https:\/\/selleetools.com\/pl\/product\/pyunkang-yul-eye-cream-1-ml-x-50-szt-krem-pod-oczy\/","title":{"rendered":"Pyunkang Yul Eye Cream 1 ml x 50 szt &#8211; Krem pod Oczy"},"content":{"rendered":"<p>Krem pod oczy Pyunkang Yul to innowacyjny produkt korea\u0144skiej marki, znanej z minimalistycznych, ale skutecznych formu\u0142. Krem ten jest zapakowany w wygodne saszetki, co zapewnia higieniczne i \u0142atwe stosowanie oraz idealne porcjowanie produktu. Ka\u017cda saszetka zawiera 1 ml kremu, co sprawia, \u017ce zestaw 50 sztuk wystarcza na d\u0142u\u017cszy czas regularnego stosowania.<\/p>\n<p>Korzy\u015bci dla sk\u00f3ry:<br \/>\nKrem pod oczy Pyunkang Yul zosta\u0142 stworzony z my\u015bl\u0105 o delikatnej sk\u00f3rze wok\u00f3\u0142 oczu. Jego lekka, ale od\u017cywcza formu\u0142a nawil\u017ca, wyg\u0142adza oraz pomaga redukowa\u0107 widoczno\u015b\u0107 drobnych zmarszczek i cieni pod oczami. Zawiera sk\u0142adniki, kt\u00f3re \u0142agodz\u0105 podra\u017cnienia i wspieraj\u0105 naturaln\u0105 barier\u0119 ochronn\u0105 sk\u00f3ry. Regularne stosowanie kremu pomaga poprawi\u0107 elastyczno\u015b\u0107 i j\u0119drno\u015b\u0107 sk\u00f3ry, nadaj\u0105c jej \u015bwie\u017cy, m\u0142odzie\u0144czy wygl\u0105d.<\/p>\n<p>Spos\u00f3b u\u017cycia:<br \/>\nOczy\u015b\u0107 sk\u00f3r\u0119 wok\u00f3\u0142 oczu i delikatnie osusz.<br \/>\nOtw\u00f3rz saszetk\u0119 i na\u0142\u00f3\u017c niewielk\u0105 ilo\u015b\u0107 kremu na opuszki palc\u00f3w.<br \/>\nDelikatnie wklep krem w sk\u00f3r\u0119 wok\u00f3\u0142 oczu, zaczynaj\u0105c od wewn\u0119trznego k\u0105cika oka na zewn\u0105trz.<br \/>\nStosuj krem rano i wieczorem jako cz\u0119\u015b\u0107 codziennej rutyny piel\u0119gnacyjnej.<\/p>\n<p>Krem pod oczy Pyunkang Yul to idealne rozwi\u0105zanie dla os\u00f3b szukaj\u0105cych skutecznej piel\u0119gnacji delikatnej sk\u00f3ry wok\u00f3\u0142 oczu, dzi\u0119ki swojemu praktycznemu opakowaniu i bogatej formule.<\/p>\n","protected":false},"excerpt":{"rendered":"<p>Krem pod oczy Pyunkang Yul to innowacyjny produkt korea\u0144skiej marki, znanej z minimalistycznych, ale skutecznych formu\u0142. Krem ten jest zapakowany w wygodne saszetki, co zapewnia higieniczne i \u0142atwe stosowanie oraz idealne porcjowanie produktu. Ka\u017cda saszetka zawiera 1 ml kremu, co sprawia, \u017ce zestaw 50 sztuk wystarcza na d\u0142u\u017cszy czas regularnego stosowania. Korzy\u015bci dla sk\u00f3ry: Krem &#8230; <a title=\"Pyunkang Yul Eye Cream 1 ml x 50 szt &#8211; Krem pod Oczy\" class=\"read-more\" href=\"https:\/\/selleetools.com\/pl\/product\/pyunkang-yul-eye-cream-1-ml-x-50-szt-krem-pod-oczy\/\">Read more<span class=\"screen-reader-text\">Pyunkang Yul Eye Cream 1 ml x 50 szt &#8211; Krem pod Oczy<\/span><\/a><\/p>\n","protected":false},"featured_media":596524,"comment_status":"open","ping_status":"closed","template":"","meta":{"_links_to":"","_links_to_target":""},"yoast_head":"<!-- This site is optimized with the Yoast SEO plugin v19.4 - https:\/\/yoast.com\/wordpress\/plugins\/seo\/ -->\n<title>Pyunkang Yul Eye Cream 1 ml x 50 szt - Krem pod Oczy - Selleetools.com<\/title>\n<meta name=\"robots\" content=\"index, follow, max-snippet:-1, max-image-preview:large, max-video-preview:-1\" \/>\n<link rel=\"canonical\" href=\"https:\/\/selleetools.com\/pl\/product\/pyunkang-yul-eye-cream-1-ml-x-50-szt-krem-pod-oczy\/\" \/>\n<meta property=\"og:locale\" content=\"pl_PL\" \/>\n<meta property=\"og:type\" content=\"article\" \/>\n<meta property=\"og:title\" content=\"Pyunkang Yul Eye Cream 1 ml x 50 szt - Krem pod Oczy - Selleetools.com\" \/>\n<meta property=\"og:description\" content=\"Krem pod oczy Pyunkang Yul to innowacyjny produkt korea\u0144skiej marki, znanej z minimalistycznych, ale skutecznych formu\u0142. Krem ten jest zapakowany w wygodne saszetki, co zapewnia higieniczne i \u0142atwe stosowanie oraz idealne porcjowanie produktu. Ka\u017cda saszetka zawiera 1 ml kremu, co sprawia, \u017ce zestaw 50 sztuk wystarcza na d\u0142u\u017cszy czas regularnego stosowania. Korzy\u015bci dla sk\u00f3ry: Krem ... Read morePyunkang Yul Eye Cream 1 ml x 50 szt &#8211; Krem pod Oczy\" \/>\n<meta property=\"og:url\" content=\"https:\/\/selleetools.com\/pl\/product\/pyunkang-yul-eye-cream-1-ml-x-50-szt-krem-pod-oczy\/\" \/>\n<meta property=\"og:site_name\" content=\"Selleetools.com\" \/>\n<meta property=\"article:modified_time\" content=\"2025-12-26T15:38:39+00:00\" \/>\n<meta property=\"og:image\" content=\"https:\/\/selleetools.com\/wp-content\/uploads\/2025\/10\/b1d711cd4d192be1bd2855560e4d213b.jpg\" \/>\n\t<meta property=\"og:image:width\" content=\"1200\" \/>\n\t<meta property=\"og:image:height\" content=\"1200\" \/>\n\t<meta property=\"og:image:type\" content=\"image\/jpeg\" \/>\n<meta name=\"twitter:card\" content=\"summary_large_image\" \/>\n<meta name=\"twitter:label1\" content=\"Est. reading time\" \/>\n\t<meta name=\"twitter:data1\" content=\"1 minuta\" \/>\n<!-- \/ Yoast SEO plugin. -->","yoast_head_json":{"title":"Pyunkang Yul Eye Cream 1 ml x 50 szt - Krem pod Oczy - Selleetools.com","robots":{"index":"index","follow":"follow","max-snippet":"max-snippet:-1","max-image-preview":"max-image-preview:large","max-video-preview":"max-video-preview:-1"},"canonical":"https:\/\/selleetools.com\/pl\/product\/pyunkang-yul-eye-cream-1-ml-x-50-szt-krem-pod-oczy\/","og_locale":"pl_PL","og_type":"article","og_title":"Pyunkang Yul Eye Cream 1 ml x 50 szt - Krem pod Oczy - Selleetools.com","og_description":"Krem pod oczy Pyunkang Yul to innowacyjny produkt korea\u0144skiej marki, znanej z minimalistycznych, ale skutecznych formu\u0142. Krem ten jest zapakowany w wygodne saszetki, co zapewnia higieniczne i \u0142atwe stosowanie oraz idealne porcjowanie produktu. Ka\u017cda saszetka zawiera 1 ml kremu, co sprawia, \u017ce zestaw 50 sztuk wystarcza na d\u0142u\u017cszy czas regularnego stosowania. Korzy\u015bci dla sk\u00f3ry: Krem ... Read morePyunkang Yul Eye Cream 1 ml x 50 szt &#8211; Krem pod Oczy","og_url":"https:\/\/selleetools.com\/pl\/product\/pyunkang-yul-eye-cream-1-ml-x-50-szt-krem-pod-oczy\/","og_site_name":"Selleetools.com","article_modified_time":"2025-12-26T15:38:39+00:00","og_image":[{"width":1200,"height":1200,"url":"https:\/\/selleetools.com\/wp-content\/uploads\/2025\/10\/b1d711cd4d192be1bd2855560e4d213b.jpg","type":"image\/jpeg"}],"twitter_card":"summary_large_image","twitter_misc":{"Est. reading time":"1 minuta"},"schema":{"@context":"https:\/\/schema.org","@graph":[{"@type":"Organization","@id":"https:\/\/selleetools.com\/#organization","name":"Selleetools","url":"https:\/\/selleetools.com\/","sameAs":[],"logo":{"@type":"ImageObject","inLanguage":"pl-PL","@id":"https:\/\/selleetools.com\/#\/schema\/logo\/image\/","url":"https:\/\/selleetools.com\/wp-content\/uploads\/2021\/10\/logo-dark.png","contentUrl":"https:\/\/selleetools.com\/wp-content\/uploads\/2021\/10\/logo-dark.png","width":320,"height":76,"caption":"Selleetools"},"image":{"@id":"https:\/\/selleetools.com\/#\/schema\/logo\/image\/"}},{"@type":"WebSite","@id":"https:\/\/selleetools.com\/#website","url":"https:\/\/selleetools.com\/","name":"Selleetools.com","description":"","publisher":{"@id":"https:\/\/selleetools.com\/#organization"},"potentialAction":[{"@type":"SearchAction","target":{"@type":"EntryPoint","urlTemplate":"https:\/\/selleetools.com\/?s={search_term_string}"},"query-input":"required name=search_term_string"}],"inLanguage":"pl-PL"},{"@type":"WebPage","@id":"https:\/\/selleetools.com\/pl\/product\/pyunkang-yul-eye-cream-1-ml-x-50-szt-krem-pod-oczy\/","url":"https:\/\/selleetools.com\/pl\/product\/pyunkang-yul-eye-cream-1-ml-x-50-szt-krem-pod-oczy\/","name":"Pyunkang Yul Eye Cream 1 ml x 50 szt - Krem pod Oczy - Selleetools.com","isPartOf":{"@id":"https:\/\/selleetools.com\/#website"},"datePublished":"2025-10-22T06:06:24+00:00","dateModified":"2025-12-26T15:38:39+00:00","breadcrumb":{"@id":"https:\/\/selleetools.com\/pl\/product\/pyunkang-yul-eye-cream-1-ml-x-50-szt-krem-pod-oczy\/#breadcrumb"},"inLanguage":"pl-PL","potentialAction":[{"@type":"ReadAction","target":["https:\/\/selleetools.com\/pl\/product\/pyunkang-yul-eye-cream-1-ml-x-50-szt-krem-pod-oczy\/"]}]},{"@type":"BreadcrumbList","@id":"https:\/\/selleetools.com\/pl\/product\/pyunkang-yul-eye-cream-1-ml-x-50-szt-krem-pod-oczy\/#breadcrumb","itemListElement":[{"@type":"ListItem","position":1,"name":"Home","item":"https:\/\/selleetools.com\/pl\/"},{"@type":"ListItem","position":2,"name":"Katalog","item":"https:\/\/selleetools.com\/pl\/katalog\/"},{"@type":"ListItem","position":3,"name":"Pyunkang Yul Eye Cream 1 ml x 50 szt &#8211; Krem pod Oczy"}]}]}},"_links":{"self":[{"href":"https:\/\/selleetools.com\/pl\/wp-json\/wp\/v2\/product\/596534"}],"collection":[{"href":"https:\/\/selleetools.com\/pl\/wp-json\/wp\/v2\/product"}],"about":[{"href":"https:\/\/selleetools.com\/pl\/wp-json\/wp\/v2\/types\/product"}],"replies":[{"embeddable":true,"href":"https:\/\/selleetools.com\/pl\/wp-json\/wp\/v2\/comments?post=596534"}],"wp:featuredmedia":[{"embeddable":true,"href":"https:\/\/selleetools.com\/pl\/wp-json\/wp\/v2\/media\/596524"}],"wp:attachment":[{"href":"https:\/\/selleetools.com\/pl\/wp-json\/wp\/v2\/media?parent=596534"}],"curies":[{"name":"wp","href":"https:\/\/api.w.org\/{rel}","templated":true}]}}