{"id":596520,"date":"2025-10-22T08:06:16","date_gmt":"2025-10-22T06:06:16","guid":{"rendered":"https:\/\/selleetools.com\/?post_type=product&#038;p=596520"},"modified":"2026-03-03T11:09:45","modified_gmt":"2026-03-03T10:09:45","slug":"cosrx-two-in-one-poreless-power-liquid-100-ml-emulsja-do-cery-tradzikowej-i-problematycznej","status":"publish","type":"product","link":"https:\/\/selleetools.com\/pl\/product\/cosrx-two-in-one-poreless-power-liquid-100-ml-emulsja-do-cery-tradzikowej-i-problematycznej\/","title":{"rendered":"COSRX Two in One Poreless Power Liquid 100 ml &#8211; Emulsja do cery tr\u0105dzikowej i problematycznej"},"content":{"rendered":"<p>Lekki, od\u015bwie\u017caj\u0105cy tonik stworzony z my\u015bl\u0105 o piel\u0119gnacji sk\u00f3ry z rozszerzonymi porami i nadmiarem sebum. Zawiera 88% wody z kory wierzby bia\u0142ej oraz betaine salicylanu (0,1%), kt\u00f3re delikatnie z\u0142uszczaj\u0105 martwe kom\u00f3rki nask\u00f3rka, reguluj\u0105 wydzielanie sebum i oczyszczaj\u0105 pory. Dodatkowo kompleks sk\u0142adnik\u00f3w \u0142agodz\u0105cych (pantenol, alantoina) koi i nawil\u017ca, wspieraj\u0105c regeneracj\u0119 sk\u00f3ry.<br \/>\nDzi\u0119ki formule z dodatkiem mentolu i ekstraktu z mi\u0119ty, p\u0142yn daje przyjemne uczucie ch\u0142odzenia, kt\u00f3re zmniejsza widoczno\u015b\u0107 por\u00f3w i pozostawia sk\u00f3r\u0119 g\u0142adk\u0105, \u015bwie\u017c\u0105 i pe\u0142n\u0105 blasku. Regularne stosowanie pomaga wyr\u00f3wna\u0107 struktur\u0119 cery, ograniczy\u0107 b\u0142yszczenie i poprawi\u0107 jej og\u00f3ln\u0105 kondycj\u0119.<\/p>\n<p>Korzy\u015bci:<br \/>\nZmniejsza widoczno\u015b\u0107 por\u00f3w i wyg\u0142adza struktur\u0119 sk\u00f3ry<br \/>\nDelikatnie z\u0142uszcza i reguluje wydzielanie sebum<br \/>\nNawil\u017ca i \u0142agodzi podra\u017cnienia<br \/>\nDaje efekt ch\u0142odzenia i od\u015bwie\u017cenia<br \/>\nPrzywraca cerze promienny i zdrowy wygl\u0105d<\/p>\n<p>Spos\u00f3b u\u017cycia:<br \/>\nStosuj po oczyszczeniu sk\u00f3ry, na etapie toniku lub esencji. Na\u0142\u00f3\u017c 1\u20132 pompki produktu na d\u0142onie lub wacik i rozprowad\u017a r\u00f3wnomiernie po twarzy, omijaj\u0105c okolice oczu. Rano koniecznie u\u017cyj kremu z filtrem SPF 30+.<\/p>\n","protected":false},"excerpt":{"rendered":"<p>Lekki, od\u015bwie\u017caj\u0105cy tonik stworzony z my\u015bl\u0105 o piel\u0119gnacji sk\u00f3ry z rozszerzonymi porami i nadmiarem sebum. Zawiera 88% wody z kory wierzby bia\u0142ej oraz betaine salicylanu (0,1%), kt\u00f3re delikatnie z\u0142uszczaj\u0105 martwe kom\u00f3rki nask\u00f3rka, reguluj\u0105 wydzielanie sebum i oczyszczaj\u0105 pory. Dodatkowo kompleks sk\u0142adnik\u00f3w \u0142agodz\u0105cych (pantenol, alantoina) koi i nawil\u017ca, wspieraj\u0105c regeneracj\u0119 sk\u00f3ry. Dzi\u0119ki formule z dodatkiem mentolu &#8230; <a title=\"COSRX Two in One Poreless Power Liquid 100 ml &#8211; Emulsja do cery tr\u0105dzikowej i problematycznej\" class=\"read-more\" href=\"https:\/\/selleetools.com\/pl\/product\/cosrx-two-in-one-poreless-power-liquid-100-ml-emulsja-do-cery-tradzikowej-i-problematycznej\/\">Read more<span class=\"screen-reader-text\">COSRX Two in One Poreless Power Liquid 100 ml &#8211; Emulsja do cery tr\u0105dzikowej i problematycznej<\/span><\/a><\/p>\n","protected":false},"featured_media":596510,"comment_status":"open","ping_status":"closed","template":"","meta":{"_links_to":"","_links_to_target":""},"yoast_head":"<!-- This site is optimized with the Yoast SEO plugin v19.4 - https:\/\/yoast.com\/wordpress\/plugins\/seo\/ -->\n<title>COSRX Two in One Poreless Power Liquid 100 ml - Emulsja do cery tr\u0105dzikowej i problematycznej - Selleetools.com<\/title>\n<meta name=\"robots\" content=\"index, follow, max-snippet:-1, max-image-preview:large, max-video-preview:-1\" \/>\n<link rel=\"canonical\" href=\"https:\/\/selleetools.com\/pl\/product\/cosrx-two-in-one-poreless-power-liquid-100-ml-emulsja-do-cery-tradzikowej-i-problematycznej\/\" \/>\n<meta property=\"og:locale\" content=\"pl_PL\" \/>\n<meta property=\"og:type\" content=\"article\" \/>\n<meta property=\"og:title\" content=\"COSRX Two in One Poreless Power Liquid 100 ml - Emulsja do cery tr\u0105dzikowej i problematycznej - Selleetools.com\" \/>\n<meta property=\"og:description\" content=\"Lekki, od\u015bwie\u017caj\u0105cy tonik stworzony z my\u015bl\u0105 o piel\u0119gnacji sk\u00f3ry z rozszerzonymi porami i nadmiarem sebum. Zawiera 88% wody z kory wierzby bia\u0142ej oraz betaine salicylanu (0,1%), kt\u00f3re delikatnie z\u0142uszczaj\u0105 martwe kom\u00f3rki nask\u00f3rka, reguluj\u0105 wydzielanie sebum i oczyszczaj\u0105 pory. Dodatkowo kompleks sk\u0142adnik\u00f3w \u0142agodz\u0105cych (pantenol, alantoina) koi i nawil\u017ca, wspieraj\u0105c regeneracj\u0119 sk\u00f3ry. Dzi\u0119ki formule z dodatkiem mentolu ... Read moreCOSRX Two in One Poreless Power Liquid 100 ml &#8211; Emulsja do cery tr\u0105dzikowej i problematycznej\" \/>\n<meta property=\"og:url\" content=\"https:\/\/selleetools.com\/pl\/product\/cosrx-two-in-one-poreless-power-liquid-100-ml-emulsja-do-cery-tradzikowej-i-problematycznej\/\" \/>\n<meta property=\"og:site_name\" content=\"Selleetools.com\" \/>\n<meta property=\"article:modified_time\" content=\"2026-03-03T10:09:45+00:00\" \/>\n<meta property=\"og:image\" content=\"https:\/\/selleetools.com\/wp-content\/uploads\/2025\/10\/2a5e67e1858cec2e9a4ebf93507e50a2.jpg\" \/>\n\t<meta property=\"og:image:width\" content=\"1200\" \/>\n\t<meta property=\"og:image:height\" content=\"1200\" \/>\n\t<meta property=\"og:image:type\" content=\"image\/jpeg\" \/>\n<meta name=\"twitter:card\" content=\"summary_large_image\" \/>\n<meta name=\"twitter:label1\" content=\"Est. reading time\" \/>\n\t<meta name=\"twitter:data1\" content=\"1 minuta\" \/>\n<!-- \/ Yoast SEO plugin. -->","yoast_head_json":{"title":"COSRX Two in One Poreless Power Liquid 100 ml - Emulsja do cery tr\u0105dzikowej i problematycznej - Selleetools.com","robots":{"index":"index","follow":"follow","max-snippet":"max-snippet:-1","max-image-preview":"max-image-preview:large","max-video-preview":"max-video-preview:-1"},"canonical":"https:\/\/selleetools.com\/pl\/product\/cosrx-two-in-one-poreless-power-liquid-100-ml-emulsja-do-cery-tradzikowej-i-problematycznej\/","og_locale":"pl_PL","og_type":"article","og_title":"COSRX Two in One Poreless Power Liquid 100 ml - Emulsja do cery tr\u0105dzikowej i problematycznej - Selleetools.com","og_description":"Lekki, od\u015bwie\u017caj\u0105cy tonik stworzony z my\u015bl\u0105 o piel\u0119gnacji sk\u00f3ry z rozszerzonymi porami i nadmiarem sebum. Zawiera 88% wody z kory wierzby bia\u0142ej oraz betaine salicylanu (0,1%), kt\u00f3re delikatnie z\u0142uszczaj\u0105 martwe kom\u00f3rki nask\u00f3rka, reguluj\u0105 wydzielanie sebum i oczyszczaj\u0105 pory. Dodatkowo kompleks sk\u0142adnik\u00f3w \u0142agodz\u0105cych (pantenol, alantoina) koi i nawil\u017ca, wspieraj\u0105c regeneracj\u0119 sk\u00f3ry. Dzi\u0119ki formule z dodatkiem mentolu ... Read moreCOSRX Two in One Poreless Power Liquid 100 ml &#8211; Emulsja do cery tr\u0105dzikowej i problematycznej","og_url":"https:\/\/selleetools.com\/pl\/product\/cosrx-two-in-one-poreless-power-liquid-100-ml-emulsja-do-cery-tradzikowej-i-problematycznej\/","og_site_name":"Selleetools.com","article_modified_time":"2026-03-03T10:09:45+00:00","og_image":[{"width":1200,"height":1200,"url":"https:\/\/selleetools.com\/wp-content\/uploads\/2025\/10\/2a5e67e1858cec2e9a4ebf93507e50a2.jpg","type":"image\/jpeg"}],"twitter_card":"summary_large_image","twitter_misc":{"Est. reading time":"1 minuta"},"schema":{"@context":"https:\/\/schema.org","@graph":[{"@type":"Organization","@id":"https:\/\/selleetools.com\/#organization","name":"Selleetools","url":"https:\/\/selleetools.com\/","sameAs":[],"logo":{"@type":"ImageObject","inLanguage":"pl-PL","@id":"https:\/\/selleetools.com\/#\/schema\/logo\/image\/","url":"https:\/\/selleetools.com\/wp-content\/uploads\/2021\/10\/logo-dark.png","contentUrl":"https:\/\/selleetools.com\/wp-content\/uploads\/2021\/10\/logo-dark.png","width":320,"height":76,"caption":"Selleetools"},"image":{"@id":"https:\/\/selleetools.com\/#\/schema\/logo\/image\/"}},{"@type":"WebSite","@id":"https:\/\/selleetools.com\/#website","url":"https:\/\/selleetools.com\/","name":"Selleetools.com","description":"","publisher":{"@id":"https:\/\/selleetools.com\/#organization"},"potentialAction":[{"@type":"SearchAction","target":{"@type":"EntryPoint","urlTemplate":"https:\/\/selleetools.com\/?s={search_term_string}"},"query-input":"required name=search_term_string"}],"inLanguage":"pl-PL"},{"@type":"WebPage","@id":"https:\/\/selleetools.com\/pl\/product\/cosrx-two-in-one-poreless-power-liquid-100-ml-emulsja-do-cery-tradzikowej-i-problematycznej\/","url":"https:\/\/selleetools.com\/pl\/product\/cosrx-two-in-one-poreless-power-liquid-100-ml-emulsja-do-cery-tradzikowej-i-problematycznej\/","name":"COSRX Two in One Poreless Power Liquid 100 ml - Emulsja do cery tr\u0105dzikowej i problematycznej - Selleetools.com","isPartOf":{"@id":"https:\/\/selleetools.com\/#website"},"datePublished":"2025-10-22T06:06:16+00:00","dateModified":"2026-03-03T10:09:45+00:00","breadcrumb":{"@id":"https:\/\/selleetools.com\/pl\/product\/cosrx-two-in-one-poreless-power-liquid-100-ml-emulsja-do-cery-tradzikowej-i-problematycznej\/#breadcrumb"},"inLanguage":"pl-PL","potentialAction":[{"@type":"ReadAction","target":["https:\/\/selleetools.com\/pl\/product\/cosrx-two-in-one-poreless-power-liquid-100-ml-emulsja-do-cery-tradzikowej-i-problematycznej\/"]}]},{"@type":"BreadcrumbList","@id":"https:\/\/selleetools.com\/pl\/product\/cosrx-two-in-one-poreless-power-liquid-100-ml-emulsja-do-cery-tradzikowej-i-problematycznej\/#breadcrumb","itemListElement":[{"@type":"ListItem","position":1,"name":"Home","item":"https:\/\/selleetools.com\/pl\/"},{"@type":"ListItem","position":2,"name":"Katalog","item":"https:\/\/selleetools.com\/pl\/katalog\/"},{"@type":"ListItem","position":3,"name":"COSRX Two in One Poreless Power Liquid 100 ml &#8211; Emulsja do cery tr\u0105dzikowej i problematycznej"}]}]}},"_links":{"self":[{"href":"https:\/\/selleetools.com\/pl\/wp-json\/wp\/v2\/product\/596520"}],"collection":[{"href":"https:\/\/selleetools.com\/pl\/wp-json\/wp\/v2\/product"}],"about":[{"href":"https:\/\/selleetools.com\/pl\/wp-json\/wp\/v2\/types\/product"}],"replies":[{"embeddable":true,"href":"https:\/\/selleetools.com\/pl\/wp-json\/wp\/v2\/comments?post=596520"}],"wp:featuredmedia":[{"embeddable":true,"href":"https:\/\/selleetools.com\/pl\/wp-json\/wp\/v2\/media\/596510"}],"wp:attachment":[{"href":"https:\/\/selleetools.com\/pl\/wp-json\/wp\/v2\/media?parent=596520"}],"curies":[{"name":"wp","href":"https:\/\/api.w.org\/{rel}","templated":true}]}}