{"id":596506,"date":"2025-10-22T08:06:07","date_gmt":"2025-10-22T06:06:07","guid":{"rendered":"https:\/\/selleetools.com\/?post_type=product&#038;p=596506"},"modified":"2025-12-26T16:38:30","modified_gmt":"2025-12-26T15:38:30","slug":"pyunkang-yul-mist-toner-200-ml-tonik-w-mgielce","status":"publish","type":"product","link":"https:\/\/selleetools.com\/pl\/product\/pyunkang-yul-mist-toner-200-ml-tonik-w-mgielce\/","title":{"rendered":"Pyunkang Yul Mist Toner 200 ml &#8211; Tonik w mgie\u0142ce"},"content":{"rendered":"<p>Pyunkang Yul Mist Toner to lekki, nawil\u017caj\u0105cy tonik w formie mgie\u0142ki, stworzony przez renomowan\u0105 mark\u0119 Pyunkang Yul. Idealny dla ka\u017cdego typu sk\u00f3ry, w szczeg\u00f3lno\u015bci dla sk\u00f3ry wra\u017cliwej, suchej i odwodnionej. Formu\u0142a toniku opiera si\u0119 na wyci\u0105gu z korzenia Coptis Japonica, kt\u00f3ry jest bogaty w przeciwutleniacze i ma dzia\u0142anie koj\u0105ce.<\/p>\n<p>Korzy\u015bci dla sk\u00f3ry:<br \/>\nNawil\u017cenie: Dzi\u0119ki swojej lekkiej formule, tonik szybko si\u0119 wch\u0142ania, dostarczaj\u0105c intensywnego nawil\u017cenia.<br \/>\nKojenie: Ekstrakt z korzenia Coptis Japonica \u0142agodzi podra\u017cnienia i zmniejsza zaczerwienienia, sprawiaj\u0105c, \u017ce sk\u00f3ra staje si\u0119 bardziej spokojna i zr\u00f3wnowa\u017cona.<br \/>\nOd\u015bwie\u017cenie: Mgie\u0142ka tonizuj\u0105ca daje natychmiastowe uczucie od\u015bwie\u017cenia, idealne do stosowania w ci\u0105gu dnia, aby przywr\u00f3ci\u0107 sk\u00f3rze komfort.<br \/>\nPrzeciwutleniacze: Naturalne sk\u0142adniki toniku pomagaj\u0105 chroni\u0107 sk\u00f3r\u0119 przed szkodliwym dzia\u0142aniem wolnych rodnik\u00f3w.<\/p>\n<p>Spos\u00f3b u\u017cycia:<br \/>\nPo oczyszczeniu twarzy, trzymaj\u0105c butelk\u0119 w odleg\u0142o\u015bci oko\u0142o 20 cm od twarzy, zamknij oczy i r\u00f3wnomiernie spryskaj sk\u00f3r\u0119 mgie\u0142k\u0105.<br \/>\nDelikatnie wklep tonik opuszkami palc\u00f3w, aby przyspieszy\u0107 jego wch\u0142anianie.<br \/>\nMo\u017cna stosowa\u0107 zar\u00f3wno rano, jak i wieczorem, a tak\u017ce w ci\u0105gu dnia w celu od\u015bwie\u017cenia sk\u00f3ry.<\/p>\n<p>Tonik Pyunkang Yul Mist Toner to must-have w ka\u017cdej rutynie piel\u0119gnacyjnej, przynosz\u0105c natychmiastowe nawil\u017cenie i ukojenie dla sk\u00f3ry w ka\u017cdym momencie dnia.<\/p>\n","protected":false},"excerpt":{"rendered":"<p>Pyunkang Yul Mist Toner to lekki, nawil\u017caj\u0105cy tonik w formie mgie\u0142ki, stworzony przez renomowan\u0105 mark\u0119 Pyunkang Yul. Idealny dla ka\u017cdego typu sk\u00f3ry, w szczeg\u00f3lno\u015bci dla sk\u00f3ry wra\u017cliwej, suchej i odwodnionej. Formu\u0142a toniku opiera si\u0119 na wyci\u0105gu z korzenia Coptis Japonica, kt\u00f3ry jest bogaty w przeciwutleniacze i ma dzia\u0142anie koj\u0105ce. Korzy\u015bci dla sk\u00f3ry: Nawil\u017cenie: Dzi\u0119ki swojej &#8230; <a title=\"Pyunkang Yul Mist Toner 200 ml &#8211; Tonik w mgie\u0142ce\" class=\"read-more\" href=\"https:\/\/selleetools.com\/pl\/product\/pyunkang-yul-mist-toner-200-ml-tonik-w-mgielce\/\">Read more<span class=\"screen-reader-text\">Pyunkang Yul Mist Toner 200 ml &#8211; Tonik w mgie\u0142ce<\/span><\/a><\/p>\n","protected":false},"featured_media":596498,"comment_status":"open","ping_status":"closed","template":"","meta":{"_links_to":"","_links_to_target":""},"yoast_head":"<!-- This site is optimized with the Yoast SEO plugin v19.4 - https:\/\/yoast.com\/wordpress\/plugins\/seo\/ -->\n<title>Pyunkang Yul Mist Toner 200 ml - Tonik w mgie\u0142ce - Selleetools.com<\/title>\n<meta name=\"robots\" content=\"index, follow, max-snippet:-1, max-image-preview:large, max-video-preview:-1\" \/>\n<link rel=\"canonical\" href=\"https:\/\/selleetools.com\/pl\/product\/pyunkang-yul-mist-toner-200-ml-tonik-w-mgielce\/\" \/>\n<meta property=\"og:locale\" content=\"pl_PL\" \/>\n<meta property=\"og:type\" content=\"article\" \/>\n<meta property=\"og:title\" content=\"Pyunkang Yul Mist Toner 200 ml - Tonik w mgie\u0142ce - Selleetools.com\" \/>\n<meta property=\"og:description\" content=\"Pyunkang Yul Mist Toner to lekki, nawil\u017caj\u0105cy tonik w formie mgie\u0142ki, stworzony przez renomowan\u0105 mark\u0119 Pyunkang Yul. Idealny dla ka\u017cdego typu sk\u00f3ry, w szczeg\u00f3lno\u015bci dla sk\u00f3ry wra\u017cliwej, suchej i odwodnionej. Formu\u0142a toniku opiera si\u0119 na wyci\u0105gu z korzenia Coptis Japonica, kt\u00f3ry jest bogaty w przeciwutleniacze i ma dzia\u0142anie koj\u0105ce. Korzy\u015bci dla sk\u00f3ry: Nawil\u017cenie: Dzi\u0119ki swojej ... Read morePyunkang Yul Mist Toner 200 ml &#8211; Tonik w mgie\u0142ce\" \/>\n<meta property=\"og:url\" content=\"https:\/\/selleetools.com\/pl\/product\/pyunkang-yul-mist-toner-200-ml-tonik-w-mgielce\/\" \/>\n<meta property=\"og:site_name\" content=\"Selleetools.com\" \/>\n<meta property=\"article:modified_time\" content=\"2025-12-26T15:38:30+00:00\" \/>\n<meta property=\"og:image\" content=\"https:\/\/selleetools.com\/wp-content\/uploads\/2025\/10\/e72d348d4a592f86733dddd5d06ce5c2.jpg\" \/>\n\t<meta property=\"og:image:width\" content=\"800\" \/>\n\t<meta property=\"og:image:height\" content=\"800\" \/>\n\t<meta property=\"og:image:type\" content=\"image\/jpeg\" \/>\n<meta name=\"twitter:card\" content=\"summary_large_image\" \/>\n<meta name=\"twitter:label1\" content=\"Est. reading time\" \/>\n\t<meta name=\"twitter:data1\" content=\"1 minuta\" \/>\n<!-- \/ Yoast SEO plugin. -->","yoast_head_json":{"title":"Pyunkang Yul Mist Toner 200 ml - Tonik w mgie\u0142ce - Selleetools.com","robots":{"index":"index","follow":"follow","max-snippet":"max-snippet:-1","max-image-preview":"max-image-preview:large","max-video-preview":"max-video-preview:-1"},"canonical":"https:\/\/selleetools.com\/pl\/product\/pyunkang-yul-mist-toner-200-ml-tonik-w-mgielce\/","og_locale":"pl_PL","og_type":"article","og_title":"Pyunkang Yul Mist Toner 200 ml - Tonik w mgie\u0142ce - Selleetools.com","og_description":"Pyunkang Yul Mist Toner to lekki, nawil\u017caj\u0105cy tonik w formie mgie\u0142ki, stworzony przez renomowan\u0105 mark\u0119 Pyunkang Yul. Idealny dla ka\u017cdego typu sk\u00f3ry, w szczeg\u00f3lno\u015bci dla sk\u00f3ry wra\u017cliwej, suchej i odwodnionej. Formu\u0142a toniku opiera si\u0119 na wyci\u0105gu z korzenia Coptis Japonica, kt\u00f3ry jest bogaty w przeciwutleniacze i ma dzia\u0142anie koj\u0105ce. Korzy\u015bci dla sk\u00f3ry: Nawil\u017cenie: Dzi\u0119ki swojej ... Read morePyunkang Yul Mist Toner 200 ml &#8211; Tonik w mgie\u0142ce","og_url":"https:\/\/selleetools.com\/pl\/product\/pyunkang-yul-mist-toner-200-ml-tonik-w-mgielce\/","og_site_name":"Selleetools.com","article_modified_time":"2025-12-26T15:38:30+00:00","og_image":[{"width":800,"height":800,"url":"https:\/\/selleetools.com\/wp-content\/uploads\/2025\/10\/e72d348d4a592f86733dddd5d06ce5c2.jpg","type":"image\/jpeg"}],"twitter_card":"summary_large_image","twitter_misc":{"Est. reading time":"1 minuta"},"schema":{"@context":"https:\/\/schema.org","@graph":[{"@type":"Organization","@id":"https:\/\/selleetools.com\/#organization","name":"Selleetools","url":"https:\/\/selleetools.com\/","sameAs":[],"logo":{"@type":"ImageObject","inLanguage":"pl-PL","@id":"https:\/\/selleetools.com\/#\/schema\/logo\/image\/","url":"https:\/\/selleetools.com\/wp-content\/uploads\/2021\/10\/logo-dark.png","contentUrl":"https:\/\/selleetools.com\/wp-content\/uploads\/2021\/10\/logo-dark.png","width":320,"height":76,"caption":"Selleetools"},"image":{"@id":"https:\/\/selleetools.com\/#\/schema\/logo\/image\/"}},{"@type":"WebSite","@id":"https:\/\/selleetools.com\/#website","url":"https:\/\/selleetools.com\/","name":"Selleetools.com","description":"","publisher":{"@id":"https:\/\/selleetools.com\/#organization"},"potentialAction":[{"@type":"SearchAction","target":{"@type":"EntryPoint","urlTemplate":"https:\/\/selleetools.com\/?s={search_term_string}"},"query-input":"required name=search_term_string"}],"inLanguage":"pl-PL"},{"@type":"WebPage","@id":"https:\/\/selleetools.com\/pl\/product\/pyunkang-yul-mist-toner-200-ml-tonik-w-mgielce\/","url":"https:\/\/selleetools.com\/pl\/product\/pyunkang-yul-mist-toner-200-ml-tonik-w-mgielce\/","name":"Pyunkang Yul Mist Toner 200 ml - Tonik w mgie\u0142ce - Selleetools.com","isPartOf":{"@id":"https:\/\/selleetools.com\/#website"},"datePublished":"2025-10-22T06:06:07+00:00","dateModified":"2025-12-26T15:38:30+00:00","breadcrumb":{"@id":"https:\/\/selleetools.com\/pl\/product\/pyunkang-yul-mist-toner-200-ml-tonik-w-mgielce\/#breadcrumb"},"inLanguage":"pl-PL","potentialAction":[{"@type":"ReadAction","target":["https:\/\/selleetools.com\/pl\/product\/pyunkang-yul-mist-toner-200-ml-tonik-w-mgielce\/"]}]},{"@type":"BreadcrumbList","@id":"https:\/\/selleetools.com\/pl\/product\/pyunkang-yul-mist-toner-200-ml-tonik-w-mgielce\/#breadcrumb","itemListElement":[{"@type":"ListItem","position":1,"name":"Home","item":"https:\/\/selleetools.com\/pl\/"},{"@type":"ListItem","position":2,"name":"Katalog","item":"https:\/\/selleetools.com\/pl\/katalog\/"},{"@type":"ListItem","position":3,"name":"Pyunkang Yul Mist Toner 200 ml &#8211; Tonik w mgie\u0142ce"}]}]}},"_links":{"self":[{"href":"https:\/\/selleetools.com\/pl\/wp-json\/wp\/v2\/product\/596506"}],"collection":[{"href":"https:\/\/selleetools.com\/pl\/wp-json\/wp\/v2\/product"}],"about":[{"href":"https:\/\/selleetools.com\/pl\/wp-json\/wp\/v2\/types\/product"}],"replies":[{"embeddable":true,"href":"https:\/\/selleetools.com\/pl\/wp-json\/wp\/v2\/comments?post=596506"}],"wp:featuredmedia":[{"embeddable":true,"href":"https:\/\/selleetools.com\/pl\/wp-json\/wp\/v2\/media\/596498"}],"wp:attachment":[{"href":"https:\/\/selleetools.com\/pl\/wp-json\/wp\/v2\/media?parent=596506"}],"curies":[{"name":"wp","href":"https:\/\/api.w.org\/{rel}","templated":true}]}}