{"id":596480,"date":"2025-10-22T08:05:44","date_gmt":"2025-10-22T06:05:44","guid":{"rendered":"https:\/\/selleetools.com\/?post_type=product&#038;p=596480"},"modified":"2025-12-26T16:38:23","modified_gmt":"2025-12-26T15:38:23","slug":"heimish-hydrogel-eye-patch-bulgarian-rose-water-60-pcs-hydrozelowe-platki-pod-oczy-z-woda-rozana","status":"publish","type":"product","link":"https:\/\/selleetools.com\/pl\/product\/heimish-hydrogel-eye-patch-bulgarian-rose-water-60-pcs-hydrozelowe-platki-pod-oczy-z-woda-rozana\/","title":{"rendered":"Heimish Hydrogel Eye Patch Bulgarian Rose Water 60 pcs \u2013 Hydro\u017celowe p\u0142atki pod oczy z wod\u0105 r\u00f3\u017can\u0105"},"content":{"rendered":"<p>Hydro\u017celowe p\u0142atki pod oczy Heimish Hydrogel Eye Patch Bulgarian Rose Water to luksusowy produkt do piel\u0119gnacji sk\u00f3ry, kt\u00f3ry \u0142\u0105czy w sobie korzy\u015bci nawil\u017caj\u0105cej wody r\u00f3\u017canej z intensywnie od\u017cywiaj\u0105cym hydro\u017celem. P\u0142atki te s\u0105 nas\u0105czone esencj\u0105 zawieraj\u0105c\u0105 wod\u0119 r\u00f3\u017can\u0105 pochodz\u0105c\u0105 z bu\u0142garskich r\u00f3\u017c, kt\u00f3ra jest znana ze swoich w\u0142a\u015bciwo\u015bci koj\u0105cych, nawil\u017caj\u0105cych i rozja\u015bniaj\u0105cych.<\/p>\n<p>Korzy\u015bci dla sk\u00f3ry:<br \/>\nNawil\u017cenie: Woda r\u00f3\u017cana g\u0142\u0119boko nawil\u017ca delikatn\u0105 sk\u00f3r\u0119 pod oczami, zapobiegaj\u0105c wysuszeniu i utracie elastyczno\u015bci.<br \/>\nOd\u017cywienie: Hydro\u017cel dostarcza sk\u00f3rze cennych sk\u0142adnik\u00f3w od\u017cywczych, wspieraj\u0105c regeneracj\u0119 i poprawiaj\u0105c jej struktur\u0119.<br \/>\nRozja\u015bnienie: Regularne stosowanie p\u0142atk\u00f3w pomaga zredukowa\u0107 cienie pod oczami, nadaj\u0105c sk\u00f3rze zdrowszy i bardziej promienny wygl\u0105d.<br \/>\nUkojenie: Sk\u0142adniki \u0142agodz\u0105ce redukuj\u0105 obrz\u0119ki i dzia\u0142aj\u0105 przeciwzapalnie, zapewniaj\u0105c uczucie ulgi i od\u015bwie\u017cenia.<\/p>\n<p>Spos\u00f3b u\u017cycia:<br \/>\nOczy\u015b\u0107 dok\u0142adnie twarz i osusz j\u0105 delikatnie.<br \/>\nOtw\u00f3rz opakowanie i wyjmij jedn\u0105 par\u0119 p\u0142atk\u00f3w za pomoc\u0105 do\u0142\u0105czonej szpatu\u0142ki.<br \/>\nNa\u0142\u00f3\u017c p\u0142atki na sk\u00f3r\u0119 pod oczami, dopasowuj\u0105c je do kszta\u0142tu twarzy.<br \/>\nPozostaw p\u0142atki na 20-30 minut, aby sk\u0142adniki aktywne mog\u0142y si\u0119 wch\u0142on\u0105\u0107.<br \/>\nPo up\u0142ywie czasu delikatnie usu\u0144 p\u0142atki, a pozosta\u0142o\u015bci esencji wklep w sk\u00f3r\u0119, a\u017c do ca\u0142kowitego wch\u0142oni\u0119cia.<\/p>\n<p>P\u0142atki Heimish Hydrogel Eye Patch Bulgarian Rose Water to idealne rozwi\u0105zanie dla os\u00f3b pragn\u0105cych zapewni\u0107 swojej sk\u00f3rze pod oczami kompleksow\u0105 piel\u0119gnacj\u0119, kt\u00f3ra \u0142\u0105czy w sobie efektywno\u015b\u0107 i luksusowy komfort.<\/p>\n","protected":false},"excerpt":{"rendered":"<p>Hydro\u017celowe p\u0142atki pod oczy Heimish Hydrogel Eye Patch Bulgarian Rose Water to luksusowy produkt do piel\u0119gnacji sk\u00f3ry, kt\u00f3ry \u0142\u0105czy w sobie korzy\u015bci nawil\u017caj\u0105cej wody r\u00f3\u017canej z intensywnie od\u017cywiaj\u0105cym hydro\u017celem. P\u0142atki te s\u0105 nas\u0105czone esencj\u0105 zawieraj\u0105c\u0105 wod\u0119 r\u00f3\u017can\u0105 pochodz\u0105c\u0105 z bu\u0142garskich r\u00f3\u017c, kt\u00f3ra jest znana ze swoich w\u0142a\u015bciwo\u015bci koj\u0105cych, nawil\u017caj\u0105cych i rozja\u015bniaj\u0105cych. Korzy\u015bci dla sk\u00f3ry: Nawil\u017cenie: &#8230; <a title=\"Heimish Hydrogel Eye Patch Bulgarian Rose Water 60 pcs \u2013 Hydro\u017celowe p\u0142atki pod oczy z wod\u0105 r\u00f3\u017can\u0105\" class=\"read-more\" href=\"https:\/\/selleetools.com\/pl\/product\/heimish-hydrogel-eye-patch-bulgarian-rose-water-60-pcs-hydrozelowe-platki-pod-oczy-z-woda-rozana\/\">Read more<span class=\"screen-reader-text\">Heimish Hydrogel Eye Patch Bulgarian Rose Water 60 pcs \u2013 Hydro\u017celowe p\u0142atki pod oczy z wod\u0105 r\u00f3\u017can\u0105<\/span><\/a><\/p>\n","protected":false},"featured_media":596466,"comment_status":"open","ping_status":"closed","template":"","meta":{"_links_to":"","_links_to_target":""},"yoast_head":"<!-- This site is optimized with the Yoast SEO plugin v19.4 - https:\/\/yoast.com\/wordpress\/plugins\/seo\/ -->\n<title>Heimish Hydrogel Eye Patch Bulgarian Rose Water 60 pcs \u2013 Hydro\u017celowe p\u0142atki pod oczy z wod\u0105 r\u00f3\u017can\u0105 - Selleetools.com<\/title>\n<meta name=\"robots\" content=\"index, follow, max-snippet:-1, max-image-preview:large, max-video-preview:-1\" \/>\n<link rel=\"canonical\" href=\"https:\/\/selleetools.com\/product\/heimish-hydrogel-eye-patch-bulgarian-rose-water-60-pcs-hydrozelowe-platki-pod-oczy-z-woda-rozana\/\" \/>\n<meta property=\"og:locale\" content=\"pl_PL\" \/>\n<meta property=\"og:type\" content=\"article\" \/>\n<meta property=\"og:title\" content=\"Heimish Hydrogel Eye Patch Bulgarian Rose Water 60 pcs \u2013 Hydro\u017celowe p\u0142atki pod oczy z wod\u0105 r\u00f3\u017can\u0105 - Selleetools.com\" \/>\n<meta property=\"og:description\" content=\"Hydro\u017celowe p\u0142atki pod oczy Heimish Hydrogel Eye Patch Bulgarian Rose Water to luksusowy produkt do piel\u0119gnacji sk\u00f3ry, kt\u00f3ry \u0142\u0105czy w sobie korzy\u015bci nawil\u017caj\u0105cej wody r\u00f3\u017canej z intensywnie od\u017cywiaj\u0105cym hydro\u017celem. P\u0142atki te s\u0105 nas\u0105czone esencj\u0105 zawieraj\u0105c\u0105 wod\u0119 r\u00f3\u017can\u0105 pochodz\u0105c\u0105 z bu\u0142garskich r\u00f3\u017c, kt\u00f3ra jest znana ze swoich w\u0142a\u015bciwo\u015bci koj\u0105cych, nawil\u017caj\u0105cych i rozja\u015bniaj\u0105cych. Korzy\u015bci dla sk\u00f3ry: Nawil\u017cenie: ... Read moreHeimish Hydrogel Eye Patch Bulgarian Rose Water 60 pcs \u2013 Hydro\u017celowe p\u0142atki pod oczy z wod\u0105 r\u00f3\u017can\u0105\" \/>\n<meta property=\"og:url\" content=\"https:\/\/selleetools.com\/product\/heimish-hydrogel-eye-patch-bulgarian-rose-water-60-pcs-hydrozelowe-platki-pod-oczy-z-woda-rozana\/\" \/>\n<meta property=\"og:site_name\" content=\"Selleetools.com\" \/>\n<meta property=\"article:modified_time\" content=\"2025-12-26T15:38:23+00:00\" \/>\n<meta property=\"og:image\" content=\"https:\/\/selleetools.com\/wp-content\/uploads\/2025\/10\/c906ec744299f2f51984c918f09122de.jpg\" \/>\n\t<meta property=\"og:image:width\" content=\"405\" \/>\n\t<meta property=\"og:image:height\" content=\"405\" \/>\n\t<meta property=\"og:image:type\" content=\"image\/jpeg\" \/>\n<meta name=\"twitter:card\" content=\"summary_large_image\" \/>\n<meta name=\"twitter:label1\" content=\"Est. reading time\" \/>\n\t<meta name=\"twitter:data1\" content=\"1 minuta\" \/>\n<!-- \/ Yoast SEO plugin. -->","yoast_head_json":{"title":"Heimish Hydrogel Eye Patch Bulgarian Rose Water 60 pcs \u2013 Hydro\u017celowe p\u0142atki pod oczy z wod\u0105 r\u00f3\u017can\u0105 - Selleetools.com","robots":{"index":"index","follow":"follow","max-snippet":"max-snippet:-1","max-image-preview":"max-image-preview:large","max-video-preview":"max-video-preview:-1"},"canonical":"https:\/\/selleetools.com\/product\/heimish-hydrogel-eye-patch-bulgarian-rose-water-60-pcs-hydrozelowe-platki-pod-oczy-z-woda-rozana\/","og_locale":"pl_PL","og_type":"article","og_title":"Heimish Hydrogel Eye Patch Bulgarian Rose Water 60 pcs \u2013 Hydro\u017celowe p\u0142atki pod oczy z wod\u0105 r\u00f3\u017can\u0105 - Selleetools.com","og_description":"Hydro\u017celowe p\u0142atki pod oczy Heimish Hydrogel Eye Patch Bulgarian Rose Water to luksusowy produkt do piel\u0119gnacji sk\u00f3ry, kt\u00f3ry \u0142\u0105czy w sobie korzy\u015bci nawil\u017caj\u0105cej wody r\u00f3\u017canej z intensywnie od\u017cywiaj\u0105cym hydro\u017celem. P\u0142atki te s\u0105 nas\u0105czone esencj\u0105 zawieraj\u0105c\u0105 wod\u0119 r\u00f3\u017can\u0105 pochodz\u0105c\u0105 z bu\u0142garskich r\u00f3\u017c, kt\u00f3ra jest znana ze swoich w\u0142a\u015bciwo\u015bci koj\u0105cych, nawil\u017caj\u0105cych i rozja\u015bniaj\u0105cych. Korzy\u015bci dla sk\u00f3ry: Nawil\u017cenie: ... Read moreHeimish Hydrogel Eye Patch Bulgarian Rose Water 60 pcs \u2013 Hydro\u017celowe p\u0142atki pod oczy z wod\u0105 r\u00f3\u017can\u0105","og_url":"https:\/\/selleetools.com\/product\/heimish-hydrogel-eye-patch-bulgarian-rose-water-60-pcs-hydrozelowe-platki-pod-oczy-z-woda-rozana\/","og_site_name":"Selleetools.com","article_modified_time":"2025-12-26T15:38:23+00:00","og_image":[{"width":405,"height":405,"url":"https:\/\/selleetools.com\/wp-content\/uploads\/2025\/10\/c906ec744299f2f51984c918f09122de.jpg","type":"image\/jpeg"}],"twitter_card":"summary_large_image","twitter_misc":{"Est. reading time":"1 minuta"},"schema":{"@context":"https:\/\/schema.org","@graph":[{"@type":"Organization","@id":"https:\/\/selleetools.com\/#organization","name":"Selleetools","url":"https:\/\/selleetools.com\/","sameAs":[],"logo":{"@type":"ImageObject","inLanguage":"pl-PL","@id":"https:\/\/selleetools.com\/#\/schema\/logo\/image\/","url":"https:\/\/selleetools.com\/wp-content\/uploads\/2021\/10\/logo-dark.png","contentUrl":"https:\/\/selleetools.com\/wp-content\/uploads\/2021\/10\/logo-dark.png","width":320,"height":76,"caption":"Selleetools"},"image":{"@id":"https:\/\/selleetools.com\/#\/schema\/logo\/image\/"}},{"@type":"WebSite","@id":"https:\/\/selleetools.com\/#website","url":"https:\/\/selleetools.com\/","name":"Selleetools.com","description":"","publisher":{"@id":"https:\/\/selleetools.com\/#organization"},"potentialAction":[{"@type":"SearchAction","target":{"@type":"EntryPoint","urlTemplate":"https:\/\/selleetools.com\/?s={search_term_string}"},"query-input":"required name=search_term_string"}],"inLanguage":"pl-PL"},{"@type":"WebPage","@id":"https:\/\/selleetools.com\/product\/heimish-hydrogel-eye-patch-bulgarian-rose-water-60-pcs-hydrozelowe-platki-pod-oczy-z-woda-rozana\/","url":"https:\/\/selleetools.com\/product\/heimish-hydrogel-eye-patch-bulgarian-rose-water-60-pcs-hydrozelowe-platki-pod-oczy-z-woda-rozana\/","name":"Heimish Hydrogel Eye Patch Bulgarian Rose Water 60 pcs \u2013 Hydro\u017celowe p\u0142atki pod oczy z wod\u0105 r\u00f3\u017can\u0105 - Selleetools.com","isPartOf":{"@id":"https:\/\/selleetools.com\/#website"},"datePublished":"2025-10-22T06:05:44+00:00","dateModified":"2025-12-26T15:38:23+00:00","breadcrumb":{"@id":"https:\/\/selleetools.com\/product\/heimish-hydrogel-eye-patch-bulgarian-rose-water-60-pcs-hydrozelowe-platki-pod-oczy-z-woda-rozana\/#breadcrumb"},"inLanguage":"pl-PL","potentialAction":[{"@type":"ReadAction","target":["https:\/\/selleetools.com\/product\/heimish-hydrogel-eye-patch-bulgarian-rose-water-60-pcs-hydrozelowe-platki-pod-oczy-z-woda-rozana\/"]}]},{"@type":"BreadcrumbList","@id":"https:\/\/selleetools.com\/product\/heimish-hydrogel-eye-patch-bulgarian-rose-water-60-pcs-hydrozelowe-platki-pod-oczy-z-woda-rozana\/#breadcrumb","itemListElement":[{"@type":"ListItem","position":1,"name":"Home","item":"https:\/\/selleetools.com\/pl\/"},{"@type":"ListItem","position":2,"name":"Katalog","item":"https:\/\/selleetools.com\/pl\/katalog\/"},{"@type":"ListItem","position":3,"name":"Heimish Hydrogel Eye Patch Bulgarian Rose Water 60 pcs \u2013 Hydro\u017celowe p\u0142atki pod oczy z wod\u0105 r\u00f3\u017can\u0105"}]}]}},"_links":{"self":[{"href":"https:\/\/selleetools.com\/pl\/wp-json\/wp\/v2\/product\/596480"}],"collection":[{"href":"https:\/\/selleetools.com\/pl\/wp-json\/wp\/v2\/product"}],"about":[{"href":"https:\/\/selleetools.com\/pl\/wp-json\/wp\/v2\/types\/product"}],"replies":[{"embeddable":true,"href":"https:\/\/selleetools.com\/pl\/wp-json\/wp\/v2\/comments?post=596480"}],"wp:featuredmedia":[{"embeddable":true,"href":"https:\/\/selleetools.com\/pl\/wp-json\/wp\/v2\/media\/596466"}],"wp:attachment":[{"href":"https:\/\/selleetools.com\/pl\/wp-json\/wp\/v2\/media?parent=596480"}],"curies":[{"name":"wp","href":"https:\/\/api.w.org\/{rel}","templated":true}]}}