{"id":596450,"date":"2025-10-22T08:05:22","date_gmt":"2025-10-22T06:05:22","guid":{"rendered":"https:\/\/selleetools.com\/?post_type=product&#038;p=596450"},"modified":"2025-10-22T14:11:26","modified_gmt":"2025-10-22T12:11:26","slug":"pyunkang-yul-nutrition-cream-100-ml-krem-odzywczy","status":"publish","type":"product","link":"https:\/\/selleetools.com\/pl\/product\/pyunkang-yul-nutrition-cream-100-ml-krem-odzywczy\/","title":{"rendered":"Pyunkang Yul Nutrition Cream 100 ml &#8211; Krem od\u017cywczy"},"content":{"rendered":"<p>Pyunkang Yul Nutrition Cream to intensywnie od\u017cywczy krem do twarzy, stworzony przez renomowan\u0105 mark\u0119 Pyunkang Yul, znan\u0105 z wykorzystywania naturalnych sk\u0142adnik\u00f3w oraz minimalizmu w swoich formu\u0142ach. Krem ten jest idealnym rozwi\u0105zaniem dla os\u00f3b z such\u0105 i odwodnion\u0105 sk\u00f3r\u0105, potrzebuj\u0105c\u0105 g\u0142\u0119bokiego nawil\u017cenia i regeneracji.<\/p>\n<p>Korzy\u015bci dla sk\u00f3ry:<br \/>\nIntensywne nawil\u017cenie: Dzi\u0119ki bogatej formule krem zapewnia d\u0142ugotrwa\u0142e nawil\u017cenie, zapobiegaj\u0105c utracie wody z nask\u00f3rka.<br \/>\nOd\u017cywienie: Zawiera sk\u0142adniki od\u017cywcze, kt\u00f3re wspomagaj\u0105 regeneracj\u0119 sk\u00f3ry, przywracaj\u0105c jej zdrowy i promienny wygl\u0105d.<br \/>\nWzmacnia barier\u0119 ochronn\u0105: Sk\u0142adniki aktywne wzmacniaj\u0105 naturaln\u0105 barier\u0119 ochronn\u0105 sk\u00f3ry, chroni\u0105c j\u0105 przed szkodliwymi czynnikami zewn\u0119trznymi.<br \/>\nPoprawa elastyczno\u015bci: Regularne stosowanie kremu przyczynia si\u0119 do poprawy elastyczno\u015bci sk\u00f3ry, zmniejszaj\u0105c widoczno\u015b\u0107 drobnych linii i zmarszczek.<\/p>\n<p>Spos\u00f3b u\u017cycia:<br \/>\nPo oczyszczeniu i tonizacji sk\u00f3ry, na\u0142\u00f3\u017c odpowiedni\u0105 ilo\u015b\u0107 kremu na twarz.<br \/>\nDelikatnie wmasuj krem w sk\u00f3r\u0119, aby wspom\u00f3c jego wch\u0142anianie.<br \/>\nStosuj codziennie, rano i wieczorem, dla uzyskania najlepszych rezultat\u00f3w.<\/p>\n<p>Pyunkang Yul Nutrition Cream to doskona\u0142y wyb\u00f3r dla os\u00f3b pragn\u0105cych intensywnej piel\u0119gnacji, kt\u00f3ra przywr\u00f3ci sk\u00f3rze zdrowy blask i m\u0142odzie\u0144czy wygl\u0105d.<\/p>\n","protected":false},"excerpt":{"rendered":"<p>Pyunkang Yul Nutrition Cream to intensywnie od\u017cywczy krem do twarzy, stworzony przez renomowan\u0105 mark\u0119 Pyunkang Yul, znan\u0105 z wykorzystywania naturalnych sk\u0142adnik\u00f3w oraz minimalizmu w swoich formu\u0142ach. Krem ten jest idealnym rozwi\u0105zaniem dla os\u00f3b z such\u0105 i odwodnion\u0105 sk\u00f3r\u0105, potrzebuj\u0105c\u0105 g\u0142\u0119bokiego nawil\u017cenia i regeneracji. Korzy\u015bci dla sk\u00f3ry: Intensywne nawil\u017cenie: Dzi\u0119ki bogatej formule krem zapewnia d\u0142ugotrwa\u0142e nawil\u017cenie, &#8230; <a title=\"Pyunkang Yul Nutrition Cream 100 ml &#8211; Krem od\u017cywczy\" class=\"read-more\" href=\"https:\/\/selleetools.com\/pl\/product\/pyunkang-yul-nutrition-cream-100-ml-krem-odzywczy\/\">Read more<span class=\"screen-reader-text\">Pyunkang Yul Nutrition Cream 100 ml &#8211; Krem od\u017cywczy<\/span><\/a><\/p>\n","protected":false},"featured_media":596448,"comment_status":"open","ping_status":"closed","template":"","meta":{"_links_to":"","_links_to_target":""},"yoast_head":"<!-- This site is optimized with the Yoast SEO plugin v19.4 - https:\/\/yoast.com\/wordpress\/plugins\/seo\/ -->\n<title>Pyunkang Yul Nutrition Cream 100 ml - Krem od\u017cywczy - Selleetools.com<\/title>\n<meta name=\"robots\" content=\"index, follow, max-snippet:-1, max-image-preview:large, max-video-preview:-1\" \/>\n<link rel=\"canonical\" href=\"https:\/\/selleetools.com\/product\/pyunkang-yul-nutrition-cream-100-ml-krem-odzywczy\/\" \/>\n<meta property=\"og:locale\" content=\"pl_PL\" \/>\n<meta property=\"og:type\" content=\"article\" \/>\n<meta property=\"og:title\" content=\"Pyunkang Yul Nutrition Cream 100 ml - Krem od\u017cywczy - Selleetools.com\" \/>\n<meta property=\"og:description\" content=\"Pyunkang Yul Nutrition Cream to intensywnie od\u017cywczy krem do twarzy, stworzony przez renomowan\u0105 mark\u0119 Pyunkang Yul, znan\u0105 z wykorzystywania naturalnych sk\u0142adnik\u00f3w oraz minimalizmu w swoich formu\u0142ach. Krem ten jest idealnym rozwi\u0105zaniem dla os\u00f3b z such\u0105 i odwodnion\u0105 sk\u00f3r\u0105, potrzebuj\u0105c\u0105 g\u0142\u0119bokiego nawil\u017cenia i regeneracji. Korzy\u015bci dla sk\u00f3ry: Intensywne nawil\u017cenie: Dzi\u0119ki bogatej formule krem zapewnia d\u0142ugotrwa\u0142e nawil\u017cenie, ... Read morePyunkang Yul Nutrition Cream 100 ml &#8211; Krem od\u017cywczy\" \/>\n<meta property=\"og:url\" content=\"https:\/\/selleetools.com\/product\/pyunkang-yul-nutrition-cream-100-ml-krem-odzywczy\/\" \/>\n<meta property=\"og:site_name\" content=\"Selleetools.com\" \/>\n<meta property=\"article:modified_time\" content=\"2025-10-22T12:11:26+00:00\" \/>\n<meta property=\"og:image\" content=\"https:\/\/selleetools.com\/wp-content\/uploads\/2025\/10\/c6716d0df650556fb70243d22b5aeee2.jpg\" \/>\n\t<meta property=\"og:image:width\" content=\"800\" \/>\n\t<meta property=\"og:image:height\" content=\"800\" \/>\n\t<meta property=\"og:image:type\" content=\"image\/jpeg\" \/>\n<meta name=\"twitter:card\" content=\"summary_large_image\" \/>\n<meta name=\"twitter:label1\" content=\"Est. reading time\" \/>\n\t<meta name=\"twitter:data1\" content=\"1 minuta\" \/>\n<!-- \/ Yoast SEO plugin. -->","yoast_head_json":{"title":"Pyunkang Yul Nutrition Cream 100 ml - Krem od\u017cywczy - Selleetools.com","robots":{"index":"index","follow":"follow","max-snippet":"max-snippet:-1","max-image-preview":"max-image-preview:large","max-video-preview":"max-video-preview:-1"},"canonical":"https:\/\/selleetools.com\/product\/pyunkang-yul-nutrition-cream-100-ml-krem-odzywczy\/","og_locale":"pl_PL","og_type":"article","og_title":"Pyunkang Yul Nutrition Cream 100 ml - Krem od\u017cywczy - Selleetools.com","og_description":"Pyunkang Yul Nutrition Cream to intensywnie od\u017cywczy krem do twarzy, stworzony przez renomowan\u0105 mark\u0119 Pyunkang Yul, znan\u0105 z wykorzystywania naturalnych sk\u0142adnik\u00f3w oraz minimalizmu w swoich formu\u0142ach. Krem ten jest idealnym rozwi\u0105zaniem dla os\u00f3b z such\u0105 i odwodnion\u0105 sk\u00f3r\u0105, potrzebuj\u0105c\u0105 g\u0142\u0119bokiego nawil\u017cenia i regeneracji. Korzy\u015bci dla sk\u00f3ry: Intensywne nawil\u017cenie: Dzi\u0119ki bogatej formule krem zapewnia d\u0142ugotrwa\u0142e nawil\u017cenie, ... Read morePyunkang Yul Nutrition Cream 100 ml &#8211; Krem od\u017cywczy","og_url":"https:\/\/selleetools.com\/product\/pyunkang-yul-nutrition-cream-100-ml-krem-odzywczy\/","og_site_name":"Selleetools.com","article_modified_time":"2025-10-22T12:11:26+00:00","og_image":[{"width":800,"height":800,"url":"https:\/\/selleetools.com\/wp-content\/uploads\/2025\/10\/c6716d0df650556fb70243d22b5aeee2.jpg","type":"image\/jpeg"}],"twitter_card":"summary_large_image","twitter_misc":{"Est. reading time":"1 minuta"},"schema":{"@context":"https:\/\/schema.org","@graph":[{"@type":"Organization","@id":"https:\/\/selleetools.com\/#organization","name":"Selleetools","url":"https:\/\/selleetools.com\/","sameAs":[],"logo":{"@type":"ImageObject","inLanguage":"pl-PL","@id":"https:\/\/selleetools.com\/#\/schema\/logo\/image\/","url":"https:\/\/selleetools.com\/wp-content\/uploads\/2021\/10\/logo-dark.png","contentUrl":"https:\/\/selleetools.com\/wp-content\/uploads\/2021\/10\/logo-dark.png","width":320,"height":76,"caption":"Selleetools"},"image":{"@id":"https:\/\/selleetools.com\/#\/schema\/logo\/image\/"}},{"@type":"WebSite","@id":"https:\/\/selleetools.com\/#website","url":"https:\/\/selleetools.com\/","name":"Selleetools.com","description":"","publisher":{"@id":"https:\/\/selleetools.com\/#organization"},"potentialAction":[{"@type":"SearchAction","target":{"@type":"EntryPoint","urlTemplate":"https:\/\/selleetools.com\/?s={search_term_string}"},"query-input":"required name=search_term_string"}],"inLanguage":"pl-PL"},{"@type":"WebPage","@id":"https:\/\/selleetools.com\/product\/pyunkang-yul-nutrition-cream-100-ml-krem-odzywczy\/","url":"https:\/\/selleetools.com\/product\/pyunkang-yul-nutrition-cream-100-ml-krem-odzywczy\/","name":"Pyunkang Yul Nutrition Cream 100 ml - Krem od\u017cywczy - Selleetools.com","isPartOf":{"@id":"https:\/\/selleetools.com\/#website"},"datePublished":"2025-10-22T06:05:22+00:00","dateModified":"2025-10-22T12:11:26+00:00","breadcrumb":{"@id":"https:\/\/selleetools.com\/product\/pyunkang-yul-nutrition-cream-100-ml-krem-odzywczy\/#breadcrumb"},"inLanguage":"pl-PL","potentialAction":[{"@type":"ReadAction","target":["https:\/\/selleetools.com\/product\/pyunkang-yul-nutrition-cream-100-ml-krem-odzywczy\/"]}]},{"@type":"BreadcrumbList","@id":"https:\/\/selleetools.com\/product\/pyunkang-yul-nutrition-cream-100-ml-krem-odzywczy\/#breadcrumb","itemListElement":[{"@type":"ListItem","position":1,"name":"Home","item":"https:\/\/selleetools.com\/pl\/"},{"@type":"ListItem","position":2,"name":"Katalog","item":"https:\/\/selleetools.com\/pl\/katalog\/"},{"@type":"ListItem","position":3,"name":"Pyunkang Yul Nutrition Cream 100 ml &#8211; Krem od\u017cywczy"}]}]}},"_links":{"self":[{"href":"https:\/\/selleetools.com\/pl\/wp-json\/wp\/v2\/product\/596450"}],"collection":[{"href":"https:\/\/selleetools.com\/pl\/wp-json\/wp\/v2\/product"}],"about":[{"href":"https:\/\/selleetools.com\/pl\/wp-json\/wp\/v2\/types\/product"}],"replies":[{"embeddable":true,"href":"https:\/\/selleetools.com\/pl\/wp-json\/wp\/v2\/comments?post=596450"}],"wp:featuredmedia":[{"embeddable":true,"href":"https:\/\/selleetools.com\/pl\/wp-json\/wp\/v2\/media\/596448"}],"wp:attachment":[{"href":"https:\/\/selleetools.com\/pl\/wp-json\/wp\/v2\/media?parent=596450"}],"curies":[{"name":"wp","href":"https:\/\/api.w.org\/{rel}","templated":true}]}}