{"id":596413,"date":"2025-10-22T08:04:50","date_gmt":"2025-10-22T06:04:50","guid":{"rendered":"https:\/\/selleetools.com\/?post_type=product&#038;p=596413"},"modified":"2025-12-26T16:36:46","modified_gmt":"2025-12-26T15:36:46","slug":"pyunkang-yul-oil-26-ml-wielofunkcyjny-olejek-do-twarzy","status":"publish","type":"product","link":"https:\/\/selleetools.com\/pl\/product\/pyunkang-yul-oil-26-ml-wielofunkcyjny-olejek-do-twarzy\/","title":{"rendered":"Pyunkang Yul Oil 26 ml &#8211; wielofunkcyjny olejek do twarzy"},"content":{"rendered":"<p>Pyunkang Yul Oil to luksusowy olejek piel\u0119gnacyjny opracowany przez renomowan\u0105 mark\u0119 Pyunkang Yul, znan\u0105 z minimalistycznych, ale skutecznych formu\u0142. Produkt ten zawiera starannie dobrane naturalne sk\u0142adniki aktywne, kt\u00f3re harmonijnie wsp\u00f3\u0142pracuj\u0105, aby zapewni\u0107 sk\u00f3rze g\u0142\u0119bokie nawil\u017cenie, regeneracj\u0119 i ochron\u0119. Olejek ma lekk\u0105, jedwabist\u0105 konsystencj\u0119, kt\u00f3ra szybko si\u0119 wch\u0142ania, nie pozostawiaj\u0105c t\u0142ustego filmu na sk\u00f3rze.<\/p>\n<p>Korzy\u015bci dla sk\u00f3ry:<br \/>\nIntensywne nawil\u017cenie: G\u0142\u0119boko nawil\u017ca sk\u00f3r\u0119, pomagaj\u0105c w utrzymaniu optymalnego poziomu nawodnienia przez ca\u0142y dzie\u0144.<br \/>\nPoprawa elastyczno\u015bci: Wzmacnia struktur\u0119 sk\u00f3ry, czyni\u0105c j\u0105 bardziej j\u0119drn\u0105 i elastyczn\u0105.<br \/>\nOchrona przed wolnymi rodnikami: Dzia\u0142a antyoksydacyjnie, chroni\u0105c sk\u00f3r\u0119 przed szkodliwym dzia\u0142aniem wolnych rodnik\u00f3w.<br \/>\n\u0141agodzenie podra\u017cnie\u0144: Posiada w\u0142a\u015bciwo\u015bci koj\u0105ce, kt\u00f3re pomagaj\u0105 zredukowa\u0107 zaczerwienienia i stany zapalne.<br \/>\nRegeneracja i od\u017cywienie: Wspiera procesy regeneracyjne sk\u00f3ry, przywracaj\u0105c jej zdrowy wygl\u0105d i blask.<br \/>\nWyr\u00f3wnanie kolorytu: Pomaga w redukcji przebarwie\u0144, poprawiaj\u0105c og\u00f3lny koloryt sk\u00f3ry.<\/p>\n<p>Spos\u00f3b u\u017cycia:<br \/>\nNa twarz: Na oczyszczon\u0105 sk\u00f3r\u0119 twarzy, na\u0142\u00f3\u017c 2-3 krople olejku, delikatnie wmasowuj\u0105c go opuszkami palc\u00f3w. Mo\u017cna stosowa\u0107 zar\u00f3wno rano, jak i wieczorem, przed na\u0142o\u017ceniem kremu.<br \/>\nNa cia\u0142o: Wmasuj olejek w lekko wilgotn\u0105 sk\u00f3r\u0119 cia\u0142a po k\u0105pieli, koncentruj\u0105c si\u0119 na suchych partiach sk\u00f3ry, takich jak \u0142okcie i kolana.<br \/>\nNa w\u0142osy: Aby doda\u0107 blasku i nawil\u017cenia, na\u0142\u00f3\u017c niewielk\u0105 ilo\u015b\u0107 olejku na ko\u0144c\u00f3wki w\u0142os\u00f3w. Mo\u017ce by\u0107 stosowany zar\u00f3wno na suche, jak i wilgotne w\u0142osy.<\/p>\n","protected":false},"excerpt":{"rendered":"<p>Pyunkang Yul Oil to luksusowy olejek piel\u0119gnacyjny opracowany przez renomowan\u0105 mark\u0119 Pyunkang Yul, znan\u0105 z minimalistycznych, ale skutecznych formu\u0142. Produkt ten zawiera starannie dobrane naturalne sk\u0142adniki aktywne, kt\u00f3re harmonijnie wsp\u00f3\u0142pracuj\u0105, aby zapewni\u0107 sk\u00f3rze g\u0142\u0119bokie nawil\u017cenie, regeneracj\u0119 i ochron\u0119. Olejek ma lekk\u0105, jedwabist\u0105 konsystencj\u0119, kt\u00f3ra szybko si\u0119 wch\u0142ania, nie pozostawiaj\u0105c t\u0142ustego filmu na sk\u00f3rze. Korzy\u015bci dla &#8230; <a title=\"Pyunkang Yul Oil 26 ml &#8211; wielofunkcyjny olejek do twarzy\" class=\"read-more\" href=\"https:\/\/selleetools.com\/pl\/product\/pyunkang-yul-oil-26-ml-wielofunkcyjny-olejek-do-twarzy\/\">Read more<span class=\"screen-reader-text\">Pyunkang Yul Oil 26 ml &#8211; wielofunkcyjny olejek do twarzy<\/span><\/a><\/p>\n","protected":false},"featured_media":596407,"comment_status":"open","ping_status":"closed","template":"","meta":{"_links_to":"","_links_to_target":""},"yoast_head":"<!-- This site is optimized with the Yoast SEO plugin v19.4 - https:\/\/yoast.com\/wordpress\/plugins\/seo\/ -->\n<title>Pyunkang Yul Oil 26 ml - wielofunkcyjny olejek do twarzy - Selleetools.com<\/title>\n<meta name=\"robots\" content=\"index, follow, max-snippet:-1, max-image-preview:large, max-video-preview:-1\" \/>\n<link rel=\"canonical\" href=\"https:\/\/admincentral.selleetools.com\/pl\/product\/pyunkang-yul-oil-26-ml-wielofunkcyjny-olejek-do-twarzy\/\" \/>\n<meta property=\"og:locale\" content=\"pl_PL\" \/>\n<meta property=\"og:type\" content=\"article\" \/>\n<meta property=\"og:title\" content=\"Pyunkang Yul Oil 26 ml - wielofunkcyjny olejek do twarzy - Selleetools.com\" \/>\n<meta property=\"og:description\" content=\"Pyunkang Yul Oil to luksusowy olejek piel\u0119gnacyjny opracowany przez renomowan\u0105 mark\u0119 Pyunkang Yul, znan\u0105 z minimalistycznych, ale skutecznych formu\u0142. Produkt ten zawiera starannie dobrane naturalne sk\u0142adniki aktywne, kt\u00f3re harmonijnie wsp\u00f3\u0142pracuj\u0105, aby zapewni\u0107 sk\u00f3rze g\u0142\u0119bokie nawil\u017cenie, regeneracj\u0119 i ochron\u0119. Olejek ma lekk\u0105, jedwabist\u0105 konsystencj\u0119, kt\u00f3ra szybko si\u0119 wch\u0142ania, nie pozostawiaj\u0105c t\u0142ustego filmu na sk\u00f3rze. Korzy\u015bci dla ... Read morePyunkang Yul Oil 26 ml &#8211; wielofunkcyjny olejek do twarzy\" \/>\n<meta property=\"og:url\" content=\"https:\/\/admincentral.selleetools.com\/pl\/product\/pyunkang-yul-oil-26-ml-wielofunkcyjny-olejek-do-twarzy\/\" \/>\n<meta property=\"og:site_name\" content=\"Selleetools.com\" \/>\n<meta property=\"article:modified_time\" content=\"2025-12-26T15:36:46+00:00\" \/>\n<meta property=\"og:image\" content=\"https:\/\/selleetools.com\/wp-content\/uploads\/2025\/10\/7c4a13fd2136100da4522a23f1b254d3.jpg\" \/>\n\t<meta property=\"og:image:width\" content=\"800\" \/>\n\t<meta property=\"og:image:height\" content=\"800\" \/>\n\t<meta property=\"og:image:type\" content=\"image\/jpeg\" \/>\n<meta name=\"twitter:card\" content=\"summary_large_image\" \/>\n<meta name=\"twitter:label1\" content=\"Est. reading time\" \/>\n\t<meta name=\"twitter:data1\" content=\"1 minuta\" \/>\n<!-- \/ Yoast SEO plugin. -->","yoast_head_json":{"title":"Pyunkang Yul Oil 26 ml - wielofunkcyjny olejek do twarzy - Selleetools.com","robots":{"index":"index","follow":"follow","max-snippet":"max-snippet:-1","max-image-preview":"max-image-preview:large","max-video-preview":"max-video-preview:-1"},"canonical":"https:\/\/admincentral.selleetools.com\/pl\/product\/pyunkang-yul-oil-26-ml-wielofunkcyjny-olejek-do-twarzy\/","og_locale":"pl_PL","og_type":"article","og_title":"Pyunkang Yul Oil 26 ml - wielofunkcyjny olejek do twarzy - Selleetools.com","og_description":"Pyunkang Yul Oil to luksusowy olejek piel\u0119gnacyjny opracowany przez renomowan\u0105 mark\u0119 Pyunkang Yul, znan\u0105 z minimalistycznych, ale skutecznych formu\u0142. Produkt ten zawiera starannie dobrane naturalne sk\u0142adniki aktywne, kt\u00f3re harmonijnie wsp\u00f3\u0142pracuj\u0105, aby zapewni\u0107 sk\u00f3rze g\u0142\u0119bokie nawil\u017cenie, regeneracj\u0119 i ochron\u0119. Olejek ma lekk\u0105, jedwabist\u0105 konsystencj\u0119, kt\u00f3ra szybko si\u0119 wch\u0142ania, nie pozostawiaj\u0105c t\u0142ustego filmu na sk\u00f3rze. Korzy\u015bci dla ... Read morePyunkang Yul Oil 26 ml &#8211; wielofunkcyjny olejek do twarzy","og_url":"https:\/\/admincentral.selleetools.com\/pl\/product\/pyunkang-yul-oil-26-ml-wielofunkcyjny-olejek-do-twarzy\/","og_site_name":"Selleetools.com","article_modified_time":"2025-12-26T15:36:46+00:00","og_image":[{"width":800,"height":800,"url":"https:\/\/selleetools.com\/wp-content\/uploads\/2025\/10\/7c4a13fd2136100da4522a23f1b254d3.jpg","type":"image\/jpeg"}],"twitter_card":"summary_large_image","twitter_misc":{"Est. reading time":"1 minuta"},"schema":{"@context":"https:\/\/schema.org","@graph":[{"@type":"Organization","@id":"https:\/\/selleetools.com\/#organization","name":"Selleetools","url":"https:\/\/selleetools.com\/","sameAs":[],"logo":{"@type":"ImageObject","inLanguage":"pl-PL","@id":"https:\/\/selleetools.com\/#\/schema\/logo\/image\/","url":"https:\/\/selleetools.com\/wp-content\/uploads\/2021\/10\/logo-dark.png","contentUrl":"https:\/\/selleetools.com\/wp-content\/uploads\/2021\/10\/logo-dark.png","width":320,"height":76,"caption":"Selleetools"},"image":{"@id":"https:\/\/selleetools.com\/#\/schema\/logo\/image\/"}},{"@type":"WebSite","@id":"https:\/\/selleetools.com\/#website","url":"https:\/\/selleetools.com\/","name":"Selleetools.com","description":"","publisher":{"@id":"https:\/\/selleetools.com\/#organization"},"potentialAction":[{"@type":"SearchAction","target":{"@type":"EntryPoint","urlTemplate":"https:\/\/selleetools.com\/?s={search_term_string}"},"query-input":"required name=search_term_string"}],"inLanguage":"pl-PL"},{"@type":"WebPage","@id":"https:\/\/admincentral.selleetools.com\/pl\/product\/pyunkang-yul-oil-26-ml-wielofunkcyjny-olejek-do-twarzy\/","url":"https:\/\/admincentral.selleetools.com\/pl\/product\/pyunkang-yul-oil-26-ml-wielofunkcyjny-olejek-do-twarzy\/","name":"Pyunkang Yul Oil 26 ml - wielofunkcyjny olejek do twarzy - Selleetools.com","isPartOf":{"@id":"https:\/\/selleetools.com\/#website"},"datePublished":"2025-10-22T06:04:50+00:00","dateModified":"2025-12-26T15:36:46+00:00","breadcrumb":{"@id":"https:\/\/admincentral.selleetools.com\/pl\/product\/pyunkang-yul-oil-26-ml-wielofunkcyjny-olejek-do-twarzy\/#breadcrumb"},"inLanguage":"pl-PL","potentialAction":[{"@type":"ReadAction","target":["https:\/\/admincentral.selleetools.com\/pl\/product\/pyunkang-yul-oil-26-ml-wielofunkcyjny-olejek-do-twarzy\/"]}]},{"@type":"BreadcrumbList","@id":"https:\/\/admincentral.selleetools.com\/pl\/product\/pyunkang-yul-oil-26-ml-wielofunkcyjny-olejek-do-twarzy\/#breadcrumb","itemListElement":[{"@type":"ListItem","position":1,"name":"Home","item":"https:\/\/selleetools.com\/pl\/"},{"@type":"ListItem","position":2,"name":"Katalog","item":"https:\/\/selleetools.com\/pl\/katalog\/"},{"@type":"ListItem","position":3,"name":"Pyunkang Yul Oil 26 ml &#8211; wielofunkcyjny olejek do twarzy"}]}]}},"_links":{"self":[{"href":"https:\/\/selleetools.com\/pl\/wp-json\/wp\/v2\/product\/596413"}],"collection":[{"href":"https:\/\/selleetools.com\/pl\/wp-json\/wp\/v2\/product"}],"about":[{"href":"https:\/\/selleetools.com\/pl\/wp-json\/wp\/v2\/types\/product"}],"replies":[{"embeddable":true,"href":"https:\/\/selleetools.com\/pl\/wp-json\/wp\/v2\/comments?post=596413"}],"wp:featuredmedia":[{"embeddable":true,"href":"https:\/\/selleetools.com\/pl\/wp-json\/wp\/v2\/media\/596407"}],"wp:attachment":[{"href":"https:\/\/selleetools.com\/pl\/wp-json\/wp\/v2\/media?parent=596413"}],"curies":[{"name":"wp","href":"https:\/\/api.w.org\/{rel}","templated":true}]}}