{"id":596375,"date":"2025-10-22T08:04:24","date_gmt":"2025-10-22T06:04:24","guid":{"rendered":"https:\/\/selleetools.com\/?post_type=product&#038;p=596375"},"modified":"2025-10-23T19:22:00","modified_gmt":"2025-10-23T17:22:00","slug":"cosrx-ultimate-nourishing-rice-overnight-spa-mask-60-ml-nocna-maseczka-do-twarzy-o-dzialaniu-rozjasniajacym","status":"publish","type":"product","link":"https:\/\/selleetools.com\/pl\/product\/cosrx-ultimate-nourishing-rice-overnight-spa-mask-60-ml-nocna-maseczka-do-twarzy-o-dzialaniu-rozjasniajacym\/","title":{"rendered":"COSRX Ultimate Nourishing Rice Overnight Spa Mask 60 ml &#8211; Nocna maseczka do twarzy o dzia\u0142aniu rozja\u015bniaj\u0105cym"},"content":{"rendered":"<p>COSRX Ultimate Nourishing Rice Overnight Spa Mask to wielofunkcyjna maseczka na noc, kt\u00f3ra dzia\u0142a intensywnie na sk\u00f3r\u0119 podczas snu, dostarczaj\u0105c jej niezb\u0119dnych sk\u0142adnik\u00f3w od\u017cywczych. Produkt zawiera 68,9% ekstraktu z ry\u017cu, kt\u00f3ry jest znany ze swoich w\u0142a\u015bciwo\u015bci nawil\u017caj\u0105cych, od\u017cywczych i roz\u015bwietlaj\u0105cych. Maseczka pomaga poprawi\u0107 og\u00f3lny stan sk\u00f3ry, nadaj\u0105c jej zdrowy, promienny wygl\u0105d.<\/p>\n<p>Korzy\u015bci dla sk\u00f3ry:<br \/>\nNawil\u017cenie: Dzi\u0119ki wysokiej zawarto\u015bci ekstraktu z ry\u017cu maseczka intensywnie nawil\u017ca sk\u00f3r\u0119, sprawiaj\u0105c, \u017ce staje si\u0119 mi\u0119kka i elastyczna.<br \/>\nOd\u017cywienie: Bogactwo witamin i minera\u0142\u00f3w zawartych w ry\u017cu wspomaga regeneracj\u0119 sk\u00f3ry, poprawiaj\u0105c jej kondycj\u0119.<br \/>\nRoz\u015bwietlenie: Regularne stosowanie maseczki nadaje sk\u00f3rze zdrowy blask, zmniejsza widoczno\u015b\u0107 przebarwie\u0144 i nier\u00f3wno\u015bci kolorytu.<br \/>\nRegeneracja: Produkt wspiera procesy regeneracyjne sk\u00f3ry, szczeg\u00f3lnie w nocy, kiedy sk\u00f3ra jest najbardziej podatna na wch\u0142anianie sk\u0142adnik\u00f3w aktywnych.<\/p>\n<p>Spos\u00f3b u\u017cycia:<br \/>\nNa noc: Na oczyszczon\u0105 i stonizowan\u0105 sk\u00f3r\u0119 twarzy na\u0142\u00f3\u017c odpowiedni\u0105 ilo\u015b\u0107 maseczki, omijaj\u0105c okolice oczu i ust. Pozostaw na noc, a rano sp\u0142ucz letni\u0105 wod\u0105. U\u017cywaj 2-3 razy w tygodniu lub wed\u0142ug potrzeb.<br \/>\nJako krem nawil\u017caj\u0105cy: Mo\u017cna stosowa\u0107 cienk\u0105 warstw\u0119 maseczki jako codzienny krem nawil\u017caj\u0105cy.<br \/>\nSzybka maseczka: Na\u0142\u00f3\u017c grubsz\u0105 warstw\u0119 na 15-20 minut, a nast\u0119pnie zmyj letni\u0105 wod\u0105, aby uzyska\u0107 efekt natychmiastowego nawil\u017cenia i od\u015bwie\u017cenia sk\u00f3ry.<\/p>\n<p>Podsumowanie<br \/>\nCOSRX Ultimate Nourishing Rice Overnight Spa Mask to wszechstronny kosmetyk, kt\u00f3ry sprawdzi si\u0119 w codziennej piel\u0119gnacji sk\u00f3ry, dostarczaj\u0105c jej g\u0142\u0119bokiego nawil\u017cenia, od\u017cywienia i blasku. Idealny dla ka\u017cdego typu cery, szczeg\u00f3lnie suchej i zm\u0119czonej. Regularne stosowanie maseczki przynosi widoczne efekty w poprawie kondycji i wygl\u0105du sk\u00f3ry.<\/p>\n","protected":false},"excerpt":{"rendered":"<p>COSRX Ultimate Nourishing Rice Overnight Spa Mask to wielofunkcyjna maseczka na noc, kt\u00f3ra dzia\u0142a intensywnie na sk\u00f3r\u0119 podczas snu, dostarczaj\u0105c jej niezb\u0119dnych sk\u0142adnik\u00f3w od\u017cywczych. Produkt zawiera 68,9% ekstraktu z ry\u017cu, kt\u00f3ry jest znany ze swoich w\u0142a\u015bciwo\u015bci nawil\u017caj\u0105cych, od\u017cywczych i roz\u015bwietlaj\u0105cych. Maseczka pomaga poprawi\u0107 og\u00f3lny stan sk\u00f3ry, nadaj\u0105c jej zdrowy, promienny wygl\u0105d. Korzy\u015bci dla sk\u00f3ry: Nawil\u017cenie: &#8230; <a title=\"COSRX Ultimate Nourishing Rice Overnight Spa Mask 60 ml &#8211; Nocna maseczka do twarzy o dzia\u0142aniu rozja\u015bniaj\u0105cym\" class=\"read-more\" href=\"https:\/\/selleetools.com\/pl\/product\/cosrx-ultimate-nourishing-rice-overnight-spa-mask-60-ml-nocna-maseczka-do-twarzy-o-dzialaniu-rozjasniajacym\/\">Read more<span class=\"screen-reader-text\">COSRX Ultimate Nourishing Rice Overnight Spa Mask 60 ml &#8211; Nocna maseczka do twarzy o dzia\u0142aniu rozja\u015bniaj\u0105cym<\/span><\/a><\/p>\n","protected":false},"featured_media":596367,"comment_status":"open","ping_status":"closed","template":"","meta":{"_links_to":"","_links_to_target":""},"yoast_head":"<!-- This site is optimized with the Yoast SEO plugin v19.4 - https:\/\/yoast.com\/wordpress\/plugins\/seo\/ -->\n<title>COSRX Ultimate Nourishing Rice Overnight Spa Mask 60 ml - Nocna maseczka do twarzy o dzia\u0142aniu rozja\u015bniaj\u0105cym - Selleetools.com<\/title>\n<meta name=\"robots\" content=\"index, follow, max-snippet:-1, max-image-preview:large, max-video-preview:-1\" \/>\n<link rel=\"canonical\" href=\"https:\/\/selleetools.com\/pl\/product\/cosrx-ultimate-nourishing-rice-overnight-spa-mask-60-ml-nocna-maseczka-do-twarzy-o-dzialaniu-rozjasniajacym\/\" \/>\n<meta property=\"og:locale\" content=\"pl_PL\" \/>\n<meta property=\"og:type\" content=\"article\" \/>\n<meta property=\"og:title\" content=\"COSRX Ultimate Nourishing Rice Overnight Spa Mask 60 ml - Nocna maseczka do twarzy o dzia\u0142aniu rozja\u015bniaj\u0105cym - Selleetools.com\" \/>\n<meta property=\"og:description\" content=\"COSRX Ultimate Nourishing Rice Overnight Spa Mask to wielofunkcyjna maseczka na noc, kt\u00f3ra dzia\u0142a intensywnie na sk\u00f3r\u0119 podczas snu, dostarczaj\u0105c jej niezb\u0119dnych sk\u0142adnik\u00f3w od\u017cywczych. Produkt zawiera 68,9% ekstraktu z ry\u017cu, kt\u00f3ry jest znany ze swoich w\u0142a\u015bciwo\u015bci nawil\u017caj\u0105cych, od\u017cywczych i roz\u015bwietlaj\u0105cych. Maseczka pomaga poprawi\u0107 og\u00f3lny stan sk\u00f3ry, nadaj\u0105c jej zdrowy, promienny wygl\u0105d. Korzy\u015bci dla sk\u00f3ry: Nawil\u017cenie: ... Read moreCOSRX Ultimate Nourishing Rice Overnight Spa Mask 60 ml &#8211; Nocna maseczka do twarzy o dzia\u0142aniu rozja\u015bniaj\u0105cym\" \/>\n<meta property=\"og:url\" content=\"https:\/\/selleetools.com\/pl\/product\/cosrx-ultimate-nourishing-rice-overnight-spa-mask-60-ml-nocna-maseczka-do-twarzy-o-dzialaniu-rozjasniajacym\/\" \/>\n<meta property=\"og:site_name\" content=\"Selleetools.com\" \/>\n<meta property=\"article:modified_time\" content=\"2025-10-23T17:22:00+00:00\" \/>\n<meta property=\"og:image\" content=\"https:\/\/selleetools.com\/wp-content\/uploads\/2025\/10\/e3596e92e78ababacc063451e1c5a534.jpg\" \/>\n\t<meta property=\"og:image:width\" content=\"1200\" \/>\n\t<meta property=\"og:image:height\" content=\"1200\" \/>\n\t<meta property=\"og:image:type\" content=\"image\/jpeg\" \/>\n<meta name=\"twitter:card\" content=\"summary_large_image\" \/>\n<meta name=\"twitter:label1\" content=\"Est. reading time\" \/>\n\t<meta name=\"twitter:data1\" content=\"2 minuty\" \/>\n<!-- \/ Yoast SEO plugin. -->","yoast_head_json":{"title":"COSRX Ultimate Nourishing Rice Overnight Spa Mask 60 ml - Nocna maseczka do twarzy o dzia\u0142aniu rozja\u015bniaj\u0105cym - Selleetools.com","robots":{"index":"index","follow":"follow","max-snippet":"max-snippet:-1","max-image-preview":"max-image-preview:large","max-video-preview":"max-video-preview:-1"},"canonical":"https:\/\/selleetools.com\/pl\/product\/cosrx-ultimate-nourishing-rice-overnight-spa-mask-60-ml-nocna-maseczka-do-twarzy-o-dzialaniu-rozjasniajacym\/","og_locale":"pl_PL","og_type":"article","og_title":"COSRX Ultimate Nourishing Rice Overnight Spa Mask 60 ml - Nocna maseczka do twarzy o dzia\u0142aniu rozja\u015bniaj\u0105cym - Selleetools.com","og_description":"COSRX Ultimate Nourishing Rice Overnight Spa Mask to wielofunkcyjna maseczka na noc, kt\u00f3ra dzia\u0142a intensywnie na sk\u00f3r\u0119 podczas snu, dostarczaj\u0105c jej niezb\u0119dnych sk\u0142adnik\u00f3w od\u017cywczych. Produkt zawiera 68,9% ekstraktu z ry\u017cu, kt\u00f3ry jest znany ze swoich w\u0142a\u015bciwo\u015bci nawil\u017caj\u0105cych, od\u017cywczych i roz\u015bwietlaj\u0105cych. Maseczka pomaga poprawi\u0107 og\u00f3lny stan sk\u00f3ry, nadaj\u0105c jej zdrowy, promienny wygl\u0105d. Korzy\u015bci dla sk\u00f3ry: Nawil\u017cenie: ... Read moreCOSRX Ultimate Nourishing Rice Overnight Spa Mask 60 ml &#8211; Nocna maseczka do twarzy o dzia\u0142aniu rozja\u015bniaj\u0105cym","og_url":"https:\/\/selleetools.com\/pl\/product\/cosrx-ultimate-nourishing-rice-overnight-spa-mask-60-ml-nocna-maseczka-do-twarzy-o-dzialaniu-rozjasniajacym\/","og_site_name":"Selleetools.com","article_modified_time":"2025-10-23T17:22:00+00:00","og_image":[{"width":1200,"height":1200,"url":"https:\/\/selleetools.com\/wp-content\/uploads\/2025\/10\/e3596e92e78ababacc063451e1c5a534.jpg","type":"image\/jpeg"}],"twitter_card":"summary_large_image","twitter_misc":{"Est. reading time":"2 minuty"},"schema":{"@context":"https:\/\/schema.org","@graph":[{"@type":"Organization","@id":"https:\/\/selleetools.com\/#organization","name":"Selleetools","url":"https:\/\/selleetools.com\/","sameAs":[],"logo":{"@type":"ImageObject","inLanguage":"pl-PL","@id":"https:\/\/selleetools.com\/#\/schema\/logo\/image\/","url":"https:\/\/selleetools.com\/wp-content\/uploads\/2021\/10\/logo-dark.png","contentUrl":"https:\/\/selleetools.com\/wp-content\/uploads\/2021\/10\/logo-dark.png","width":320,"height":76,"caption":"Selleetools"},"image":{"@id":"https:\/\/selleetools.com\/#\/schema\/logo\/image\/"}},{"@type":"WebSite","@id":"https:\/\/selleetools.com\/#website","url":"https:\/\/selleetools.com\/","name":"Selleetools.com","description":"","publisher":{"@id":"https:\/\/selleetools.com\/#organization"},"potentialAction":[{"@type":"SearchAction","target":{"@type":"EntryPoint","urlTemplate":"https:\/\/selleetools.com\/?s={search_term_string}"},"query-input":"required name=search_term_string"}],"inLanguage":"pl-PL"},{"@type":"WebPage","@id":"https:\/\/selleetools.com\/pl\/product\/cosrx-ultimate-nourishing-rice-overnight-spa-mask-60-ml-nocna-maseczka-do-twarzy-o-dzialaniu-rozjasniajacym\/","url":"https:\/\/selleetools.com\/pl\/product\/cosrx-ultimate-nourishing-rice-overnight-spa-mask-60-ml-nocna-maseczka-do-twarzy-o-dzialaniu-rozjasniajacym\/","name":"COSRX Ultimate Nourishing Rice Overnight Spa Mask 60 ml - Nocna maseczka do twarzy o dzia\u0142aniu rozja\u015bniaj\u0105cym - Selleetools.com","isPartOf":{"@id":"https:\/\/selleetools.com\/#website"},"datePublished":"2025-10-22T06:04:24+00:00","dateModified":"2025-10-23T17:22:00+00:00","breadcrumb":{"@id":"https:\/\/selleetools.com\/pl\/product\/cosrx-ultimate-nourishing-rice-overnight-spa-mask-60-ml-nocna-maseczka-do-twarzy-o-dzialaniu-rozjasniajacym\/#breadcrumb"},"inLanguage":"pl-PL","potentialAction":[{"@type":"ReadAction","target":["https:\/\/selleetools.com\/pl\/product\/cosrx-ultimate-nourishing-rice-overnight-spa-mask-60-ml-nocna-maseczka-do-twarzy-o-dzialaniu-rozjasniajacym\/"]}]},{"@type":"BreadcrumbList","@id":"https:\/\/selleetools.com\/pl\/product\/cosrx-ultimate-nourishing-rice-overnight-spa-mask-60-ml-nocna-maseczka-do-twarzy-o-dzialaniu-rozjasniajacym\/#breadcrumb","itemListElement":[{"@type":"ListItem","position":1,"name":"Home","item":"https:\/\/selleetools.com\/pl\/"},{"@type":"ListItem","position":2,"name":"Katalog","item":"https:\/\/selleetools.com\/pl\/katalog\/"},{"@type":"ListItem","position":3,"name":"COSRX Ultimate Nourishing Rice Overnight Spa Mask 60 ml &#8211; Nocna maseczka do twarzy o dzia\u0142aniu rozja\u015bniaj\u0105cym"}]}]}},"_links":{"self":[{"href":"https:\/\/selleetools.com\/pl\/wp-json\/wp\/v2\/product\/596375"}],"collection":[{"href":"https:\/\/selleetools.com\/pl\/wp-json\/wp\/v2\/product"}],"about":[{"href":"https:\/\/selleetools.com\/pl\/wp-json\/wp\/v2\/types\/product"}],"replies":[{"embeddable":true,"href":"https:\/\/selleetools.com\/pl\/wp-json\/wp\/v2\/comments?post=596375"}],"wp:featuredmedia":[{"embeddable":true,"href":"https:\/\/selleetools.com\/pl\/wp-json\/wp\/v2\/media\/596367"}],"wp:attachment":[{"href":"https:\/\/selleetools.com\/pl\/wp-json\/wp\/v2\/media?parent=596375"}],"curies":[{"name":"wp","href":"https:\/\/api.w.org\/{rel}","templated":true}]}}