{"id":596260,"date":"2025-10-22T07:40:50","date_gmt":"2025-10-22T05:40:50","guid":{"rendered":"https:\/\/selleetools.com\/?post_type=product&#038;p=596260"},"modified":"2025-10-23T19:21:23","modified_gmt":"2025-10-23T17:21:23","slug":"cosrx-aha-7-whitehead-power-liquid-100-ml-plyn-do-twarzy-z-kwasami-aha","status":"publish","type":"product","link":"https:\/\/selleetools.com\/pl\/product\/cosrx-aha-7-whitehead-power-liquid-100-ml-plyn-do-twarzy-z-kwasami-aha\/","title":{"rendered":"COSRX AHA 7 Whitehead Power Liquid 100 ml &#8211; p\u0142yn do twarzy z kwasami AHA"},"content":{"rendered":"<p>Z\u0142uszczaj\u0105cy toner z 7% kwasem glikolowym (AHA), kt\u00f3ry skutecznie usuwa martwe kom\u00f3rki nask\u00f3rka, wyg\u0142adza sk\u00f3r\u0119 i przywraca jej promienny wygl\u0105d. Regularne stosowanie pomaga oczy\u015bci\u0107 pory, zredukowa\u0107 bia\u0142e zask\u00f3rniki i poprawi\u0107 r\u00f3wnomierny koloryt cery.<br \/>\nFormu\u0142a zosta\u0142a wzbogacona o niacynamid i pantenol, kt\u00f3re dodatkowo wspieraj\u0105 regeneracj\u0119 sk\u00f3ry, \u0142agodz\u0105 podra\u017cnienia i utrzymuj\u0105 odpowiedni poziom nawil\u017cenia. Dzi\u0119ki temu sk\u00f3ra staje si\u0119 g\u0142adka, mi\u0119kka i pe\u0142na zdrowego blasku.<\/p>\n<p>Korzy\u015bci dla sk\u00f3ry:<br \/>\nDelikatne, ale skuteczne z\u0142uszczanie<br \/>\nOczyszczenie por\u00f3w i redukcja bia\u0142ych zask\u00f3rnik\u00f3w<br \/>\nRoz\u015bwietlenie i wyr\u00f3wnanie kolorytu<br \/>\nWyg\u0142adzenie szorstkiej i matowej sk\u00f3ry<br \/>\nPobudzenie odnowy kom\u00f3rkowej<\/p>\n<p>Spos\u00f3b u\u017cycia:<br \/>\nPo oczyszczeniu sk\u00f3ry nas\u0105cz wacik p\u0142ynem i delikatnie przetrzyj twarz, omijaj\u0105c okolice oczu i ust. Stosuj wieczorem 2\u20133 razy w tygodniu, stopniowo zwi\u0119kszaj\u0105c cz\u0119stotliwo\u015b\u0107. W ci\u0105gu dnia pami\u0119taj o obowi\u0105zkowej ochronie przeciws\u0142onecznej (SPF 30+).<\/p>\n","protected":false},"excerpt":{"rendered":"<p>Z\u0142uszczaj\u0105cy toner z 7% kwasem glikolowym (AHA), kt\u00f3ry skutecznie usuwa martwe kom\u00f3rki nask\u00f3rka, wyg\u0142adza sk\u00f3r\u0119 i przywraca jej promienny wygl\u0105d. Regularne stosowanie pomaga oczy\u015bci\u0107 pory, zredukowa\u0107 bia\u0142e zask\u00f3rniki i poprawi\u0107 r\u00f3wnomierny koloryt cery. Formu\u0142a zosta\u0142a wzbogacona o niacynamid i pantenol, kt\u00f3re dodatkowo wspieraj\u0105 regeneracj\u0119 sk\u00f3ry, \u0142agodz\u0105 podra\u017cnienia i utrzymuj\u0105 odpowiedni poziom nawil\u017cenia. Dzi\u0119ki temu sk\u00f3ra &#8230; <a title=\"COSRX AHA 7 Whitehead Power Liquid 100 ml &#8211; p\u0142yn do twarzy z kwasami AHA\" class=\"read-more\" href=\"https:\/\/selleetools.com\/pl\/product\/cosrx-aha-7-whitehead-power-liquid-100-ml-plyn-do-twarzy-z-kwasami-aha\/\">Read more<span class=\"screen-reader-text\">COSRX AHA 7 Whitehead Power Liquid 100 ml &#8211; p\u0142yn do twarzy z kwasami AHA<\/span><\/a><\/p>\n","protected":false},"featured_media":596254,"comment_status":"open","ping_status":"closed","template":"","meta":{"_links_to":"","_links_to_target":""},"yoast_head":"<!-- This site is optimized with the Yoast SEO plugin v19.4 - https:\/\/yoast.com\/wordpress\/plugins\/seo\/ -->\n<title>COSRX AHA 7 Whitehead Power Liquid 100 ml - p\u0142yn do twarzy z kwasami AHA - Selleetools.com<\/title>\n<meta name=\"robots\" content=\"index, follow, max-snippet:-1, max-image-preview:large, max-video-preview:-1\" \/>\n<link rel=\"canonical\" href=\"https:\/\/selleetools.com\/pl\/product\/cosrx-aha-7-whitehead-power-liquid-100-ml-plyn-do-twarzy-z-kwasami-aha\/\" \/>\n<meta property=\"og:locale\" content=\"pl_PL\" \/>\n<meta property=\"og:type\" content=\"article\" \/>\n<meta property=\"og:title\" content=\"COSRX AHA 7 Whitehead Power Liquid 100 ml - p\u0142yn do twarzy z kwasami AHA - Selleetools.com\" \/>\n<meta property=\"og:description\" content=\"Z\u0142uszczaj\u0105cy toner z 7% kwasem glikolowym (AHA), kt\u00f3ry skutecznie usuwa martwe kom\u00f3rki nask\u00f3rka, wyg\u0142adza sk\u00f3r\u0119 i przywraca jej promienny wygl\u0105d. Regularne stosowanie pomaga oczy\u015bci\u0107 pory, zredukowa\u0107 bia\u0142e zask\u00f3rniki i poprawi\u0107 r\u00f3wnomierny koloryt cery. Formu\u0142a zosta\u0142a wzbogacona o niacynamid i pantenol, kt\u00f3re dodatkowo wspieraj\u0105 regeneracj\u0119 sk\u00f3ry, \u0142agodz\u0105 podra\u017cnienia i utrzymuj\u0105 odpowiedni poziom nawil\u017cenia. Dzi\u0119ki temu sk\u00f3ra ... Read moreCOSRX AHA 7 Whitehead Power Liquid 100 ml &#8211; p\u0142yn do twarzy z kwasami AHA\" \/>\n<meta property=\"og:url\" content=\"https:\/\/selleetools.com\/pl\/product\/cosrx-aha-7-whitehead-power-liquid-100-ml-plyn-do-twarzy-z-kwasami-aha\/\" \/>\n<meta property=\"og:site_name\" content=\"Selleetools.com\" \/>\n<meta property=\"article:modified_time\" content=\"2025-10-23T17:21:23+00:00\" \/>\n<meta property=\"og:image\" content=\"https:\/\/selleetools.com\/wp-content\/uploads\/2025\/10\/479f9e433311297be1cfc78da53d23d9.jpg\" \/>\n\t<meta property=\"og:image:width\" content=\"1200\" \/>\n\t<meta property=\"og:image:height\" content=\"1200\" \/>\n\t<meta property=\"og:image:type\" content=\"image\/jpeg\" \/>\n<meta name=\"twitter:card\" content=\"summary_large_image\" \/>\n<meta name=\"twitter:label1\" content=\"Est. reading time\" \/>\n\t<meta name=\"twitter:data1\" content=\"1 minuta\" \/>\n<!-- \/ Yoast SEO plugin. -->","yoast_head_json":{"title":"COSRX AHA 7 Whitehead Power Liquid 100 ml - p\u0142yn do twarzy z kwasami AHA - Selleetools.com","robots":{"index":"index","follow":"follow","max-snippet":"max-snippet:-1","max-image-preview":"max-image-preview:large","max-video-preview":"max-video-preview:-1"},"canonical":"https:\/\/selleetools.com\/pl\/product\/cosrx-aha-7-whitehead-power-liquid-100-ml-plyn-do-twarzy-z-kwasami-aha\/","og_locale":"pl_PL","og_type":"article","og_title":"COSRX AHA 7 Whitehead Power Liquid 100 ml - p\u0142yn do twarzy z kwasami AHA - Selleetools.com","og_description":"Z\u0142uszczaj\u0105cy toner z 7% kwasem glikolowym (AHA), kt\u00f3ry skutecznie usuwa martwe kom\u00f3rki nask\u00f3rka, wyg\u0142adza sk\u00f3r\u0119 i przywraca jej promienny wygl\u0105d. Regularne stosowanie pomaga oczy\u015bci\u0107 pory, zredukowa\u0107 bia\u0142e zask\u00f3rniki i poprawi\u0107 r\u00f3wnomierny koloryt cery. Formu\u0142a zosta\u0142a wzbogacona o niacynamid i pantenol, kt\u00f3re dodatkowo wspieraj\u0105 regeneracj\u0119 sk\u00f3ry, \u0142agodz\u0105 podra\u017cnienia i utrzymuj\u0105 odpowiedni poziom nawil\u017cenia. Dzi\u0119ki temu sk\u00f3ra ... Read moreCOSRX AHA 7 Whitehead Power Liquid 100 ml &#8211; p\u0142yn do twarzy z kwasami AHA","og_url":"https:\/\/selleetools.com\/pl\/product\/cosrx-aha-7-whitehead-power-liquid-100-ml-plyn-do-twarzy-z-kwasami-aha\/","og_site_name":"Selleetools.com","article_modified_time":"2025-10-23T17:21:23+00:00","og_image":[{"width":1200,"height":1200,"url":"https:\/\/selleetools.com\/wp-content\/uploads\/2025\/10\/479f9e433311297be1cfc78da53d23d9.jpg","type":"image\/jpeg"}],"twitter_card":"summary_large_image","twitter_misc":{"Est. reading time":"1 minuta"},"schema":{"@context":"https:\/\/schema.org","@graph":[{"@type":"Organization","@id":"https:\/\/selleetools.com\/#organization","name":"Selleetools","url":"https:\/\/selleetools.com\/","sameAs":[],"logo":{"@type":"ImageObject","inLanguage":"pl-PL","@id":"https:\/\/selleetools.com\/#\/schema\/logo\/image\/","url":"https:\/\/selleetools.com\/wp-content\/uploads\/2021\/10\/logo-dark.png","contentUrl":"https:\/\/selleetools.com\/wp-content\/uploads\/2021\/10\/logo-dark.png","width":320,"height":76,"caption":"Selleetools"},"image":{"@id":"https:\/\/selleetools.com\/#\/schema\/logo\/image\/"}},{"@type":"WebSite","@id":"https:\/\/selleetools.com\/#website","url":"https:\/\/selleetools.com\/","name":"Selleetools.com","description":"","publisher":{"@id":"https:\/\/selleetools.com\/#organization"},"potentialAction":[{"@type":"SearchAction","target":{"@type":"EntryPoint","urlTemplate":"https:\/\/selleetools.com\/?s={search_term_string}"},"query-input":"required name=search_term_string"}],"inLanguage":"pl-PL"},{"@type":"WebPage","@id":"https:\/\/selleetools.com\/pl\/product\/cosrx-aha-7-whitehead-power-liquid-100-ml-plyn-do-twarzy-z-kwasami-aha\/","url":"https:\/\/selleetools.com\/pl\/product\/cosrx-aha-7-whitehead-power-liquid-100-ml-plyn-do-twarzy-z-kwasami-aha\/","name":"COSRX AHA 7 Whitehead Power Liquid 100 ml - p\u0142yn do twarzy z kwasami AHA - Selleetools.com","isPartOf":{"@id":"https:\/\/selleetools.com\/#website"},"datePublished":"2025-10-22T05:40:50+00:00","dateModified":"2025-10-23T17:21:23+00:00","breadcrumb":{"@id":"https:\/\/selleetools.com\/pl\/product\/cosrx-aha-7-whitehead-power-liquid-100-ml-plyn-do-twarzy-z-kwasami-aha\/#breadcrumb"},"inLanguage":"pl-PL","potentialAction":[{"@type":"ReadAction","target":["https:\/\/selleetools.com\/pl\/product\/cosrx-aha-7-whitehead-power-liquid-100-ml-plyn-do-twarzy-z-kwasami-aha\/"]}]},{"@type":"BreadcrumbList","@id":"https:\/\/selleetools.com\/pl\/product\/cosrx-aha-7-whitehead-power-liquid-100-ml-plyn-do-twarzy-z-kwasami-aha\/#breadcrumb","itemListElement":[{"@type":"ListItem","position":1,"name":"Home","item":"https:\/\/selleetools.com\/pl\/"},{"@type":"ListItem","position":2,"name":"Katalog","item":"https:\/\/selleetools.com\/pl\/katalog\/"},{"@type":"ListItem","position":3,"name":"COSRX AHA 7 Whitehead Power Liquid 100 ml &#8211; p\u0142yn do twarzy z kwasami AHA"}]}]}},"_links":{"self":[{"href":"https:\/\/selleetools.com\/pl\/wp-json\/wp\/v2\/product\/596260"}],"collection":[{"href":"https:\/\/selleetools.com\/pl\/wp-json\/wp\/v2\/product"}],"about":[{"href":"https:\/\/selleetools.com\/pl\/wp-json\/wp\/v2\/types\/product"}],"replies":[{"embeddable":true,"href":"https:\/\/selleetools.com\/pl\/wp-json\/wp\/v2\/comments?post=596260"}],"wp:featuredmedia":[{"embeddable":true,"href":"https:\/\/selleetools.com\/pl\/wp-json\/wp\/v2\/media\/596254"}],"wp:attachment":[{"href":"https:\/\/selleetools.com\/pl\/wp-json\/wp\/v2\/media?parent=596260"}],"curies":[{"name":"wp","href":"https:\/\/api.w.org\/{rel}","templated":true}]}}