{"id":596197,"date":"2025-10-22T07:40:08","date_gmt":"2025-10-22T05:40:08","guid":{"rendered":"https:\/\/selleetools.com\/?post_type=product&#038;p=596197"},"modified":"2026-03-17T23:25:47","modified_gmt":"2026-03-17T22:25:47","slug":"heimish-all-clean-balm-120-ml-balsam-do-demakijazu","status":"publish","type":"product","link":"https:\/\/selleetools.com\/pl\/product\/heimish-all-clean-balm-120-ml-balsam-do-demakijazu\/","title":{"rendered":"HEIMISH All clean balm 120 ml &#8211; Balsam do demakija\u017cu"},"content":{"rendered":"<p>HEIMISH All Clean Balm to luksusowy balsam oczyszczaj\u0105cy, kt\u00f3ry skutecznie usuwa makija\u017c, zanieczyszczenia oraz nadmiar sebum, pozostawiaj\u0105c sk\u00f3r\u0119 czyst\u0105, mi\u0119kk\u0105 i nawil\u017con\u0105. Jego bogata, g\u0119sta formu\u0142a zawiera naturalne sk\u0142adniki, takie jak olej kokosowy, mas\u0142o shea i ekstrakt z bia\u0142ej lilii, kt\u00f3re nie tylko oczyszczaj\u0105, ale tak\u017ce piel\u0119gnuj\u0105 sk\u00f3r\u0119, zapewniaj\u0105c jej zdrowy i promienny wygl\u0105d.<\/p>\n<p>Korzy\u015bci dla sk\u00f3ry:<br \/>\nSkutecznie usuwa nawet wodoodporny makija\u017c<br \/>\nG\u0142\u0119boko oczyszcza pory, zapobiegaj\u0105c powstawaniu zask\u00f3rnik\u00f3w<br \/>\nNawil\u017ca i od\u017cywia sk\u00f3r\u0119, zapobiegaj\u0105c uczuciu \u015bci\u0105gni\u0119cia<br \/>\n\u0141agodzi podra\u017cnienia i dzia\u0142a koj\u0105co dzi\u0119ki ekstraktom ro\u015blinnym<br \/>\nOdpowiedni dla wszystkich typ\u00f3w sk\u00f3ry, w tym dla sk\u00f3ry wra\u017cliwej<\/p>\n<p>Spos\u00f3b u\u017cycia:<br \/>\nNanie\u015b odpowiedni\u0105 ilo\u015b\u0107 balsamu na suche d\u0142onie.<br \/>\nDelikatnie wmasuj w such\u0105 sk\u00f3r\u0119 twarzy, koncentruj\u0105c si\u0119 na obszarach z makija\u017cem.<br \/>\nPo rozpuszczeniu makija\u017cu i zanieczyszcze\u0144, dodaj odrobin\u0119 ciep\u0142ej wody, aby zamieni\u0107 balsam w mleczn\u0105 emulsj\u0119.<br \/>\nDok\u0142adnie sp\u0142ucz ciep\u0142\u0105 wod\u0105 i osusz twarz r\u0119cznikiem.<\/p>\n","protected":false},"excerpt":{"rendered":"<p>HEIMISH All Clean Balm to luksusowy balsam oczyszczaj\u0105cy, kt\u00f3ry skutecznie usuwa makija\u017c, zanieczyszczenia oraz nadmiar sebum, pozostawiaj\u0105c sk\u00f3r\u0119 czyst\u0105, mi\u0119kk\u0105 i nawil\u017con\u0105. Jego bogata, g\u0119sta formu\u0142a zawiera naturalne sk\u0142adniki, takie jak olej kokosowy, mas\u0142o shea i ekstrakt z bia\u0142ej lilii, kt\u00f3re nie tylko oczyszczaj\u0105, ale tak\u017ce piel\u0119gnuj\u0105 sk\u00f3r\u0119, zapewniaj\u0105c jej zdrowy i promienny wygl\u0105d. Korzy\u015bci &#8230; <a title=\"HEIMISH All clean balm 120 ml &#8211; Balsam do demakija\u017cu\" class=\"read-more\" href=\"https:\/\/selleetools.com\/pl\/product\/heimish-all-clean-balm-120-ml-balsam-do-demakijazu\/\">Read more<span class=\"screen-reader-text\">HEIMISH All clean balm 120 ml &#8211; Balsam do demakija\u017cu<\/span><\/a><\/p>\n","protected":false},"featured_media":596191,"comment_status":"open","ping_status":"closed","template":"","meta":{"_links_to":"","_links_to_target":""},"yoast_head":"<!-- This site is optimized with the Yoast SEO plugin v19.4 - https:\/\/yoast.com\/wordpress\/plugins\/seo\/ -->\n<title>HEIMISH All clean balm 120 ml - Balsam do demakija\u017cu - Selleetools.com<\/title>\n<meta name=\"robots\" content=\"index, follow, max-snippet:-1, max-image-preview:large, max-video-preview:-1\" \/>\n<link rel=\"canonical\" href=\"https:\/\/admincentral.selleetools.com\/pl\/product\/heimish-all-clean-balm-120-ml-balsam-do-demakijazu\/\" \/>\n<meta property=\"og:locale\" content=\"pl_PL\" \/>\n<meta property=\"og:type\" content=\"article\" \/>\n<meta property=\"og:title\" content=\"HEIMISH All clean balm 120 ml - Balsam do demakija\u017cu - Selleetools.com\" \/>\n<meta property=\"og:description\" content=\"HEIMISH All Clean Balm to luksusowy balsam oczyszczaj\u0105cy, kt\u00f3ry skutecznie usuwa makija\u017c, zanieczyszczenia oraz nadmiar sebum, pozostawiaj\u0105c sk\u00f3r\u0119 czyst\u0105, mi\u0119kk\u0105 i nawil\u017con\u0105. Jego bogata, g\u0119sta formu\u0142a zawiera naturalne sk\u0142adniki, takie jak olej kokosowy, mas\u0142o shea i ekstrakt z bia\u0142ej lilii, kt\u00f3re nie tylko oczyszczaj\u0105, ale tak\u017ce piel\u0119gnuj\u0105 sk\u00f3r\u0119, zapewniaj\u0105c jej zdrowy i promienny wygl\u0105d. Korzy\u015bci ... Read moreHEIMISH All clean balm 120 ml &#8211; Balsam do demakija\u017cu\" \/>\n<meta property=\"og:url\" content=\"https:\/\/admincentral.selleetools.com\/pl\/product\/heimish-all-clean-balm-120-ml-balsam-do-demakijazu\/\" \/>\n<meta property=\"og:site_name\" content=\"Selleetools.com\" \/>\n<meta property=\"article:modified_time\" content=\"2026-03-17T22:25:47+00:00\" \/>\n<meta property=\"og:image\" content=\"https:\/\/selleetools.com\/wp-content\/uploads\/2025\/10\/6a03ae2fe6c24a3142fbc6a1d07d5b2d.jpg\" \/>\n\t<meta property=\"og:image:width\" content=\"900\" \/>\n\t<meta property=\"og:image:height\" content=\"900\" \/>\n\t<meta property=\"og:image:type\" content=\"image\/jpeg\" \/>\n<meta name=\"twitter:card\" content=\"summary_large_image\" \/>\n<meta name=\"twitter:label1\" content=\"Est. reading time\" \/>\n\t<meta name=\"twitter:data1\" content=\"1 minuta\" \/>\n<!-- \/ Yoast SEO plugin. -->","yoast_head_json":{"title":"HEIMISH All clean balm 120 ml - Balsam do demakija\u017cu - Selleetools.com","robots":{"index":"index","follow":"follow","max-snippet":"max-snippet:-1","max-image-preview":"max-image-preview:large","max-video-preview":"max-video-preview:-1"},"canonical":"https:\/\/admincentral.selleetools.com\/pl\/product\/heimish-all-clean-balm-120-ml-balsam-do-demakijazu\/","og_locale":"pl_PL","og_type":"article","og_title":"HEIMISH All clean balm 120 ml - Balsam do demakija\u017cu - Selleetools.com","og_description":"HEIMISH All Clean Balm to luksusowy balsam oczyszczaj\u0105cy, kt\u00f3ry skutecznie usuwa makija\u017c, zanieczyszczenia oraz nadmiar sebum, pozostawiaj\u0105c sk\u00f3r\u0119 czyst\u0105, mi\u0119kk\u0105 i nawil\u017con\u0105. Jego bogata, g\u0119sta formu\u0142a zawiera naturalne sk\u0142adniki, takie jak olej kokosowy, mas\u0142o shea i ekstrakt z bia\u0142ej lilii, kt\u00f3re nie tylko oczyszczaj\u0105, ale tak\u017ce piel\u0119gnuj\u0105 sk\u00f3r\u0119, zapewniaj\u0105c jej zdrowy i promienny wygl\u0105d. Korzy\u015bci ... Read moreHEIMISH All clean balm 120 ml &#8211; Balsam do demakija\u017cu","og_url":"https:\/\/admincentral.selleetools.com\/pl\/product\/heimish-all-clean-balm-120-ml-balsam-do-demakijazu\/","og_site_name":"Selleetools.com","article_modified_time":"2026-03-17T22:25:47+00:00","og_image":[{"width":900,"height":900,"url":"https:\/\/selleetools.com\/wp-content\/uploads\/2025\/10\/6a03ae2fe6c24a3142fbc6a1d07d5b2d.jpg","type":"image\/jpeg"}],"twitter_card":"summary_large_image","twitter_misc":{"Est. reading time":"1 minuta"},"schema":{"@context":"https:\/\/schema.org","@graph":[{"@type":"Organization","@id":"https:\/\/selleetools.com\/#organization","name":"Selleetools","url":"https:\/\/selleetools.com\/","sameAs":[],"logo":{"@type":"ImageObject","inLanguage":"pl-PL","@id":"https:\/\/selleetools.com\/#\/schema\/logo\/image\/","url":"https:\/\/selleetools.com\/wp-content\/uploads\/2021\/10\/logo-dark.png","contentUrl":"https:\/\/selleetools.com\/wp-content\/uploads\/2021\/10\/logo-dark.png","width":320,"height":76,"caption":"Selleetools"},"image":{"@id":"https:\/\/selleetools.com\/#\/schema\/logo\/image\/"}},{"@type":"WebSite","@id":"https:\/\/selleetools.com\/#website","url":"https:\/\/selleetools.com\/","name":"Selleetools.com","description":"","publisher":{"@id":"https:\/\/selleetools.com\/#organization"},"potentialAction":[{"@type":"SearchAction","target":{"@type":"EntryPoint","urlTemplate":"https:\/\/selleetools.com\/?s={search_term_string}"},"query-input":"required name=search_term_string"}],"inLanguage":"pl-PL"},{"@type":"WebPage","@id":"https:\/\/admincentral.selleetools.com\/pl\/product\/heimish-all-clean-balm-120-ml-balsam-do-demakijazu\/","url":"https:\/\/admincentral.selleetools.com\/pl\/product\/heimish-all-clean-balm-120-ml-balsam-do-demakijazu\/","name":"HEIMISH All clean balm 120 ml - Balsam do demakija\u017cu - Selleetools.com","isPartOf":{"@id":"https:\/\/selleetools.com\/#website"},"datePublished":"2025-10-22T05:40:08+00:00","dateModified":"2026-03-17T22:25:47+00:00","breadcrumb":{"@id":"https:\/\/admincentral.selleetools.com\/pl\/product\/heimish-all-clean-balm-120-ml-balsam-do-demakijazu\/#breadcrumb"},"inLanguage":"pl-PL","potentialAction":[{"@type":"ReadAction","target":["https:\/\/admincentral.selleetools.com\/pl\/product\/heimish-all-clean-balm-120-ml-balsam-do-demakijazu\/"]}]},{"@type":"BreadcrumbList","@id":"https:\/\/admincentral.selleetools.com\/pl\/product\/heimish-all-clean-balm-120-ml-balsam-do-demakijazu\/#breadcrumb","itemListElement":[{"@type":"ListItem","position":1,"name":"Home","item":"https:\/\/selleetools.com\/pl\/"},{"@type":"ListItem","position":2,"name":"Katalog","item":"https:\/\/selleetools.com\/pl\/katalog\/"},{"@type":"ListItem","position":3,"name":"HEIMISH All clean balm 120 ml &#8211; Balsam do demakija\u017cu"}]}]}},"_links":{"self":[{"href":"https:\/\/selleetools.com\/pl\/wp-json\/wp\/v2\/product\/596197"}],"collection":[{"href":"https:\/\/selleetools.com\/pl\/wp-json\/wp\/v2\/product"}],"about":[{"href":"https:\/\/selleetools.com\/pl\/wp-json\/wp\/v2\/types\/product"}],"replies":[{"embeddable":true,"href":"https:\/\/selleetools.com\/pl\/wp-json\/wp\/v2\/comments?post=596197"}],"wp:featuredmedia":[{"embeddable":true,"href":"https:\/\/selleetools.com\/pl\/wp-json\/wp\/v2\/media\/596191"}],"wp:attachment":[{"href":"https:\/\/selleetools.com\/pl\/wp-json\/wp\/v2\/media?parent=596197"}],"curies":[{"name":"wp","href":"https:\/\/api.w.org\/{rel}","templated":true}]}}