{"id":596190,"date":"2025-10-22T07:40:04","date_gmt":"2025-10-22T05:40:04","guid":{"rendered":"https:\/\/selleetools.com\/?post_type=product&#038;p=596190"},"modified":"2025-11-12T08:00:14","modified_gmt":"2025-11-12T07:00:14","slug":"cosrx-acne-pimple-master-patch-24-szt-plasterki-na-wypryski","status":"publish","type":"product","link":"https:\/\/selleetools.com\/pl\/product\/cosrx-acne-pimple-master-patch-24-szt-plasterki-na-wypryski\/","title":{"rendered":"COSRX Acne Pimple Master Patch, 24 szt. &#8211; plasterki na wypryski"},"content":{"rendered":"<p><font style=\"font-size: 12px;\">COSRX Acne Pimple Master Patch to innowacyjny produkt przeznaczony do punktowego leczenia wyprysk\u00f3w i niedoskona\u0142o\u015bci sk\u00f3ry. Opakowanie zawiera 24 hydro\u017celowe plasterki w r\u00f3\u017cnych rozmiarach, kt\u00f3re skutecznie pomagaj\u0105 w walce z tr\u0105dzikiem i zapobiegaj\u0105 dalszym stanom zapalnym.<\/font><\/p>\n<h4><font style=\"font-size: 12px;\">Korzy\u015bci dla sk\u00f3ry<\/font><\/h4>\n<ol>\n<li><font style=\"font-size: 12px;\"><strong>Szybkie dzia\u0142anie<\/strong>: Plasterki dzia\u0142aj\u0105 w nocy, pomagaj\u0105c zmniejszy\u0107 wypryski ju\u017c po jednym u\u017cyciu.<\/font><\/li>\n<li><font style=\"font-size: 12px;\"><strong>Ochrona i leczenie<\/strong>: Chroni\u0105 wyprysk przed zanieczyszczeniami i bakteriami, jednocze\u015bnie przyspieszaj\u0105c proces gojenia.<\/font><\/li>\n<li><font style=\"font-size: 12px;\"><strong>Praktyczno\u015b\u0107<\/strong>: Dyskretne i \u0142atwe w u\u017cyciu, mog\u0105 by\u0107 stosowane zar\u00f3wno w dzie\u0144, jak i w nocy.<\/font><\/li>\n<li><font style=\"font-size: 12px;\"><strong>Zmniejszenie blizn<\/strong>: Pomagaj\u0105 zapobiega\u0107 tworzeniu si\u0119 blizn po tr\u0105dziku.<\/font><\/li>\n<li><font style=\"font-size: 12px;\"><strong>Hydrokoloidowa technologia<\/strong>: Plasterki wykorzystuj\u0105 technologi\u0119 hydrokoloidu, kt\u00f3ra absorbuje wydzieliny i przyspiesza regeneracj\u0119 sk\u00f3ry.<\/font><\/li>\n<\/ol>\n<h4><font style=\"font-size: 12px;\">Spos\u00f3b u\u017cycia<\/font><\/h4>\n<ol>\n<li><font style=\"font-size: 12px;\"><strong>Przygotowanie sk\u00f3ry<\/strong>: Dok\u0142adnie oczy\u015b\u0107 i osusz obszar sk\u00f3ry, na kt\u00f3rym zamierzasz u\u017cy\u0107 plasterka.<\/font><\/li>\n<li><font style=\"font-size: 12px;\"><strong>Aplikacja plasterka<\/strong>: Delikatnie zdejmij plasterek z folii ochronnej i na\u0142\u00f3\u017c go bezpo\u015brednio na wyprysk. Upewnij si\u0119, \u017ce plasterek przylega dobrze do sk\u00f3ry.<\/font><\/li>\n<li><font style=\"font-size: 12px;\"><strong>Czas dzia\u0142ania<\/strong>: Pozostaw plasterek na sk\u00f3rze przez 6-8 godzin lub do momentu, gdy zmieni kolor na bia\u0142y, co oznacza, \u017ce wch\u0142on\u0105\u0142 wydzieliny.<\/font><\/li>\n<li><font style=\"font-size: 12px;\"><strong>Usuwanie plasterka<\/strong>: Ostro\u017cnie zdejmij plasterek i, je\u015bli to konieczne, na\u0142\u00f3\u017c nowy, aby kontynuowa\u0107 leczenie.<\/font><\/li>\n<\/ol>\n<h3><font style=\"font-size: 12px;\">Podsumowanie<\/font><\/h3>\n<p><font style=\"font-size: 12px;\">COSRX Acne Pimple Master Patch to idealne rozwi\u0105zanie dla os\u00f3b borykaj\u0105cych si\u0119 z tr\u0105dzikiem. Dzi\u0119ki szybkiemu dzia\u0142aniu, ochronie przed zanieczyszczeniami i dyskretnej formie, plasterki te s\u0105 nieodzownym elementem ka\u017cdej rutyny piel\u0119gnacyjnej, szczeg\u00f3lnie dla os\u00f3b, kt\u00f3re pragn\u0105 szybkiego i skutecznego rozwi\u0105zania problem\u00f3w sk\u00f3rnych.<\/font><\/p>\n","protected":false},"excerpt":{"rendered":"<p>COSRX Acne Pimple Master Patch to innowacyjny produkt przeznaczony do punktowego leczenia wyprysk\u00f3w i niedoskona\u0142o\u015bci sk\u00f3ry. Opakowanie zawiera 24 hydro\u017celowe plasterki w r\u00f3\u017cnych rozmiarach, kt\u00f3re skutecznie pomagaj\u0105 w walce z tr\u0105dzikiem i zapobiegaj\u0105 dalszym stanom zapalnym. Korzy\u015bci dla sk\u00f3ry Szybkie dzia\u0142anie: Plasterki dzia\u0142aj\u0105 w nocy, pomagaj\u0105c zmniejszy\u0107 wypryski ju\u017c po jednym u\u017cyciu. Ochrona i leczenie: &#8230; <a title=\"COSRX Acne Pimple Master Patch, 24 szt. &#8211; plasterki na wypryski\" class=\"read-more\" href=\"https:\/\/selleetools.com\/pl\/product\/cosrx-acne-pimple-master-patch-24-szt-plasterki-na-wypryski\/\">Read more<span class=\"screen-reader-text\">COSRX Acne Pimple Master Patch, 24 szt. &#8211; plasterki na wypryski<\/span><\/a><\/p>\n","protected":false},"featured_media":596188,"comment_status":"open","ping_status":"closed","template":"","meta":{"_links_to":"","_links_to_target":""},"yoast_head":"<!-- This site is optimized with the Yoast SEO plugin v19.4 - https:\/\/yoast.com\/wordpress\/plugins\/seo\/ -->\n<title>COSRX Acne Pimple Master Patch, 24 szt. - plasterki na wypryski - Selleetools.com<\/title>\n<meta name=\"robots\" content=\"index, follow, max-snippet:-1, max-image-preview:large, max-video-preview:-1\" \/>\n<link rel=\"canonical\" href=\"https:\/\/selleetools.com\/pl\/product\/cosrx-acne-pimple-master-patch-24-szt-plasterki-na-wypryski\/\" \/>\n<meta property=\"og:locale\" content=\"pl_PL\" \/>\n<meta property=\"og:type\" content=\"article\" \/>\n<meta property=\"og:title\" content=\"COSRX Acne Pimple Master Patch, 24 szt. - plasterki na wypryski - Selleetools.com\" \/>\n<meta property=\"og:description\" content=\"COSRX Acne Pimple Master Patch to innowacyjny produkt przeznaczony do punktowego leczenia wyprysk\u00f3w i niedoskona\u0142o\u015bci sk\u00f3ry. Opakowanie zawiera 24 hydro\u017celowe plasterki w r\u00f3\u017cnych rozmiarach, kt\u00f3re skutecznie pomagaj\u0105 w walce z tr\u0105dzikiem i zapobiegaj\u0105 dalszym stanom zapalnym. Korzy\u015bci dla sk\u00f3ry Szybkie dzia\u0142anie: Plasterki dzia\u0142aj\u0105 w nocy, pomagaj\u0105c zmniejszy\u0107 wypryski ju\u017c po jednym u\u017cyciu. Ochrona i leczenie: ... Read moreCOSRX Acne Pimple Master Patch, 24 szt. &#8211; plasterki na wypryski\" \/>\n<meta property=\"og:url\" content=\"https:\/\/selleetools.com\/pl\/product\/cosrx-acne-pimple-master-patch-24-szt-plasterki-na-wypryski\/\" \/>\n<meta property=\"og:site_name\" content=\"Selleetools.com\" \/>\n<meta property=\"article:modified_time\" content=\"2025-11-12T07:00:14+00:00\" \/>\n<meta property=\"og:image\" content=\"https:\/\/selleetools.com\/wp-content\/uploads\/2025\/10\/31afb5152f448d9e6d486b89e8f8ca65.jpg\" \/>\n\t<meta property=\"og:image:width\" content=\"800\" \/>\n\t<meta property=\"og:image:height\" content=\"800\" \/>\n\t<meta property=\"og:image:type\" content=\"image\/jpeg\" \/>\n<meta name=\"twitter:card\" content=\"summary_large_image\" \/>\n<meta name=\"twitter:label1\" content=\"Est. reading time\" \/>\n\t<meta name=\"twitter:data1\" content=\"1 minuta\" \/>\n<!-- \/ Yoast SEO plugin. -->","yoast_head_json":{"title":"COSRX Acne Pimple Master Patch, 24 szt. - plasterki na wypryski - Selleetools.com","robots":{"index":"index","follow":"follow","max-snippet":"max-snippet:-1","max-image-preview":"max-image-preview:large","max-video-preview":"max-video-preview:-1"},"canonical":"https:\/\/selleetools.com\/pl\/product\/cosrx-acne-pimple-master-patch-24-szt-plasterki-na-wypryski\/","og_locale":"pl_PL","og_type":"article","og_title":"COSRX Acne Pimple Master Patch, 24 szt. - plasterki na wypryski - Selleetools.com","og_description":"COSRX Acne Pimple Master Patch to innowacyjny produkt przeznaczony do punktowego leczenia wyprysk\u00f3w i niedoskona\u0142o\u015bci sk\u00f3ry. Opakowanie zawiera 24 hydro\u017celowe plasterki w r\u00f3\u017cnych rozmiarach, kt\u00f3re skutecznie pomagaj\u0105 w walce z tr\u0105dzikiem i zapobiegaj\u0105 dalszym stanom zapalnym. Korzy\u015bci dla sk\u00f3ry Szybkie dzia\u0142anie: Plasterki dzia\u0142aj\u0105 w nocy, pomagaj\u0105c zmniejszy\u0107 wypryski ju\u017c po jednym u\u017cyciu. Ochrona i leczenie: ... Read moreCOSRX Acne Pimple Master Patch, 24 szt. &#8211; plasterki na wypryski","og_url":"https:\/\/selleetools.com\/pl\/product\/cosrx-acne-pimple-master-patch-24-szt-plasterki-na-wypryski\/","og_site_name":"Selleetools.com","article_modified_time":"2025-11-12T07:00:14+00:00","og_image":[{"width":800,"height":800,"url":"https:\/\/selleetools.com\/wp-content\/uploads\/2025\/10\/31afb5152f448d9e6d486b89e8f8ca65.jpg","type":"image\/jpeg"}],"twitter_card":"summary_large_image","twitter_misc":{"Est. reading time":"1 minuta"},"schema":{"@context":"https:\/\/schema.org","@graph":[{"@type":"Organization","@id":"https:\/\/selleetools.com\/#organization","name":"Selleetools","url":"https:\/\/selleetools.com\/","sameAs":[],"logo":{"@type":"ImageObject","inLanguage":"pl-PL","@id":"https:\/\/selleetools.com\/#\/schema\/logo\/image\/","url":"https:\/\/selleetools.com\/wp-content\/uploads\/2021\/10\/logo-dark.png","contentUrl":"https:\/\/selleetools.com\/wp-content\/uploads\/2021\/10\/logo-dark.png","width":320,"height":76,"caption":"Selleetools"},"image":{"@id":"https:\/\/selleetools.com\/#\/schema\/logo\/image\/"}},{"@type":"WebSite","@id":"https:\/\/selleetools.com\/#website","url":"https:\/\/selleetools.com\/","name":"Selleetools.com","description":"","publisher":{"@id":"https:\/\/selleetools.com\/#organization"},"potentialAction":[{"@type":"SearchAction","target":{"@type":"EntryPoint","urlTemplate":"https:\/\/selleetools.com\/?s={search_term_string}"},"query-input":"required name=search_term_string"}],"inLanguage":"pl-PL"},{"@type":"WebPage","@id":"https:\/\/selleetools.com\/pl\/product\/cosrx-acne-pimple-master-patch-24-szt-plasterki-na-wypryski\/","url":"https:\/\/selleetools.com\/pl\/product\/cosrx-acne-pimple-master-patch-24-szt-plasterki-na-wypryski\/","name":"COSRX Acne Pimple Master Patch, 24 szt. - plasterki na wypryski - Selleetools.com","isPartOf":{"@id":"https:\/\/selleetools.com\/#website"},"datePublished":"2025-10-22T05:40:04+00:00","dateModified":"2025-11-12T07:00:14+00:00","breadcrumb":{"@id":"https:\/\/selleetools.com\/pl\/product\/cosrx-acne-pimple-master-patch-24-szt-plasterki-na-wypryski\/#breadcrumb"},"inLanguage":"pl-PL","potentialAction":[{"@type":"ReadAction","target":["https:\/\/selleetools.com\/pl\/product\/cosrx-acne-pimple-master-patch-24-szt-plasterki-na-wypryski\/"]}]},{"@type":"BreadcrumbList","@id":"https:\/\/selleetools.com\/pl\/product\/cosrx-acne-pimple-master-patch-24-szt-plasterki-na-wypryski\/#breadcrumb","itemListElement":[{"@type":"ListItem","position":1,"name":"Home","item":"https:\/\/selleetools.com\/pl\/"},{"@type":"ListItem","position":2,"name":"Katalog","item":"https:\/\/selleetools.com\/pl\/katalog\/"},{"@type":"ListItem","position":3,"name":"COSRX Acne Pimple Master Patch, 24 szt. &#8211; plasterki na wypryski"}]}]}},"_links":{"self":[{"href":"https:\/\/selleetools.com\/pl\/wp-json\/wp\/v2\/product\/596190"}],"collection":[{"href":"https:\/\/selleetools.com\/pl\/wp-json\/wp\/v2\/product"}],"about":[{"href":"https:\/\/selleetools.com\/pl\/wp-json\/wp\/v2\/types\/product"}],"replies":[{"embeddable":true,"href":"https:\/\/selleetools.com\/pl\/wp-json\/wp\/v2\/comments?post=596190"}],"wp:featuredmedia":[{"embeddable":true,"href":"https:\/\/selleetools.com\/pl\/wp-json\/wp\/v2\/media\/596188"}],"wp:attachment":[{"href":"https:\/\/selleetools.com\/pl\/wp-json\/wp\/v2\/media?parent=596190"}],"curies":[{"name":"wp","href":"https:\/\/api.w.org\/{rel}","templated":true}]}}