{"id":539446,"date":"2025-08-21T16:01:35","date_gmt":"2025-08-21T14:01:35","guid":{"rendered":"https:\/\/selleetools.com\/?post_type=product&#038;p=539446"},"modified":"2025-12-02T20:21:31","modified_gmt":"2025-12-02T19:21:31","slug":"zinus-nakladka-na-materac-135-x-190-cm-wysokosc-75-cm","status":"publish","type":"product","link":"https:\/\/selleetools.com\/pl\/product\/zinus-nakladka-na-materac-135-x-190-cm-wysokosc-75-cm\/","title":{"rendered":"Zinus Nak\u0142adka na materac 135 x 190 cm &#8211; wysoko\u015b\u0107 7,5 cm"},"content":{"rendered":"<section class=\"section\">\n<div class=\"item item-12\">\n<section class=\"text-item\">\n<h1>Zinus Ochraniacz na materac 140 x 190 cm &#8211; wysoko\u015b\u0107 7,6 cm &#8211; Materac z pianki memory z \u017celem ch\u0142odz\u0105cym &#8211; ochraniacz na materac &#8211; certyfikat OEKO-TEX<\/h1>\n<\/section>\n<\/div>\n<\/section>\n<section class=\"section\">\n<div class=\"item item-6\">\n<section class=\"image-item\"><img src=\"https:\/\/upload.cdn.baselinker.com\/products\/5015626\/eb2b5c015f2e782ba4bea2b3ddb304ed.jpg\" \/><\/section>\n<\/div>\n<div class=\"item item-6\">\n<section class=\"text-item\">\n<ul>\n<li>Ch\u0142odz\u0105ce przytulki, g\u0142\u0119boki sen: Nasz najbardziej ch\u0142odz\u0105cy pokrowiec na materac w historii jest wyposa\u017cony w \u017cel do regulacji temperatury i piank\u0119 pami\u0119ci, aby materac by\u0142 naprawd\u0119 \u015bwietny i gwarantuje orze\u017awiaj\u0105cy sen ka\u017cdej nocy<\/li>\n<li>KOMFORT WZORNICTWA: Wykonana z pianki pami\u0119ciowej, kt\u00f3ra otula Tw\u00f3j kszta\u0142t podczas snu i \u0142agodzi stres z punkt\u00f3w nacisku, pozwalaj\u0105c obudzi\u0107 si\u0119 ch\u0142odno i bezbole\u015bnie<\/li>\n<\/ul>\n<\/section>\n<\/div>\n<\/section>\n<section class=\"section\">\n<div class=\"item item-6\">\n<section class=\"text-item\">\n<ul>\n<li>KOMPETENCJONALNE OPAKOWANIE: Dzi\u0119ki naszej technologii materac jest skutecznie skompresowany w pude\u0142ku, kt\u00f3re mo\u017cna \u0142atwo dostarczy\u0107 do domu. Wystarczy rozpakowa\u0107 i rozwin\u0105\u0107 \u2013 materac zajmie si\u0119 reszt\u0105 i rozszerzy si\u0119 do swojego pierwotnego kszta\u0142tu w ci\u0105gu 72 godzin.<\/li>\n<\/ul>\n<\/section>\n<\/div>\n<div class=\"item item-6\">\n<section class=\"image-item\"><img src=\"https:\/\/upload.cdn.baselinker.com\/products\/5015626\/ac3adb37f44fe04f49cab9dc7276106b.jpg\" \/><\/section>\n<\/div>\n<\/section>\n<section class=\"section\">\n<div class=\"item item-6\">\n<section class=\"image-item\"><img src=\"https:\/\/upload.cdn.baselinker.com\/products\/5015626\/1e420e6e79b24db92ce34687823a4b7d.jpg\" \/><\/section>\n<\/div>\n<div class=\"item item-6\">\n<section class=\"text-item\">\n<ul>\n<li>Certyfikat: Nasza wysokiej jako\u015bci pianka jest wolna od szkodliwych substancji i posiada certyfikat OEKO-TEX pod wzgl\u0119dem wydajno\u015bci, aby zapewni\u0107 wysokie standardy bezpiecze\u0144stwa i tekstyli\u00f3w.<\/li>\n<\/ul>\n<\/section>\n<\/div>\n<\/section>\n<section class=\"section\">\n<div class=\"item item-6\">\n<section class=\"image-item\"><img src=\"https:\/\/upload.cdn.baselinker.com\/products\/5015626\/6dbb23157031d0a5647ac18504bc3b03.jpg\" \/><\/section>\n<\/div>\n<div class=\"item item-6\">\n<section class=\"image-item\"><img src=\"https:\/\/upload.cdn.baselinker.com\/products\/5015626\/6dbb23157031d0a5647ac18504bc3b03.jpg\" \/><\/section>\n<\/div>\n<\/section>\n","protected":false},"excerpt":{"rendered":"<p>Zinus Ochraniacz na materac 140 x 190 cm &#8211; wysoko\u015b\u0107 7,6 cm &#8211; Materac z pianki memory z \u017celem ch\u0142odz\u0105cym &#8211; ochraniacz na materac &#8211; certyfikat OEKO-TEX Ch\u0142odz\u0105ce przytulki, g\u0142\u0119boki sen: Nasz najbardziej ch\u0142odz\u0105cy pokrowiec na materac w historii jest wyposa\u017cony w \u017cel do regulacji temperatury i piank\u0119 pami\u0119ci, aby materac by\u0142 naprawd\u0119 \u015bwietny i &#8230; <a title=\"Zinus Nak\u0142adka na materac 135 x 190 cm &#8211; wysoko\u015b\u0107 7,5 cm\" class=\"read-more\" href=\"https:\/\/selleetools.com\/pl\/product\/zinus-nakladka-na-materac-135-x-190-cm-wysokosc-75-cm\/\">Read more<span class=\"screen-reader-text\">Zinus Nak\u0142adka na materac 135 x 190 cm &#8211; wysoko\u015b\u0107 7,5 cm<\/span><\/a><\/p>\n","protected":false},"featured_media":539434,"comment_status":"closed","ping_status":"closed","template":"","meta":{"_links_to":"","_links_to_target":""},"yoast_head":"<!-- This site is optimized with the Yoast SEO plugin v19.4 - https:\/\/yoast.com\/wordpress\/plugins\/seo\/ -->\n<title>Zinus Nak\u0142adka na materac 135 x 190 cm - wysoko\u015b\u0107 7,5 cm - Selleetools.com<\/title>\n<meta name=\"robots\" content=\"index, follow, max-snippet:-1, max-image-preview:large, max-video-preview:-1\" \/>\n<link rel=\"canonical\" href=\"https:\/\/selleetools.com\/pl\/product\/zinus-nakladka-na-materac-135-x-190-cm-wysokosc-75-cm\/\" \/>\n<meta property=\"og:locale\" content=\"pl_PL\" \/>\n<meta property=\"og:type\" content=\"article\" \/>\n<meta property=\"og:title\" content=\"Zinus Nak\u0142adka na materac 135 x 190 cm - wysoko\u015b\u0107 7,5 cm - Selleetools.com\" \/>\n<meta property=\"og:description\" content=\"Zinus Ochraniacz na materac 140 x 190 cm &#8211; wysoko\u015b\u0107 7,6 cm &#8211; Materac z pianki memory z \u017celem ch\u0142odz\u0105cym &#8211; ochraniacz na materac &#8211; certyfikat OEKO-TEX Ch\u0142odz\u0105ce przytulki, g\u0142\u0119boki sen: Nasz najbardziej ch\u0142odz\u0105cy pokrowiec na materac w historii jest wyposa\u017cony w \u017cel do regulacji temperatury i piank\u0119 pami\u0119ci, aby materac by\u0142 naprawd\u0119 \u015bwietny i ... Read moreZinus Nak\u0142adka na materac 135 x 190 cm &#8211; wysoko\u015b\u0107 7,5 cm\" \/>\n<meta property=\"og:url\" content=\"https:\/\/selleetools.com\/pl\/product\/zinus-nakladka-na-materac-135-x-190-cm-wysokosc-75-cm\/\" \/>\n<meta property=\"og:site_name\" content=\"Selleetools.com\" \/>\n<meta property=\"article:modified_time\" content=\"2025-12-02T19:21:31+00:00\" \/>\n<meta property=\"og:image\" content=\"https:\/\/selleetools.com\/wp-content\/uploads\/2025\/08\/efa07371e19d1a09003406c308ba51f9.jpg\" \/>\n\t<meta property=\"og:image:width\" content=\"1500\" \/>\n\t<meta property=\"og:image:height\" content=\"1500\" \/>\n\t<meta property=\"og:image:type\" content=\"image\/jpeg\" \/>\n<meta name=\"twitter:card\" content=\"summary_large_image\" \/>\n<meta name=\"twitter:label1\" content=\"Est. reading time\" \/>\n\t<meta name=\"twitter:data1\" content=\"1 minuta\" \/>\n<!-- \/ Yoast SEO plugin. -->","yoast_head_json":{"title":"Zinus Nak\u0142adka na materac 135 x 190 cm - wysoko\u015b\u0107 7,5 cm - Selleetools.com","robots":{"index":"index","follow":"follow","max-snippet":"max-snippet:-1","max-image-preview":"max-image-preview:large","max-video-preview":"max-video-preview:-1"},"canonical":"https:\/\/selleetools.com\/pl\/product\/zinus-nakladka-na-materac-135-x-190-cm-wysokosc-75-cm\/","og_locale":"pl_PL","og_type":"article","og_title":"Zinus Nak\u0142adka na materac 135 x 190 cm - wysoko\u015b\u0107 7,5 cm - Selleetools.com","og_description":"Zinus Ochraniacz na materac 140 x 190 cm &#8211; wysoko\u015b\u0107 7,6 cm &#8211; Materac z pianki memory z \u017celem ch\u0142odz\u0105cym &#8211; ochraniacz na materac &#8211; certyfikat OEKO-TEX Ch\u0142odz\u0105ce przytulki, g\u0142\u0119boki sen: Nasz najbardziej ch\u0142odz\u0105cy pokrowiec na materac w historii jest wyposa\u017cony w \u017cel do regulacji temperatury i piank\u0119 pami\u0119ci, aby materac by\u0142 naprawd\u0119 \u015bwietny i ... Read moreZinus Nak\u0142adka na materac 135 x 190 cm &#8211; wysoko\u015b\u0107 7,5 cm","og_url":"https:\/\/selleetools.com\/pl\/product\/zinus-nakladka-na-materac-135-x-190-cm-wysokosc-75-cm\/","og_site_name":"Selleetools.com","article_modified_time":"2025-12-02T19:21:31+00:00","og_image":[{"width":1500,"height":1500,"url":"https:\/\/selleetools.com\/wp-content\/uploads\/2025\/08\/efa07371e19d1a09003406c308ba51f9.jpg","type":"image\/jpeg"}],"twitter_card":"summary_large_image","twitter_misc":{"Est. reading time":"1 minuta"},"schema":{"@context":"https:\/\/schema.org","@graph":[{"@type":"Organization","@id":"https:\/\/selleetools.com\/#organization","name":"Selleetools","url":"https:\/\/selleetools.com\/","sameAs":[],"logo":{"@type":"ImageObject","inLanguage":"pl-PL","@id":"https:\/\/selleetools.com\/#\/schema\/logo\/image\/","url":"https:\/\/selleetools.com\/wp-content\/uploads\/2021\/10\/logo-dark.png","contentUrl":"https:\/\/selleetools.com\/wp-content\/uploads\/2021\/10\/logo-dark.png","width":320,"height":76,"caption":"Selleetools"},"image":{"@id":"https:\/\/selleetools.com\/#\/schema\/logo\/image\/"}},{"@type":"WebSite","@id":"https:\/\/selleetools.com\/#website","url":"https:\/\/selleetools.com\/","name":"Selleetools.com","description":"","publisher":{"@id":"https:\/\/selleetools.com\/#organization"},"potentialAction":[{"@type":"SearchAction","target":{"@type":"EntryPoint","urlTemplate":"https:\/\/selleetools.com\/?s={search_term_string}"},"query-input":"required name=search_term_string"}],"inLanguage":"pl-PL"},{"@type":"WebPage","@id":"https:\/\/selleetools.com\/pl\/product\/zinus-nakladka-na-materac-135-x-190-cm-wysokosc-75-cm\/","url":"https:\/\/selleetools.com\/pl\/product\/zinus-nakladka-na-materac-135-x-190-cm-wysokosc-75-cm\/","name":"Zinus Nak\u0142adka na materac 135 x 190 cm - wysoko\u015b\u0107 7,5 cm - Selleetools.com","isPartOf":{"@id":"https:\/\/selleetools.com\/#website"},"datePublished":"2025-08-21T14:01:35+00:00","dateModified":"2025-12-02T19:21:31+00:00","breadcrumb":{"@id":"https:\/\/selleetools.com\/pl\/product\/zinus-nakladka-na-materac-135-x-190-cm-wysokosc-75-cm\/#breadcrumb"},"inLanguage":"pl-PL","potentialAction":[{"@type":"ReadAction","target":["https:\/\/selleetools.com\/pl\/product\/zinus-nakladka-na-materac-135-x-190-cm-wysokosc-75-cm\/"]}]},{"@type":"BreadcrumbList","@id":"https:\/\/selleetools.com\/pl\/product\/zinus-nakladka-na-materac-135-x-190-cm-wysokosc-75-cm\/#breadcrumb","itemListElement":[{"@type":"ListItem","position":1,"name":"Home","item":"https:\/\/selleetools.com\/pl\/"},{"@type":"ListItem","position":2,"name":"Katalog","item":"https:\/\/selleetools.com\/pl\/katalog\/"},{"@type":"ListItem","position":3,"name":"Zinus Nak\u0142adka na materac 135 x 190 cm &#8211; wysoko\u015b\u0107 7,5 cm"}]}]}},"_links":{"self":[{"href":"https:\/\/selleetools.com\/pl\/wp-json\/wp\/v2\/product\/539446"}],"collection":[{"href":"https:\/\/selleetools.com\/pl\/wp-json\/wp\/v2\/product"}],"about":[{"href":"https:\/\/selleetools.com\/pl\/wp-json\/wp\/v2\/types\/product"}],"replies":[{"embeddable":true,"href":"https:\/\/selleetools.com\/pl\/wp-json\/wp\/v2\/comments?post=539446"}],"wp:featuredmedia":[{"embeddable":true,"href":"https:\/\/selleetools.com\/pl\/wp-json\/wp\/v2\/media\/539434"}],"wp:attachment":[{"href":"https:\/\/selleetools.com\/pl\/wp-json\/wp\/v2\/media?parent=539446"}],"curies":[{"name":"wp","href":"https:\/\/api.w.org\/{rel}","templated":true}]}}