{"id":539377,"date":"2025-08-21T16:00:59","date_gmt":"2025-08-21T14:00:59","guid":{"rendered":"https:\/\/selleetools.com\/?post_type=product&#038;p=539377"},"modified":"2025-12-02T20:21:32","modified_gmt":"2025-12-02T19:21:32","slug":"haotao-latarnia-sloneczna-solarna-na-zewnatrz","status":"publish","type":"product","link":"https:\/\/selleetools.com\/pl\/product\/haotao-latarnia-sloneczna-solarna-na-zewnatrz\/","title":{"rendered":"Haotao Latarnia s\u0142oneczna solarna na zewn\u0105trz"},"content":{"rendered":"<section class=\"section\">\n<div class=\"item item-6\">\n<section class=\"text-item\">\n<ul>\n<li>Latarnia solarna: akumulator \u0142adowany \u015bwiat\u0142em s\u0142onecznym ma pojemno\u015b\u0107 600 mAh i mo\u017ce \u015bwieci\u0107 w ciemno\u015bci od 8 do 10 godzin.<\/li>\n<li>AUTOMATYCZNE W\u0141\u0104CZANIE\/WY\u0141\u0104CZANIE: W\u0142\u0105cz przycisk z ty\u0142u panelu s\u0142onecznego, a diody LED latarni b\u0119d\u0105 automatycznie w\u0142\u0105cza\u0107 si\u0119 ka\u017cdej nocy i gasn\u0105\u0107 rano.<\/li>\n<\/ul>\n<\/section>\n<\/div>\n<div class=\"item item-6\">\n<section class=\"image-item\"><img src=\"https:\/\/upload.cdn.baselinker.com\/products\/5015626\/e67d0628a4aa7db3910e3f7a32861a9f.jpg\" \/><\/section>\n<\/div>\n<\/section>\n<section class=\"section\">\n<div class=\"item item-6\">\n<section class=\"text-item\">\n<ul>\n<li>Wysoka jako\u015b\u0107: latarnia solarna wykonana jest z metalu i pokryta wewn\u0105trz i na zewn\u0105trz stal\u0105 nierdzewn\u0105. Wiatroszczelna, wodoodporna i odporna na zimno, nie musisz si\u0119 martwi\u0107 o pogod\u0119.<\/li>\n<\/ul>\n<\/section>\n<\/div>\n<div class=\"item item-6\">\n<section class=\"image-item\"><img src=\"https:\/\/upload.cdn.baselinker.com\/products\/5015626\/4b9abaf6c39783a920df9bf5d8820772.jpg\" \/><\/section>\n<\/div>\n<\/section>\n<section class=\"section\">\n<div class=\"item item-6\">\n<section class=\"text-item\">\n<ul>\n<li>Wspania\u0142y efekt \u015bwietlny: gdy zapada noc, emituj\u0105 pi\u0119kne \u015bwiat\u0142o i wy\u015bwietlaj\u0105 fascynuj\u0105ce wzory na pod\u0142odze. Dzi\u0119ki temu mo\u017cesz pi\u0119knie o\u015bwietli\u0107 stopnie i ciemne \u015bcie\u017cki.<\/li>\n<li>IDEALNA DEKORACJA OGRODU: Idealny prezent do ogrodu. Te lampy s\u0142oneczne tworz\u0105 romantyczn\u0105 lub \u015bwi\u0105teczn\u0105 atmosfer\u0119 na Halloween, wesela, Bo\u017ce Narodzenie, kemping, grille, baseny, pla\u017ce, ogrody, chodniki, podw\u00f3rza.<\/li>\n<\/ul>\n<\/section>\n<\/div>\n<div class=\"item item-6\">\n<section class=\"image-item\"><img src=\"https:\/\/upload.cdn.baselinker.com\/products\/5015626\/f776cb92c9e0c0fb064b77db37d27db6.jpg\" \/><\/section>\n<\/div>\n<\/section>\n","protected":false},"excerpt":{"rendered":"<p>Latarnia solarna: akumulator \u0142adowany \u015bwiat\u0142em s\u0142onecznym ma pojemno\u015b\u0107 600 mAh i mo\u017ce \u015bwieci\u0107 w ciemno\u015bci od 8 do 10 godzin. AUTOMATYCZNE W\u0141\u0104CZANIE\/WY\u0141\u0104CZANIE: W\u0142\u0105cz przycisk z ty\u0142u panelu s\u0142onecznego, a diody LED latarni b\u0119d\u0105 automatycznie w\u0142\u0105cza\u0107 si\u0119 ka\u017cdej nocy i gasn\u0105\u0107 rano. Wysoka jako\u015b\u0107: latarnia solarna wykonana jest z metalu i pokryta wewn\u0105trz i na zewn\u0105trz &#8230; <a title=\"Haotao Latarnia s\u0142oneczna solarna na zewn\u0105trz\" class=\"read-more\" href=\"https:\/\/selleetools.com\/pl\/product\/haotao-latarnia-sloneczna-solarna-na-zewnatrz\/\">Read more<span class=\"screen-reader-text\">Haotao Latarnia s\u0142oneczna solarna na zewn\u0105trz<\/span><\/a><\/p>\n","protected":false},"featured_media":539367,"comment_status":"closed","ping_status":"closed","template":"","meta":{"_links_to":"","_links_to_target":""},"yoast_head":"<!-- This site is optimized with the Yoast SEO plugin v19.4 - https:\/\/yoast.com\/wordpress\/plugins\/seo\/ -->\n<title>Haotao Latarnia s\u0142oneczna solarna na zewn\u0105trz - Selleetools.com<\/title>\n<meta name=\"robots\" content=\"index, follow, max-snippet:-1, max-image-preview:large, max-video-preview:-1\" \/>\n<link rel=\"canonical\" href=\"https:\/\/admincentral.selleetools.com\/pl\/product\/haotao-latarnia-sloneczna-solarna-na-zewnatrz\/\" \/>\n<meta property=\"og:locale\" content=\"pl_PL\" \/>\n<meta property=\"og:type\" content=\"article\" \/>\n<meta property=\"og:title\" content=\"Haotao Latarnia s\u0142oneczna solarna na zewn\u0105trz - Selleetools.com\" \/>\n<meta property=\"og:description\" content=\"Latarnia solarna: akumulator \u0142adowany \u015bwiat\u0142em s\u0142onecznym ma pojemno\u015b\u0107 600 mAh i mo\u017ce \u015bwieci\u0107 w ciemno\u015bci od 8 do 10 godzin. AUTOMATYCZNE W\u0141\u0104CZANIE\/WY\u0141\u0104CZANIE: W\u0142\u0105cz przycisk z ty\u0142u panelu s\u0142onecznego, a diody LED latarni b\u0119d\u0105 automatycznie w\u0142\u0105cza\u0107 si\u0119 ka\u017cdej nocy i gasn\u0105\u0107 rano. Wysoka jako\u015b\u0107: latarnia solarna wykonana jest z metalu i pokryta wewn\u0105trz i na zewn\u0105trz ... Read moreHaotao Latarnia s\u0142oneczna solarna na zewn\u0105trz\" \/>\n<meta property=\"og:url\" content=\"https:\/\/admincentral.selleetools.com\/pl\/product\/haotao-latarnia-sloneczna-solarna-na-zewnatrz\/\" \/>\n<meta property=\"og:site_name\" content=\"Selleetools.com\" \/>\n<meta property=\"article:modified_time\" content=\"2025-12-02T19:21:32+00:00\" \/>\n<meta property=\"og:image\" content=\"https:\/\/selleetools.com\/wp-content\/uploads\/2025\/08\/fedc264d3698dfb503bc76e9c2af5726.jpg\" \/>\n\t<meta property=\"og:image:width\" content=\"679\" \/>\n\t<meta property=\"og:image:height\" content=\"679\" \/>\n\t<meta property=\"og:image:type\" content=\"image\/jpeg\" \/>\n<meta name=\"twitter:card\" content=\"summary_large_image\" \/>\n<meta name=\"twitter:label1\" content=\"Est. reading time\" \/>\n\t<meta name=\"twitter:data1\" content=\"1 minuta\" \/>\n<!-- \/ Yoast SEO plugin. -->","yoast_head_json":{"title":"Haotao Latarnia s\u0142oneczna solarna na zewn\u0105trz - Selleetools.com","robots":{"index":"index","follow":"follow","max-snippet":"max-snippet:-1","max-image-preview":"max-image-preview:large","max-video-preview":"max-video-preview:-1"},"canonical":"https:\/\/admincentral.selleetools.com\/pl\/product\/haotao-latarnia-sloneczna-solarna-na-zewnatrz\/","og_locale":"pl_PL","og_type":"article","og_title":"Haotao Latarnia s\u0142oneczna solarna na zewn\u0105trz - Selleetools.com","og_description":"Latarnia solarna: akumulator \u0142adowany \u015bwiat\u0142em s\u0142onecznym ma pojemno\u015b\u0107 600 mAh i mo\u017ce \u015bwieci\u0107 w ciemno\u015bci od 8 do 10 godzin. AUTOMATYCZNE W\u0141\u0104CZANIE\/WY\u0141\u0104CZANIE: W\u0142\u0105cz przycisk z ty\u0142u panelu s\u0142onecznego, a diody LED latarni b\u0119d\u0105 automatycznie w\u0142\u0105cza\u0107 si\u0119 ka\u017cdej nocy i gasn\u0105\u0107 rano. Wysoka jako\u015b\u0107: latarnia solarna wykonana jest z metalu i pokryta wewn\u0105trz i na zewn\u0105trz ... Read moreHaotao Latarnia s\u0142oneczna solarna na zewn\u0105trz","og_url":"https:\/\/admincentral.selleetools.com\/pl\/product\/haotao-latarnia-sloneczna-solarna-na-zewnatrz\/","og_site_name":"Selleetools.com","article_modified_time":"2025-12-02T19:21:32+00:00","og_image":[{"width":679,"height":679,"url":"https:\/\/selleetools.com\/wp-content\/uploads\/2025\/08\/fedc264d3698dfb503bc76e9c2af5726.jpg","type":"image\/jpeg"}],"twitter_card":"summary_large_image","twitter_misc":{"Est. reading time":"1 minuta"},"schema":{"@context":"https:\/\/schema.org","@graph":[{"@type":"Organization","@id":"https:\/\/selleetools.com\/#organization","name":"Selleetools","url":"https:\/\/selleetools.com\/","sameAs":[],"logo":{"@type":"ImageObject","inLanguage":"pl-PL","@id":"https:\/\/selleetools.com\/#\/schema\/logo\/image\/","url":"https:\/\/selleetools.com\/wp-content\/uploads\/2021\/10\/logo-dark.png","contentUrl":"https:\/\/selleetools.com\/wp-content\/uploads\/2021\/10\/logo-dark.png","width":320,"height":76,"caption":"Selleetools"},"image":{"@id":"https:\/\/selleetools.com\/#\/schema\/logo\/image\/"}},{"@type":"WebSite","@id":"https:\/\/selleetools.com\/#website","url":"https:\/\/selleetools.com\/","name":"Selleetools.com","description":"","publisher":{"@id":"https:\/\/selleetools.com\/#organization"},"potentialAction":[{"@type":"SearchAction","target":{"@type":"EntryPoint","urlTemplate":"https:\/\/selleetools.com\/?s={search_term_string}"},"query-input":"required name=search_term_string"}],"inLanguage":"pl-PL"},{"@type":"WebPage","@id":"https:\/\/admincentral.selleetools.com\/pl\/product\/haotao-latarnia-sloneczna-solarna-na-zewnatrz\/","url":"https:\/\/admincentral.selleetools.com\/pl\/product\/haotao-latarnia-sloneczna-solarna-na-zewnatrz\/","name":"Haotao Latarnia s\u0142oneczna solarna na zewn\u0105trz - Selleetools.com","isPartOf":{"@id":"https:\/\/selleetools.com\/#website"},"datePublished":"2025-08-21T14:00:59+00:00","dateModified":"2025-12-02T19:21:32+00:00","breadcrumb":{"@id":"https:\/\/admincentral.selleetools.com\/pl\/product\/haotao-latarnia-sloneczna-solarna-na-zewnatrz\/#breadcrumb"},"inLanguage":"pl-PL","potentialAction":[{"@type":"ReadAction","target":["https:\/\/admincentral.selleetools.com\/pl\/product\/haotao-latarnia-sloneczna-solarna-na-zewnatrz\/"]}]},{"@type":"BreadcrumbList","@id":"https:\/\/admincentral.selleetools.com\/pl\/product\/haotao-latarnia-sloneczna-solarna-na-zewnatrz\/#breadcrumb","itemListElement":[{"@type":"ListItem","position":1,"name":"Home","item":"https:\/\/selleetools.com\/pl\/"},{"@type":"ListItem","position":2,"name":"Katalog","item":"https:\/\/selleetools.com\/pl\/katalog\/"},{"@type":"ListItem","position":3,"name":"Haotao Latarnia s\u0142oneczna solarna na zewn\u0105trz"}]}]}},"_links":{"self":[{"href":"https:\/\/selleetools.com\/pl\/wp-json\/wp\/v2\/product\/539377"}],"collection":[{"href":"https:\/\/selleetools.com\/pl\/wp-json\/wp\/v2\/product"}],"about":[{"href":"https:\/\/selleetools.com\/pl\/wp-json\/wp\/v2\/types\/product"}],"replies":[{"embeddable":true,"href":"https:\/\/selleetools.com\/pl\/wp-json\/wp\/v2\/comments?post=539377"}],"wp:featuredmedia":[{"embeddable":true,"href":"https:\/\/selleetools.com\/pl\/wp-json\/wp\/v2\/media\/539367"}],"wp:attachment":[{"href":"https:\/\/selleetools.com\/pl\/wp-json\/wp\/v2\/media?parent=539377"}],"curies":[{"name":"wp","href":"https:\/\/api.w.org\/{rel}","templated":true}]}}