{"id":534243,"date":"2025-08-10T23:43:21","date_gmt":"2025-08-10T21:43:21","guid":{"rendered":"https:\/\/selleetools.com\/?post_type=product&#038;p=534243"},"modified":"2025-08-11T00:11:38","modified_gmt":"2025-08-10T22:11:38","slug":"fresk-torba-do-wozka-labedz","status":"publish","type":"product","link":"https:\/\/selleetools.com\/pl\/product\/fresk-torba-do-wozka-labedz\/","title":{"rendered":"Fresk Torba do w\u00f3zka \u0141ab\u0119d\u017a"},"content":{"rendered":"<p class=\"def\">Torba do w\u00f3zka Fresk idealna na spacery dla m\u0142odych rodzic\u00f3w. W \u015brodku du\u017ca komora na pieluszki i inne niezb\u0119dne rzeczy, trzy mniejsze kieszenie, w tym jedna zapinana na suwak oraz dwie odseparowane kieszonki na napoje i przek\u0105ski. Zewn\u0119trzna kieszonka wygodnie zamykana na napy magnetyczne. Torba ma dwa wygodne uchwyty do trzymania w d\u0142oni oraz pasek do zamocowania torby na w\u00f3zku. Dzi\u0119ki sk\u0142adanemu przewijakowi do\u0142\u0105czonemu do torby, z \u0142atwo\u015bci\u0105 przewiniesz malca w drodze.<\/p>\n<p class=\"def\">Sk\u0142ad: 100% poliester, wykonany z przetworzonych butelek PET.<\/p>\n<p class=\"def\">Wymiary torby: 29 x 50 x 17 cm.<\/p>\n<p class=\"def\">Wymiary przewijaka: 53 x 33 cm.<\/p>\n<p class=\"def\">Spos\u00f3b czyszczenia: czy\u015bci\u0107 wilgotn\u0105 szmatk\u0105.<\/p>\n","protected":false},"excerpt":{"rendered":"<p>Torba do w\u00f3zka Fresk idealna na spacery dla m\u0142odych rodzic\u00f3w. W \u015brodku du\u017ca komora na pieluszki i inne niezb\u0119dne rzeczy, trzy mniejsze kieszenie, w tym jedna zapinana na suwak oraz dwie odseparowane kieszonki na napoje i przek\u0105ski. Zewn\u0119trzna kieszonka wygodnie zamykana na napy magnetyczne. Torba ma dwa wygodne uchwyty do trzymania w d\u0142oni oraz pasek &#8230; <a title=\"Fresk Torba do w\u00f3zka \u0141ab\u0119d\u017a\" class=\"read-more\" href=\"https:\/\/selleetools.com\/pl\/product\/fresk-torba-do-wozka-labedz\/\">Read more<span class=\"screen-reader-text\">Fresk Torba do w\u00f3zka \u0141ab\u0119d\u017a<\/span><\/a><\/p>\n","protected":false},"featured_media":534239,"comment_status":"closed","ping_status":"closed","template":"","meta":{"_links_to":"","_links_to_target":""},"yoast_head":"<!-- This site is optimized with the Yoast SEO plugin v19.4 - https:\/\/yoast.com\/wordpress\/plugins\/seo\/ -->\n<title>Fresk Torba do w\u00f3zka \u0141ab\u0119d\u017a - Selleetools.com<\/title>\n<meta name=\"robots\" content=\"index, follow, max-snippet:-1, max-image-preview:large, max-video-preview:-1\" \/>\n<link rel=\"canonical\" href=\"https:\/\/admincentral.selleetools.com\/product\/fresk-torba-do-wozka-labedz\/\" \/>\n<meta property=\"og:locale\" content=\"pl_PL\" \/>\n<meta property=\"og:type\" content=\"article\" \/>\n<meta property=\"og:title\" content=\"Fresk Torba do w\u00f3zka \u0141ab\u0119d\u017a - Selleetools.com\" \/>\n<meta property=\"og:description\" content=\"Torba do w\u00f3zka Fresk idealna na spacery dla m\u0142odych rodzic\u00f3w. W \u015brodku du\u017ca komora na pieluszki i inne niezb\u0119dne rzeczy, trzy mniejsze kieszenie, w tym jedna zapinana na suwak oraz dwie odseparowane kieszonki na napoje i przek\u0105ski. Zewn\u0119trzna kieszonka wygodnie zamykana na napy magnetyczne. Torba ma dwa wygodne uchwyty do trzymania w d\u0142oni oraz pasek ... Read moreFresk Torba do w\u00f3zka \u0141ab\u0119d\u017a\" \/>\n<meta property=\"og:url\" content=\"https:\/\/admincentral.selleetools.com\/product\/fresk-torba-do-wozka-labedz\/\" \/>\n<meta property=\"og:site_name\" content=\"Selleetools.com\" \/>\n<meta property=\"article:modified_time\" content=\"2025-08-10T22:11:38+00:00\" \/>\n<meta property=\"og:image\" content=\"https:\/\/selleetools.com\/wp-content\/uploads\/2025\/08\/Fresk-Torba-do-wozka-Labedz%5B1954%5D1200.jpg\" \/>\n\t<meta property=\"og:image:width\" content=\"1000\" \/>\n\t<meta property=\"og:image:height\" content=\"1000\" \/>\n\t<meta property=\"og:image:type\" content=\"image\/jpeg\" \/>\n<meta name=\"twitter:card\" content=\"summary_large_image\" \/>\n<meta name=\"twitter:label1\" content=\"Est. reading time\" \/>\n\t<meta name=\"twitter:data1\" content=\"1 minuta\" \/>\n<!-- \/ Yoast SEO plugin. -->","yoast_head_json":{"title":"Fresk Torba do w\u00f3zka \u0141ab\u0119d\u017a - Selleetools.com","robots":{"index":"index","follow":"follow","max-snippet":"max-snippet:-1","max-image-preview":"max-image-preview:large","max-video-preview":"max-video-preview:-1"},"canonical":"https:\/\/admincentral.selleetools.com\/product\/fresk-torba-do-wozka-labedz\/","og_locale":"pl_PL","og_type":"article","og_title":"Fresk Torba do w\u00f3zka \u0141ab\u0119d\u017a - Selleetools.com","og_description":"Torba do w\u00f3zka Fresk idealna na spacery dla m\u0142odych rodzic\u00f3w. W \u015brodku du\u017ca komora na pieluszki i inne niezb\u0119dne rzeczy, trzy mniejsze kieszenie, w tym jedna zapinana na suwak oraz dwie odseparowane kieszonki na napoje i przek\u0105ski. Zewn\u0119trzna kieszonka wygodnie zamykana na napy magnetyczne. Torba ma dwa wygodne uchwyty do trzymania w d\u0142oni oraz pasek ... Read moreFresk Torba do w\u00f3zka \u0141ab\u0119d\u017a","og_url":"https:\/\/admincentral.selleetools.com\/product\/fresk-torba-do-wozka-labedz\/","og_site_name":"Selleetools.com","article_modified_time":"2025-08-10T22:11:38+00:00","og_image":[{"width":1000,"height":1000,"url":"https:\/\/selleetools.com\/wp-content\/uploads\/2025\/08\/Fresk-Torba-do-wozka-Labedz[1954]1200.jpg","type":"image\/jpeg"}],"twitter_card":"summary_large_image","twitter_misc":{"Est. reading time":"1 minuta"},"schema":{"@context":"https:\/\/schema.org","@graph":[{"@type":"Organization","@id":"https:\/\/selleetools.com\/#organization","name":"Selleetools","url":"https:\/\/selleetools.com\/","sameAs":[],"logo":{"@type":"ImageObject","inLanguage":"pl-PL","@id":"https:\/\/selleetools.com\/#\/schema\/logo\/image\/","url":"https:\/\/selleetools.com\/wp-content\/uploads\/2021\/10\/logo-dark.png","contentUrl":"https:\/\/selleetools.com\/wp-content\/uploads\/2021\/10\/logo-dark.png","width":320,"height":76,"caption":"Selleetools"},"image":{"@id":"https:\/\/selleetools.com\/#\/schema\/logo\/image\/"}},{"@type":"WebSite","@id":"https:\/\/selleetools.com\/#website","url":"https:\/\/selleetools.com\/","name":"Selleetools.com","description":"","publisher":{"@id":"https:\/\/selleetools.com\/#organization"},"potentialAction":[{"@type":"SearchAction","target":{"@type":"EntryPoint","urlTemplate":"https:\/\/selleetools.com\/?s={search_term_string}"},"query-input":"required name=search_term_string"}],"inLanguage":"pl-PL"},{"@type":"WebPage","@id":"https:\/\/admincentral.selleetools.com\/product\/fresk-torba-do-wozka-labedz\/","url":"https:\/\/admincentral.selleetools.com\/product\/fresk-torba-do-wozka-labedz\/","name":"Fresk Torba do w\u00f3zka \u0141ab\u0119d\u017a - Selleetools.com","isPartOf":{"@id":"https:\/\/selleetools.com\/#website"},"datePublished":"2025-08-10T21:43:21+00:00","dateModified":"2025-08-10T22:11:38+00:00","breadcrumb":{"@id":"https:\/\/admincentral.selleetools.com\/product\/fresk-torba-do-wozka-labedz\/#breadcrumb"},"inLanguage":"pl-PL","potentialAction":[{"@type":"ReadAction","target":["https:\/\/admincentral.selleetools.com\/product\/fresk-torba-do-wozka-labedz\/"]}]},{"@type":"BreadcrumbList","@id":"https:\/\/admincentral.selleetools.com\/product\/fresk-torba-do-wozka-labedz\/#breadcrumb","itemListElement":[{"@type":"ListItem","position":1,"name":"Home","item":"https:\/\/selleetools.com\/pl\/"},{"@type":"ListItem","position":2,"name":"Katalog","item":"https:\/\/selleetools.com\/pl\/katalog\/"},{"@type":"ListItem","position":3,"name":"Fresk Torba do w\u00f3zka \u0141ab\u0119d\u017a"}]}]}},"_links":{"self":[{"href":"https:\/\/selleetools.com\/pl\/wp-json\/wp\/v2\/product\/534243"}],"collection":[{"href":"https:\/\/selleetools.com\/pl\/wp-json\/wp\/v2\/product"}],"about":[{"href":"https:\/\/selleetools.com\/pl\/wp-json\/wp\/v2\/types\/product"}],"replies":[{"embeddable":true,"href":"https:\/\/selleetools.com\/pl\/wp-json\/wp\/v2\/comments?post=534243"}],"wp:featuredmedia":[{"embeddable":true,"href":"https:\/\/selleetools.com\/pl\/wp-json\/wp\/v2\/media\/534239"}],"wp:attachment":[{"href":"https:\/\/selleetools.com\/pl\/wp-json\/wp\/v2\/media?parent=534243"}],"curies":[{"name":"wp","href":"https:\/\/api.w.org\/{rel}","templated":true}]}}