{"id":490053,"date":"2025-07-06T14:31:49","date_gmt":"2025-07-06T12:31:49","guid":{"rendered":"https:\/\/selleetools.com\/?post_type=product&#038;p=490053"},"modified":"2025-08-08T14:34:24","modified_gmt":"2025-08-08T12:34:24","slug":"byron-premium-cob-led-weatherproof-security-floodlight-10-w-reflektor-przeciwpowodziowy","status":"publish","type":"product","link":"https:\/\/selleetools.com\/pl\/product\/byron-premium-cob-led-weatherproof-security-floodlight-10-w-reflektor-przeciwpowodziowy\/","title":{"rendered":"Byron Premium Cob LED Weatherproof Security Floodlight 10 W reflektor przeciwpowodziowy"},"content":{"rendered":"<p>Reflektor LED Byron XQ1162 Reflektor o mocy 10 W i niskim zu\u017cyciu energii, Byron XQ1162, ma \u017ar\u00f3d\u0142o \u015bwiat\u0142a w postaci diody COB, stosowanej zwykle jako reflektor zewn\u0119trzny w celu zwi\u0119kszenia bezpiecze\u0144stwa domu, miejsca pracy lub miejsca pracy. Te nowe modele pozwalaj\u0105 oszcz\u0119dza\u0107 na kosztach energii elektrycznej dzi\u0119ki zastosowaniu diod COB LED, kt\u00f3re s\u0105 o wiele lepsze od starszej technologii halogenowej i znacznie bardziej wytrzyma\u0142e, z wyj\u0105tkowo d\u0142ug\u0105 \u017cywotno\u015bci\u0105 wynosz\u0105c\u0105 50 000 godzin.<\/p>\n<p>Ten reflektor LED COB jest energooszcz\u0119dny i zapewnia doskona\u0142e o\u015bwietlenie.<br \/>\nTa 10-watowa \u017car\u00f3wka zapewni strumie\u0144 \u015bwietlny o nat\u0119\u017ceniu 600 lumen\u00f3w przy bardzo niskim zu\u017cyciu energii.<br \/>\nPosiada aluminiow\u0105 obudow\u0119 ze szklanym frontem i klas\u0119 energetyczn\u0105 A.<br \/>\nReflektor posiada odporn\u0105 na zu\u017cycie, malowan\u0105 proszkowo obudow\u0119 z odlewu aluminiowego o stopniu ochrony IP65.<br \/>\n\u015arednia \u017cywotno\u015b\u0107 wynosi 50 000 godzin.<br \/>\nBrak emisji ciep\u0142a.<br \/>\n\u0141atwe dopasowanie do pozycji.<\/p>\n","protected":false},"excerpt":{"rendered":"<p>Reflektor LED Byron XQ1162 Reflektor o mocy 10 W i niskim zu\u017cyciu energii, Byron XQ1162, ma \u017ar\u00f3d\u0142o \u015bwiat\u0142a w postaci diody COB, stosowanej zwykle jako reflektor zewn\u0119trzny w celu zwi\u0119kszenia bezpiecze\u0144stwa domu, miejsca pracy lub miejsca pracy. Te nowe modele pozwalaj\u0105 oszcz\u0119dza\u0107 na kosztach energii elektrycznej dzi\u0119ki zastosowaniu diod COB LED, kt\u00f3re s\u0105 o wiele &#8230; <a title=\"Byron Premium Cob LED Weatherproof Security Floodlight 10 W reflektor przeciwpowodziowy\" class=\"read-more\" href=\"https:\/\/selleetools.com\/pl\/product\/byron-premium-cob-led-weatherproof-security-floodlight-10-w-reflektor-przeciwpowodziowy\/\">Read more<span class=\"screen-reader-text\">Byron Premium Cob LED Weatherproof Security Floodlight 10 W reflektor przeciwpowodziowy<\/span><\/a><\/p>\n","protected":false},"featured_media":490049,"comment_status":"closed","ping_status":"closed","template":"","meta":{"_links_to":"","_links_to_target":""},"yoast_head":"<!-- This site is optimized with the Yoast SEO plugin v19.4 - https:\/\/yoast.com\/wordpress\/plugins\/seo\/ -->\n<title>Byron Premium Cob LED Weatherproof Security Floodlight 10 W reflektor przeciwpowodziowy - Selleetools.com<\/title>\n<meta name=\"robots\" content=\"index, follow, max-snippet:-1, max-image-preview:large, max-video-preview:-1\" \/>\n<link rel=\"canonical\" href=\"https:\/\/selleetools.com\/pl\/product\/byron-premium-cob-led-weatherproof-security-floodlight-10-w-reflektor-przeciwpowodziowy\/\" \/>\n<meta property=\"og:locale\" content=\"pl_PL\" \/>\n<meta property=\"og:type\" content=\"article\" \/>\n<meta property=\"og:title\" content=\"Byron Premium Cob LED Weatherproof Security Floodlight 10 W reflektor przeciwpowodziowy - Selleetools.com\" \/>\n<meta property=\"og:description\" content=\"Reflektor LED Byron XQ1162 Reflektor o mocy 10 W i niskim zu\u017cyciu energii, Byron XQ1162, ma \u017ar\u00f3d\u0142o \u015bwiat\u0142a w postaci diody COB, stosowanej zwykle jako reflektor zewn\u0119trzny w celu zwi\u0119kszenia bezpiecze\u0144stwa domu, miejsca pracy lub miejsca pracy. Te nowe modele pozwalaj\u0105 oszcz\u0119dza\u0107 na kosztach energii elektrycznej dzi\u0119ki zastosowaniu diod COB LED, kt\u00f3re s\u0105 o wiele ... Read moreByron Premium Cob LED Weatherproof Security Floodlight 10 W reflektor przeciwpowodziowy\" \/>\n<meta property=\"og:url\" content=\"https:\/\/selleetools.com\/pl\/product\/byron-premium-cob-led-weatherproof-security-floodlight-10-w-reflektor-przeciwpowodziowy\/\" \/>\n<meta property=\"og:site_name\" content=\"Selleetools.com\" \/>\n<meta property=\"article:modified_time\" content=\"2025-08-08T12:34:24+00:00\" \/>\n<meta property=\"og:image\" content=\"https:\/\/selleetools.com\/wp-content\/uploads\/2025\/07\/5086f25484621fc24cc52978e78bdec3.webp\" \/>\n\t<meta property=\"og:image:width\" content=\"800\" \/>\n\t<meta property=\"og:image:height\" content=\"800\" \/>\n\t<meta property=\"og:image:type\" content=\"image\/webp\" \/>\n<meta name=\"twitter:card\" content=\"summary_large_image\" \/>\n<meta name=\"twitter:label1\" content=\"Est. reading time\" \/>\n\t<meta name=\"twitter:data1\" content=\"1 minuta\" \/>\n<!-- \/ Yoast SEO plugin. -->","yoast_head_json":{"title":"Byron Premium Cob LED Weatherproof Security Floodlight 10 W reflektor przeciwpowodziowy - Selleetools.com","robots":{"index":"index","follow":"follow","max-snippet":"max-snippet:-1","max-image-preview":"max-image-preview:large","max-video-preview":"max-video-preview:-1"},"canonical":"https:\/\/selleetools.com\/pl\/product\/byron-premium-cob-led-weatherproof-security-floodlight-10-w-reflektor-przeciwpowodziowy\/","og_locale":"pl_PL","og_type":"article","og_title":"Byron Premium Cob LED Weatherproof Security Floodlight 10 W reflektor przeciwpowodziowy - Selleetools.com","og_description":"Reflektor LED Byron XQ1162 Reflektor o mocy 10 W i niskim zu\u017cyciu energii, Byron XQ1162, ma \u017ar\u00f3d\u0142o \u015bwiat\u0142a w postaci diody COB, stosowanej zwykle jako reflektor zewn\u0119trzny w celu zwi\u0119kszenia bezpiecze\u0144stwa domu, miejsca pracy lub miejsca pracy. Te nowe modele pozwalaj\u0105 oszcz\u0119dza\u0107 na kosztach energii elektrycznej dzi\u0119ki zastosowaniu diod COB LED, kt\u00f3re s\u0105 o wiele ... Read moreByron Premium Cob LED Weatherproof Security Floodlight 10 W reflektor przeciwpowodziowy","og_url":"https:\/\/selleetools.com\/pl\/product\/byron-premium-cob-led-weatherproof-security-floodlight-10-w-reflektor-przeciwpowodziowy\/","og_site_name":"Selleetools.com","article_modified_time":"2025-08-08T12:34:24+00:00","og_image":[{"width":800,"height":800,"url":"https:\/\/selleetools.com\/wp-content\/uploads\/2025\/07\/5086f25484621fc24cc52978e78bdec3.webp","type":"image\/webp"}],"twitter_card":"summary_large_image","twitter_misc":{"Est. reading time":"1 minuta"},"schema":{"@context":"https:\/\/schema.org","@graph":[{"@type":"Organization","@id":"https:\/\/selleetools.com\/#organization","name":"Selleetools","url":"https:\/\/selleetools.com\/","sameAs":[],"logo":{"@type":"ImageObject","inLanguage":"pl-PL","@id":"https:\/\/selleetools.com\/#\/schema\/logo\/image\/","url":"https:\/\/selleetools.com\/wp-content\/uploads\/2021\/10\/logo-dark.png","contentUrl":"https:\/\/selleetools.com\/wp-content\/uploads\/2021\/10\/logo-dark.png","width":320,"height":76,"caption":"Selleetools"},"image":{"@id":"https:\/\/selleetools.com\/#\/schema\/logo\/image\/"}},{"@type":"WebSite","@id":"https:\/\/selleetools.com\/#website","url":"https:\/\/selleetools.com\/","name":"Selleetools.com","description":"","publisher":{"@id":"https:\/\/selleetools.com\/#organization"},"potentialAction":[{"@type":"SearchAction","target":{"@type":"EntryPoint","urlTemplate":"https:\/\/selleetools.com\/?s={search_term_string}"},"query-input":"required name=search_term_string"}],"inLanguage":"pl-PL"},{"@type":"WebPage","@id":"https:\/\/selleetools.com\/pl\/product\/byron-premium-cob-led-weatherproof-security-floodlight-10-w-reflektor-przeciwpowodziowy\/","url":"https:\/\/selleetools.com\/pl\/product\/byron-premium-cob-led-weatherproof-security-floodlight-10-w-reflektor-przeciwpowodziowy\/","name":"Byron Premium Cob LED Weatherproof Security Floodlight 10 W reflektor przeciwpowodziowy - Selleetools.com","isPartOf":{"@id":"https:\/\/selleetools.com\/#website"},"datePublished":"2025-07-06T12:31:49+00:00","dateModified":"2025-08-08T12:34:24+00:00","breadcrumb":{"@id":"https:\/\/selleetools.com\/pl\/product\/byron-premium-cob-led-weatherproof-security-floodlight-10-w-reflektor-przeciwpowodziowy\/#breadcrumb"},"inLanguage":"pl-PL","potentialAction":[{"@type":"ReadAction","target":["https:\/\/selleetools.com\/pl\/product\/byron-premium-cob-led-weatherproof-security-floodlight-10-w-reflektor-przeciwpowodziowy\/"]}]},{"@type":"BreadcrumbList","@id":"https:\/\/selleetools.com\/pl\/product\/byron-premium-cob-led-weatherproof-security-floodlight-10-w-reflektor-przeciwpowodziowy\/#breadcrumb","itemListElement":[{"@type":"ListItem","position":1,"name":"Home","item":"https:\/\/selleetools.com\/pl\/"},{"@type":"ListItem","position":2,"name":"Katalog","item":"https:\/\/selleetools.com\/pl\/katalog\/"},{"@type":"ListItem","position":3,"name":"Byron Premium Cob LED Weatherproof Security Floodlight 10 W reflektor przeciwpowodziowy"}]}]}},"_links":{"self":[{"href":"https:\/\/selleetools.com\/pl\/wp-json\/wp\/v2\/product\/490053"}],"collection":[{"href":"https:\/\/selleetools.com\/pl\/wp-json\/wp\/v2\/product"}],"about":[{"href":"https:\/\/selleetools.com\/pl\/wp-json\/wp\/v2\/types\/product"}],"replies":[{"embeddable":true,"href":"https:\/\/selleetools.com\/pl\/wp-json\/wp\/v2\/comments?post=490053"}],"wp:featuredmedia":[{"embeddable":true,"href":"https:\/\/selleetools.com\/pl\/wp-json\/wp\/v2\/media\/490049"}],"wp:attachment":[{"href":"https:\/\/selleetools.com\/pl\/wp-json\/wp\/v2\/media?parent=490053"}],"curies":[{"name":"wp","href":"https:\/\/api.w.org\/{rel}","templated":true}]}}