{"id":490048,"date":"2025-07-06T14:31:45","date_gmt":"2025-07-06T12:31:45","guid":{"rendered":"https:\/\/selleetools.com\/?post_type=product&#038;p=490048"},"modified":"2025-12-02T20:02:21","modified_gmt":"2025-12-02T19:02:21","slug":"filtr-do-odkurzacza-philips-fc6724-fc8009","status":"publish","type":"product","link":"https:\/\/selleetools.com\/pl\/product\/filtr-do-odkurzacza-philips-fc6724-fc8009\/","title":{"rendered":"Filtr do odkurzacza PHILIPS FC6724 FC8009"},"content":{"rendered":"<p>Opis :<br \/>\nFiltry wykonane s\u0105 z wysokiej jako\u015bci specjalistycznej pianki, kt\u00f3ra<\/p>\n<p>stanowi barier\u0119 dla najmniejszych zanieczyszcze\u0144. Polecane s\u0105 przede<\/p>\n<p>wszystkim dla alergik\u00f3w, zabijaj\u0105 r\u00f3wnie\u017c roztocza i poch\u0142aniaj\u0105<\/p>\n<p>najmniejsze drobinki kurzu. Filtry zapewniaj\u0105 klas\u0119 filtracji<\/p>\n<p>por\u00f3wnywaln\u0105 z oryginalnymi zapewniaj\u0105c bezawaryjn\u0105 prac\u0119<\/p>\n<p>odkurzacza. Filtry s\u0105 w pe\u0142ni zmywalne i mo\u017cna je my\u0107 pod bie\u017c\u0105c\u0105<\/p>\n<p>wod\u0105.<\/p>\n<p>Zawarto\u015b\u0107 opakowania :<br \/>\nfiltr g\u0105bkowy x 1<br \/>\nDane techniczne :<br \/>\nRodzaj : Zamiennik<br \/>\nPrzeznaczony do pracy na : Sucho \/ Mokro ( filtr zmywalny )<br \/>\nNr katalogowy : FC8009\/01<br \/>\nStan : Nowy<\/p>\n<p>PHILIPS :<\/p>\n<p>FC6721<br \/>\nFC6722<br \/>\nFC6723<br \/>\nFC6724<br \/>\nFC6725<br \/>\nFC6726<br \/>\nFC6727<br \/>\nFC6728<br \/>\nFC6729<br \/>\nSpeedPro<br \/>\nSpeedPro Aqua<br \/>\nSeria 5000<br \/>\nSeria 5000 Aqua<\/p>\n","protected":false},"excerpt":{"rendered":"<p>Opis : Filtry wykonane s\u0105 z wysokiej jako\u015bci specjalistycznej pianki, kt\u00f3ra stanowi barier\u0119 dla najmniejszych zanieczyszcze\u0144. Polecane s\u0105 przede wszystkim dla alergik\u00f3w, zabijaj\u0105 r\u00f3wnie\u017c roztocza i poch\u0142aniaj\u0105 najmniejsze drobinki kurzu. Filtry zapewniaj\u0105 klas\u0119 filtracji por\u00f3wnywaln\u0105 z oryginalnymi zapewniaj\u0105c bezawaryjn\u0105 prac\u0119 odkurzacza. Filtry s\u0105 w pe\u0142ni zmywalne i mo\u017cna je my\u0107 pod bie\u017c\u0105c\u0105 wod\u0105. Zawarto\u015b\u0107 opakowania &#8230; <a title=\"Filtr do odkurzacza PHILIPS FC6724 FC8009\" class=\"read-more\" href=\"https:\/\/selleetools.com\/pl\/product\/filtr-do-odkurzacza-philips-fc6724-fc8009\/\">Read more<span class=\"screen-reader-text\">Filtr do odkurzacza PHILIPS FC6724 FC8009<\/span><\/a><\/p>\n","protected":false},"featured_media":490040,"comment_status":"closed","ping_status":"closed","template":"","meta":{"_links_to":"","_links_to_target":""},"yoast_head":"<!-- This site is optimized with the Yoast SEO plugin v19.4 - https:\/\/yoast.com\/wordpress\/plugins\/seo\/ -->\n<title>Filtr do odkurzacza PHILIPS FC6724 FC8009 - Selleetools.com<\/title>\n<meta name=\"robots\" content=\"index, follow, max-snippet:-1, max-image-preview:large, max-video-preview:-1\" \/>\n<link rel=\"canonical\" href=\"https:\/\/selleetools.com\/pl\/product\/filtr-do-odkurzacza-philips-fc6724-fc8009\/\" \/>\n<meta property=\"og:locale\" content=\"pl_PL\" \/>\n<meta property=\"og:type\" content=\"article\" \/>\n<meta property=\"og:title\" content=\"Filtr do odkurzacza PHILIPS FC6724 FC8009 - Selleetools.com\" \/>\n<meta property=\"og:description\" content=\"Opis : Filtry wykonane s\u0105 z wysokiej jako\u015bci specjalistycznej pianki, kt\u00f3ra stanowi barier\u0119 dla najmniejszych zanieczyszcze\u0144. Polecane s\u0105 przede wszystkim dla alergik\u00f3w, zabijaj\u0105 r\u00f3wnie\u017c roztocza i poch\u0142aniaj\u0105 najmniejsze drobinki kurzu. Filtry zapewniaj\u0105 klas\u0119 filtracji por\u00f3wnywaln\u0105 z oryginalnymi zapewniaj\u0105c bezawaryjn\u0105 prac\u0119 odkurzacza. Filtry s\u0105 w pe\u0142ni zmywalne i mo\u017cna je my\u0107 pod bie\u017c\u0105c\u0105 wod\u0105. Zawarto\u015b\u0107 opakowania ... Read moreFiltr do odkurzacza PHILIPS FC6724 FC8009\" \/>\n<meta property=\"og:url\" content=\"https:\/\/selleetools.com\/pl\/product\/filtr-do-odkurzacza-philips-fc6724-fc8009\/\" \/>\n<meta property=\"og:site_name\" content=\"Selleetools.com\" \/>\n<meta property=\"article:modified_time\" content=\"2025-12-02T19:02:21+00:00\" \/>\n<meta property=\"og:image\" content=\"https:\/\/selleetools.com\/wp-content\/uploads\/2025\/07\/dc2e7628c199ebbe850089df5dfea948.jpg\" \/>\n\t<meta property=\"og:image:width\" content=\"2250\" \/>\n\t<meta property=\"og:image:height\" content=\"2250\" \/>\n\t<meta property=\"og:image:type\" content=\"image\/jpeg\" \/>\n<meta name=\"twitter:card\" content=\"summary_large_image\" \/>\n<meta name=\"twitter:label1\" content=\"Est. reading time\" \/>\n\t<meta name=\"twitter:data1\" content=\"1 minuta\" \/>\n<!-- \/ Yoast SEO plugin. -->","yoast_head_json":{"title":"Filtr do odkurzacza PHILIPS FC6724 FC8009 - Selleetools.com","robots":{"index":"index","follow":"follow","max-snippet":"max-snippet:-1","max-image-preview":"max-image-preview:large","max-video-preview":"max-video-preview:-1"},"canonical":"https:\/\/selleetools.com\/pl\/product\/filtr-do-odkurzacza-philips-fc6724-fc8009\/","og_locale":"pl_PL","og_type":"article","og_title":"Filtr do odkurzacza PHILIPS FC6724 FC8009 - Selleetools.com","og_description":"Opis : Filtry wykonane s\u0105 z wysokiej jako\u015bci specjalistycznej pianki, kt\u00f3ra stanowi barier\u0119 dla najmniejszych zanieczyszcze\u0144. Polecane s\u0105 przede wszystkim dla alergik\u00f3w, zabijaj\u0105 r\u00f3wnie\u017c roztocza i poch\u0142aniaj\u0105 najmniejsze drobinki kurzu. Filtry zapewniaj\u0105 klas\u0119 filtracji por\u00f3wnywaln\u0105 z oryginalnymi zapewniaj\u0105c bezawaryjn\u0105 prac\u0119 odkurzacza. Filtry s\u0105 w pe\u0142ni zmywalne i mo\u017cna je my\u0107 pod bie\u017c\u0105c\u0105 wod\u0105. Zawarto\u015b\u0107 opakowania ... Read moreFiltr do odkurzacza PHILIPS FC6724 FC8009","og_url":"https:\/\/selleetools.com\/pl\/product\/filtr-do-odkurzacza-philips-fc6724-fc8009\/","og_site_name":"Selleetools.com","article_modified_time":"2025-12-02T19:02:21+00:00","og_image":[{"width":2250,"height":2250,"url":"https:\/\/selleetools.com\/wp-content\/uploads\/2025\/07\/dc2e7628c199ebbe850089df5dfea948.jpg","type":"image\/jpeg"}],"twitter_card":"summary_large_image","twitter_misc":{"Est. reading time":"1 minuta"},"schema":{"@context":"https:\/\/schema.org","@graph":[{"@type":"Organization","@id":"https:\/\/selleetools.com\/#organization","name":"Selleetools","url":"https:\/\/selleetools.com\/","sameAs":[],"logo":{"@type":"ImageObject","inLanguage":"pl-PL","@id":"https:\/\/selleetools.com\/#\/schema\/logo\/image\/","url":"https:\/\/selleetools.com\/wp-content\/uploads\/2021\/10\/logo-dark.png","contentUrl":"https:\/\/selleetools.com\/wp-content\/uploads\/2021\/10\/logo-dark.png","width":320,"height":76,"caption":"Selleetools"},"image":{"@id":"https:\/\/selleetools.com\/#\/schema\/logo\/image\/"}},{"@type":"WebSite","@id":"https:\/\/selleetools.com\/#website","url":"https:\/\/selleetools.com\/","name":"Selleetools.com","description":"","publisher":{"@id":"https:\/\/selleetools.com\/#organization"},"potentialAction":[{"@type":"SearchAction","target":{"@type":"EntryPoint","urlTemplate":"https:\/\/selleetools.com\/?s={search_term_string}"},"query-input":"required name=search_term_string"}],"inLanguage":"pl-PL"},{"@type":"WebPage","@id":"https:\/\/selleetools.com\/pl\/product\/filtr-do-odkurzacza-philips-fc6724-fc8009\/","url":"https:\/\/selleetools.com\/pl\/product\/filtr-do-odkurzacza-philips-fc6724-fc8009\/","name":"Filtr do odkurzacza PHILIPS FC6724 FC8009 - Selleetools.com","isPartOf":{"@id":"https:\/\/selleetools.com\/#website"},"datePublished":"2025-07-06T12:31:45+00:00","dateModified":"2025-12-02T19:02:21+00:00","breadcrumb":{"@id":"https:\/\/selleetools.com\/pl\/product\/filtr-do-odkurzacza-philips-fc6724-fc8009\/#breadcrumb"},"inLanguage":"pl-PL","potentialAction":[{"@type":"ReadAction","target":["https:\/\/selleetools.com\/pl\/product\/filtr-do-odkurzacza-philips-fc6724-fc8009\/"]}]},{"@type":"BreadcrumbList","@id":"https:\/\/selleetools.com\/pl\/product\/filtr-do-odkurzacza-philips-fc6724-fc8009\/#breadcrumb","itemListElement":[{"@type":"ListItem","position":1,"name":"Home","item":"https:\/\/selleetools.com\/pl\/"},{"@type":"ListItem","position":2,"name":"Katalog","item":"https:\/\/selleetools.com\/pl\/katalog\/"},{"@type":"ListItem","position":3,"name":"Filtr do odkurzacza PHILIPS FC6724 FC8009"}]}]}},"_links":{"self":[{"href":"https:\/\/selleetools.com\/pl\/wp-json\/wp\/v2\/product\/490048"}],"collection":[{"href":"https:\/\/selleetools.com\/pl\/wp-json\/wp\/v2\/product"}],"about":[{"href":"https:\/\/selleetools.com\/pl\/wp-json\/wp\/v2\/types\/product"}],"replies":[{"embeddable":true,"href":"https:\/\/selleetools.com\/pl\/wp-json\/wp\/v2\/comments?post=490048"}],"wp:featuredmedia":[{"embeddable":true,"href":"https:\/\/selleetools.com\/pl\/wp-json\/wp\/v2\/media\/490040"}],"wp:attachment":[{"href":"https:\/\/selleetools.com\/pl\/wp-json\/wp\/v2\/media?parent=490048"}],"curies":[{"name":"wp","href":"https:\/\/api.w.org\/{rel}","templated":true}]}}