{"id":490039,"date":"2025-07-06T14:31:35","date_gmt":"2025-07-06T12:31:35","guid":{"rendered":"https:\/\/selleetools.com\/?post_type=product&#038;p=490039"},"modified":"2025-12-02T20:02:21","modified_gmt":"2025-12-02T19:02:21","slug":"pojemnik-dzielony-17x10-2-cm","status":"publish","type":"product","link":"https:\/\/selleetools.com\/pl\/product\/pojemnik-dzielony-17x10-2-cm\/","title":{"rendered":"Pojemnik dzielony 17&#215;10.2 cm"},"content":{"rendered":"<p>Szczeg\u00f3\u0142y<br \/>\nPojemnik dzielony 17&#215;10.2 cm Frigo Studio marki PASABAHCE wykonany jest z transparentnego szk\u0142a sodowego. Posiada dok\u0142adnie przylegaj\u0105c\u0105 pokrywk\u0119, a jego wn\u0119trze przedzielone jest na p\u00f3\u0142. Pojemnik dzielony Frigo Studio marki PASABAHCE \u015bwietnie sprawdza si\u0119 jako pojemnik na drobne przek\u0105ski. Opr\u00f3cz praktycznej funkcji wyr\u00f3\u017cnia si\u0119 du\u017cymi walorami dekoracyjnymi. Pojemnik dzielony jest r\u00f3wnie przydatny jako maselniczka, na dwa rodzaje mas\u0142a. Chroni produkty spo\u017cywcze przed przedwczesnym psuciem si\u0119. Pojemnik mo\u017cna my\u0107 w zmywarce bez obaw o jego uszkodzenie.<\/p>\n","protected":false},"excerpt":{"rendered":"<p>Szczeg\u00f3\u0142y Pojemnik dzielony 17&#215;10.2 cm Frigo Studio marki PASABAHCE wykonany jest z transparentnego szk\u0142a sodowego. Posiada dok\u0142adnie przylegaj\u0105c\u0105 pokrywk\u0119, a jego wn\u0119trze przedzielone jest na p\u00f3\u0142. Pojemnik dzielony Frigo Studio marki PASABAHCE \u015bwietnie sprawdza si\u0119 jako pojemnik na drobne przek\u0105ski. Opr\u00f3cz praktycznej funkcji wyr\u00f3\u017cnia si\u0119 du\u017cymi walorami dekoracyjnymi. Pojemnik dzielony jest r\u00f3wnie przydatny jako maselniczka, &#8230; <a title=\"Pojemnik dzielony 17&#215;10.2 cm\" class=\"read-more\" href=\"https:\/\/selleetools.com\/pl\/product\/pojemnik-dzielony-17x10-2-cm\/\">Read more<span class=\"screen-reader-text\">Pojemnik dzielony 17&#215;10.2 cm<\/span><\/a><\/p>\n","protected":false},"featured_media":490027,"comment_status":"closed","ping_status":"closed","template":"","meta":{"_links_to":"","_links_to_target":""},"yoast_head":"<!-- This site is optimized with the Yoast SEO plugin v19.4 - https:\/\/yoast.com\/wordpress\/plugins\/seo\/ -->\n<title>Pojemnik dzielony 17x10.2 cm - Selleetools.com<\/title>\n<meta name=\"robots\" content=\"index, follow, max-snippet:-1, max-image-preview:large, max-video-preview:-1\" \/>\n<link rel=\"canonical\" href=\"https:\/\/admincentral.selleetools.com\/pl\/product\/pojemnik-dzielony-17x10-2-cm\/\" \/>\n<meta property=\"og:locale\" content=\"pl_PL\" \/>\n<meta property=\"og:type\" content=\"article\" \/>\n<meta property=\"og:title\" content=\"Pojemnik dzielony 17x10.2 cm - Selleetools.com\" \/>\n<meta property=\"og:description\" content=\"Szczeg\u00f3\u0142y Pojemnik dzielony 17&#215;10.2 cm Frigo Studio marki PASABAHCE wykonany jest z transparentnego szk\u0142a sodowego. Posiada dok\u0142adnie przylegaj\u0105c\u0105 pokrywk\u0119, a jego wn\u0119trze przedzielone jest na p\u00f3\u0142. Pojemnik dzielony Frigo Studio marki PASABAHCE \u015bwietnie sprawdza si\u0119 jako pojemnik na drobne przek\u0105ski. Opr\u00f3cz praktycznej funkcji wyr\u00f3\u017cnia si\u0119 du\u017cymi walorami dekoracyjnymi. Pojemnik dzielony jest r\u00f3wnie przydatny jako maselniczka, ... Read morePojemnik dzielony 17&#215;10.2 cm\" \/>\n<meta property=\"og:url\" content=\"https:\/\/admincentral.selleetools.com\/pl\/product\/pojemnik-dzielony-17x10-2-cm\/\" \/>\n<meta property=\"og:site_name\" content=\"Selleetools.com\" \/>\n<meta property=\"article:modified_time\" content=\"2025-12-02T19:02:21+00:00\" \/>\n<meta property=\"og:image\" content=\"https:\/\/selleetools.com\/wp-content\/uploads\/2025\/07\/35c2edddf410335f06e52c351e1a5f47.webp\" \/>\n\t<meta property=\"og:image:width\" content=\"495\" \/>\n\t<meta property=\"og:image:height\" content=\"628\" \/>\n\t<meta property=\"og:image:type\" content=\"image\/webp\" \/>\n<meta name=\"twitter:card\" content=\"summary_large_image\" \/>\n<!-- \/ Yoast SEO plugin. -->","yoast_head_json":{"title":"Pojemnik dzielony 17x10.2 cm - Selleetools.com","robots":{"index":"index","follow":"follow","max-snippet":"max-snippet:-1","max-image-preview":"max-image-preview:large","max-video-preview":"max-video-preview:-1"},"canonical":"https:\/\/admincentral.selleetools.com\/pl\/product\/pojemnik-dzielony-17x10-2-cm\/","og_locale":"pl_PL","og_type":"article","og_title":"Pojemnik dzielony 17x10.2 cm - Selleetools.com","og_description":"Szczeg\u00f3\u0142y Pojemnik dzielony 17&#215;10.2 cm Frigo Studio marki PASABAHCE wykonany jest z transparentnego szk\u0142a sodowego. Posiada dok\u0142adnie przylegaj\u0105c\u0105 pokrywk\u0119, a jego wn\u0119trze przedzielone jest na p\u00f3\u0142. Pojemnik dzielony Frigo Studio marki PASABAHCE \u015bwietnie sprawdza si\u0119 jako pojemnik na drobne przek\u0105ski. Opr\u00f3cz praktycznej funkcji wyr\u00f3\u017cnia si\u0119 du\u017cymi walorami dekoracyjnymi. Pojemnik dzielony jest r\u00f3wnie przydatny jako maselniczka, ... Read morePojemnik dzielony 17&#215;10.2 cm","og_url":"https:\/\/admincentral.selleetools.com\/pl\/product\/pojemnik-dzielony-17x10-2-cm\/","og_site_name":"Selleetools.com","article_modified_time":"2025-12-02T19:02:21+00:00","og_image":[{"width":495,"height":628,"url":"https:\/\/selleetools.com\/wp-content\/uploads\/2025\/07\/35c2edddf410335f06e52c351e1a5f47.webp","type":"image\/webp"}],"twitter_card":"summary_large_image","schema":{"@context":"https:\/\/schema.org","@graph":[{"@type":"Organization","@id":"https:\/\/selleetools.com\/#organization","name":"Selleetools","url":"https:\/\/selleetools.com\/","sameAs":[],"logo":{"@type":"ImageObject","inLanguage":"pl-PL","@id":"https:\/\/selleetools.com\/#\/schema\/logo\/image\/","url":"https:\/\/selleetools.com\/wp-content\/uploads\/2021\/10\/logo-dark.png","contentUrl":"https:\/\/selleetools.com\/wp-content\/uploads\/2021\/10\/logo-dark.png","width":320,"height":76,"caption":"Selleetools"},"image":{"@id":"https:\/\/selleetools.com\/#\/schema\/logo\/image\/"}},{"@type":"WebSite","@id":"https:\/\/selleetools.com\/#website","url":"https:\/\/selleetools.com\/","name":"Selleetools.com","description":"","publisher":{"@id":"https:\/\/selleetools.com\/#organization"},"potentialAction":[{"@type":"SearchAction","target":{"@type":"EntryPoint","urlTemplate":"https:\/\/selleetools.com\/?s={search_term_string}"},"query-input":"required name=search_term_string"}],"inLanguage":"pl-PL"},{"@type":"WebPage","@id":"https:\/\/admincentral.selleetools.com\/pl\/product\/pojemnik-dzielony-17x10-2-cm\/","url":"https:\/\/admincentral.selleetools.com\/pl\/product\/pojemnik-dzielony-17x10-2-cm\/","name":"Pojemnik dzielony 17x10.2 cm - Selleetools.com","isPartOf":{"@id":"https:\/\/selleetools.com\/#website"},"datePublished":"2025-07-06T12:31:35+00:00","dateModified":"2025-12-02T19:02:21+00:00","breadcrumb":{"@id":"https:\/\/admincentral.selleetools.com\/pl\/product\/pojemnik-dzielony-17x10-2-cm\/#breadcrumb"},"inLanguage":"pl-PL","potentialAction":[{"@type":"ReadAction","target":["https:\/\/admincentral.selleetools.com\/pl\/product\/pojemnik-dzielony-17x10-2-cm\/"]}]},{"@type":"BreadcrumbList","@id":"https:\/\/admincentral.selleetools.com\/pl\/product\/pojemnik-dzielony-17x10-2-cm\/#breadcrumb","itemListElement":[{"@type":"ListItem","position":1,"name":"Home","item":"https:\/\/selleetools.com\/pl\/"},{"@type":"ListItem","position":2,"name":"Katalog","item":"https:\/\/selleetools.com\/pl\/katalog\/"},{"@type":"ListItem","position":3,"name":"Pojemnik dzielony 17&#215;10.2 cm"}]}]}},"_links":{"self":[{"href":"https:\/\/selleetools.com\/pl\/wp-json\/wp\/v2\/product\/490039"}],"collection":[{"href":"https:\/\/selleetools.com\/pl\/wp-json\/wp\/v2\/product"}],"about":[{"href":"https:\/\/selleetools.com\/pl\/wp-json\/wp\/v2\/types\/product"}],"replies":[{"embeddable":true,"href":"https:\/\/selleetools.com\/pl\/wp-json\/wp\/v2\/comments?post=490039"}],"wp:featuredmedia":[{"embeddable":true,"href":"https:\/\/selleetools.com\/pl\/wp-json\/wp\/v2\/media\/490027"}],"wp:attachment":[{"href":"https:\/\/selleetools.com\/pl\/wp-json\/wp\/v2\/media?parent=490039"}],"curies":[{"name":"wp","href":"https:\/\/api.w.org\/{rel}","templated":true}]}}