{"id":490026,"date":"2025-07-06T14:31:30","date_gmt":"2025-07-06T12:31:30","guid":{"rendered":"https:\/\/selleetools.com\/?post_type=product&#038;p=490026"},"modified":"2025-12-02T20:02:22","modified_gmt":"2025-12-02T19:02:22","slug":"miseczka-do-sosow-dipowka-240-ml","status":"publish","type":"product","link":"https:\/\/selleetools.com\/pl\/product\/miseczka-do-sosow-dipowka-240-ml\/","title":{"rendered":"Miseczka do sos\u00f3w dip\u00f3wka &#8211; 240 ml"},"content":{"rendered":"<p>Elegancka miseczka do sos\u00f3w o pojemno\u015bci 240 ml to doskona\u0142y wyb\u00f3r dla wszystkich mi\u0142o\u015bnik\u00f3w kulinari\u00f3w. Wykonana z wysokiej jako\u015bci ceramiki, charakteryzuje si\u0119 trwa\u0142o\u015bci\u0105 i estetycznym wygl\u0105dem, co czyni j\u0105 idealnym dodatkiem do ka\u017cdej zastawy sto\u0142owej. Jej kompaktowe rozmiary sprawiaj\u0105, \u017ce jest praktyczna i doskonale sprawdzi si\u0119 podczas serwowania sos\u00f3w, dip\u00f3w oraz przek\u0105sek na imprezach, kolacjach czy rodzinnych spotkaniach. Dzi\u0119ki prostemu, a zarazem eleganckiemu designowi miseczka wpasuje si\u0119 w r\u00f3\u017cne style aran\u017cacji sto\u0142u, dodaj\u0105c mu szyku i stylu. Jest \u0142atwa do czyszczenia, co zapewnia wygod\u0119 u\u017cytkowania na co dzie\u0144. Wzboga\u0107 swoje kulinarne do\u015bwiadczenia i zaskocz go\u015bci oryginalnymi dipami serwowanymi w tej wyj\u0105tkowej miseczce.<\/p>\n","protected":false},"excerpt":{"rendered":"<p>Elegancka miseczka do sos\u00f3w o pojemno\u015bci 240 ml to doskona\u0142y wyb\u00f3r dla wszystkich mi\u0142o\u015bnik\u00f3w kulinari\u00f3w. Wykonana z wysokiej jako\u015bci ceramiki, charakteryzuje si\u0119 trwa\u0142o\u015bci\u0105 i estetycznym wygl\u0105dem, co czyni j\u0105 idealnym dodatkiem do ka\u017cdej zastawy sto\u0142owej. Jej kompaktowe rozmiary sprawiaj\u0105, \u017ce jest praktyczna i doskonale sprawdzi si\u0119 podczas serwowania sos\u00f3w, dip\u00f3w oraz przek\u0105sek na imprezach, kolacjach &#8230; <a title=\"Miseczka do sos\u00f3w dip\u00f3wka &#8211; 240 ml\" class=\"read-more\" href=\"https:\/\/selleetools.com\/pl\/product\/miseczka-do-sosow-dipowka-240-ml\/\">Read more<span class=\"screen-reader-text\">Miseczka do sos\u00f3w dip\u00f3wka &#8211; 240 ml<\/span><\/a><\/p>\n","protected":false},"featured_media":490018,"comment_status":"closed","ping_status":"closed","template":"","meta":{"_links_to":"","_links_to_target":""},"yoast_head":"<!-- This site is optimized with the Yoast SEO plugin v19.4 - https:\/\/yoast.com\/wordpress\/plugins\/seo\/ -->\n<title>Miseczka do sos\u00f3w dip\u00f3wka - 240 ml - Selleetools.com<\/title>\n<meta name=\"robots\" content=\"index, follow, max-snippet:-1, max-image-preview:large, max-video-preview:-1\" \/>\n<link rel=\"canonical\" href=\"https:\/\/selleetools.com\/product\/miseczka-do-sosow-dipowka-240-ml\/\" \/>\n<meta property=\"og:locale\" content=\"pl_PL\" \/>\n<meta property=\"og:type\" content=\"article\" \/>\n<meta property=\"og:title\" content=\"Miseczka do sos\u00f3w dip\u00f3wka - 240 ml - Selleetools.com\" \/>\n<meta property=\"og:description\" content=\"Elegancka miseczka do sos\u00f3w o pojemno\u015bci 240 ml to doskona\u0142y wyb\u00f3r dla wszystkich mi\u0142o\u015bnik\u00f3w kulinari\u00f3w. Wykonana z wysokiej jako\u015bci ceramiki, charakteryzuje si\u0119 trwa\u0142o\u015bci\u0105 i estetycznym wygl\u0105dem, co czyni j\u0105 idealnym dodatkiem do ka\u017cdej zastawy sto\u0142owej. Jej kompaktowe rozmiary sprawiaj\u0105, \u017ce jest praktyczna i doskonale sprawdzi si\u0119 podczas serwowania sos\u00f3w, dip\u00f3w oraz przek\u0105sek na imprezach, kolacjach ... Read moreMiseczka do sos\u00f3w dip\u00f3wka &#8211; 240 ml\" \/>\n<meta property=\"og:url\" content=\"https:\/\/selleetools.com\/product\/miseczka-do-sosow-dipowka-240-ml\/\" \/>\n<meta property=\"og:site_name\" content=\"Selleetools.com\" \/>\n<meta property=\"article:modified_time\" content=\"2025-12-02T19:02:22+00:00\" \/>\n<meta property=\"og:image\" content=\"https:\/\/selleetools.com\/wp-content\/uploads\/2025\/07\/8ae0d3788606f1a84756e421185b7ae9.webp\" \/>\n\t<meta property=\"og:image:width\" content=\"128\" \/>\n\t<meta property=\"og:image:height\" content=\"128\" \/>\n\t<meta property=\"og:image:type\" content=\"image\/webp\" \/>\n<meta name=\"twitter:card\" content=\"summary_large_image\" \/>\n<meta name=\"twitter:label1\" content=\"Est. reading time\" \/>\n\t<meta name=\"twitter:data1\" content=\"1 minuta\" \/>\n<!-- \/ Yoast SEO plugin. -->","yoast_head_json":{"title":"Miseczka do sos\u00f3w dip\u00f3wka - 240 ml - Selleetools.com","robots":{"index":"index","follow":"follow","max-snippet":"max-snippet:-1","max-image-preview":"max-image-preview:large","max-video-preview":"max-video-preview:-1"},"canonical":"https:\/\/selleetools.com\/product\/miseczka-do-sosow-dipowka-240-ml\/","og_locale":"pl_PL","og_type":"article","og_title":"Miseczka do sos\u00f3w dip\u00f3wka - 240 ml - Selleetools.com","og_description":"Elegancka miseczka do sos\u00f3w o pojemno\u015bci 240 ml to doskona\u0142y wyb\u00f3r dla wszystkich mi\u0142o\u015bnik\u00f3w kulinari\u00f3w. Wykonana z wysokiej jako\u015bci ceramiki, charakteryzuje si\u0119 trwa\u0142o\u015bci\u0105 i estetycznym wygl\u0105dem, co czyni j\u0105 idealnym dodatkiem do ka\u017cdej zastawy sto\u0142owej. Jej kompaktowe rozmiary sprawiaj\u0105, \u017ce jest praktyczna i doskonale sprawdzi si\u0119 podczas serwowania sos\u00f3w, dip\u00f3w oraz przek\u0105sek na imprezach, kolacjach ... Read moreMiseczka do sos\u00f3w dip\u00f3wka &#8211; 240 ml","og_url":"https:\/\/selleetools.com\/product\/miseczka-do-sosow-dipowka-240-ml\/","og_site_name":"Selleetools.com","article_modified_time":"2025-12-02T19:02:22+00:00","og_image":[{"width":128,"height":128,"url":"https:\/\/selleetools.com\/wp-content\/uploads\/2025\/07\/8ae0d3788606f1a84756e421185b7ae9.webp","type":"image\/webp"}],"twitter_card":"summary_large_image","twitter_misc":{"Est. reading time":"1 minuta"},"schema":{"@context":"https:\/\/schema.org","@graph":[{"@type":"Organization","@id":"https:\/\/selleetools.com\/#organization","name":"Selleetools","url":"https:\/\/selleetools.com\/","sameAs":[],"logo":{"@type":"ImageObject","inLanguage":"pl-PL","@id":"https:\/\/selleetools.com\/#\/schema\/logo\/image\/","url":"https:\/\/selleetools.com\/wp-content\/uploads\/2021\/10\/logo-dark.png","contentUrl":"https:\/\/selleetools.com\/wp-content\/uploads\/2021\/10\/logo-dark.png","width":320,"height":76,"caption":"Selleetools"},"image":{"@id":"https:\/\/selleetools.com\/#\/schema\/logo\/image\/"}},{"@type":"WebSite","@id":"https:\/\/selleetools.com\/#website","url":"https:\/\/selleetools.com\/","name":"Selleetools.com","description":"","publisher":{"@id":"https:\/\/selleetools.com\/#organization"},"potentialAction":[{"@type":"SearchAction","target":{"@type":"EntryPoint","urlTemplate":"https:\/\/selleetools.com\/?s={search_term_string}"},"query-input":"required name=search_term_string"}],"inLanguage":"pl-PL"},{"@type":"WebPage","@id":"https:\/\/selleetools.com\/product\/miseczka-do-sosow-dipowka-240-ml\/","url":"https:\/\/selleetools.com\/product\/miseczka-do-sosow-dipowka-240-ml\/","name":"Miseczka do sos\u00f3w dip\u00f3wka - 240 ml - Selleetools.com","isPartOf":{"@id":"https:\/\/selleetools.com\/#website"},"datePublished":"2025-07-06T12:31:30+00:00","dateModified":"2025-12-02T19:02:22+00:00","breadcrumb":{"@id":"https:\/\/selleetools.com\/product\/miseczka-do-sosow-dipowka-240-ml\/#breadcrumb"},"inLanguage":"pl-PL","potentialAction":[{"@type":"ReadAction","target":["https:\/\/selleetools.com\/product\/miseczka-do-sosow-dipowka-240-ml\/"]}]},{"@type":"BreadcrumbList","@id":"https:\/\/selleetools.com\/product\/miseczka-do-sosow-dipowka-240-ml\/#breadcrumb","itemListElement":[{"@type":"ListItem","position":1,"name":"Home","item":"https:\/\/selleetools.com\/pl\/"},{"@type":"ListItem","position":2,"name":"Katalog","item":"https:\/\/selleetools.com\/pl\/katalog\/"},{"@type":"ListItem","position":3,"name":"Miseczka do sos\u00f3w dip\u00f3wka &#8211; 240 ml"}]}]}},"_links":{"self":[{"href":"https:\/\/selleetools.com\/pl\/wp-json\/wp\/v2\/product\/490026"}],"collection":[{"href":"https:\/\/selleetools.com\/pl\/wp-json\/wp\/v2\/product"}],"about":[{"href":"https:\/\/selleetools.com\/pl\/wp-json\/wp\/v2\/types\/product"}],"replies":[{"embeddable":true,"href":"https:\/\/selleetools.com\/pl\/wp-json\/wp\/v2\/comments?post=490026"}],"wp:featuredmedia":[{"embeddable":true,"href":"https:\/\/selleetools.com\/pl\/wp-json\/wp\/v2\/media\/490018"}],"wp:attachment":[{"href":"https:\/\/selleetools.com\/pl\/wp-json\/wp\/v2\/media?parent=490026"}],"curies":[{"name":"wp","href":"https:\/\/api.w.org\/{rel}","templated":true}]}}