{"id":490017,"date":"2025-07-06T14:31:26","date_gmt":"2025-07-06T12:31:26","guid":{"rendered":"https:\/\/selleetools.com\/?post_type=product&#038;p=490017"},"modified":"2025-08-08T14:04:18","modified_gmt":"2025-08-08T12:04:18","slug":"projektor-gwiazd-star-led-lampka-nocna-rzutnik-dla-dzieci-kabel-usb","status":"publish","type":"product","link":"https:\/\/selleetools.com\/pl\/product\/projektor-gwiazd-star-led-lampka-nocna-rzutnik-dla-dzieci-kabel-usb\/","title":{"rendered":"PROJEKTOR GWIAZD STAR LED LAMPKA NOCNA RZUTNIK DLA DZIECI + KABEL USB"},"content":{"rendered":"<p>Oferujemy wyj\u0105tkowy projektor gwiazd STAR LED, kt\u00f3ry zamieni ka\u017cd\u0105 noc w magiczne do\u015bwiadczenie. Nasza lampka nocna to idealne rozwi\u0105zanie dla dzieci, kt\u00f3re pragn\u0105 zasypia\u0107 w towarzystwie migocz\u0105cego nieba pe\u0142nego gwiazd. Dzi\u0119ki funkcji rzutnika, projektor wy\u015bwietla pi\u0119kne wzory na suficie, tworz\u0105c niesamowit\u0105 atmosfer\u0119 w pokoju dziecka.<\/p>\n<p>Urz\u0105dzenie jest \u0142atwe w obs\u0142udze i mo\u017cna je zasila\u0107 za pomoc\u0105 do\u0142\u0105czonego kabla USB, co zapewnia wygod\u0119 u\u017cytkowania. Stylowy i nowoczesny design sprawia, \u017ce lampka nie tylko s\u0142u\u017cy jako \u017ar\u00f3d\u0142o \u015bwiat\u0142a, ale r\u00f3wnie\u017c stanowi estetyczny element dekoracyjny.<\/p>\n<p>Oferujemy tak\u017ce r\u00f3\u017cne tryby pod\u015bwietlenia, co umo\u017cliwia dostosowanie efekt\u00f3w \u015bwietlnych do indywidualnych preferencji. Niezale\u017cnie od tego, czy chcesz stworzy\u0107 relaksuj\u0105c\u0105 atmosfer\u0119 do snu, czy mo\u017ce pe\u0142n\u0105 rado\u015bci przestrze\u0144 do zabawy, projektor gwiazd STAR LED z pewno\u015bci\u0105 spe\u0142ni Twoje oczekiwania. Idealny prezent dla dzieci, kt\u00f3ry pobudzi ich wyobra\u017ani\u0119 i uczyni ka\u017cd\u0105 noc niezapomnian\u0105.<\/p>\n","protected":false},"excerpt":{"rendered":"<p>Oferujemy wyj\u0105tkowy projektor gwiazd STAR LED, kt\u00f3ry zamieni ka\u017cd\u0105 noc w magiczne do\u015bwiadczenie. Nasza lampka nocna to idealne rozwi\u0105zanie dla dzieci, kt\u00f3re pragn\u0105 zasypia\u0107 w towarzystwie migocz\u0105cego nieba pe\u0142nego gwiazd. Dzi\u0119ki funkcji rzutnika, projektor wy\u015bwietla pi\u0119kne wzory na suficie, tworz\u0105c niesamowit\u0105 atmosfer\u0119 w pokoju dziecka. Urz\u0105dzenie jest \u0142atwe w obs\u0142udze i mo\u017cna je zasila\u0107 za &#8230; <a title=\"PROJEKTOR GWIAZD STAR LED LAMPKA NOCNA RZUTNIK DLA DZIECI + KABEL USB\" class=\"read-more\" href=\"https:\/\/selleetools.com\/pl\/product\/projektor-gwiazd-star-led-lampka-nocna-rzutnik-dla-dzieci-kabel-usb\/\">Read more<span class=\"screen-reader-text\">PROJEKTOR GWIAZD STAR LED LAMPKA NOCNA RZUTNIK DLA DZIECI + KABEL USB<\/span><\/a><\/p>\n","protected":false},"featured_media":490009,"comment_status":"closed","ping_status":"closed","template":"","meta":{"_links_to":"","_links_to_target":""},"yoast_head":"<!-- This site is optimized with the Yoast SEO plugin v19.4 - https:\/\/yoast.com\/wordpress\/plugins\/seo\/ -->\n<title>PROJEKTOR GWIAZD STAR LED LAMPKA NOCNA RZUTNIK DLA DZIECI + KABEL USB - Selleetools.com<\/title>\n<meta name=\"robots\" content=\"index, follow, max-snippet:-1, max-image-preview:large, max-video-preview:-1\" \/>\n<link rel=\"canonical\" href=\"https:\/\/admincentral.selleetools.com\/pl\/product\/projektor-gwiazd-star-led-lampka-nocna-rzutnik-dla-dzieci-kabel-usb\/\" \/>\n<meta property=\"og:locale\" content=\"pl_PL\" \/>\n<meta property=\"og:type\" content=\"article\" \/>\n<meta property=\"og:title\" content=\"PROJEKTOR GWIAZD STAR LED LAMPKA NOCNA RZUTNIK DLA DZIECI + KABEL USB - Selleetools.com\" \/>\n<meta property=\"og:description\" content=\"Oferujemy wyj\u0105tkowy projektor gwiazd STAR LED, kt\u00f3ry zamieni ka\u017cd\u0105 noc w magiczne do\u015bwiadczenie. Nasza lampka nocna to idealne rozwi\u0105zanie dla dzieci, kt\u00f3re pragn\u0105 zasypia\u0107 w towarzystwie migocz\u0105cego nieba pe\u0142nego gwiazd. Dzi\u0119ki funkcji rzutnika, projektor wy\u015bwietla pi\u0119kne wzory na suficie, tworz\u0105c niesamowit\u0105 atmosfer\u0119 w pokoju dziecka. Urz\u0105dzenie jest \u0142atwe w obs\u0142udze i mo\u017cna je zasila\u0107 za ... Read morePROJEKTOR GWIAZD STAR LED LAMPKA NOCNA RZUTNIK DLA DZIECI + KABEL USB\" \/>\n<meta property=\"og:url\" content=\"https:\/\/admincentral.selleetools.com\/pl\/product\/projektor-gwiazd-star-led-lampka-nocna-rzutnik-dla-dzieci-kabel-usb\/\" \/>\n<meta property=\"og:site_name\" content=\"Selleetools.com\" \/>\n<meta property=\"article:modified_time\" content=\"2025-08-08T12:04:18+00:00\" \/>\n<meta property=\"og:image\" content=\"https:\/\/selleetools.com\/wp-content\/uploads\/2025\/07\/068718436715ced4c0dabf4d2bcd0778.webp\" \/>\n\t<meta property=\"og:image:width\" content=\"128\" \/>\n\t<meta property=\"og:image:height\" content=\"128\" \/>\n\t<meta property=\"og:image:type\" content=\"image\/webp\" \/>\n<meta name=\"twitter:card\" content=\"summary_large_image\" \/>\n<meta name=\"twitter:label1\" content=\"Est. reading time\" \/>\n\t<meta name=\"twitter:data1\" content=\"1 minuta\" \/>\n<!-- \/ Yoast SEO plugin. -->","yoast_head_json":{"title":"PROJEKTOR GWIAZD STAR LED LAMPKA NOCNA RZUTNIK DLA DZIECI + KABEL USB - Selleetools.com","robots":{"index":"index","follow":"follow","max-snippet":"max-snippet:-1","max-image-preview":"max-image-preview:large","max-video-preview":"max-video-preview:-1"},"canonical":"https:\/\/admincentral.selleetools.com\/pl\/product\/projektor-gwiazd-star-led-lampka-nocna-rzutnik-dla-dzieci-kabel-usb\/","og_locale":"pl_PL","og_type":"article","og_title":"PROJEKTOR GWIAZD STAR LED LAMPKA NOCNA RZUTNIK DLA DZIECI + KABEL USB - Selleetools.com","og_description":"Oferujemy wyj\u0105tkowy projektor gwiazd STAR LED, kt\u00f3ry zamieni ka\u017cd\u0105 noc w magiczne do\u015bwiadczenie. Nasza lampka nocna to idealne rozwi\u0105zanie dla dzieci, kt\u00f3re pragn\u0105 zasypia\u0107 w towarzystwie migocz\u0105cego nieba pe\u0142nego gwiazd. Dzi\u0119ki funkcji rzutnika, projektor wy\u015bwietla pi\u0119kne wzory na suficie, tworz\u0105c niesamowit\u0105 atmosfer\u0119 w pokoju dziecka. Urz\u0105dzenie jest \u0142atwe w obs\u0142udze i mo\u017cna je zasila\u0107 za ... Read morePROJEKTOR GWIAZD STAR LED LAMPKA NOCNA RZUTNIK DLA DZIECI + KABEL USB","og_url":"https:\/\/admincentral.selleetools.com\/pl\/product\/projektor-gwiazd-star-led-lampka-nocna-rzutnik-dla-dzieci-kabel-usb\/","og_site_name":"Selleetools.com","article_modified_time":"2025-08-08T12:04:18+00:00","og_image":[{"width":128,"height":128,"url":"https:\/\/selleetools.com\/wp-content\/uploads\/2025\/07\/068718436715ced4c0dabf4d2bcd0778.webp","type":"image\/webp"}],"twitter_card":"summary_large_image","twitter_misc":{"Est. reading time":"1 minuta"},"schema":{"@context":"https:\/\/schema.org","@graph":[{"@type":"Organization","@id":"https:\/\/selleetools.com\/#organization","name":"Selleetools","url":"https:\/\/selleetools.com\/","sameAs":[],"logo":{"@type":"ImageObject","inLanguage":"pl-PL","@id":"https:\/\/selleetools.com\/#\/schema\/logo\/image\/","url":"https:\/\/selleetools.com\/wp-content\/uploads\/2021\/10\/logo-dark.png","contentUrl":"https:\/\/selleetools.com\/wp-content\/uploads\/2021\/10\/logo-dark.png","width":320,"height":76,"caption":"Selleetools"},"image":{"@id":"https:\/\/selleetools.com\/#\/schema\/logo\/image\/"}},{"@type":"WebSite","@id":"https:\/\/selleetools.com\/#website","url":"https:\/\/selleetools.com\/","name":"Selleetools.com","description":"","publisher":{"@id":"https:\/\/selleetools.com\/#organization"},"potentialAction":[{"@type":"SearchAction","target":{"@type":"EntryPoint","urlTemplate":"https:\/\/selleetools.com\/?s={search_term_string}"},"query-input":"required name=search_term_string"}],"inLanguage":"pl-PL"},{"@type":"WebPage","@id":"https:\/\/admincentral.selleetools.com\/pl\/product\/projektor-gwiazd-star-led-lampka-nocna-rzutnik-dla-dzieci-kabel-usb\/","url":"https:\/\/admincentral.selleetools.com\/pl\/product\/projektor-gwiazd-star-led-lampka-nocna-rzutnik-dla-dzieci-kabel-usb\/","name":"PROJEKTOR GWIAZD STAR LED LAMPKA NOCNA RZUTNIK DLA DZIECI + KABEL USB - Selleetools.com","isPartOf":{"@id":"https:\/\/selleetools.com\/#website"},"datePublished":"2025-07-06T12:31:26+00:00","dateModified":"2025-08-08T12:04:18+00:00","breadcrumb":{"@id":"https:\/\/admincentral.selleetools.com\/pl\/product\/projektor-gwiazd-star-led-lampka-nocna-rzutnik-dla-dzieci-kabel-usb\/#breadcrumb"},"inLanguage":"pl-PL","potentialAction":[{"@type":"ReadAction","target":["https:\/\/admincentral.selleetools.com\/pl\/product\/projektor-gwiazd-star-led-lampka-nocna-rzutnik-dla-dzieci-kabel-usb\/"]}]},{"@type":"BreadcrumbList","@id":"https:\/\/admincentral.selleetools.com\/pl\/product\/projektor-gwiazd-star-led-lampka-nocna-rzutnik-dla-dzieci-kabel-usb\/#breadcrumb","itemListElement":[{"@type":"ListItem","position":1,"name":"Home","item":"https:\/\/selleetools.com\/pl\/"},{"@type":"ListItem","position":2,"name":"Katalog","item":"https:\/\/selleetools.com\/pl\/katalog\/"},{"@type":"ListItem","position":3,"name":"PROJEKTOR GWIAZD STAR LED LAMPKA NOCNA RZUTNIK DLA DZIECI + KABEL USB"}]}]}},"_links":{"self":[{"href":"https:\/\/selleetools.com\/pl\/wp-json\/wp\/v2\/product\/490017"}],"collection":[{"href":"https:\/\/selleetools.com\/pl\/wp-json\/wp\/v2\/product"}],"about":[{"href":"https:\/\/selleetools.com\/pl\/wp-json\/wp\/v2\/types\/product"}],"replies":[{"embeddable":true,"href":"https:\/\/selleetools.com\/pl\/wp-json\/wp\/v2\/comments?post=490017"}],"wp:featuredmedia":[{"embeddable":true,"href":"https:\/\/selleetools.com\/pl\/wp-json\/wp\/v2\/media\/490009"}],"wp:attachment":[{"href":"https:\/\/selleetools.com\/pl\/wp-json\/wp\/v2\/media?parent=490017"}],"curies":[{"name":"wp","href":"https:\/\/api.w.org\/{rel}","templated":true}]}}