{"id":490008,"date":"2025-07-06T14:31:22","date_gmt":"2025-07-06T12:31:22","guid":{"rendered":"https:\/\/selleetools.com\/?post_type=product&#038;p=490008"},"modified":"2025-08-08T14:04:18","modified_gmt":"2025-08-08T12:04:18","slug":"glowica-sh70-philips-ostrza-do-series-7000-sh90-pl","status":"publish","type":"product","link":"https:\/\/selleetools.com\/pl\/product\/glowica-sh70-philips-ostrza-do-series-7000-sh90-pl\/","title":{"rendered":"G\u0141OWICA SH70 philips ostrza do SERIES 7000 SH90 PL"},"content":{"rendered":"<p>G\u0142\u00f3wka SH70 Philips to wysokiej jako\u015bci ostrze przeznaczone do golarek z serii 7000 oraz modelu SH90 PL. Dzi\u0119ki innowacyjnej technologii ci\u0119cia, gwarantuje precyzyjne i komfortowe golenie, dostosowuj\u0105c si\u0119 do kszta\u0142tu kontur\u00f3w twarzy. Wykonana z trwa\u0142ych materia\u0142\u00f3w, zapewnia d\u0142ugotrwa\u0142e u\u017cytkowanie, a jej wymiana jest wyj\u0105tkowo prosta i szybka. Regularne korzystanie z oryginalnych komponent\u00f3w Philips zapewnia optymalne rezultaty oraz skuteczno\u015b\u0107 dzia\u0142ania golarki. Zainwestuj w skuteczno\u015b\u0107 i jako\u015b\u0107 golenia &#8211; wybierz g\u0142owic\u0119 SH70 Philips.<\/p>\n<p>asuje do modeli:<\/p>\n<p>SH70 SH70\/52 S7000 S7010 S7310 S7370 S7350 S7780<\/p>\n<p>S7510 S7720S7780S7530 S7980 S7311 S7312S7326<\/p>\n<p>S7710 Itp<\/p>\n<p>S5000 S5075 S5095 S5081 S5082 S5078 S5079 S5091<\/p>\n<p>S9000 S9721 S9311 S9152 S9911 S9731 S9711 S9511<\/p>\n<p>S9522 S9111 S9031<\/p>\n<p>RQ1250 RQ1250CC RQ1260 RQ1260CC RQ1280 RQ1280CC<\/p>\n<p>RQ1290 RQ1290CC RQ1251RQ1251CC RQ1252 RQ1252CC<\/p>\n<p>RQ1265 RQ1265CC RQ1285 RQ1285CC RQ1286 RQ1286CC<\/p>\n<p>RQ1295 RQ1295CC RQ1296 RQ1296CC RQ1297CC RQ1255<\/p>\n<p>RQ1255CC RQ1258 RQ1258CC RQ1275 RQ1275CC<\/p>\n<p>RQ1150 RQ1151 RQ1155 RQ1160 RQ1180 RQ1190 RQ1160CC<\/p>\n<p>RQ1180CCRQ1131 RQ1141 RQ1145 RQ1175 RQ1195 RQ1150X<\/p>\n<p>RQ1160X RQ1180X RQ1185 RQ1190XRQ1195<\/p>\n<p>RQ1050 RQ1075 RQ1060 RQ1085 RQ1090 RQ1095 RQ1059.<\/p>\n<p>RQ1050 RQ1051 RQ1052 RQ1053 RQ1059 RQ1060 RQ1061<\/p>\n<p>RQ1062 RQ1075 RQ1076 RQ1077 RQ1085 RQ1087 RQ1090<\/p>\n<p>RQ1095 1050x 1059x 1090x<\/p>\n<p>RQ1131 RQ1145 RQ1150 RQ1151 RQ1155 RQ1160 RQ1170<\/p>\n<p>RQ1175 RQ1178RQ1180 RQ1185 RQ1195 1150X 1160CC<\/p>\n<p>1160X 1160XCC 1165X 1170X 1180CC 1180X<\/p>\n<p>RQ1250 RQ1261 RQ1280 RQ1290 RQ1250cc RQ1260c RQ1280cc<\/p>\n<p>RQ1290cc RQ1250X RQ1260X RQ1280X RQ1290X RQ1250cc<\/p>\n<p>RQ1260cc RQ1280cc RQ1285cc RQ1290cc RQ1295cc Itp.<\/p>\n","protected":false},"excerpt":{"rendered":"<p>G\u0142\u00f3wka SH70 Philips to wysokiej jako\u015bci ostrze przeznaczone do golarek z serii 7000 oraz modelu SH90 PL. Dzi\u0119ki innowacyjnej technologii ci\u0119cia, gwarantuje precyzyjne i komfortowe golenie, dostosowuj\u0105c si\u0119 do kszta\u0142tu kontur\u00f3w twarzy. Wykonana z trwa\u0142ych materia\u0142\u00f3w, zapewnia d\u0142ugotrwa\u0142e u\u017cytkowanie, a jej wymiana jest wyj\u0105tkowo prosta i szybka. Regularne korzystanie z oryginalnych komponent\u00f3w Philips zapewnia optymalne &#8230; <a title=\"G\u0141OWICA SH70 philips ostrza do SERIES 7000 SH90 PL\" class=\"read-more\" href=\"https:\/\/selleetools.com\/pl\/product\/glowica-sh70-philips-ostrza-do-series-7000-sh90-pl\/\">Read more<span class=\"screen-reader-text\">G\u0141OWICA SH70 philips ostrza do SERIES 7000 SH90 PL<\/span><\/a><\/p>\n","protected":false},"featured_media":489996,"comment_status":"closed","ping_status":"closed","template":"","meta":{"_links_to":"","_links_to_target":""},"yoast_head":"<!-- This site is optimized with the Yoast SEO plugin v19.4 - https:\/\/yoast.com\/wordpress\/plugins\/seo\/ -->\n<title>G\u0141OWICA SH70 philips ostrza do SERIES 7000 SH90 PL - Selleetools.com<\/title>\n<meta name=\"robots\" content=\"index, follow, max-snippet:-1, max-image-preview:large, max-video-preview:-1\" \/>\n<link rel=\"canonical\" href=\"https:\/\/selleetools.com\/pl\/product\/glowica-sh70-philips-ostrza-do-series-7000-sh90-pl\/\" \/>\n<meta property=\"og:locale\" content=\"pl_PL\" \/>\n<meta property=\"og:type\" content=\"article\" \/>\n<meta property=\"og:title\" content=\"G\u0141OWICA SH70 philips ostrza do SERIES 7000 SH90 PL - Selleetools.com\" \/>\n<meta property=\"og:description\" content=\"G\u0142\u00f3wka SH70 Philips to wysokiej jako\u015bci ostrze przeznaczone do golarek z serii 7000 oraz modelu SH90 PL. Dzi\u0119ki innowacyjnej technologii ci\u0119cia, gwarantuje precyzyjne i komfortowe golenie, dostosowuj\u0105c si\u0119 do kszta\u0142tu kontur\u00f3w twarzy. Wykonana z trwa\u0142ych materia\u0142\u00f3w, zapewnia d\u0142ugotrwa\u0142e u\u017cytkowanie, a jej wymiana jest wyj\u0105tkowo prosta i szybka. Regularne korzystanie z oryginalnych komponent\u00f3w Philips zapewnia optymalne ... Read moreG\u0141OWICA SH70 philips ostrza do SERIES 7000 SH90 PL\" \/>\n<meta property=\"og:url\" content=\"https:\/\/selleetools.com\/pl\/product\/glowica-sh70-philips-ostrza-do-series-7000-sh90-pl\/\" \/>\n<meta property=\"og:site_name\" content=\"Selleetools.com\" \/>\n<meta property=\"article:modified_time\" content=\"2025-08-08T12:04:18+00:00\" \/>\n<meta property=\"og:image\" content=\"https:\/\/selleetools.com\/wp-content\/uploads\/2025\/07\/93eee63fcf8d85787cfd34791ba7514c.webp\" \/>\n\t<meta property=\"og:image:width\" content=\"128\" \/>\n\t<meta property=\"og:image:height\" content=\"113\" \/>\n\t<meta property=\"og:image:type\" content=\"image\/webp\" \/>\n<meta name=\"twitter:card\" content=\"summary_large_image\" \/>\n<meta name=\"twitter:label1\" content=\"Est. reading time\" \/>\n\t<meta name=\"twitter:data1\" content=\"1 minuta\" \/>\n<!-- \/ Yoast SEO plugin. -->","yoast_head_json":{"title":"G\u0141OWICA SH70 philips ostrza do SERIES 7000 SH90 PL - Selleetools.com","robots":{"index":"index","follow":"follow","max-snippet":"max-snippet:-1","max-image-preview":"max-image-preview:large","max-video-preview":"max-video-preview:-1"},"canonical":"https:\/\/selleetools.com\/pl\/product\/glowica-sh70-philips-ostrza-do-series-7000-sh90-pl\/","og_locale":"pl_PL","og_type":"article","og_title":"G\u0141OWICA SH70 philips ostrza do SERIES 7000 SH90 PL - Selleetools.com","og_description":"G\u0142\u00f3wka SH70 Philips to wysokiej jako\u015bci ostrze przeznaczone do golarek z serii 7000 oraz modelu SH90 PL. Dzi\u0119ki innowacyjnej technologii ci\u0119cia, gwarantuje precyzyjne i komfortowe golenie, dostosowuj\u0105c si\u0119 do kszta\u0142tu kontur\u00f3w twarzy. Wykonana z trwa\u0142ych materia\u0142\u00f3w, zapewnia d\u0142ugotrwa\u0142e u\u017cytkowanie, a jej wymiana jest wyj\u0105tkowo prosta i szybka. Regularne korzystanie z oryginalnych komponent\u00f3w Philips zapewnia optymalne ... Read moreG\u0141OWICA SH70 philips ostrza do SERIES 7000 SH90 PL","og_url":"https:\/\/selleetools.com\/pl\/product\/glowica-sh70-philips-ostrza-do-series-7000-sh90-pl\/","og_site_name":"Selleetools.com","article_modified_time":"2025-08-08T12:04:18+00:00","og_image":[{"width":128,"height":113,"url":"https:\/\/selleetools.com\/wp-content\/uploads\/2025\/07\/93eee63fcf8d85787cfd34791ba7514c.webp","type":"image\/webp"}],"twitter_card":"summary_large_image","twitter_misc":{"Est. reading time":"1 minuta"},"schema":{"@context":"https:\/\/schema.org","@graph":[{"@type":"Organization","@id":"https:\/\/selleetools.com\/#organization","name":"Selleetools","url":"https:\/\/selleetools.com\/","sameAs":[],"logo":{"@type":"ImageObject","inLanguage":"pl-PL","@id":"https:\/\/selleetools.com\/#\/schema\/logo\/image\/","url":"https:\/\/selleetools.com\/wp-content\/uploads\/2021\/10\/logo-dark.png","contentUrl":"https:\/\/selleetools.com\/wp-content\/uploads\/2021\/10\/logo-dark.png","width":320,"height":76,"caption":"Selleetools"},"image":{"@id":"https:\/\/selleetools.com\/#\/schema\/logo\/image\/"}},{"@type":"WebSite","@id":"https:\/\/selleetools.com\/#website","url":"https:\/\/selleetools.com\/","name":"Selleetools.com","description":"","publisher":{"@id":"https:\/\/selleetools.com\/#organization"},"potentialAction":[{"@type":"SearchAction","target":{"@type":"EntryPoint","urlTemplate":"https:\/\/selleetools.com\/?s={search_term_string}"},"query-input":"required name=search_term_string"}],"inLanguage":"pl-PL"},{"@type":"WebPage","@id":"https:\/\/selleetools.com\/pl\/product\/glowica-sh70-philips-ostrza-do-series-7000-sh90-pl\/","url":"https:\/\/selleetools.com\/pl\/product\/glowica-sh70-philips-ostrza-do-series-7000-sh90-pl\/","name":"G\u0141OWICA SH70 philips ostrza do SERIES 7000 SH90 PL - Selleetools.com","isPartOf":{"@id":"https:\/\/selleetools.com\/#website"},"datePublished":"2025-07-06T12:31:22+00:00","dateModified":"2025-08-08T12:04:18+00:00","breadcrumb":{"@id":"https:\/\/selleetools.com\/pl\/product\/glowica-sh70-philips-ostrza-do-series-7000-sh90-pl\/#breadcrumb"},"inLanguage":"pl-PL","potentialAction":[{"@type":"ReadAction","target":["https:\/\/selleetools.com\/pl\/product\/glowica-sh70-philips-ostrza-do-series-7000-sh90-pl\/"]}]},{"@type":"BreadcrumbList","@id":"https:\/\/selleetools.com\/pl\/product\/glowica-sh70-philips-ostrza-do-series-7000-sh90-pl\/#breadcrumb","itemListElement":[{"@type":"ListItem","position":1,"name":"Home","item":"https:\/\/selleetools.com\/pl\/"},{"@type":"ListItem","position":2,"name":"Katalog","item":"https:\/\/selleetools.com\/pl\/katalog\/"},{"@type":"ListItem","position":3,"name":"G\u0141OWICA SH70 philips ostrza do SERIES 7000 SH90 PL"}]}]}},"_links":{"self":[{"href":"https:\/\/selleetools.com\/pl\/wp-json\/wp\/v2\/product\/490008"}],"collection":[{"href":"https:\/\/selleetools.com\/pl\/wp-json\/wp\/v2\/product"}],"about":[{"href":"https:\/\/selleetools.com\/pl\/wp-json\/wp\/v2\/types\/product"}],"replies":[{"embeddable":true,"href":"https:\/\/selleetools.com\/pl\/wp-json\/wp\/v2\/comments?post=490008"}],"wp:featuredmedia":[{"embeddable":true,"href":"https:\/\/selleetools.com\/pl\/wp-json\/wp\/v2\/media\/489996"}],"wp:attachment":[{"href":"https:\/\/selleetools.com\/pl\/wp-json\/wp\/v2\/media?parent=490008"}],"curies":[{"name":"wp","href":"https:\/\/api.w.org\/{rel}","templated":true}]}}