{"id":489988,"date":"2025-07-06T14:31:13","date_gmt":"2025-07-06T12:31:13","guid":{"rendered":"https:\/\/selleetools.com\/?post_type=product&#038;p=489988"},"modified":"2025-08-08T14:04:18","modified_gmt":"2025-08-08T12:04:18","slug":"kubek-na-szczotke-do-zebow-i-paste","status":"publish","type":"product","link":"https:\/\/selleetools.com\/pl\/product\/kubek-na-szczotke-do-zebow-i-paste\/","title":{"rendered":"Kubek na szczotk\u0119 do z\u0119b\u00f3w i past\u0119"},"content":{"rendered":"<p>Przedstawiamy elegancki i funkcjonalny kubek na szczotk\u0119 do z\u0119b\u00f3w oraz past\u0119, idealny do \u0142azienki ka\u017cdego mi\u0142o\u015bnika porz\u0105dku. Wykonany z wysokiej jako\u015bci materia\u0142\u00f3w, kubek charakteryzuje si\u0119 trwa\u0142o\u015bci\u0105 i odporno\u015bci\u0105 na uszkodzenia, co zapewnia d\u0142ugotrwa\u0142e u\u017cytkowanie. Jego nowoczesny design wpasuje si\u0119 w r\u00f3\u017cnorodne aran\u017cacje wn\u0119trz, nadaj\u0105c im estetyczny wygl\u0105d. Kubek posiada odpowiedni\u0105 pojemno\u015b\u0107, aby pomie\u015bci\u0107 zar\u00f3wno szczoteczki do z\u0119b\u00f3w, jak i tubki pasty, co sprawia, \u017ce jest praktycznym rozwi\u0105zaniem na co dzie\u0144. Dzi\u0119ki stabilnej podstawie, kubek nie przewraca si\u0119, co zwi\u0119ksza komfort u\u017cytkowania. Umo\u017cliwia \u0142atwe utrzymanie czysto\u015bci, a jego g\u0142adka powierzchnia sprawia, \u017ce jest \u0142atwy w piel\u0119gnacji. Wybierz nasz kubek na szczotk\u0119 i past\u0119, aby po\u0142\u0105czy\u0107 funkcjonalno\u015b\u0107 z elegancj\u0105 w swojej \u0142azience.<\/p>\n","protected":false},"excerpt":{"rendered":"<p>Przedstawiamy elegancki i funkcjonalny kubek na szczotk\u0119 do z\u0119b\u00f3w oraz past\u0119, idealny do \u0142azienki ka\u017cdego mi\u0142o\u015bnika porz\u0105dku. Wykonany z wysokiej jako\u015bci materia\u0142\u00f3w, kubek charakteryzuje si\u0119 trwa\u0142o\u015bci\u0105 i odporno\u015bci\u0105 na uszkodzenia, co zapewnia d\u0142ugotrwa\u0142e u\u017cytkowanie. Jego nowoczesny design wpasuje si\u0119 w r\u00f3\u017cnorodne aran\u017cacje wn\u0119trz, nadaj\u0105c im estetyczny wygl\u0105d. Kubek posiada odpowiedni\u0105 pojemno\u015b\u0107, aby pomie\u015bci\u0107 zar\u00f3wno szczoteczki &#8230; <a title=\"Kubek na szczotk\u0119 do z\u0119b\u00f3w i past\u0119\" class=\"read-more\" href=\"https:\/\/selleetools.com\/pl\/product\/kubek-na-szczotke-do-zebow-i-paste\/\">Read more<span class=\"screen-reader-text\">Kubek na szczotk\u0119 do z\u0119b\u00f3w i past\u0119<\/span><\/a><\/p>\n","protected":false},"featured_media":489984,"comment_status":"open","ping_status":"closed","template":"","meta":{"_links_to":"","_links_to_target":""},"yoast_head":"<!-- This site is optimized with the Yoast SEO plugin v19.4 - https:\/\/yoast.com\/wordpress\/plugins\/seo\/ -->\n<title>Kubek na szczotk\u0119 do z\u0119b\u00f3w i past\u0119 - Selleetools.com<\/title>\n<meta name=\"robots\" content=\"index, follow, max-snippet:-1, max-image-preview:large, max-video-preview:-1\" \/>\n<link rel=\"canonical\" href=\"https:\/\/selleetools.com\/pl\/product\/kubek-na-szczotke-do-zebow-i-paste\/\" \/>\n<meta property=\"og:locale\" content=\"pl_PL\" \/>\n<meta property=\"og:type\" content=\"article\" \/>\n<meta property=\"og:title\" content=\"Kubek na szczotk\u0119 do z\u0119b\u00f3w i past\u0119 - Selleetools.com\" \/>\n<meta property=\"og:description\" content=\"Przedstawiamy elegancki i funkcjonalny kubek na szczotk\u0119 do z\u0119b\u00f3w oraz past\u0119, idealny do \u0142azienki ka\u017cdego mi\u0142o\u015bnika porz\u0105dku. Wykonany z wysokiej jako\u015bci materia\u0142\u00f3w, kubek charakteryzuje si\u0119 trwa\u0142o\u015bci\u0105 i odporno\u015bci\u0105 na uszkodzenia, co zapewnia d\u0142ugotrwa\u0142e u\u017cytkowanie. Jego nowoczesny design wpasuje si\u0119 w r\u00f3\u017cnorodne aran\u017cacje wn\u0119trz, nadaj\u0105c im estetyczny wygl\u0105d. Kubek posiada odpowiedni\u0105 pojemno\u015b\u0107, aby pomie\u015bci\u0107 zar\u00f3wno szczoteczki ... Read moreKubek na szczotk\u0119 do z\u0119b\u00f3w i past\u0119\" \/>\n<meta property=\"og:url\" content=\"https:\/\/selleetools.com\/pl\/product\/kubek-na-szczotke-do-zebow-i-paste\/\" \/>\n<meta property=\"og:site_name\" content=\"Selleetools.com\" \/>\n<meta property=\"article:modified_time\" content=\"2025-08-08T12:04:18+00:00\" \/>\n<meta property=\"og:image\" content=\"https:\/\/selleetools.com\/wp-content\/uploads\/2025\/07\/5c6418ec6aabcf9f0bf2e6351a0dea09.jpg\" \/>\n\t<meta property=\"og:image:width\" content=\"800\" \/>\n\t<meta property=\"og:image:height\" content=\"800\" \/>\n\t<meta property=\"og:image:type\" content=\"image\/jpeg\" \/>\n<meta name=\"twitter:card\" content=\"summary_large_image\" \/>\n<meta name=\"twitter:label1\" content=\"Est. reading time\" \/>\n\t<meta name=\"twitter:data1\" content=\"1 minuta\" \/>\n<!-- \/ Yoast SEO plugin. -->","yoast_head_json":{"title":"Kubek na szczotk\u0119 do z\u0119b\u00f3w i past\u0119 - Selleetools.com","robots":{"index":"index","follow":"follow","max-snippet":"max-snippet:-1","max-image-preview":"max-image-preview:large","max-video-preview":"max-video-preview:-1"},"canonical":"https:\/\/selleetools.com\/pl\/product\/kubek-na-szczotke-do-zebow-i-paste\/","og_locale":"pl_PL","og_type":"article","og_title":"Kubek na szczotk\u0119 do z\u0119b\u00f3w i past\u0119 - Selleetools.com","og_description":"Przedstawiamy elegancki i funkcjonalny kubek na szczotk\u0119 do z\u0119b\u00f3w oraz past\u0119, idealny do \u0142azienki ka\u017cdego mi\u0142o\u015bnika porz\u0105dku. Wykonany z wysokiej jako\u015bci materia\u0142\u00f3w, kubek charakteryzuje si\u0119 trwa\u0142o\u015bci\u0105 i odporno\u015bci\u0105 na uszkodzenia, co zapewnia d\u0142ugotrwa\u0142e u\u017cytkowanie. Jego nowoczesny design wpasuje si\u0119 w r\u00f3\u017cnorodne aran\u017cacje wn\u0119trz, nadaj\u0105c im estetyczny wygl\u0105d. Kubek posiada odpowiedni\u0105 pojemno\u015b\u0107, aby pomie\u015bci\u0107 zar\u00f3wno szczoteczki ... Read moreKubek na szczotk\u0119 do z\u0119b\u00f3w i past\u0119","og_url":"https:\/\/selleetools.com\/pl\/product\/kubek-na-szczotke-do-zebow-i-paste\/","og_site_name":"Selleetools.com","article_modified_time":"2025-08-08T12:04:18+00:00","og_image":[{"width":800,"height":800,"url":"https:\/\/selleetools.com\/wp-content\/uploads\/2025\/07\/5c6418ec6aabcf9f0bf2e6351a0dea09.jpg","type":"image\/jpeg"}],"twitter_card":"summary_large_image","twitter_misc":{"Est. reading time":"1 minuta"},"schema":{"@context":"https:\/\/schema.org","@graph":[{"@type":"Organization","@id":"https:\/\/selleetools.com\/#organization","name":"Selleetools","url":"https:\/\/selleetools.com\/","sameAs":[],"logo":{"@type":"ImageObject","inLanguage":"pl-PL","@id":"https:\/\/selleetools.com\/#\/schema\/logo\/image\/","url":"https:\/\/selleetools.com\/wp-content\/uploads\/2021\/10\/logo-dark.png","contentUrl":"https:\/\/selleetools.com\/wp-content\/uploads\/2021\/10\/logo-dark.png","width":320,"height":76,"caption":"Selleetools"},"image":{"@id":"https:\/\/selleetools.com\/#\/schema\/logo\/image\/"}},{"@type":"WebSite","@id":"https:\/\/selleetools.com\/#website","url":"https:\/\/selleetools.com\/","name":"Selleetools.com","description":"","publisher":{"@id":"https:\/\/selleetools.com\/#organization"},"potentialAction":[{"@type":"SearchAction","target":{"@type":"EntryPoint","urlTemplate":"https:\/\/selleetools.com\/?s={search_term_string}"},"query-input":"required name=search_term_string"}],"inLanguage":"pl-PL"},{"@type":"WebPage","@id":"https:\/\/selleetools.com\/pl\/product\/kubek-na-szczotke-do-zebow-i-paste\/","url":"https:\/\/selleetools.com\/pl\/product\/kubek-na-szczotke-do-zebow-i-paste\/","name":"Kubek na szczotk\u0119 do z\u0119b\u00f3w i past\u0119 - Selleetools.com","isPartOf":{"@id":"https:\/\/selleetools.com\/#website"},"datePublished":"2025-07-06T12:31:13+00:00","dateModified":"2025-08-08T12:04:18+00:00","breadcrumb":{"@id":"https:\/\/selleetools.com\/pl\/product\/kubek-na-szczotke-do-zebow-i-paste\/#breadcrumb"},"inLanguage":"pl-PL","potentialAction":[{"@type":"ReadAction","target":["https:\/\/selleetools.com\/pl\/product\/kubek-na-szczotke-do-zebow-i-paste\/"]}]},{"@type":"BreadcrumbList","@id":"https:\/\/selleetools.com\/pl\/product\/kubek-na-szczotke-do-zebow-i-paste\/#breadcrumb","itemListElement":[{"@type":"ListItem","position":1,"name":"Home","item":"https:\/\/selleetools.com\/pl\/"},{"@type":"ListItem","position":2,"name":"Katalog","item":"https:\/\/selleetools.com\/pl\/katalog\/"},{"@type":"ListItem","position":3,"name":"Kubek na szczotk\u0119 do z\u0119b\u00f3w i past\u0119"}]}]}},"_links":{"self":[{"href":"https:\/\/selleetools.com\/pl\/wp-json\/wp\/v2\/product\/489988"}],"collection":[{"href":"https:\/\/selleetools.com\/pl\/wp-json\/wp\/v2\/product"}],"about":[{"href":"https:\/\/selleetools.com\/pl\/wp-json\/wp\/v2\/types\/product"}],"replies":[{"embeddable":true,"href":"https:\/\/selleetools.com\/pl\/wp-json\/wp\/v2\/comments?post=489988"}],"wp:featuredmedia":[{"embeddable":true,"href":"https:\/\/selleetools.com\/pl\/wp-json\/wp\/v2\/media\/489984"}],"wp:attachment":[{"href":"https:\/\/selleetools.com\/pl\/wp-json\/wp\/v2\/media?parent=489988"}],"curies":[{"name":"wp","href":"https:\/\/api.w.org\/{rel}","templated":true}]}}