{"id":489983,"date":"2025-07-06T14:31:08","date_gmt":"2025-07-06T12:31:08","guid":{"rendered":"https:\/\/selleetools.com\/?post_type=product&#038;p=489983"},"modified":"2025-08-08T14:34:24","modified_gmt":"2025-08-08T12:34:24","slug":"kubek-na-szczoteczke-do-zebow","status":"publish","type":"product","link":"https:\/\/selleetools.com\/pl\/product\/kubek-na-szczoteczke-do-zebow\/","title":{"rendered":"Kubek na szczoteczk\u0119 do z\u0119b\u00f3w"},"content":{"rendered":"<p>Oferujemy elegancki kubek na szczoteczk\u0119 do z\u0119b\u00f3w, wykonany z wysokiej jako\u015bci materia\u0142\u00f3w, kt\u00f3re gwarantuj\u0105 trwa\u0142o\u015b\u0107 i estetyczny wygl\u0105d. Nasz produkt idealnie komponuje si\u0119 z r\u00f3\u017cnorodnymi aran\u017cacjami \u0142azienkowymi, dodaj\u0105c klasy i porz\u0105dku do codziennej piel\u0119gnacji jamy ustnej. Kubek pomie\u015bci do trzech szczoteczek, co czyni go praktycznym rozwi\u0105zaniem dla ca\u0142ej rodziny. Jego \u0142atwa do czyszczenia powierzchnia zapewnia higieniczne warunki u\u017cytkowania. Dzi\u0119ki nowoczesnemu designowi, ten kubek nie tylko spe\u0142nia swoj\u0105 funkcj\u0119, ale r\u00f3wnie\u017c pi\u0119knie prezentuje si\u0119 na ka\u017cdej umywalce. Wybierz nasz kubek na szczoteczk\u0119 do z\u0119b\u00f3w i ciesz si\u0119 porz\u0105dkiem oraz stylem w swojej \u0142azience.<\/p>\n","protected":false},"excerpt":{"rendered":"<p>Oferujemy elegancki kubek na szczoteczk\u0119 do z\u0119b\u00f3w, wykonany z wysokiej jako\u015bci materia\u0142\u00f3w, kt\u00f3re gwarantuj\u0105 trwa\u0142o\u015b\u0107 i estetyczny wygl\u0105d. Nasz produkt idealnie komponuje si\u0119 z r\u00f3\u017cnorodnymi aran\u017cacjami \u0142azienkowymi, dodaj\u0105c klasy i porz\u0105dku do codziennej piel\u0119gnacji jamy ustnej. Kubek pomie\u015bci do trzech szczoteczek, co czyni go praktycznym rozwi\u0105zaniem dla ca\u0142ej rodziny. Jego \u0142atwa do czyszczenia powierzchnia zapewnia &#8230; <a title=\"Kubek na szczoteczk\u0119 do z\u0119b\u00f3w\" class=\"read-more\" href=\"https:\/\/selleetools.com\/pl\/product\/kubek-na-szczoteczke-do-zebow\/\">Read more<span class=\"screen-reader-text\">Kubek na szczoteczk\u0119 do z\u0119b\u00f3w<\/span><\/a><\/p>\n","protected":false},"featured_media":489979,"comment_status":"closed","ping_status":"closed","template":"","meta":{"_links_to":"","_links_to_target":""},"yoast_head":"<!-- This site is optimized with the Yoast SEO plugin v19.4 - https:\/\/yoast.com\/wordpress\/plugins\/seo\/ -->\n<title>Kubek na szczoteczk\u0119 do z\u0119b\u00f3w - Selleetools.com<\/title>\n<meta name=\"robots\" content=\"index, follow, max-snippet:-1, max-image-preview:large, max-video-preview:-1\" \/>\n<link rel=\"canonical\" href=\"https:\/\/selleetools.com\/product\/kubek-na-szczoteczke-do-zebow\/\" \/>\n<meta property=\"og:locale\" content=\"pl_PL\" \/>\n<meta property=\"og:type\" content=\"article\" \/>\n<meta property=\"og:title\" content=\"Kubek na szczoteczk\u0119 do z\u0119b\u00f3w - Selleetools.com\" \/>\n<meta property=\"og:description\" content=\"Oferujemy elegancki kubek na szczoteczk\u0119 do z\u0119b\u00f3w, wykonany z wysokiej jako\u015bci materia\u0142\u00f3w, kt\u00f3re gwarantuj\u0105 trwa\u0142o\u015b\u0107 i estetyczny wygl\u0105d. Nasz produkt idealnie komponuje si\u0119 z r\u00f3\u017cnorodnymi aran\u017cacjami \u0142azienkowymi, dodaj\u0105c klasy i porz\u0105dku do codziennej piel\u0119gnacji jamy ustnej. Kubek pomie\u015bci do trzech szczoteczek, co czyni go praktycznym rozwi\u0105zaniem dla ca\u0142ej rodziny. Jego \u0142atwa do czyszczenia powierzchnia zapewnia ... Read moreKubek na szczoteczk\u0119 do z\u0119b\u00f3w\" \/>\n<meta property=\"og:url\" content=\"https:\/\/selleetools.com\/product\/kubek-na-szczoteczke-do-zebow\/\" \/>\n<meta property=\"og:site_name\" content=\"Selleetools.com\" \/>\n<meta property=\"article:modified_time\" content=\"2025-08-08T12:34:24+00:00\" \/>\n<meta property=\"og:image\" content=\"https:\/\/selleetools.com\/wp-content\/uploads\/2025\/07\/6d470745fdec1aa2ff2bab1125e26657.jpg\" \/>\n\t<meta property=\"og:image:width\" content=\"800\" \/>\n\t<meta property=\"og:image:height\" content=\"800\" \/>\n\t<meta property=\"og:image:type\" content=\"image\/jpeg\" \/>\n<meta name=\"twitter:card\" content=\"summary_large_image\" \/>\n<meta name=\"twitter:label1\" content=\"Est. reading time\" \/>\n\t<meta name=\"twitter:data1\" content=\"1 minuta\" \/>\n<!-- \/ Yoast SEO plugin. -->","yoast_head_json":{"title":"Kubek na szczoteczk\u0119 do z\u0119b\u00f3w - Selleetools.com","robots":{"index":"index","follow":"follow","max-snippet":"max-snippet:-1","max-image-preview":"max-image-preview:large","max-video-preview":"max-video-preview:-1"},"canonical":"https:\/\/selleetools.com\/product\/kubek-na-szczoteczke-do-zebow\/","og_locale":"pl_PL","og_type":"article","og_title":"Kubek na szczoteczk\u0119 do z\u0119b\u00f3w - Selleetools.com","og_description":"Oferujemy elegancki kubek na szczoteczk\u0119 do z\u0119b\u00f3w, wykonany z wysokiej jako\u015bci materia\u0142\u00f3w, kt\u00f3re gwarantuj\u0105 trwa\u0142o\u015b\u0107 i estetyczny wygl\u0105d. Nasz produkt idealnie komponuje si\u0119 z r\u00f3\u017cnorodnymi aran\u017cacjami \u0142azienkowymi, dodaj\u0105c klasy i porz\u0105dku do codziennej piel\u0119gnacji jamy ustnej. Kubek pomie\u015bci do trzech szczoteczek, co czyni go praktycznym rozwi\u0105zaniem dla ca\u0142ej rodziny. Jego \u0142atwa do czyszczenia powierzchnia zapewnia ... Read moreKubek na szczoteczk\u0119 do z\u0119b\u00f3w","og_url":"https:\/\/selleetools.com\/product\/kubek-na-szczoteczke-do-zebow\/","og_site_name":"Selleetools.com","article_modified_time":"2025-08-08T12:34:24+00:00","og_image":[{"width":800,"height":800,"url":"https:\/\/selleetools.com\/wp-content\/uploads\/2025\/07\/6d470745fdec1aa2ff2bab1125e26657.jpg","type":"image\/jpeg"}],"twitter_card":"summary_large_image","twitter_misc":{"Est. reading time":"1 minuta"},"schema":{"@context":"https:\/\/schema.org","@graph":[{"@type":"Organization","@id":"https:\/\/selleetools.com\/#organization","name":"Selleetools","url":"https:\/\/selleetools.com\/","sameAs":[],"logo":{"@type":"ImageObject","inLanguage":"pl-PL","@id":"https:\/\/selleetools.com\/#\/schema\/logo\/image\/","url":"https:\/\/selleetools.com\/wp-content\/uploads\/2021\/10\/logo-dark.png","contentUrl":"https:\/\/selleetools.com\/wp-content\/uploads\/2021\/10\/logo-dark.png","width":320,"height":76,"caption":"Selleetools"},"image":{"@id":"https:\/\/selleetools.com\/#\/schema\/logo\/image\/"}},{"@type":"WebSite","@id":"https:\/\/selleetools.com\/#website","url":"https:\/\/selleetools.com\/","name":"Selleetools.com","description":"","publisher":{"@id":"https:\/\/selleetools.com\/#organization"},"potentialAction":[{"@type":"SearchAction","target":{"@type":"EntryPoint","urlTemplate":"https:\/\/selleetools.com\/?s={search_term_string}"},"query-input":"required name=search_term_string"}],"inLanguage":"pl-PL"},{"@type":"WebPage","@id":"https:\/\/selleetools.com\/product\/kubek-na-szczoteczke-do-zebow\/","url":"https:\/\/selleetools.com\/product\/kubek-na-szczoteczke-do-zebow\/","name":"Kubek na szczoteczk\u0119 do z\u0119b\u00f3w - Selleetools.com","isPartOf":{"@id":"https:\/\/selleetools.com\/#website"},"datePublished":"2025-07-06T12:31:08+00:00","dateModified":"2025-08-08T12:34:24+00:00","breadcrumb":{"@id":"https:\/\/selleetools.com\/product\/kubek-na-szczoteczke-do-zebow\/#breadcrumb"},"inLanguage":"pl-PL","potentialAction":[{"@type":"ReadAction","target":["https:\/\/selleetools.com\/product\/kubek-na-szczoteczke-do-zebow\/"]}]},{"@type":"BreadcrumbList","@id":"https:\/\/selleetools.com\/product\/kubek-na-szczoteczke-do-zebow\/#breadcrumb","itemListElement":[{"@type":"ListItem","position":1,"name":"Home","item":"https:\/\/selleetools.com\/pl\/"},{"@type":"ListItem","position":2,"name":"Katalog","item":"https:\/\/selleetools.com\/pl\/katalog\/"},{"@type":"ListItem","position":3,"name":"Kubek na szczoteczk\u0119 do z\u0119b\u00f3w"}]}]}},"_links":{"self":[{"href":"https:\/\/selleetools.com\/pl\/wp-json\/wp\/v2\/product\/489983"}],"collection":[{"href":"https:\/\/selleetools.com\/pl\/wp-json\/wp\/v2\/product"}],"about":[{"href":"https:\/\/selleetools.com\/pl\/wp-json\/wp\/v2\/types\/product"}],"replies":[{"embeddable":true,"href":"https:\/\/selleetools.com\/pl\/wp-json\/wp\/v2\/comments?post=489983"}],"wp:featuredmedia":[{"embeddable":true,"href":"https:\/\/selleetools.com\/pl\/wp-json\/wp\/v2\/media\/489979"}],"wp:attachment":[{"href":"https:\/\/selleetools.com\/pl\/wp-json\/wp\/v2\/media?parent=489983"}],"curies":[{"name":"wp","href":"https:\/\/api.w.org\/{rel}","templated":true}]}}