{"id":489973,"date":"2025-07-06T14:31:00","date_gmt":"2025-07-06T12:31:00","guid":{"rendered":"https:\/\/selleetools.com\/?post_type=product&#038;p=489973"},"modified":"2025-08-08T14:53:41","modified_gmt":"2025-08-08T12:53:41","slug":"lunch-box-pojemnik-na-zywnosc-jedzenie-500ml200ml-na-piknik-plaze-do-pracy","status":"publish","type":"product","link":"https:\/\/selleetools.com\/pl\/product\/lunch-box-pojemnik-na-zywnosc-jedzenie-500ml200ml-na-piknik-plaze-do-pracy\/","title":{"rendered":"LUNCH BOX POJEMNIK NA \u017bYWNO\u015a\u0106 JEDZENIE 500ML+200ML NA PIKNIK PLA\u017b\u0118 DO PRACY"},"content":{"rendered":"<p>Przedstawiamy wysokiej jako\u015bci lunch box, idealny do przechowywania posi\u0142k\u00f3w zar\u00f3wno w pracy, jak i w trakcie piknik\u00f3w oraz na pla\u017cy. Nasz pojemnik na \u017cywno\u015b\u0107 o pojemno\u015bci 500 ml oraz dodatkowy, mniejszy pojemnik o pojemno\u015bci 200 ml, zapewniaj\u0105 doskona\u0142\u0105 organizacj\u0119 przestrzeni, umo\u017cliwiaj\u0105c jednoczesne pakowanie r\u00f3\u017cnych potraw. Wykonany z trwa\u0142ego, bezpiecznego dla zdrowia materia\u0142u, lunch box charakteryzuje si\u0119 \u0142atwo\u015bci\u0105 w czyszczeniu oraz ergonomicznym designem. Dzi\u0119ki szczelnemu zamykaniu, jedzenie pozostaje \u015bwie\u017ce i zabezpieczone przed wylaniem. Stylowy i funkcjonalny, ten zestaw to idealny wyb\u00f3r dla os\u00f3b ceni\u0105cych wygod\u0119 oraz zdrowe nawyki \u017cywieniowe. Niech Twoje posi\u0142ki b\u0119d\u0105 zawsze w zasi\u0119gu r\u0119ki i w doskona\u0142ym stanie, niezale\u017cnie od miejsca, w kt\u00f3rym si\u0119 znajdujesz.<\/p>\n","protected":false},"excerpt":{"rendered":"<p>Przedstawiamy wysokiej jako\u015bci lunch box, idealny do przechowywania posi\u0142k\u00f3w zar\u00f3wno w pracy, jak i w trakcie piknik\u00f3w oraz na pla\u017cy. Nasz pojemnik na \u017cywno\u015b\u0107 o pojemno\u015bci 500 ml oraz dodatkowy, mniejszy pojemnik o pojemno\u015bci 200 ml, zapewniaj\u0105 doskona\u0142\u0105 organizacj\u0119 przestrzeni, umo\u017cliwiaj\u0105c jednoczesne pakowanie r\u00f3\u017cnych potraw. Wykonany z trwa\u0142ego, bezpiecznego dla zdrowia materia\u0142u, lunch box charakteryzuje &#8230; <a title=\"LUNCH BOX POJEMNIK NA \u017bYWNO\u015a\u0106 JEDZENIE 500ML+200ML NA PIKNIK PLA\u017b\u0118 DO PRACY\" class=\"read-more\" href=\"https:\/\/selleetools.com\/pl\/product\/lunch-box-pojemnik-na-zywnosc-jedzenie-500ml200ml-na-piknik-plaze-do-pracy\/\">Read more<span class=\"screen-reader-text\">LUNCH BOX POJEMNIK NA \u017bYWNO\u015a\u0106 JEDZENIE 500ML+200ML NA PIKNIK PLA\u017b\u0118 DO PRACY<\/span><\/a><\/p>\n","protected":false},"featured_media":489959,"comment_status":"closed","ping_status":"closed","template":"","meta":{"_links_to":"","_links_to_target":""},"yoast_head":"<!-- This site is optimized with the Yoast SEO plugin v19.4 - https:\/\/yoast.com\/wordpress\/plugins\/seo\/ -->\n<title>LUNCH BOX POJEMNIK NA \u017bYWNO\u015a\u0106 JEDZENIE 500ML+200ML NA PIKNIK PLA\u017b\u0118 DO PRACY - Selleetools.com<\/title>\n<meta name=\"robots\" content=\"index, follow, max-snippet:-1, max-image-preview:large, max-video-preview:-1\" \/>\n<link rel=\"canonical\" href=\"https:\/\/admincentral.selleetools.com\/product\/lunch-box-pojemnik-na-zywnosc-jedzenie-500ml200ml-na-piknik-plaze-do-pracy\/\" \/>\n<meta property=\"og:locale\" content=\"pl_PL\" \/>\n<meta property=\"og:type\" content=\"article\" \/>\n<meta property=\"og:title\" content=\"LUNCH BOX POJEMNIK NA \u017bYWNO\u015a\u0106 JEDZENIE 500ML+200ML NA PIKNIK PLA\u017b\u0118 DO PRACY - Selleetools.com\" \/>\n<meta property=\"og:description\" content=\"Przedstawiamy wysokiej jako\u015bci lunch box, idealny do przechowywania posi\u0142k\u00f3w zar\u00f3wno w pracy, jak i w trakcie piknik\u00f3w oraz na pla\u017cy. Nasz pojemnik na \u017cywno\u015b\u0107 o pojemno\u015bci 500 ml oraz dodatkowy, mniejszy pojemnik o pojemno\u015bci 200 ml, zapewniaj\u0105 doskona\u0142\u0105 organizacj\u0119 przestrzeni, umo\u017cliwiaj\u0105c jednoczesne pakowanie r\u00f3\u017cnych potraw. Wykonany z trwa\u0142ego, bezpiecznego dla zdrowia materia\u0142u, lunch box charakteryzuje ... Read moreLUNCH BOX POJEMNIK NA \u017bYWNO\u015a\u0106 JEDZENIE 500ML+200ML NA PIKNIK PLA\u017b\u0118 DO PRACY\" \/>\n<meta property=\"og:url\" content=\"https:\/\/admincentral.selleetools.com\/product\/lunch-box-pojemnik-na-zywnosc-jedzenie-500ml200ml-na-piknik-plaze-do-pracy\/\" \/>\n<meta property=\"og:site_name\" content=\"Selleetools.com\" \/>\n<meta property=\"article:modified_time\" content=\"2025-08-08T12:53:41+00:00\" \/>\n<meta property=\"og:image\" content=\"https:\/\/selleetools.com\/wp-content\/uploads\/2025\/07\/fb30dca1bd178b8826fd7afb9878f17c.jpg\" \/>\n\t<meta property=\"og:image:width\" content=\"2560\" \/>\n\t<meta property=\"og:image:height\" content=\"2560\" \/>\n\t<meta property=\"og:image:type\" content=\"image\/jpeg\" \/>\n<meta name=\"twitter:card\" content=\"summary_large_image\" \/>\n<meta name=\"twitter:label1\" content=\"Est. reading time\" \/>\n\t<meta name=\"twitter:data1\" content=\"1 minuta\" \/>\n<!-- \/ Yoast SEO plugin. -->","yoast_head_json":{"title":"LUNCH BOX POJEMNIK NA \u017bYWNO\u015a\u0106 JEDZENIE 500ML+200ML NA PIKNIK PLA\u017b\u0118 DO PRACY - Selleetools.com","robots":{"index":"index","follow":"follow","max-snippet":"max-snippet:-1","max-image-preview":"max-image-preview:large","max-video-preview":"max-video-preview:-1"},"canonical":"https:\/\/admincentral.selleetools.com\/product\/lunch-box-pojemnik-na-zywnosc-jedzenie-500ml200ml-na-piknik-plaze-do-pracy\/","og_locale":"pl_PL","og_type":"article","og_title":"LUNCH BOX POJEMNIK NA \u017bYWNO\u015a\u0106 JEDZENIE 500ML+200ML NA PIKNIK PLA\u017b\u0118 DO PRACY - Selleetools.com","og_description":"Przedstawiamy wysokiej jako\u015bci lunch box, idealny do przechowywania posi\u0142k\u00f3w zar\u00f3wno w pracy, jak i w trakcie piknik\u00f3w oraz na pla\u017cy. Nasz pojemnik na \u017cywno\u015b\u0107 o pojemno\u015bci 500 ml oraz dodatkowy, mniejszy pojemnik o pojemno\u015bci 200 ml, zapewniaj\u0105 doskona\u0142\u0105 organizacj\u0119 przestrzeni, umo\u017cliwiaj\u0105c jednoczesne pakowanie r\u00f3\u017cnych potraw. Wykonany z trwa\u0142ego, bezpiecznego dla zdrowia materia\u0142u, lunch box charakteryzuje ... Read moreLUNCH BOX POJEMNIK NA \u017bYWNO\u015a\u0106 JEDZENIE 500ML+200ML NA PIKNIK PLA\u017b\u0118 DO PRACY","og_url":"https:\/\/admincentral.selleetools.com\/product\/lunch-box-pojemnik-na-zywnosc-jedzenie-500ml200ml-na-piknik-plaze-do-pracy\/","og_site_name":"Selleetools.com","article_modified_time":"2025-08-08T12:53:41+00:00","og_image":[{"width":2560,"height":2560,"url":"https:\/\/selleetools.com\/wp-content\/uploads\/2025\/07\/fb30dca1bd178b8826fd7afb9878f17c.jpg","type":"image\/jpeg"}],"twitter_card":"summary_large_image","twitter_misc":{"Est. reading time":"1 minuta"},"schema":{"@context":"https:\/\/schema.org","@graph":[{"@type":"Organization","@id":"https:\/\/selleetools.com\/#organization","name":"Selleetools","url":"https:\/\/selleetools.com\/","sameAs":[],"logo":{"@type":"ImageObject","inLanguage":"pl-PL","@id":"https:\/\/selleetools.com\/#\/schema\/logo\/image\/","url":"https:\/\/selleetools.com\/wp-content\/uploads\/2021\/10\/logo-dark.png","contentUrl":"https:\/\/selleetools.com\/wp-content\/uploads\/2021\/10\/logo-dark.png","width":320,"height":76,"caption":"Selleetools"},"image":{"@id":"https:\/\/selleetools.com\/#\/schema\/logo\/image\/"}},{"@type":"WebSite","@id":"https:\/\/selleetools.com\/#website","url":"https:\/\/selleetools.com\/","name":"Selleetools.com","description":"","publisher":{"@id":"https:\/\/selleetools.com\/#organization"},"potentialAction":[{"@type":"SearchAction","target":{"@type":"EntryPoint","urlTemplate":"https:\/\/selleetools.com\/?s={search_term_string}"},"query-input":"required name=search_term_string"}],"inLanguage":"pl-PL"},{"@type":"WebPage","@id":"https:\/\/admincentral.selleetools.com\/product\/lunch-box-pojemnik-na-zywnosc-jedzenie-500ml200ml-na-piknik-plaze-do-pracy\/","url":"https:\/\/admincentral.selleetools.com\/product\/lunch-box-pojemnik-na-zywnosc-jedzenie-500ml200ml-na-piknik-plaze-do-pracy\/","name":"LUNCH BOX POJEMNIK NA \u017bYWNO\u015a\u0106 JEDZENIE 500ML+200ML NA PIKNIK PLA\u017b\u0118 DO PRACY - Selleetools.com","isPartOf":{"@id":"https:\/\/selleetools.com\/#website"},"datePublished":"2025-07-06T12:31:00+00:00","dateModified":"2025-08-08T12:53:41+00:00","breadcrumb":{"@id":"https:\/\/admincentral.selleetools.com\/product\/lunch-box-pojemnik-na-zywnosc-jedzenie-500ml200ml-na-piknik-plaze-do-pracy\/#breadcrumb"},"inLanguage":"pl-PL","potentialAction":[{"@type":"ReadAction","target":["https:\/\/admincentral.selleetools.com\/product\/lunch-box-pojemnik-na-zywnosc-jedzenie-500ml200ml-na-piknik-plaze-do-pracy\/"]}]},{"@type":"BreadcrumbList","@id":"https:\/\/admincentral.selleetools.com\/product\/lunch-box-pojemnik-na-zywnosc-jedzenie-500ml200ml-na-piknik-plaze-do-pracy\/#breadcrumb","itemListElement":[{"@type":"ListItem","position":1,"name":"Home","item":"https:\/\/selleetools.com\/pl\/"},{"@type":"ListItem","position":2,"name":"Katalog","item":"https:\/\/selleetools.com\/pl\/katalog\/"},{"@type":"ListItem","position":3,"name":"LUNCH BOX POJEMNIK NA \u017bYWNO\u015a\u0106 JEDZENIE 500ML+200ML NA PIKNIK PLA\u017b\u0118 DO PRACY"}]}]}},"_links":{"self":[{"href":"https:\/\/selleetools.com\/pl\/wp-json\/wp\/v2\/product\/489973"}],"collection":[{"href":"https:\/\/selleetools.com\/pl\/wp-json\/wp\/v2\/product"}],"about":[{"href":"https:\/\/selleetools.com\/pl\/wp-json\/wp\/v2\/types\/product"}],"replies":[{"embeddable":true,"href":"https:\/\/selleetools.com\/pl\/wp-json\/wp\/v2\/comments?post=489973"}],"wp:featuredmedia":[{"embeddable":true,"href":"https:\/\/selleetools.com\/pl\/wp-json\/wp\/v2\/media\/489959"}],"wp:attachment":[{"href":"https:\/\/selleetools.com\/pl\/wp-json\/wp\/v2\/media?parent=489973"}],"curies":[{"name":"wp","href":"https:\/\/api.w.org\/{rel}","templated":true}]}}