{"id":489938,"date":"2025-07-06T14:30:41","date_gmt":"2025-07-06T12:30:41","guid":{"rendered":"https:\/\/selleetools.com\/?post_type=product&#038;p=489938"},"modified":"2025-08-08T14:04:18","modified_gmt":"2025-08-08T12:04:18","slug":"zestaw-7-sztuk-detka-8-cali-8-1-2x2-do-hulajnog-elektrycznych-xiaomi-i-innych-pojazdow","status":"publish","type":"product","link":"https:\/\/selleetools.com\/pl\/product\/zestaw-7-sztuk-detka-8-cali-8-1-2x2-do-hulajnog-elektrycznych-xiaomi-i-innych-pojazdow\/","title":{"rendered":"ZESTAW 7 SZTUK D\u0119tka 8 cali 8 1\/2&#215;2 do hulajn\u00f3g elektrycznych XIAOMI i innych pojazd\u00f3w"},"content":{"rendered":"<p>Zestaw 7 sztuk d\u0119tek o rozmiarze 8 cali (8 1\/2&#215;2) to idealne rozwi\u0105zanie dla w\u0142a\u015bcicieli hulajn\u00f3g elektrycznych, w tym popularnych modeli marki XIAOMI oraz innych pojazd\u00f3w. Wysokiej jako\u015bci materia\u0142, z jakiego wykonane s\u0105 d\u0119tki, zapewnia ich trwa\u0142o\u015b\u0107 oraz odporno\u015b\u0107 na uszkodzenia, co przek\u0142ada si\u0119 na bezpiecze\u0144stwo u\u017cytkowania. Dzi\u0119ki odpowiedniemu dopasowaniu, d\u0119tki gwarantuj\u0105 stabilno\u015b\u0107 i komfort jazdy, eliminuj\u0105c ryzyko awarii w trakcie podr\u00f3\u017cy. Zestaw jest doskona\u0142ym rozwi\u0105zaniem dla tych, kt\u00f3rzy ceni\u0105 sobie wygod\u0119 i niezawodno\u015b\u0107. Szybki i \u0142atwy monta\u017c d\u0119tek pozwala na samodzielne dokonanie wymiany, co oszcz\u0119dza czas oraz pieni\u0105dze wydawane na us\u0142ugi serwisowe. Nie czekaj, zadbaj o komfort i bezpiecze\u0144stwo swoich przejazd\u00f3w z naszym zestawem d\u0119tek ju\u017c dzi\u015b!<\/p>\n","protected":false},"excerpt":{"rendered":"<p>Zestaw 7 sztuk d\u0119tek o rozmiarze 8 cali (8 1\/2&#215;2) to idealne rozwi\u0105zanie dla w\u0142a\u015bcicieli hulajn\u00f3g elektrycznych, w tym popularnych modeli marki XIAOMI oraz innych pojazd\u00f3w. Wysokiej jako\u015bci materia\u0142, z jakiego wykonane s\u0105 d\u0119tki, zapewnia ich trwa\u0142o\u015b\u0107 oraz odporno\u015b\u0107 na uszkodzenia, co przek\u0142ada si\u0119 na bezpiecze\u0144stwo u\u017cytkowania. Dzi\u0119ki odpowiedniemu dopasowaniu, d\u0119tki gwarantuj\u0105 stabilno\u015b\u0107 i komfort &#8230; <a title=\"ZESTAW 7 SZTUK D\u0119tka 8 cali 8 1\/2&#215;2 do hulajn\u00f3g elektrycznych XIAOMI i innych pojazd\u00f3w\" class=\"read-more\" href=\"https:\/\/selleetools.com\/pl\/product\/zestaw-7-sztuk-detka-8-cali-8-1-2x2-do-hulajnog-elektrycznych-xiaomi-i-innych-pojazdow\/\">Read more<span class=\"screen-reader-text\">ZESTAW 7 SZTUK D\u0119tka 8 cali 8 1\/2&#215;2 do hulajn\u00f3g elektrycznych XIAOMI i innych pojazd\u00f3w<\/span><\/a><\/p>\n","protected":false},"featured_media":489936,"comment_status":"closed","ping_status":"closed","template":"","meta":{"_links_to":"","_links_to_target":""},"yoast_head":"<!-- This site is optimized with the Yoast SEO plugin v19.4 - https:\/\/yoast.com\/wordpress\/plugins\/seo\/ -->\n<title>ZESTAW 7 SZTUK D\u0119tka 8 cali 8 1\/2x2 do hulajn\u00f3g elektrycznych XIAOMI i innych pojazd\u00f3w - Selleetools.com<\/title>\n<meta name=\"robots\" content=\"index, follow, max-snippet:-1, max-image-preview:large, max-video-preview:-1\" \/>\n<link rel=\"canonical\" href=\"https:\/\/selleetools.com\/product\/zestaw-7-sztuk-detka-8-cali-8-1-2x2-do-hulajnog-elektrycznych-xiaomi-i-innych-pojazdow\/\" \/>\n<meta property=\"og:locale\" content=\"pl_PL\" \/>\n<meta property=\"og:type\" content=\"article\" \/>\n<meta property=\"og:title\" content=\"ZESTAW 7 SZTUK D\u0119tka 8 cali 8 1\/2x2 do hulajn\u00f3g elektrycznych XIAOMI i innych pojazd\u00f3w - Selleetools.com\" \/>\n<meta property=\"og:description\" content=\"Zestaw 7 sztuk d\u0119tek o rozmiarze 8 cali (8 1\/2&#215;2) to idealne rozwi\u0105zanie dla w\u0142a\u015bcicieli hulajn\u00f3g elektrycznych, w tym popularnych modeli marki XIAOMI oraz innych pojazd\u00f3w. Wysokiej jako\u015bci materia\u0142, z jakiego wykonane s\u0105 d\u0119tki, zapewnia ich trwa\u0142o\u015b\u0107 oraz odporno\u015b\u0107 na uszkodzenia, co przek\u0142ada si\u0119 na bezpiecze\u0144stwo u\u017cytkowania. Dzi\u0119ki odpowiedniemu dopasowaniu, d\u0119tki gwarantuj\u0105 stabilno\u015b\u0107 i komfort ... Read moreZESTAW 7 SZTUK D\u0119tka 8 cali 8 1\/2&#215;2 do hulajn\u00f3g elektrycznych XIAOMI i innych pojazd\u00f3w\" \/>\n<meta property=\"og:url\" content=\"https:\/\/selleetools.com\/product\/zestaw-7-sztuk-detka-8-cali-8-1-2x2-do-hulajnog-elektrycznych-xiaomi-i-innych-pojazdow\/\" \/>\n<meta property=\"og:site_name\" content=\"Selleetools.com\" \/>\n<meta property=\"article:modified_time\" content=\"2025-08-08T12:04:18+00:00\" \/>\n<meta property=\"og:image\" content=\"https:\/\/selleetools.com\/wp-content\/uploads\/2025\/07\/9b047f55dc9ec003d569e596ddeb228b.webp\" \/>\n\t<meta property=\"og:image:width\" content=\"128\" \/>\n\t<meta property=\"og:image:height\" content=\"128\" \/>\n\t<meta property=\"og:image:type\" content=\"image\/webp\" \/>\n<meta name=\"twitter:card\" content=\"summary_large_image\" \/>\n<meta name=\"twitter:label1\" content=\"Est. reading time\" \/>\n\t<meta name=\"twitter:data1\" content=\"1 minuta\" \/>\n<!-- \/ Yoast SEO plugin. -->","yoast_head_json":{"title":"ZESTAW 7 SZTUK D\u0119tka 8 cali 8 1\/2x2 do hulajn\u00f3g elektrycznych XIAOMI i innych pojazd\u00f3w - Selleetools.com","robots":{"index":"index","follow":"follow","max-snippet":"max-snippet:-1","max-image-preview":"max-image-preview:large","max-video-preview":"max-video-preview:-1"},"canonical":"https:\/\/selleetools.com\/product\/zestaw-7-sztuk-detka-8-cali-8-1-2x2-do-hulajnog-elektrycznych-xiaomi-i-innych-pojazdow\/","og_locale":"pl_PL","og_type":"article","og_title":"ZESTAW 7 SZTUK D\u0119tka 8 cali 8 1\/2x2 do hulajn\u00f3g elektrycznych XIAOMI i innych pojazd\u00f3w - Selleetools.com","og_description":"Zestaw 7 sztuk d\u0119tek o rozmiarze 8 cali (8 1\/2&#215;2) to idealne rozwi\u0105zanie dla w\u0142a\u015bcicieli hulajn\u00f3g elektrycznych, w tym popularnych modeli marki XIAOMI oraz innych pojazd\u00f3w. Wysokiej jako\u015bci materia\u0142, z jakiego wykonane s\u0105 d\u0119tki, zapewnia ich trwa\u0142o\u015b\u0107 oraz odporno\u015b\u0107 na uszkodzenia, co przek\u0142ada si\u0119 na bezpiecze\u0144stwo u\u017cytkowania. Dzi\u0119ki odpowiedniemu dopasowaniu, d\u0119tki gwarantuj\u0105 stabilno\u015b\u0107 i komfort ... Read moreZESTAW 7 SZTUK D\u0119tka 8 cali 8 1\/2&#215;2 do hulajn\u00f3g elektrycznych XIAOMI i innych pojazd\u00f3w","og_url":"https:\/\/selleetools.com\/product\/zestaw-7-sztuk-detka-8-cali-8-1-2x2-do-hulajnog-elektrycznych-xiaomi-i-innych-pojazdow\/","og_site_name":"Selleetools.com","article_modified_time":"2025-08-08T12:04:18+00:00","og_image":[{"width":128,"height":128,"url":"https:\/\/selleetools.com\/wp-content\/uploads\/2025\/07\/9b047f55dc9ec003d569e596ddeb228b.webp","type":"image\/webp"}],"twitter_card":"summary_large_image","twitter_misc":{"Est. reading time":"1 minuta"},"schema":{"@context":"https:\/\/schema.org","@graph":[{"@type":"Organization","@id":"https:\/\/selleetools.com\/#organization","name":"Selleetools","url":"https:\/\/selleetools.com\/","sameAs":[],"logo":{"@type":"ImageObject","inLanguage":"pl-PL","@id":"https:\/\/selleetools.com\/#\/schema\/logo\/image\/","url":"https:\/\/selleetools.com\/wp-content\/uploads\/2021\/10\/logo-dark.png","contentUrl":"https:\/\/selleetools.com\/wp-content\/uploads\/2021\/10\/logo-dark.png","width":320,"height":76,"caption":"Selleetools"},"image":{"@id":"https:\/\/selleetools.com\/#\/schema\/logo\/image\/"}},{"@type":"WebSite","@id":"https:\/\/selleetools.com\/#website","url":"https:\/\/selleetools.com\/","name":"Selleetools.com","description":"","publisher":{"@id":"https:\/\/selleetools.com\/#organization"},"potentialAction":[{"@type":"SearchAction","target":{"@type":"EntryPoint","urlTemplate":"https:\/\/selleetools.com\/?s={search_term_string}"},"query-input":"required name=search_term_string"}],"inLanguage":"pl-PL"},{"@type":"WebPage","@id":"https:\/\/selleetools.com\/product\/zestaw-7-sztuk-detka-8-cali-8-1-2x2-do-hulajnog-elektrycznych-xiaomi-i-innych-pojazdow\/","url":"https:\/\/selleetools.com\/product\/zestaw-7-sztuk-detka-8-cali-8-1-2x2-do-hulajnog-elektrycznych-xiaomi-i-innych-pojazdow\/","name":"ZESTAW 7 SZTUK D\u0119tka 8 cali 8 1\/2x2 do hulajn\u00f3g elektrycznych XIAOMI i innych pojazd\u00f3w - Selleetools.com","isPartOf":{"@id":"https:\/\/selleetools.com\/#website"},"datePublished":"2025-07-06T12:30:41+00:00","dateModified":"2025-08-08T12:04:18+00:00","breadcrumb":{"@id":"https:\/\/selleetools.com\/product\/zestaw-7-sztuk-detka-8-cali-8-1-2x2-do-hulajnog-elektrycznych-xiaomi-i-innych-pojazdow\/#breadcrumb"},"inLanguage":"pl-PL","potentialAction":[{"@type":"ReadAction","target":["https:\/\/selleetools.com\/product\/zestaw-7-sztuk-detka-8-cali-8-1-2x2-do-hulajnog-elektrycznych-xiaomi-i-innych-pojazdow\/"]}]},{"@type":"BreadcrumbList","@id":"https:\/\/selleetools.com\/product\/zestaw-7-sztuk-detka-8-cali-8-1-2x2-do-hulajnog-elektrycznych-xiaomi-i-innych-pojazdow\/#breadcrumb","itemListElement":[{"@type":"ListItem","position":1,"name":"Home","item":"https:\/\/selleetools.com\/pl\/"},{"@type":"ListItem","position":2,"name":"Katalog","item":"https:\/\/admincentral.selleetools.com\/pl\/katalog\/"},{"@type":"ListItem","position":3,"name":"ZESTAW 7 SZTUK D\u0119tka 8 cali 8 1\/2&#215;2 do hulajn\u00f3g elektrycznych XIAOMI i innych pojazd\u00f3w"}]}]}},"_links":{"self":[{"href":"https:\/\/selleetools.com\/pl\/wp-json\/wp\/v2\/product\/489938"}],"collection":[{"href":"https:\/\/selleetools.com\/pl\/wp-json\/wp\/v2\/product"}],"about":[{"href":"https:\/\/selleetools.com\/pl\/wp-json\/wp\/v2\/types\/product"}],"replies":[{"embeddable":true,"href":"https:\/\/selleetools.com\/pl\/wp-json\/wp\/v2\/comments?post=489938"}],"wp:featuredmedia":[{"embeddable":true,"href":"https:\/\/selleetools.com\/pl\/wp-json\/wp\/v2\/media\/489936"}],"wp:attachment":[{"href":"https:\/\/selleetools.com\/pl\/wp-json\/wp\/v2\/media?parent=489938"}],"curies":[{"name":"wp","href":"https:\/\/api.w.org\/{rel}","templated":true}]}}