{"id":489935,"date":"2025-07-06T14:30:37","date_gmt":"2025-07-06T12:30:37","guid":{"rendered":"https:\/\/selleetools.com\/?post_type=product&#038;p=489935"},"modified":"2025-08-08T14:04:18","modified_gmt":"2025-08-08T12:04:18","slug":"glowki-kwiatow-orchidei-do-dekoracji-slubnej-kosci-sloniowej","status":"publish","type":"product","link":"https:\/\/selleetools.com\/pl\/product\/glowki-kwiatow-orchidei-do-dekoracji-slubnej-kosci-sloniowej\/","title":{"rendered":"G\u0141\u00d3WKI KWIAT\u00d3W ORCHIDEI DO DEKORACJI \u015aLUBNEJ (KO\u015aCI S\u0141ONIOWEJ )"},"content":{"rendered":"<p>G\u0142\u00f3wki kwiat\u00f3w orchidei w odcieniach ko\u015bci s\u0142oniowej to doskona\u0142y wyb\u00f3r do dekoracji \u015blubnych oraz innych wyj\u0105tkowych okazji. Wykonane z wysokiej jako\u015bci materia\u0142\u00f3w, te realistyczne kwiaty dodaj\u0105 elegancji i klasy ka\u017cdemu wn\u0119trzu. Ich subtelny kolor doskonale komponuje si\u0119 z r\u00f3\u017cnorodnymi motywami florystycznymi, umo\u017cliwiaj\u0105c stworzenie niezapomnianej atmosfery. Idealnie nadaj\u0105 si\u0119 do bukiet\u00f3w, aran\u017cacji sto\u0142\u00f3w czy ozd\u00f3b w przestrzeni weselnej. Dzi\u0119ki \u0142atwo\u015bci w stylizacji, mog\u0105 by\u0107 u\u017cywane zar\u00f3wno w obiektach komercyjnych, jak i w domowych dekoracjach. Wybieraj\u0105c g\u0142\u00f3wki orchidei, inwestujesz w trwa\u0142o\u015b\u0107 i estetyk\u0119, kt\u00f3ra z pewno\u015bci\u0105 oczaruje Twoich go\u015bci.<\/p>\n<p>Cena obejmuje 20 sztuk g\u0142\u00f3wek kwiat\u00f3w<\/p>\n","protected":false},"excerpt":{"rendered":"<p>G\u0142\u00f3wki kwiat\u00f3w orchidei w odcieniach ko\u015bci s\u0142oniowej to doskona\u0142y wyb\u00f3r do dekoracji \u015blubnych oraz innych wyj\u0105tkowych okazji. Wykonane z wysokiej jako\u015bci materia\u0142\u00f3w, te realistyczne kwiaty dodaj\u0105 elegancji i klasy ka\u017cdemu wn\u0119trzu. Ich subtelny kolor doskonale komponuje si\u0119 z r\u00f3\u017cnorodnymi motywami florystycznymi, umo\u017cliwiaj\u0105c stworzenie niezapomnianej atmosfery. Idealnie nadaj\u0105 si\u0119 do bukiet\u00f3w, aran\u017cacji sto\u0142\u00f3w czy ozd\u00f3b w &#8230; <a title=\"G\u0141\u00d3WKI KWIAT\u00d3W ORCHIDEI DO DEKORACJI \u015aLUBNEJ (KO\u015aCI S\u0141ONIOWEJ )\" class=\"read-more\" href=\"https:\/\/selleetools.com\/pl\/product\/glowki-kwiatow-orchidei-do-dekoracji-slubnej-kosci-sloniowej\/\">Read more<span class=\"screen-reader-text\">G\u0141\u00d3WKI KWIAT\u00d3W ORCHIDEI DO DEKORACJI \u015aLUBNEJ (KO\u015aCI S\u0141ONIOWEJ )<\/span><\/a><\/p>\n","protected":false},"featured_media":489917,"comment_status":"closed","ping_status":"closed","template":"","meta":{"_links_to":"","_links_to_target":""},"yoast_head":"<!-- This site is optimized with the Yoast SEO plugin v19.4 - https:\/\/yoast.com\/wordpress\/plugins\/seo\/ -->\n<title>G\u0141\u00d3WKI KWIAT\u00d3W ORCHIDEI DO DEKORACJI \u015aLUBNEJ (KO\u015aCI S\u0141ONIOWEJ ) - Selleetools.com<\/title>\n<meta name=\"robots\" content=\"index, follow, max-snippet:-1, max-image-preview:large, max-video-preview:-1\" \/>\n<link rel=\"canonical\" href=\"https:\/\/selleetools.com\/product\/glowki-kwiatow-orchidei-do-dekoracji-slubnej-kosci-sloniowej\/\" \/>\n<meta property=\"og:locale\" content=\"pl_PL\" \/>\n<meta property=\"og:type\" content=\"article\" \/>\n<meta property=\"og:title\" content=\"G\u0141\u00d3WKI KWIAT\u00d3W ORCHIDEI DO DEKORACJI \u015aLUBNEJ (KO\u015aCI S\u0141ONIOWEJ ) - Selleetools.com\" \/>\n<meta property=\"og:description\" content=\"G\u0142\u00f3wki kwiat\u00f3w orchidei w odcieniach ko\u015bci s\u0142oniowej to doskona\u0142y wyb\u00f3r do dekoracji \u015blubnych oraz innych wyj\u0105tkowych okazji. Wykonane z wysokiej jako\u015bci materia\u0142\u00f3w, te realistyczne kwiaty dodaj\u0105 elegancji i klasy ka\u017cdemu wn\u0119trzu. Ich subtelny kolor doskonale komponuje si\u0119 z r\u00f3\u017cnorodnymi motywami florystycznymi, umo\u017cliwiaj\u0105c stworzenie niezapomnianej atmosfery. Idealnie nadaj\u0105 si\u0119 do bukiet\u00f3w, aran\u017cacji sto\u0142\u00f3w czy ozd\u00f3b w ... Read moreG\u0141\u00d3WKI KWIAT\u00d3W ORCHIDEI DO DEKORACJI \u015aLUBNEJ (KO\u015aCI S\u0141ONIOWEJ )\" \/>\n<meta property=\"og:url\" content=\"https:\/\/selleetools.com\/product\/glowki-kwiatow-orchidei-do-dekoracji-slubnej-kosci-sloniowej\/\" \/>\n<meta property=\"og:site_name\" content=\"Selleetools.com\" \/>\n<meta property=\"article:modified_time\" content=\"2025-08-08T12:04:18+00:00\" \/>\n<meta property=\"og:image\" content=\"https:\/\/selleetools.com\/wp-content\/uploads\/2025\/07\/e336668c9fd9ba7ef70d189b211465e4.webp\" \/>\n\t<meta property=\"og:image:width\" content=\"128\" \/>\n\t<meta property=\"og:image:height\" content=\"128\" \/>\n\t<meta property=\"og:image:type\" content=\"image\/webp\" \/>\n<meta name=\"twitter:card\" content=\"summary_large_image\" \/>\n<meta name=\"twitter:label1\" content=\"Est. reading time\" \/>\n\t<meta name=\"twitter:data1\" content=\"1 minuta\" \/>\n<!-- \/ Yoast SEO plugin. -->","yoast_head_json":{"title":"G\u0141\u00d3WKI KWIAT\u00d3W ORCHIDEI DO DEKORACJI \u015aLUBNEJ (KO\u015aCI S\u0141ONIOWEJ ) - Selleetools.com","robots":{"index":"index","follow":"follow","max-snippet":"max-snippet:-1","max-image-preview":"max-image-preview:large","max-video-preview":"max-video-preview:-1"},"canonical":"https:\/\/selleetools.com\/product\/glowki-kwiatow-orchidei-do-dekoracji-slubnej-kosci-sloniowej\/","og_locale":"pl_PL","og_type":"article","og_title":"G\u0141\u00d3WKI KWIAT\u00d3W ORCHIDEI DO DEKORACJI \u015aLUBNEJ (KO\u015aCI S\u0141ONIOWEJ ) - Selleetools.com","og_description":"G\u0142\u00f3wki kwiat\u00f3w orchidei w odcieniach ko\u015bci s\u0142oniowej to doskona\u0142y wyb\u00f3r do dekoracji \u015blubnych oraz innych wyj\u0105tkowych okazji. Wykonane z wysokiej jako\u015bci materia\u0142\u00f3w, te realistyczne kwiaty dodaj\u0105 elegancji i klasy ka\u017cdemu wn\u0119trzu. Ich subtelny kolor doskonale komponuje si\u0119 z r\u00f3\u017cnorodnymi motywami florystycznymi, umo\u017cliwiaj\u0105c stworzenie niezapomnianej atmosfery. Idealnie nadaj\u0105 si\u0119 do bukiet\u00f3w, aran\u017cacji sto\u0142\u00f3w czy ozd\u00f3b w ... Read moreG\u0141\u00d3WKI KWIAT\u00d3W ORCHIDEI DO DEKORACJI \u015aLUBNEJ (KO\u015aCI S\u0141ONIOWEJ )","og_url":"https:\/\/selleetools.com\/product\/glowki-kwiatow-orchidei-do-dekoracji-slubnej-kosci-sloniowej\/","og_site_name":"Selleetools.com","article_modified_time":"2025-08-08T12:04:18+00:00","og_image":[{"width":128,"height":128,"url":"https:\/\/selleetools.com\/wp-content\/uploads\/2025\/07\/e336668c9fd9ba7ef70d189b211465e4.webp","type":"image\/webp"}],"twitter_card":"summary_large_image","twitter_misc":{"Est. reading time":"1 minuta"},"schema":{"@context":"https:\/\/schema.org","@graph":[{"@type":"Organization","@id":"https:\/\/selleetools.com\/#organization","name":"Selleetools","url":"https:\/\/selleetools.com\/","sameAs":[],"logo":{"@type":"ImageObject","inLanguage":"pl-PL","@id":"https:\/\/selleetools.com\/#\/schema\/logo\/image\/","url":"https:\/\/selleetools.com\/wp-content\/uploads\/2021\/10\/logo-dark.png","contentUrl":"https:\/\/selleetools.com\/wp-content\/uploads\/2021\/10\/logo-dark.png","width":320,"height":76,"caption":"Selleetools"},"image":{"@id":"https:\/\/selleetools.com\/#\/schema\/logo\/image\/"}},{"@type":"WebSite","@id":"https:\/\/selleetools.com\/#website","url":"https:\/\/selleetools.com\/","name":"Selleetools.com","description":"","publisher":{"@id":"https:\/\/selleetools.com\/#organization"},"potentialAction":[{"@type":"SearchAction","target":{"@type":"EntryPoint","urlTemplate":"https:\/\/selleetools.com\/?s={search_term_string}"},"query-input":"required name=search_term_string"}],"inLanguage":"pl-PL"},{"@type":"WebPage","@id":"https:\/\/selleetools.com\/product\/glowki-kwiatow-orchidei-do-dekoracji-slubnej-kosci-sloniowej\/","url":"https:\/\/selleetools.com\/product\/glowki-kwiatow-orchidei-do-dekoracji-slubnej-kosci-sloniowej\/","name":"G\u0141\u00d3WKI KWIAT\u00d3W ORCHIDEI DO DEKORACJI \u015aLUBNEJ (KO\u015aCI S\u0141ONIOWEJ ) - Selleetools.com","isPartOf":{"@id":"https:\/\/selleetools.com\/#website"},"datePublished":"2025-07-06T12:30:37+00:00","dateModified":"2025-08-08T12:04:18+00:00","breadcrumb":{"@id":"https:\/\/selleetools.com\/product\/glowki-kwiatow-orchidei-do-dekoracji-slubnej-kosci-sloniowej\/#breadcrumb"},"inLanguage":"pl-PL","potentialAction":[{"@type":"ReadAction","target":["https:\/\/selleetools.com\/product\/glowki-kwiatow-orchidei-do-dekoracji-slubnej-kosci-sloniowej\/"]}]},{"@type":"BreadcrumbList","@id":"https:\/\/selleetools.com\/product\/glowki-kwiatow-orchidei-do-dekoracji-slubnej-kosci-sloniowej\/#breadcrumb","itemListElement":[{"@type":"ListItem","position":1,"name":"Home","item":"https:\/\/selleetools.com\/pl\/"},{"@type":"ListItem","position":2,"name":"Katalog","item":"https:\/\/selleetools.com\/pl\/katalog\/"},{"@type":"ListItem","position":3,"name":"G\u0141\u00d3WKI KWIAT\u00d3W ORCHIDEI DO DEKORACJI \u015aLUBNEJ (KO\u015aCI S\u0141ONIOWEJ )"}]}]}},"_links":{"self":[{"href":"https:\/\/selleetools.com\/pl\/wp-json\/wp\/v2\/product\/489935"}],"collection":[{"href":"https:\/\/selleetools.com\/pl\/wp-json\/wp\/v2\/product"}],"about":[{"href":"https:\/\/selleetools.com\/pl\/wp-json\/wp\/v2\/types\/product"}],"replies":[{"embeddable":true,"href":"https:\/\/selleetools.com\/pl\/wp-json\/wp\/v2\/comments?post=489935"}],"wp:featuredmedia":[{"embeddable":true,"href":"https:\/\/selleetools.com\/pl\/wp-json\/wp\/v2\/media\/489917"}],"wp:attachment":[{"href":"https:\/\/selleetools.com\/pl\/wp-json\/wp\/v2\/media?parent=489935"}],"curies":[{"name":"wp","href":"https:\/\/api.w.org\/{rel}","templated":true}]}}