{"id":489916,"date":"2025-07-06T14:30:32","date_gmt":"2025-07-06T12:30:32","guid":{"rendered":"https:\/\/selleetools.com\/?post_type=product&#038;p=489916"},"modified":"2025-08-08T14:04:18","modified_gmt":"2025-08-08T12:04:18","slug":"talerz-dekoracyjny-prostokat","status":"publish","type":"product","link":"https:\/\/selleetools.com\/pl\/product\/talerz-dekoracyjny-prostokat\/","title":{"rendered":"Talerz dekoracyjny prostok\u0105t"},"content":{"rendered":"<p>Elegancki talerz dekoracyjny prostok\u0105tny to doskona\u0142e uzupe\u0142nienie ka\u017cdego wn\u0119trza, idealny do eksponowania r\u00f3\u017cnorodnych dodatk\u00f3w lub jako samodzielna dekoracja. Wykonany z wysokiej jako\u015bci materia\u0142\u00f3w, cechuje si\u0119 nie tylko estetyk\u0105, ale r\u00f3wnie\u017c trwa\u0142o\u015bci\u0105. Jego prostok\u0105tna forma sprawia, \u017ce \u015bwietnie komponuje si\u0119 z nowoczesnymi oraz klasycznymi aran\u017cacjami. Talerz doskonale sprawdzi si\u0119 zar\u00f3wno w salonie, jak i w jadalni, nadaj\u0105c pomieszczeniu wyj\u0105tkowego charakteru. Dzi\u0119ki uniwersalnej kolorystyce i minimalistycznemu designowi mo\u017ce by\u0107 u\u017cywany na wiele sposob\u00f3w, zar\u00f3wno do codziennych, jak i bardziej okaza\u0142ych dekoracji na specjalne okazje. Dzi\u0119ki \u0142atwej piel\u0119gnacji, talerz wymaga jedynie przetarcia wilgotn\u0105 szmatk\u0105, co sprawia, \u017ce jest praktycznym wyborem dla ka\u017cdego mi\u0142o\u015bnika eleganckiego wystroju. Wprowad\u017a odrobin\u0119 stylu do swojego domu dzi\u0119ki naszemu prostok\u0105tnemu talerzowi dekoracyjnemu.<\/p>\n<p>Wymiary produktu: 20 x 10 x 1,9 cm<\/p>\n<p>Ostrze\u017cenia:<\/p>\n<p>Aby przed\u0142u\u017cy\u0107 \u017cywotno\u015b\u0107 talerza prezentacyjnego z akacji i zachowa\u0107 jego naturalny wygl\u0105d, zaleca si\u0119 mycie r\u0119czne.<br \/>\nNie nadaje si\u0119 do mycia w zmywarce.<\/p>\n","protected":false},"excerpt":{"rendered":"<p>Elegancki talerz dekoracyjny prostok\u0105tny to doskona\u0142e uzupe\u0142nienie ka\u017cdego wn\u0119trza, idealny do eksponowania r\u00f3\u017cnorodnych dodatk\u00f3w lub jako samodzielna dekoracja. Wykonany z wysokiej jako\u015bci materia\u0142\u00f3w, cechuje si\u0119 nie tylko estetyk\u0105, ale r\u00f3wnie\u017c trwa\u0142o\u015bci\u0105. Jego prostok\u0105tna forma sprawia, \u017ce \u015bwietnie komponuje si\u0119 z nowoczesnymi oraz klasycznymi aran\u017cacjami. Talerz doskonale sprawdzi si\u0119 zar\u00f3wno w salonie, jak i w jadalni, &#8230; <a title=\"Talerz dekoracyjny prostok\u0105t\" class=\"read-more\" href=\"https:\/\/selleetools.com\/pl\/product\/talerz-dekoracyjny-prostokat\/\">Read more<span class=\"screen-reader-text\">Talerz dekoracyjny prostok\u0105t<\/span><\/a><\/p>\n","protected":false},"featured_media":489908,"comment_status":"open","ping_status":"closed","template":"","meta":{"_links_to":"","_links_to_target":""},"yoast_head":"<!-- This site is optimized with the Yoast SEO plugin v19.4 - https:\/\/yoast.com\/wordpress\/plugins\/seo\/ -->\n<title>Talerz dekoracyjny prostok\u0105t - Selleetools.com<\/title>\n<meta name=\"robots\" content=\"index, follow, max-snippet:-1, max-image-preview:large, max-video-preview:-1\" \/>\n<link rel=\"canonical\" href=\"https:\/\/selleetools.com\/product\/talerz-dekoracyjny-prostokat\/\" \/>\n<meta property=\"og:locale\" content=\"pl_PL\" \/>\n<meta property=\"og:type\" content=\"article\" \/>\n<meta property=\"og:title\" content=\"Talerz dekoracyjny prostok\u0105t - Selleetools.com\" \/>\n<meta property=\"og:description\" content=\"Elegancki talerz dekoracyjny prostok\u0105tny to doskona\u0142e uzupe\u0142nienie ka\u017cdego wn\u0119trza, idealny do eksponowania r\u00f3\u017cnorodnych dodatk\u00f3w lub jako samodzielna dekoracja. Wykonany z wysokiej jako\u015bci materia\u0142\u00f3w, cechuje si\u0119 nie tylko estetyk\u0105, ale r\u00f3wnie\u017c trwa\u0142o\u015bci\u0105. Jego prostok\u0105tna forma sprawia, \u017ce \u015bwietnie komponuje si\u0119 z nowoczesnymi oraz klasycznymi aran\u017cacjami. Talerz doskonale sprawdzi si\u0119 zar\u00f3wno w salonie, jak i w jadalni, ... Read moreTalerz dekoracyjny prostok\u0105t\" \/>\n<meta property=\"og:url\" content=\"https:\/\/selleetools.com\/product\/talerz-dekoracyjny-prostokat\/\" \/>\n<meta property=\"og:site_name\" content=\"Selleetools.com\" \/>\n<meta property=\"article:modified_time\" content=\"2025-08-08T12:04:18+00:00\" \/>\n<meta property=\"og:image\" content=\"https:\/\/selleetools.com\/wp-content\/uploads\/2025\/07\/b5216bae44de3439fa5c3343c2731ce2.webp\" \/>\n\t<meta property=\"og:image:width\" content=\"1200\" \/>\n\t<meta property=\"og:image:height\" content=\"1800\" \/>\n\t<meta property=\"og:image:type\" content=\"image\/webp\" \/>\n<meta name=\"twitter:card\" content=\"summary_large_image\" \/>\n<meta name=\"twitter:label1\" content=\"Est. reading time\" \/>\n\t<meta name=\"twitter:data1\" content=\"1 minuta\" \/>\n<!-- \/ Yoast SEO plugin. -->","yoast_head_json":{"title":"Talerz dekoracyjny prostok\u0105t - Selleetools.com","robots":{"index":"index","follow":"follow","max-snippet":"max-snippet:-1","max-image-preview":"max-image-preview:large","max-video-preview":"max-video-preview:-1"},"canonical":"https:\/\/selleetools.com\/product\/talerz-dekoracyjny-prostokat\/","og_locale":"pl_PL","og_type":"article","og_title":"Talerz dekoracyjny prostok\u0105t - Selleetools.com","og_description":"Elegancki talerz dekoracyjny prostok\u0105tny to doskona\u0142e uzupe\u0142nienie ka\u017cdego wn\u0119trza, idealny do eksponowania r\u00f3\u017cnorodnych dodatk\u00f3w lub jako samodzielna dekoracja. Wykonany z wysokiej jako\u015bci materia\u0142\u00f3w, cechuje si\u0119 nie tylko estetyk\u0105, ale r\u00f3wnie\u017c trwa\u0142o\u015bci\u0105. Jego prostok\u0105tna forma sprawia, \u017ce \u015bwietnie komponuje si\u0119 z nowoczesnymi oraz klasycznymi aran\u017cacjami. Talerz doskonale sprawdzi si\u0119 zar\u00f3wno w salonie, jak i w jadalni, ... Read moreTalerz dekoracyjny prostok\u0105t","og_url":"https:\/\/selleetools.com\/product\/talerz-dekoracyjny-prostokat\/","og_site_name":"Selleetools.com","article_modified_time":"2025-08-08T12:04:18+00:00","og_image":[{"width":1200,"height":1800,"url":"https:\/\/selleetools.com\/wp-content\/uploads\/2025\/07\/b5216bae44de3439fa5c3343c2731ce2.webp","type":"image\/webp"}],"twitter_card":"summary_large_image","twitter_misc":{"Est. reading time":"1 minuta"},"schema":{"@context":"https:\/\/schema.org","@graph":[{"@type":"Organization","@id":"https:\/\/selleetools.com\/#organization","name":"Selleetools","url":"https:\/\/selleetools.com\/","sameAs":[],"logo":{"@type":"ImageObject","inLanguage":"pl-PL","@id":"https:\/\/selleetools.com\/#\/schema\/logo\/image\/","url":"https:\/\/selleetools.com\/wp-content\/uploads\/2021\/10\/logo-dark.png","contentUrl":"https:\/\/selleetools.com\/wp-content\/uploads\/2021\/10\/logo-dark.png","width":320,"height":76,"caption":"Selleetools"},"image":{"@id":"https:\/\/selleetools.com\/#\/schema\/logo\/image\/"}},{"@type":"WebSite","@id":"https:\/\/selleetools.com\/#website","url":"https:\/\/selleetools.com\/","name":"Selleetools.com","description":"","publisher":{"@id":"https:\/\/selleetools.com\/#organization"},"potentialAction":[{"@type":"SearchAction","target":{"@type":"EntryPoint","urlTemplate":"https:\/\/selleetools.com\/?s={search_term_string}"},"query-input":"required name=search_term_string"}],"inLanguage":"pl-PL"},{"@type":"WebPage","@id":"https:\/\/selleetools.com\/product\/talerz-dekoracyjny-prostokat\/","url":"https:\/\/selleetools.com\/product\/talerz-dekoracyjny-prostokat\/","name":"Talerz dekoracyjny prostok\u0105t - Selleetools.com","isPartOf":{"@id":"https:\/\/selleetools.com\/#website"},"datePublished":"2025-07-06T12:30:32+00:00","dateModified":"2025-08-08T12:04:18+00:00","breadcrumb":{"@id":"https:\/\/selleetools.com\/product\/talerz-dekoracyjny-prostokat\/#breadcrumb"},"inLanguage":"pl-PL","potentialAction":[{"@type":"ReadAction","target":["https:\/\/selleetools.com\/product\/talerz-dekoracyjny-prostokat\/"]}]},{"@type":"BreadcrumbList","@id":"https:\/\/selleetools.com\/product\/talerz-dekoracyjny-prostokat\/#breadcrumb","itemListElement":[{"@type":"ListItem","position":1,"name":"Home","item":"https:\/\/selleetools.com\/pl\/"},{"@type":"ListItem","position":2,"name":"Katalog","item":"https:\/\/selleetools.com\/pl\/katalog\/"},{"@type":"ListItem","position":3,"name":"Talerz dekoracyjny prostok\u0105t"}]}]}},"_links":{"self":[{"href":"https:\/\/selleetools.com\/pl\/wp-json\/wp\/v2\/product\/489916"}],"collection":[{"href":"https:\/\/selleetools.com\/pl\/wp-json\/wp\/v2\/product"}],"about":[{"href":"https:\/\/selleetools.com\/pl\/wp-json\/wp\/v2\/types\/product"}],"replies":[{"embeddable":true,"href":"https:\/\/selleetools.com\/pl\/wp-json\/wp\/v2\/comments?post=489916"}],"wp:featuredmedia":[{"embeddable":true,"href":"https:\/\/selleetools.com\/pl\/wp-json\/wp\/v2\/media\/489908"}],"wp:attachment":[{"href":"https:\/\/selleetools.com\/pl\/wp-json\/wp\/v2\/media?parent=489916"}],"curies":[{"name":"wp","href":"https:\/\/api.w.org\/{rel}","templated":true}]}}