{"id":489864,"date":"2025-07-06T14:30:10","date_gmt":"2025-07-06T12:30:10","guid":{"rendered":"https:\/\/selleetools.com\/?post_type=product&#038;p=489864"},"modified":"2025-08-08T14:04:19","modified_gmt":"2025-08-08T12:04:19","slug":"praktyczna-deska-do-krojenia-z-funkcjonalna-szuflada-2","status":"publish","type":"product","link":"https:\/\/selleetools.com\/pl\/product\/praktyczna-deska-do-krojenia-z-funkcjonalna-szuflada-2\/","title":{"rendered":"Praktyczna deska do krojenia z funkcjonaln\u0105 szuflad\u0105"},"content":{"rendered":"<p>Praktyczna deska do krojenia z funkcjonaln\u0105 szuflad\u0105 to must-have w ka\u017cdej kuchni, kt\u00f3ra ceni sobie zar\u00f3wno estetyk\u0119, jak i funkcjonalno\u015b\u0107. Wykonana z wysokiej jako\u015bci materia\u0142\u00f3w, deska zapewnia d\u0142ugotrwa\u0142e u\u017cytkowanie oraz \u0142atwe utrzymanie w czysto\u015bci. Innowacyjny design z wbudowan\u0105 szuflad\u0105 umo\u017cliwia wygodne przechowywanie no\u017cy oraz innych akcesori\u00f3w kuchennych, co pozwala maksymalnie wykorzysta\u0107 przestrze\u0144 robocz\u0105. Ergonomiczny kszta\u0142t deski sprawia, \u017ce krojenie jest szybkie i wygodne, a antypo\u015blizgowe n\u00f3\u017cki gwarantuj\u0105 stabilno\u015b\u0107 podczas pracy. Idealna do codziennego u\u017cytku, deska do krojenia b\u0119dzie niezast\u0105pionym elementem Twojej kuchni, \u0142\u0105cz\u0105c w sobie elegancj\u0119 i funkcjonalno\u015b\u0107.<\/p>\n<p>TO JEST WYR\u00d3B WYRABIANY W WI\u0118KSZO\u015aCI R\u0118CZNIE Z MA\u0141\u0104 ILO\u015aCI\u0104 U\u017bYCIA MASZYNY.<\/p>\n","protected":false},"excerpt":{"rendered":"<p>Praktyczna deska do krojenia z funkcjonaln\u0105 szuflad\u0105 to must-have w ka\u017cdej kuchni, kt\u00f3ra ceni sobie zar\u00f3wno estetyk\u0119, jak i funkcjonalno\u015b\u0107. Wykonana z wysokiej jako\u015bci materia\u0142\u00f3w, deska zapewnia d\u0142ugotrwa\u0142e u\u017cytkowanie oraz \u0142atwe utrzymanie w czysto\u015bci. Innowacyjny design z wbudowan\u0105 szuflad\u0105 umo\u017cliwia wygodne przechowywanie no\u017cy oraz innych akcesori\u00f3w kuchennych, co pozwala maksymalnie wykorzysta\u0107 przestrze\u0144 robocz\u0105. Ergonomiczny kszta\u0142t &#8230; <a title=\"Praktyczna deska do krojenia z funkcjonaln\u0105 szuflad\u0105\" class=\"read-more\" href=\"https:\/\/selleetools.com\/pl\/product\/praktyczna-deska-do-krojenia-z-funkcjonalna-szuflada-2\/\">Read more<span class=\"screen-reader-text\">Praktyczna deska do krojenia z funkcjonaln\u0105 szuflad\u0105<\/span><\/a><\/p>\n","protected":false},"featured_media":489854,"comment_status":"open","ping_status":"closed","template":"","meta":{"_links_to":"","_links_to_target":""},"yoast_head":"<!-- This site is optimized with the Yoast SEO plugin v19.4 - https:\/\/yoast.com\/wordpress\/plugins\/seo\/ -->\n<title>Praktyczna deska do krojenia z funkcjonaln\u0105 szuflad\u0105 - Selleetools.com<\/title>\n<meta name=\"robots\" content=\"index, follow, max-snippet:-1, max-image-preview:large, max-video-preview:-1\" \/>\n<link rel=\"canonical\" href=\"https:\/\/selleetools.com\/product\/praktyczna-deska-do-krojenia-z-funkcjonalna-szuflada-2\/\" \/>\n<meta property=\"og:locale\" content=\"pl_PL\" \/>\n<meta property=\"og:type\" content=\"article\" \/>\n<meta property=\"og:title\" content=\"Praktyczna deska do krojenia z funkcjonaln\u0105 szuflad\u0105 - Selleetools.com\" \/>\n<meta property=\"og:description\" content=\"Praktyczna deska do krojenia z funkcjonaln\u0105 szuflad\u0105 to must-have w ka\u017cdej kuchni, kt\u00f3ra ceni sobie zar\u00f3wno estetyk\u0119, jak i funkcjonalno\u015b\u0107. Wykonana z wysokiej jako\u015bci materia\u0142\u00f3w, deska zapewnia d\u0142ugotrwa\u0142e u\u017cytkowanie oraz \u0142atwe utrzymanie w czysto\u015bci. Innowacyjny design z wbudowan\u0105 szuflad\u0105 umo\u017cliwia wygodne przechowywanie no\u017cy oraz innych akcesori\u00f3w kuchennych, co pozwala maksymalnie wykorzysta\u0107 przestrze\u0144 robocz\u0105. Ergonomiczny kszta\u0142t ... Read morePraktyczna deska do krojenia z funkcjonaln\u0105 szuflad\u0105\" \/>\n<meta property=\"og:url\" content=\"https:\/\/selleetools.com\/product\/praktyczna-deska-do-krojenia-z-funkcjonalna-szuflada-2\/\" \/>\n<meta property=\"og:site_name\" content=\"Selleetools.com\" \/>\n<meta property=\"article:modified_time\" content=\"2025-08-08T12:04:19+00:00\" \/>\n<meta property=\"og:image\" content=\"https:\/\/selleetools.com\/wp-content\/uploads\/2025\/07\/291444b54b9ce0f433fb9d404cae82c3.jpg\" \/>\n\t<meta property=\"og:image:width\" content=\"1500\" \/>\n\t<meta property=\"og:image:height\" content=\"1500\" \/>\n\t<meta property=\"og:image:type\" content=\"image\/jpeg\" \/>\n<meta name=\"twitter:card\" content=\"summary_large_image\" \/>\n<meta name=\"twitter:label1\" content=\"Est. reading time\" \/>\n\t<meta name=\"twitter:data1\" content=\"1 minuta\" \/>\n<!-- \/ Yoast SEO plugin. -->","yoast_head_json":{"title":"Praktyczna deska do krojenia z funkcjonaln\u0105 szuflad\u0105 - Selleetools.com","robots":{"index":"index","follow":"follow","max-snippet":"max-snippet:-1","max-image-preview":"max-image-preview:large","max-video-preview":"max-video-preview:-1"},"canonical":"https:\/\/selleetools.com\/product\/praktyczna-deska-do-krojenia-z-funkcjonalna-szuflada-2\/","og_locale":"pl_PL","og_type":"article","og_title":"Praktyczna deska do krojenia z funkcjonaln\u0105 szuflad\u0105 - Selleetools.com","og_description":"Praktyczna deska do krojenia z funkcjonaln\u0105 szuflad\u0105 to must-have w ka\u017cdej kuchni, kt\u00f3ra ceni sobie zar\u00f3wno estetyk\u0119, jak i funkcjonalno\u015b\u0107. Wykonana z wysokiej jako\u015bci materia\u0142\u00f3w, deska zapewnia d\u0142ugotrwa\u0142e u\u017cytkowanie oraz \u0142atwe utrzymanie w czysto\u015bci. Innowacyjny design z wbudowan\u0105 szuflad\u0105 umo\u017cliwia wygodne przechowywanie no\u017cy oraz innych akcesori\u00f3w kuchennych, co pozwala maksymalnie wykorzysta\u0107 przestrze\u0144 robocz\u0105. Ergonomiczny kszta\u0142t ... Read morePraktyczna deska do krojenia z funkcjonaln\u0105 szuflad\u0105","og_url":"https:\/\/selleetools.com\/product\/praktyczna-deska-do-krojenia-z-funkcjonalna-szuflada-2\/","og_site_name":"Selleetools.com","article_modified_time":"2025-08-08T12:04:19+00:00","og_image":[{"width":1500,"height":1500,"url":"https:\/\/selleetools.com\/wp-content\/uploads\/2025\/07\/291444b54b9ce0f433fb9d404cae82c3.jpg","type":"image\/jpeg"}],"twitter_card":"summary_large_image","twitter_misc":{"Est. reading time":"1 minuta"},"schema":{"@context":"https:\/\/schema.org","@graph":[{"@type":"Organization","@id":"https:\/\/selleetools.com\/#organization","name":"Selleetools","url":"https:\/\/selleetools.com\/","sameAs":[],"logo":{"@type":"ImageObject","inLanguage":"pl-PL","@id":"https:\/\/selleetools.com\/#\/schema\/logo\/image\/","url":"https:\/\/selleetools.com\/wp-content\/uploads\/2021\/10\/logo-dark.png","contentUrl":"https:\/\/selleetools.com\/wp-content\/uploads\/2021\/10\/logo-dark.png","width":320,"height":76,"caption":"Selleetools"},"image":{"@id":"https:\/\/selleetools.com\/#\/schema\/logo\/image\/"}},{"@type":"WebSite","@id":"https:\/\/selleetools.com\/#website","url":"https:\/\/selleetools.com\/","name":"Selleetools.com","description":"","publisher":{"@id":"https:\/\/selleetools.com\/#organization"},"potentialAction":[{"@type":"SearchAction","target":{"@type":"EntryPoint","urlTemplate":"https:\/\/selleetools.com\/?s={search_term_string}"},"query-input":"required name=search_term_string"}],"inLanguage":"pl-PL"},{"@type":"WebPage","@id":"https:\/\/selleetools.com\/product\/praktyczna-deska-do-krojenia-z-funkcjonalna-szuflada-2\/","url":"https:\/\/selleetools.com\/product\/praktyczna-deska-do-krojenia-z-funkcjonalna-szuflada-2\/","name":"Praktyczna deska do krojenia z funkcjonaln\u0105 szuflad\u0105 - Selleetools.com","isPartOf":{"@id":"https:\/\/selleetools.com\/#website"},"datePublished":"2025-07-06T12:30:10+00:00","dateModified":"2025-08-08T12:04:19+00:00","breadcrumb":{"@id":"https:\/\/selleetools.com\/product\/praktyczna-deska-do-krojenia-z-funkcjonalna-szuflada-2\/#breadcrumb"},"inLanguage":"pl-PL","potentialAction":[{"@type":"ReadAction","target":["https:\/\/selleetools.com\/product\/praktyczna-deska-do-krojenia-z-funkcjonalna-szuflada-2\/"]}]},{"@type":"BreadcrumbList","@id":"https:\/\/selleetools.com\/product\/praktyczna-deska-do-krojenia-z-funkcjonalna-szuflada-2\/#breadcrumb","itemListElement":[{"@type":"ListItem","position":1,"name":"Home","item":"https:\/\/selleetools.com\/pl\/"},{"@type":"ListItem","position":2,"name":"Katalog","item":"https:\/\/selleetools.com\/pl\/katalog\/"},{"@type":"ListItem","position":3,"name":"Praktyczna deska do krojenia z funkcjonaln\u0105 szuflad\u0105"}]}]}},"_links":{"self":[{"href":"https:\/\/selleetools.com\/pl\/wp-json\/wp\/v2\/product\/489864"}],"collection":[{"href":"https:\/\/selleetools.com\/pl\/wp-json\/wp\/v2\/product"}],"about":[{"href":"https:\/\/selleetools.com\/pl\/wp-json\/wp\/v2\/types\/product"}],"replies":[{"embeddable":true,"href":"https:\/\/selleetools.com\/pl\/wp-json\/wp\/v2\/comments?post=489864"}],"wp:featuredmedia":[{"embeddable":true,"href":"https:\/\/selleetools.com\/pl\/wp-json\/wp\/v2\/media\/489854"}],"wp:attachment":[{"href":"https:\/\/selleetools.com\/pl\/wp-json\/wp\/v2\/media?parent=489864"}],"curies":[{"name":"wp","href":"https:\/\/api.w.org\/{rel}","templated":true}]}}