{"id":489853,"date":"2025-07-06T14:30:03","date_gmt":"2025-07-06T12:30:03","guid":{"rendered":"https:\/\/selleetools.com\/?post_type=product&#038;p=489853"},"modified":"2025-08-08T14:04:19","modified_gmt":"2025-08-08T12:04:19","slug":"praktyczna-deska-do-krojenia-z-funkcjonalna-szuflada","status":"publish","type":"product","link":"https:\/\/selleetools.com\/pl\/product\/praktyczna-deska-do-krojenia-z-funkcjonalna-szuflada\/","title":{"rendered":"Praktyczna deska do krojenia z funkcjonaln\u0105 szuflad\u0105"},"content":{"rendered":"<p>Praktyczna deska do krojenia z funkcjonaln\u0105 szuflad\u0105 to idealne rozwi\u0105zanie dla ka\u017cdego, kto ceni sobie porz\u0105dek w kuchni oraz efektywno\u015b\u0107 podczas przygotowywania posi\u0142k\u00f3w. Wykonana z wysokiej jako\u015bci materia\u0142\u00f3w, deska charakteryzuje si\u0119 trwa\u0142o\u015bci\u0105 i odporno\u015bci\u0105 na uszkodzenia, co zapewnia d\u0142ugotrwa\u0142e u\u017cytkowanie. Dzi\u0119ki wbudowanej, pojemnej szufladzie, wszystkie przygotowane sk\u0142adniki mo\u017cna bezproblemowo gromadzi\u0107, co znacznie u\u0142atwia proces gotowania. <\/p>\n<p>Ergonomiczny design deski sprawia, \u017ce jej u\u017cytkowanie jest komfortowe, a \u0142atwe do czyszczenia powierzchnie umo\u017cliwiaj\u0105 szybkie utrzymanie jej w nienagannej czysto\u015bci. Ponadto, elegancki wygl\u0105d doskonale wkomponuje si\u0119 w ka\u017cd\u0105 kuchni\u0119, dodaj\u0105c jej nowoczesnego charakteru. Niech nasza deska do krojenia stanie si\u0119 nieod\u0142\u0105cznym elementem Twojego kulinarnego warsztatu i u\u0142atwi codzienne gotowanie.<\/p>\n<p>TO JEST WYR\u00d3B WYRABIANY W WI\u0118KSZO\u015aCI R\u0118CZNIE Z MA\u0141\u0104 ILO\u015aCI\u0104 U\u017bYCIA MASZYNY.<\/p>\n","protected":false},"excerpt":{"rendered":"<p>Praktyczna deska do krojenia z funkcjonaln\u0105 szuflad\u0105 to idealne rozwi\u0105zanie dla ka\u017cdego, kto ceni sobie porz\u0105dek w kuchni oraz efektywno\u015b\u0107 podczas przygotowywania posi\u0142k\u00f3w. Wykonana z wysokiej jako\u015bci materia\u0142\u00f3w, deska charakteryzuje si\u0119 trwa\u0142o\u015bci\u0105 i odporno\u015bci\u0105 na uszkodzenia, co zapewnia d\u0142ugotrwa\u0142e u\u017cytkowanie. Dzi\u0119ki wbudowanej, pojemnej szufladzie, wszystkie przygotowane sk\u0142adniki mo\u017cna bezproblemowo gromadzi\u0107, co znacznie u\u0142atwia proces gotowania. &#8230; <a title=\"Praktyczna deska do krojenia z funkcjonaln\u0105 szuflad\u0105\" class=\"read-more\" href=\"https:\/\/selleetools.com\/pl\/product\/praktyczna-deska-do-krojenia-z-funkcjonalna-szuflada\/\">Read more<span class=\"screen-reader-text\">Praktyczna deska do krojenia z funkcjonaln\u0105 szuflad\u0105<\/span><\/a><\/p>\n","protected":false},"featured_media":489843,"comment_status":"open","ping_status":"closed","template":"","meta":{"_links_to":"","_links_to_target":""},"yoast_head":"<!-- This site is optimized with the Yoast SEO plugin v19.4 - https:\/\/yoast.com\/wordpress\/plugins\/seo\/ -->\n<title>Praktyczna deska do krojenia z funkcjonaln\u0105 szuflad\u0105 - Selleetools.com<\/title>\n<meta name=\"robots\" content=\"index, follow, max-snippet:-1, max-image-preview:large, max-video-preview:-1\" \/>\n<link rel=\"canonical\" href=\"https:\/\/selleetools.com\/pl\/product\/praktyczna-deska-do-krojenia-z-funkcjonalna-szuflada\/\" \/>\n<meta property=\"og:locale\" content=\"pl_PL\" \/>\n<meta property=\"og:type\" content=\"article\" \/>\n<meta property=\"og:title\" content=\"Praktyczna deska do krojenia z funkcjonaln\u0105 szuflad\u0105 - Selleetools.com\" \/>\n<meta property=\"og:description\" content=\"Praktyczna deska do krojenia z funkcjonaln\u0105 szuflad\u0105 to idealne rozwi\u0105zanie dla ka\u017cdego, kto ceni sobie porz\u0105dek w kuchni oraz efektywno\u015b\u0107 podczas przygotowywania posi\u0142k\u00f3w. Wykonana z wysokiej jako\u015bci materia\u0142\u00f3w, deska charakteryzuje si\u0119 trwa\u0142o\u015bci\u0105 i odporno\u015bci\u0105 na uszkodzenia, co zapewnia d\u0142ugotrwa\u0142e u\u017cytkowanie. Dzi\u0119ki wbudowanej, pojemnej szufladzie, wszystkie przygotowane sk\u0142adniki mo\u017cna bezproblemowo gromadzi\u0107, co znacznie u\u0142atwia proces gotowania. ... Read morePraktyczna deska do krojenia z funkcjonaln\u0105 szuflad\u0105\" \/>\n<meta property=\"og:url\" content=\"https:\/\/selleetools.com\/pl\/product\/praktyczna-deska-do-krojenia-z-funkcjonalna-szuflada\/\" \/>\n<meta property=\"og:site_name\" content=\"Selleetools.com\" \/>\n<meta property=\"article:modified_time\" content=\"2025-08-08T12:04:19+00:00\" \/>\n<meta property=\"og:image\" content=\"https:\/\/selleetools.com\/wp-content\/uploads\/2025\/07\/5f1d8798ce753030bdddde16208dae83.jpg\" \/>\n\t<meta property=\"og:image:width\" content=\"1500\" \/>\n\t<meta property=\"og:image:height\" content=\"1500\" \/>\n\t<meta property=\"og:image:type\" content=\"image\/jpeg\" \/>\n<meta name=\"twitter:card\" content=\"summary_large_image\" \/>\n<meta name=\"twitter:label1\" content=\"Est. reading time\" \/>\n\t<meta name=\"twitter:data1\" content=\"1 minuta\" \/>\n<!-- \/ Yoast SEO plugin. -->","yoast_head_json":{"title":"Praktyczna deska do krojenia z funkcjonaln\u0105 szuflad\u0105 - Selleetools.com","robots":{"index":"index","follow":"follow","max-snippet":"max-snippet:-1","max-image-preview":"max-image-preview:large","max-video-preview":"max-video-preview:-1"},"canonical":"https:\/\/selleetools.com\/pl\/product\/praktyczna-deska-do-krojenia-z-funkcjonalna-szuflada\/","og_locale":"pl_PL","og_type":"article","og_title":"Praktyczna deska do krojenia z funkcjonaln\u0105 szuflad\u0105 - Selleetools.com","og_description":"Praktyczna deska do krojenia z funkcjonaln\u0105 szuflad\u0105 to idealne rozwi\u0105zanie dla ka\u017cdego, kto ceni sobie porz\u0105dek w kuchni oraz efektywno\u015b\u0107 podczas przygotowywania posi\u0142k\u00f3w. Wykonana z wysokiej jako\u015bci materia\u0142\u00f3w, deska charakteryzuje si\u0119 trwa\u0142o\u015bci\u0105 i odporno\u015bci\u0105 na uszkodzenia, co zapewnia d\u0142ugotrwa\u0142e u\u017cytkowanie. Dzi\u0119ki wbudowanej, pojemnej szufladzie, wszystkie przygotowane sk\u0142adniki mo\u017cna bezproblemowo gromadzi\u0107, co znacznie u\u0142atwia proces gotowania. ... Read morePraktyczna deska do krojenia z funkcjonaln\u0105 szuflad\u0105","og_url":"https:\/\/selleetools.com\/pl\/product\/praktyczna-deska-do-krojenia-z-funkcjonalna-szuflada\/","og_site_name":"Selleetools.com","article_modified_time":"2025-08-08T12:04:19+00:00","og_image":[{"width":1500,"height":1500,"url":"https:\/\/selleetools.com\/wp-content\/uploads\/2025\/07\/5f1d8798ce753030bdddde16208dae83.jpg","type":"image\/jpeg"}],"twitter_card":"summary_large_image","twitter_misc":{"Est. reading time":"1 minuta"},"schema":{"@context":"https:\/\/schema.org","@graph":[{"@type":"Organization","@id":"https:\/\/selleetools.com\/#organization","name":"Selleetools","url":"https:\/\/selleetools.com\/","sameAs":[],"logo":{"@type":"ImageObject","inLanguage":"pl-PL","@id":"https:\/\/selleetools.com\/#\/schema\/logo\/image\/","url":"https:\/\/selleetools.com\/wp-content\/uploads\/2021\/10\/logo-dark.png","contentUrl":"https:\/\/selleetools.com\/wp-content\/uploads\/2021\/10\/logo-dark.png","width":320,"height":76,"caption":"Selleetools"},"image":{"@id":"https:\/\/selleetools.com\/#\/schema\/logo\/image\/"}},{"@type":"WebSite","@id":"https:\/\/selleetools.com\/#website","url":"https:\/\/selleetools.com\/","name":"Selleetools.com","description":"","publisher":{"@id":"https:\/\/selleetools.com\/#organization"},"potentialAction":[{"@type":"SearchAction","target":{"@type":"EntryPoint","urlTemplate":"https:\/\/selleetools.com\/?s={search_term_string}"},"query-input":"required name=search_term_string"}],"inLanguage":"pl-PL"},{"@type":"WebPage","@id":"https:\/\/selleetools.com\/pl\/product\/praktyczna-deska-do-krojenia-z-funkcjonalna-szuflada\/","url":"https:\/\/selleetools.com\/pl\/product\/praktyczna-deska-do-krojenia-z-funkcjonalna-szuflada\/","name":"Praktyczna deska do krojenia z funkcjonaln\u0105 szuflad\u0105 - Selleetools.com","isPartOf":{"@id":"https:\/\/selleetools.com\/#website"},"datePublished":"2025-07-06T12:30:03+00:00","dateModified":"2025-08-08T12:04:19+00:00","breadcrumb":{"@id":"https:\/\/selleetools.com\/pl\/product\/praktyczna-deska-do-krojenia-z-funkcjonalna-szuflada\/#breadcrumb"},"inLanguage":"pl-PL","potentialAction":[{"@type":"ReadAction","target":["https:\/\/selleetools.com\/pl\/product\/praktyczna-deska-do-krojenia-z-funkcjonalna-szuflada\/"]}]},{"@type":"BreadcrumbList","@id":"https:\/\/selleetools.com\/pl\/product\/praktyczna-deska-do-krojenia-z-funkcjonalna-szuflada\/#breadcrumb","itemListElement":[{"@type":"ListItem","position":1,"name":"Home","item":"https:\/\/selleetools.com\/pl\/"},{"@type":"ListItem","position":2,"name":"Katalog","item":"https:\/\/selleetools.com\/pl\/katalog\/"},{"@type":"ListItem","position":3,"name":"Praktyczna deska do krojenia z funkcjonaln\u0105 szuflad\u0105"}]}]}},"_links":{"self":[{"href":"https:\/\/selleetools.com\/pl\/wp-json\/wp\/v2\/product\/489853"}],"collection":[{"href":"https:\/\/selleetools.com\/pl\/wp-json\/wp\/v2\/product"}],"about":[{"href":"https:\/\/selleetools.com\/pl\/wp-json\/wp\/v2\/types\/product"}],"replies":[{"embeddable":true,"href":"https:\/\/selleetools.com\/pl\/wp-json\/wp\/v2\/comments?post=489853"}],"wp:featuredmedia":[{"embeddable":true,"href":"https:\/\/selleetools.com\/pl\/wp-json\/wp\/v2\/media\/489843"}],"wp:attachment":[{"href":"https:\/\/selleetools.com\/pl\/wp-json\/wp\/v2\/media?parent=489853"}],"curies":[{"name":"wp","href":"https:\/\/api.w.org\/{rel}","templated":true}]}}