{"id":489842,"date":"2025-07-06T14:29:56","date_gmt":"2025-07-06T12:29:56","guid":{"rendered":"https:\/\/selleetools.com\/?post_type=product&#038;p=489842"},"modified":"2025-08-08T14:04:19","modified_gmt":"2025-08-08T12:04:19","slug":"zestaw-3-drewnianych-desek-kuchennych","status":"publish","type":"product","link":"https:\/\/selleetools.com\/pl\/product\/zestaw-3-drewnianych-desek-kuchennych\/","title":{"rendered":"Zestaw 3 drewnianych desek kuchennych"},"content":{"rendered":"<p>Zestaw trzech drewnianych desek kuchennych to niezb\u0119dny element wyposa\u017cenia ka\u017cdej kuchni. Wykonane z wysokiej jako\u015bci drewna, deski \u0142\u0105cz\u0105 w sobie estetyk\u0119 oraz funkcjonalno\u015b\u0107, zapewniaj\u0105c trwa\u0142o\u015b\u0107 i wygod\u0119 u\u017cytkowania. Zestaw zawiera deski w r\u00f3\u017cnych rozmiarach, co umo\u017cliwia \u0142atwe dostosowanie ich do r\u00f3\u017cnych potrzeb kulinarnych \u2013 od krojenia warzyw po serwowanie potraw. G\u0142adka powierzchnia desek u\u0142atwia ich czyszczenie, a naturalny materia\u0142 dodaje elegancji ka\u017cdemu wn\u0119trzu. Idealne zar\u00f3wno do u\u017cytku domowego, jak i w profesjonalnych kuchniach. Dzi\u0119ki solidnemu wykonaniu, deski s\u0105 odporne na uszkodzenia, co sprawia, \u017ce b\u0119d\u0105 s\u0142u\u017cy\u0142y przez d\u0142ugi czas. Wybierz zestaw drewnianych desek kuchennych, aby podnie\u015b\u0107 komfort gotowania i estetyk\u0119 swojej kuchni.<\/p>\n<p>TO JEST WYR\u00d3B WYRABIANY W WI\u0118KSZO\u015aCI R\u0118CZNIE Z MA\u0141\u0104 ILO\u015aCI\u0104 U\u017bYCIA MASZYNY.<\/p>\n","protected":false},"excerpt":{"rendered":"<p>Zestaw trzech drewnianych desek kuchennych to niezb\u0119dny element wyposa\u017cenia ka\u017cdej kuchni. Wykonane z wysokiej jako\u015bci drewna, deski \u0142\u0105cz\u0105 w sobie estetyk\u0119 oraz funkcjonalno\u015b\u0107, zapewniaj\u0105c trwa\u0142o\u015b\u0107 i wygod\u0119 u\u017cytkowania. Zestaw zawiera deski w r\u00f3\u017cnych rozmiarach, co umo\u017cliwia \u0142atwe dostosowanie ich do r\u00f3\u017cnych potrzeb kulinarnych \u2013 od krojenia warzyw po serwowanie potraw. G\u0142adka powierzchnia desek u\u0142atwia ich &#8230; <a title=\"Zestaw 3 drewnianych desek kuchennych\" class=\"read-more\" href=\"https:\/\/selleetools.com\/pl\/product\/zestaw-3-drewnianych-desek-kuchennych\/\">Read more<span class=\"screen-reader-text\">Zestaw 3 drewnianych desek kuchennych<\/span><\/a><\/p>\n","protected":false},"featured_media":489832,"comment_status":"open","ping_status":"closed","template":"","meta":{"_links_to":"","_links_to_target":""},"yoast_head":"<!-- This site is optimized with the Yoast SEO plugin v19.4 - https:\/\/yoast.com\/wordpress\/plugins\/seo\/ -->\n<title>Zestaw 3 drewnianych desek kuchennych - Selleetools.com<\/title>\n<meta name=\"robots\" content=\"index, follow, max-snippet:-1, max-image-preview:large, max-video-preview:-1\" \/>\n<link rel=\"canonical\" href=\"https:\/\/selleetools.com\/product\/zestaw-3-drewnianych-desek-kuchennych\/\" \/>\n<meta property=\"og:locale\" content=\"pl_PL\" \/>\n<meta property=\"og:type\" content=\"article\" \/>\n<meta property=\"og:title\" content=\"Zestaw 3 drewnianych desek kuchennych - Selleetools.com\" \/>\n<meta property=\"og:description\" content=\"Zestaw trzech drewnianych desek kuchennych to niezb\u0119dny element wyposa\u017cenia ka\u017cdej kuchni. Wykonane z wysokiej jako\u015bci drewna, deski \u0142\u0105cz\u0105 w sobie estetyk\u0119 oraz funkcjonalno\u015b\u0107, zapewniaj\u0105c trwa\u0142o\u015b\u0107 i wygod\u0119 u\u017cytkowania. Zestaw zawiera deski w r\u00f3\u017cnych rozmiarach, co umo\u017cliwia \u0142atwe dostosowanie ich do r\u00f3\u017cnych potrzeb kulinarnych \u2013 od krojenia warzyw po serwowanie potraw. G\u0142adka powierzchnia desek u\u0142atwia ich ... Read moreZestaw 3 drewnianych desek kuchennych\" \/>\n<meta property=\"og:url\" content=\"https:\/\/selleetools.com\/product\/zestaw-3-drewnianych-desek-kuchennych\/\" \/>\n<meta property=\"og:site_name\" content=\"Selleetools.com\" \/>\n<meta property=\"article:modified_time\" content=\"2025-08-08T12:04:19+00:00\" \/>\n<meta property=\"og:image\" content=\"https:\/\/selleetools.com\/wp-content\/uploads\/2025\/07\/9a9d5152bf91ebe6cabbfa69566657a7.jpg\" \/>\n\t<meta property=\"og:image:width\" content=\"1500\" \/>\n\t<meta property=\"og:image:height\" content=\"1500\" \/>\n\t<meta property=\"og:image:type\" content=\"image\/jpeg\" \/>\n<meta name=\"twitter:card\" content=\"summary_large_image\" \/>\n<meta name=\"twitter:label1\" content=\"Est. reading time\" \/>\n\t<meta name=\"twitter:data1\" content=\"1 minuta\" \/>\n<!-- \/ Yoast SEO plugin. -->","yoast_head_json":{"title":"Zestaw 3 drewnianych desek kuchennych - Selleetools.com","robots":{"index":"index","follow":"follow","max-snippet":"max-snippet:-1","max-image-preview":"max-image-preview:large","max-video-preview":"max-video-preview:-1"},"canonical":"https:\/\/selleetools.com\/product\/zestaw-3-drewnianych-desek-kuchennych\/","og_locale":"pl_PL","og_type":"article","og_title":"Zestaw 3 drewnianych desek kuchennych - Selleetools.com","og_description":"Zestaw trzech drewnianych desek kuchennych to niezb\u0119dny element wyposa\u017cenia ka\u017cdej kuchni. Wykonane z wysokiej jako\u015bci drewna, deski \u0142\u0105cz\u0105 w sobie estetyk\u0119 oraz funkcjonalno\u015b\u0107, zapewniaj\u0105c trwa\u0142o\u015b\u0107 i wygod\u0119 u\u017cytkowania. Zestaw zawiera deski w r\u00f3\u017cnych rozmiarach, co umo\u017cliwia \u0142atwe dostosowanie ich do r\u00f3\u017cnych potrzeb kulinarnych \u2013 od krojenia warzyw po serwowanie potraw. G\u0142adka powierzchnia desek u\u0142atwia ich ... Read moreZestaw 3 drewnianych desek kuchennych","og_url":"https:\/\/selleetools.com\/product\/zestaw-3-drewnianych-desek-kuchennych\/","og_site_name":"Selleetools.com","article_modified_time":"2025-08-08T12:04:19+00:00","og_image":[{"width":1500,"height":1500,"url":"https:\/\/selleetools.com\/wp-content\/uploads\/2025\/07\/9a9d5152bf91ebe6cabbfa69566657a7.jpg","type":"image\/jpeg"}],"twitter_card":"summary_large_image","twitter_misc":{"Est. reading time":"1 minuta"},"schema":{"@context":"https:\/\/schema.org","@graph":[{"@type":"Organization","@id":"https:\/\/selleetools.com\/#organization","name":"Selleetools","url":"https:\/\/selleetools.com\/","sameAs":[],"logo":{"@type":"ImageObject","inLanguage":"pl-PL","@id":"https:\/\/selleetools.com\/#\/schema\/logo\/image\/","url":"https:\/\/selleetools.com\/wp-content\/uploads\/2021\/10\/logo-dark.png","contentUrl":"https:\/\/selleetools.com\/wp-content\/uploads\/2021\/10\/logo-dark.png","width":320,"height":76,"caption":"Selleetools"},"image":{"@id":"https:\/\/selleetools.com\/#\/schema\/logo\/image\/"}},{"@type":"WebSite","@id":"https:\/\/selleetools.com\/#website","url":"https:\/\/selleetools.com\/","name":"Selleetools.com","description":"","publisher":{"@id":"https:\/\/selleetools.com\/#organization"},"potentialAction":[{"@type":"SearchAction","target":{"@type":"EntryPoint","urlTemplate":"https:\/\/selleetools.com\/?s={search_term_string}"},"query-input":"required name=search_term_string"}],"inLanguage":"pl-PL"},{"@type":"WebPage","@id":"https:\/\/selleetools.com\/product\/zestaw-3-drewnianych-desek-kuchennych\/","url":"https:\/\/selleetools.com\/product\/zestaw-3-drewnianych-desek-kuchennych\/","name":"Zestaw 3 drewnianych desek kuchennych - Selleetools.com","isPartOf":{"@id":"https:\/\/selleetools.com\/#website"},"datePublished":"2025-07-06T12:29:56+00:00","dateModified":"2025-08-08T12:04:19+00:00","breadcrumb":{"@id":"https:\/\/selleetools.com\/product\/zestaw-3-drewnianych-desek-kuchennych\/#breadcrumb"},"inLanguage":"pl-PL","potentialAction":[{"@type":"ReadAction","target":["https:\/\/selleetools.com\/product\/zestaw-3-drewnianych-desek-kuchennych\/"]}]},{"@type":"BreadcrumbList","@id":"https:\/\/selleetools.com\/product\/zestaw-3-drewnianych-desek-kuchennych\/#breadcrumb","itemListElement":[{"@type":"ListItem","position":1,"name":"Home","item":"https:\/\/selleetools.com\/pl\/"},{"@type":"ListItem","position":2,"name":"Katalog","item":"https:\/\/selleetools.com\/pl\/katalog\/"},{"@type":"ListItem","position":3,"name":"Zestaw 3 drewnianych desek kuchennych"}]}]}},"_links":{"self":[{"href":"https:\/\/selleetools.com\/pl\/wp-json\/wp\/v2\/product\/489842"}],"collection":[{"href":"https:\/\/selleetools.com\/pl\/wp-json\/wp\/v2\/product"}],"about":[{"href":"https:\/\/selleetools.com\/pl\/wp-json\/wp\/v2\/types\/product"}],"replies":[{"embeddable":true,"href":"https:\/\/selleetools.com\/pl\/wp-json\/wp\/v2\/comments?post=489842"}],"wp:featuredmedia":[{"embeddable":true,"href":"https:\/\/selleetools.com\/pl\/wp-json\/wp\/v2\/media\/489832"}],"wp:attachment":[{"href":"https:\/\/selleetools.com\/pl\/wp-json\/wp\/v2\/media?parent=489842"}],"curies":[{"name":"wp","href":"https:\/\/api.w.org\/{rel}","templated":true}]}}