{"id":489818,"date":"2025-07-06T14:29:40","date_gmt":"2025-07-06T12:29:40","guid":{"rendered":"https:\/\/selleetools.com\/?post_type=product&#038;p=489818"},"modified":"2025-12-02T20:02:41","modified_gmt":"2025-12-02T19:02:41","slug":"pendrive-usb-szybki-flash-drive-ultra-pamiec-zawieszka-prezent-pingwin-32gb","status":"publish","type":"product","link":"https:\/\/selleetools.com\/pl\/product\/pendrive-usb-szybki-flash-drive-ultra-pamiec-zawieszka-prezent-pingwin-32gb\/","title":{"rendered":"PENDRIVE USB SZYBKI FLASH DRIVE ULTRA PAMI\u0118\u0106 ZAWIESZKA PREZENT PINGWIN 32GB"},"content":{"rendered":"<p>Pendrive USB szybki flash drive o pojemno\u015bci 32GB to nowoczesne rozwi\u0105zanie do przechowywania i przenoszenia danych. Jego wyj\u0105tkowy design z motifem pingwina sprawia, \u017ce jest nie tylko funkcjonalny, ale r\u00f3wnie\u017c estetyczny. Wykonany z wysokiej jako\u015bci materia\u0142\u00f3w, pendrive zapewnia solidno\u015b\u0107 i trwa\u0142o\u015b\u0107. Z pr\u0119dko\u015bciami transferu si\u0119gaj\u0105cymi do 100 MB\/s, umo\u017cliwia szybkie przesy\u0142anie plik\u00f3w, co czyni go doskona\u0142ym wyborem dla os\u00f3b, kt\u00f3re ceni\u0105 sobie czas i efektywno\u015b\u0107. Ten pendrive z powodzeniem sprawdzi si\u0119 zar\u00f3wno w codziennym u\u017cytku, jak i jako oryginalny prezent dla bliskich. Kompatybilny z wieloma systemami operacyjnymi, Plug &amp; Play, jest \u0142atwy w u\u017cyciu i nie wymaga dodatkowego oprogramowania. Wybierz ten pendrive, aby przechowywa\u0107 swoje cenne dane w stylowy i wygodny spos\u00f3b.<\/p>\n","protected":false},"excerpt":{"rendered":"<p>Pendrive USB szybki flash drive o pojemno\u015bci 32GB to nowoczesne rozwi\u0105zanie do przechowywania i przenoszenia danych. Jego wyj\u0105tkowy design z motifem pingwina sprawia, \u017ce jest nie tylko funkcjonalny, ale r\u00f3wnie\u017c estetyczny. Wykonany z wysokiej jako\u015bci materia\u0142\u00f3w, pendrive zapewnia solidno\u015b\u0107 i trwa\u0142o\u015b\u0107. Z pr\u0119dko\u015bciami transferu si\u0119gaj\u0105cymi do 100 MB\/s, umo\u017cliwia szybkie przesy\u0142anie plik\u00f3w, co czyni go &#8230; <a title=\"PENDRIVE USB SZYBKI FLASH DRIVE ULTRA PAMI\u0118\u0106 ZAWIESZKA PREZENT PINGWIN 32GB\" class=\"read-more\" href=\"https:\/\/selleetools.com\/pl\/product\/pendrive-usb-szybki-flash-drive-ultra-pamiec-zawieszka-prezent-pingwin-32gb\/\">Read more<span class=\"screen-reader-text\">PENDRIVE USB SZYBKI FLASH DRIVE ULTRA PAMI\u0118\u0106 ZAWIESZKA PREZENT PINGWIN 32GB<\/span><\/a><\/p>\n","protected":false},"featured_media":489812,"comment_status":"closed","ping_status":"closed","template":"","meta":{"_links_to":"","_links_to_target":""},"yoast_head":"<!-- This site is optimized with the Yoast SEO plugin v19.4 - https:\/\/yoast.com\/wordpress\/plugins\/seo\/ -->\n<title>PENDRIVE USB SZYBKI FLASH DRIVE ULTRA PAMI\u0118\u0106 ZAWIESZKA PREZENT PINGWIN 32GB - Selleetools.com<\/title>\n<meta name=\"robots\" content=\"index, follow, max-snippet:-1, max-image-preview:large, max-video-preview:-1\" \/>\n<link rel=\"canonical\" href=\"https:\/\/selleetools.com\/product\/pendrive-usb-szybki-flash-drive-ultra-pamiec-zawieszka-prezent-pingwin-32gb\/\" \/>\n<meta property=\"og:locale\" content=\"pl_PL\" \/>\n<meta property=\"og:type\" content=\"article\" \/>\n<meta property=\"og:title\" content=\"PENDRIVE USB SZYBKI FLASH DRIVE ULTRA PAMI\u0118\u0106 ZAWIESZKA PREZENT PINGWIN 32GB - Selleetools.com\" \/>\n<meta property=\"og:description\" content=\"Pendrive USB szybki flash drive o pojemno\u015bci 32GB to nowoczesne rozwi\u0105zanie do przechowywania i przenoszenia danych. Jego wyj\u0105tkowy design z motifem pingwina sprawia, \u017ce jest nie tylko funkcjonalny, ale r\u00f3wnie\u017c estetyczny. Wykonany z wysokiej jako\u015bci materia\u0142\u00f3w, pendrive zapewnia solidno\u015b\u0107 i trwa\u0142o\u015b\u0107. Z pr\u0119dko\u015bciami transferu si\u0119gaj\u0105cymi do 100 MB\/s, umo\u017cliwia szybkie przesy\u0142anie plik\u00f3w, co czyni go ... Read morePENDRIVE USB SZYBKI FLASH DRIVE ULTRA PAMI\u0118\u0106 ZAWIESZKA PREZENT PINGWIN 32GB\" \/>\n<meta property=\"og:url\" content=\"https:\/\/selleetools.com\/product\/pendrive-usb-szybki-flash-drive-ultra-pamiec-zawieszka-prezent-pingwin-32gb\/\" \/>\n<meta property=\"og:site_name\" content=\"Selleetools.com\" \/>\n<meta property=\"article:modified_time\" content=\"2025-12-02T19:02:41+00:00\" \/>\n<meta property=\"og:image\" content=\"https:\/\/selleetools.com\/wp-content\/uploads\/2025\/07\/43b75bc10aea16f3884c09d730d431d5.webp\" \/>\n\t<meta property=\"og:image:width\" content=\"128\" \/>\n\t<meta property=\"og:image:height\" content=\"83\" \/>\n\t<meta property=\"og:image:type\" content=\"image\/webp\" \/>\n<meta name=\"twitter:card\" content=\"summary_large_image\" \/>\n<meta name=\"twitter:label1\" content=\"Est. reading time\" \/>\n\t<meta name=\"twitter:data1\" content=\"1 minuta\" \/>\n<!-- \/ Yoast SEO plugin. -->","yoast_head_json":{"title":"PENDRIVE USB SZYBKI FLASH DRIVE ULTRA PAMI\u0118\u0106 ZAWIESZKA PREZENT PINGWIN 32GB - Selleetools.com","robots":{"index":"index","follow":"follow","max-snippet":"max-snippet:-1","max-image-preview":"max-image-preview:large","max-video-preview":"max-video-preview:-1"},"canonical":"https:\/\/selleetools.com\/product\/pendrive-usb-szybki-flash-drive-ultra-pamiec-zawieszka-prezent-pingwin-32gb\/","og_locale":"pl_PL","og_type":"article","og_title":"PENDRIVE USB SZYBKI FLASH DRIVE ULTRA PAMI\u0118\u0106 ZAWIESZKA PREZENT PINGWIN 32GB - Selleetools.com","og_description":"Pendrive USB szybki flash drive o pojemno\u015bci 32GB to nowoczesne rozwi\u0105zanie do przechowywania i przenoszenia danych. Jego wyj\u0105tkowy design z motifem pingwina sprawia, \u017ce jest nie tylko funkcjonalny, ale r\u00f3wnie\u017c estetyczny. Wykonany z wysokiej jako\u015bci materia\u0142\u00f3w, pendrive zapewnia solidno\u015b\u0107 i trwa\u0142o\u015b\u0107. Z pr\u0119dko\u015bciami transferu si\u0119gaj\u0105cymi do 100 MB\/s, umo\u017cliwia szybkie przesy\u0142anie plik\u00f3w, co czyni go ... Read morePENDRIVE USB SZYBKI FLASH DRIVE ULTRA PAMI\u0118\u0106 ZAWIESZKA PREZENT PINGWIN 32GB","og_url":"https:\/\/selleetools.com\/product\/pendrive-usb-szybki-flash-drive-ultra-pamiec-zawieszka-prezent-pingwin-32gb\/","og_site_name":"Selleetools.com","article_modified_time":"2025-12-02T19:02:41+00:00","og_image":[{"width":128,"height":83,"url":"https:\/\/selleetools.com\/wp-content\/uploads\/2025\/07\/43b75bc10aea16f3884c09d730d431d5.webp","type":"image\/webp"}],"twitter_card":"summary_large_image","twitter_misc":{"Est. reading time":"1 minuta"},"schema":{"@context":"https:\/\/schema.org","@graph":[{"@type":"Organization","@id":"https:\/\/selleetools.com\/#organization","name":"Selleetools","url":"https:\/\/selleetools.com\/","sameAs":[],"logo":{"@type":"ImageObject","inLanguage":"pl-PL","@id":"https:\/\/selleetools.com\/#\/schema\/logo\/image\/","url":"https:\/\/selleetools.com\/wp-content\/uploads\/2021\/10\/logo-dark.png","contentUrl":"https:\/\/selleetools.com\/wp-content\/uploads\/2021\/10\/logo-dark.png","width":320,"height":76,"caption":"Selleetools"},"image":{"@id":"https:\/\/selleetools.com\/#\/schema\/logo\/image\/"}},{"@type":"WebSite","@id":"https:\/\/selleetools.com\/#website","url":"https:\/\/selleetools.com\/","name":"Selleetools.com","description":"","publisher":{"@id":"https:\/\/selleetools.com\/#organization"},"potentialAction":[{"@type":"SearchAction","target":{"@type":"EntryPoint","urlTemplate":"https:\/\/selleetools.com\/?s={search_term_string}"},"query-input":"required name=search_term_string"}],"inLanguage":"pl-PL"},{"@type":"WebPage","@id":"https:\/\/selleetools.com\/product\/pendrive-usb-szybki-flash-drive-ultra-pamiec-zawieszka-prezent-pingwin-32gb\/","url":"https:\/\/selleetools.com\/product\/pendrive-usb-szybki-flash-drive-ultra-pamiec-zawieszka-prezent-pingwin-32gb\/","name":"PENDRIVE USB SZYBKI FLASH DRIVE ULTRA PAMI\u0118\u0106 ZAWIESZKA PREZENT PINGWIN 32GB - Selleetools.com","isPartOf":{"@id":"https:\/\/selleetools.com\/#website"},"datePublished":"2025-07-06T12:29:40+00:00","dateModified":"2025-12-02T19:02:41+00:00","breadcrumb":{"@id":"https:\/\/selleetools.com\/product\/pendrive-usb-szybki-flash-drive-ultra-pamiec-zawieszka-prezent-pingwin-32gb\/#breadcrumb"},"inLanguage":"pl-PL","potentialAction":[{"@type":"ReadAction","target":["https:\/\/selleetools.com\/product\/pendrive-usb-szybki-flash-drive-ultra-pamiec-zawieszka-prezent-pingwin-32gb\/"]}]},{"@type":"BreadcrumbList","@id":"https:\/\/selleetools.com\/product\/pendrive-usb-szybki-flash-drive-ultra-pamiec-zawieszka-prezent-pingwin-32gb\/#breadcrumb","itemListElement":[{"@type":"ListItem","position":1,"name":"Home","item":"https:\/\/selleetools.com\/pl\/"},{"@type":"ListItem","position":2,"name":"Katalog","item":"https:\/\/selleetools.com\/pl\/katalog\/"},{"@type":"ListItem","position":3,"name":"PENDRIVE USB SZYBKI FLASH DRIVE ULTRA PAMI\u0118\u0106 ZAWIESZKA PREZENT PINGWIN 32GB"}]}]}},"_links":{"self":[{"href":"https:\/\/selleetools.com\/pl\/wp-json\/wp\/v2\/product\/489818"}],"collection":[{"href":"https:\/\/selleetools.com\/pl\/wp-json\/wp\/v2\/product"}],"about":[{"href":"https:\/\/selleetools.com\/pl\/wp-json\/wp\/v2\/types\/product"}],"replies":[{"embeddable":true,"href":"https:\/\/selleetools.com\/pl\/wp-json\/wp\/v2\/comments?post=489818"}],"wp:featuredmedia":[{"embeddable":true,"href":"https:\/\/selleetools.com\/pl\/wp-json\/wp\/v2\/media\/489812"}],"wp:attachment":[{"href":"https:\/\/selleetools.com\/pl\/wp-json\/wp\/v2\/media?parent=489818"}],"curies":[{"name":"wp","href":"https:\/\/api.w.org\/{rel}","templated":true}]}}