{"id":489811,"date":"2025-07-06T14:29:36","date_gmt":"2025-07-06T12:29:36","guid":{"rendered":"https:\/\/selleetools.com\/?post_type=product&#038;p=489811"},"modified":"2025-08-08T14:04:19","modified_gmt":"2025-08-08T12:04:19","slug":"zestaw-2-unikalnych-mis-na-przekaski-naturalne-drewno","status":"publish","type":"product","link":"https:\/\/selleetools.com\/pl\/product\/zestaw-2-unikalnych-mis-na-przekaski-naturalne-drewno\/","title":{"rendered":"Zestaw 2 unikalnych mis na przek\u0105ski &#8211; naturalne drewno"},"content":{"rendered":"<p>Odkryj nasz zestaw dw\u00f3ch unikalnych mis na przek\u0105ski wykonanych z naturalnego drewna. Ka\u017cda miska zosta\u0142a starannie r\u0119cznie wyko\u0144czona, co sprawia, \u017ce s\u0105 one nie tylko funkcjonalne, ale r\u00f3wnie\u017c stanowi\u0105 elegancki element dekoracyjny ka\u017cdej przestrzeni. Dzi\u0119ki zastosowaniu wysokiej jako\u015bci drewna, ka\u017cda miska ma unikalny wz\u00f3r, co czyni je wyj\u0105tkowymi i niepowtarzalnymi. Idealnie nadaj\u0105 si\u0119 do serwowania ulubionych przek\u0105sek, orzeszk\u00f3w czy owoc\u00f3w na przyj\u0119ciach oraz rodzinnych spotkaniach. Wybierz nasz zestaw i ciesz si\u0119 estetyk\u0105 oraz praktyczno\u015bci\u0105 w Twojej kuchni. Oferujemy produkt, kt\u00f3ry \u0142\u0105czy w sobie naturalne pi\u0119kno z codzienn\u0105 u\u017cyteczno\u015bci\u0105.<\/p>\n<p>TO JEST WYR\u00d3B WYRABIANY W WI\u0118KSZO\u015aCI R\u0118CZNIE Z MA\u0141\u0104 ILO\u015aCI\u0104 U\u017bYCIA MASZYNY.<\/p>\n","protected":false},"excerpt":{"rendered":"<p>Odkryj nasz zestaw dw\u00f3ch unikalnych mis na przek\u0105ski wykonanych z naturalnego drewna. Ka\u017cda miska zosta\u0142a starannie r\u0119cznie wyko\u0144czona, co sprawia, \u017ce s\u0105 one nie tylko funkcjonalne, ale r\u00f3wnie\u017c stanowi\u0105 elegancki element dekoracyjny ka\u017cdej przestrzeni. Dzi\u0119ki zastosowaniu wysokiej jako\u015bci drewna, ka\u017cda miska ma unikalny wz\u00f3r, co czyni je wyj\u0105tkowymi i niepowtarzalnymi. Idealnie nadaj\u0105 si\u0119 do serwowania &#8230; <a title=\"Zestaw 2 unikalnych mis na przek\u0105ski &#8211; naturalne drewno\" class=\"read-more\" href=\"https:\/\/selleetools.com\/pl\/product\/zestaw-2-unikalnych-mis-na-przekaski-naturalne-drewno\/\">Read more<span class=\"screen-reader-text\">Zestaw 2 unikalnych mis na przek\u0105ski &#8211; naturalne drewno<\/span><\/a><\/p>\n","protected":false},"featured_media":489797,"comment_status":"open","ping_status":"closed","template":"","meta":{"_links_to":"","_links_to_target":""},"yoast_head":"<!-- This site is optimized with the Yoast SEO plugin v19.4 - https:\/\/yoast.com\/wordpress\/plugins\/seo\/ -->\n<title>Zestaw 2 unikalnych mis na przek\u0105ski - naturalne drewno - Selleetools.com<\/title>\n<meta name=\"robots\" content=\"index, follow, max-snippet:-1, max-image-preview:large, max-video-preview:-1\" \/>\n<link rel=\"canonical\" href=\"https:\/\/selleetools.com\/product\/zestaw-2-unikalnych-mis-na-przekaski-naturalne-drewno\/\" \/>\n<meta property=\"og:locale\" content=\"pl_PL\" \/>\n<meta property=\"og:type\" content=\"article\" \/>\n<meta property=\"og:title\" content=\"Zestaw 2 unikalnych mis na przek\u0105ski - naturalne drewno - Selleetools.com\" \/>\n<meta property=\"og:description\" content=\"Odkryj nasz zestaw dw\u00f3ch unikalnych mis na przek\u0105ski wykonanych z naturalnego drewna. Ka\u017cda miska zosta\u0142a starannie r\u0119cznie wyko\u0144czona, co sprawia, \u017ce s\u0105 one nie tylko funkcjonalne, ale r\u00f3wnie\u017c stanowi\u0105 elegancki element dekoracyjny ka\u017cdej przestrzeni. Dzi\u0119ki zastosowaniu wysokiej jako\u015bci drewna, ka\u017cda miska ma unikalny wz\u00f3r, co czyni je wyj\u0105tkowymi i niepowtarzalnymi. Idealnie nadaj\u0105 si\u0119 do serwowania ... Read moreZestaw 2 unikalnych mis na przek\u0105ski &#8211; naturalne drewno\" \/>\n<meta property=\"og:url\" content=\"https:\/\/selleetools.com\/product\/zestaw-2-unikalnych-mis-na-przekaski-naturalne-drewno\/\" \/>\n<meta property=\"og:site_name\" content=\"Selleetools.com\" \/>\n<meta property=\"article:modified_time\" content=\"2025-08-08T12:04:19+00:00\" \/>\n<meta property=\"og:image\" content=\"https:\/\/selleetools.com\/wp-content\/uploads\/2025\/07\/9878e4c6f880d4b09e3c915f48af1d08.jpg\" \/>\n\t<meta property=\"og:image:width\" content=\"1500\" \/>\n\t<meta property=\"og:image:height\" content=\"1500\" \/>\n\t<meta property=\"og:image:type\" content=\"image\/jpeg\" \/>\n<meta name=\"twitter:card\" content=\"summary_large_image\" \/>\n<meta name=\"twitter:label1\" content=\"Est. reading time\" \/>\n\t<meta name=\"twitter:data1\" content=\"1 minuta\" \/>\n<!-- \/ Yoast SEO plugin. -->","yoast_head_json":{"title":"Zestaw 2 unikalnych mis na przek\u0105ski - naturalne drewno - Selleetools.com","robots":{"index":"index","follow":"follow","max-snippet":"max-snippet:-1","max-image-preview":"max-image-preview:large","max-video-preview":"max-video-preview:-1"},"canonical":"https:\/\/selleetools.com\/product\/zestaw-2-unikalnych-mis-na-przekaski-naturalne-drewno\/","og_locale":"pl_PL","og_type":"article","og_title":"Zestaw 2 unikalnych mis na przek\u0105ski - naturalne drewno - Selleetools.com","og_description":"Odkryj nasz zestaw dw\u00f3ch unikalnych mis na przek\u0105ski wykonanych z naturalnego drewna. Ka\u017cda miska zosta\u0142a starannie r\u0119cznie wyko\u0144czona, co sprawia, \u017ce s\u0105 one nie tylko funkcjonalne, ale r\u00f3wnie\u017c stanowi\u0105 elegancki element dekoracyjny ka\u017cdej przestrzeni. Dzi\u0119ki zastosowaniu wysokiej jako\u015bci drewna, ka\u017cda miska ma unikalny wz\u00f3r, co czyni je wyj\u0105tkowymi i niepowtarzalnymi. Idealnie nadaj\u0105 si\u0119 do serwowania ... Read moreZestaw 2 unikalnych mis na przek\u0105ski &#8211; naturalne drewno","og_url":"https:\/\/selleetools.com\/product\/zestaw-2-unikalnych-mis-na-przekaski-naturalne-drewno\/","og_site_name":"Selleetools.com","article_modified_time":"2025-08-08T12:04:19+00:00","og_image":[{"width":1500,"height":1500,"url":"https:\/\/selleetools.com\/wp-content\/uploads\/2025\/07\/9878e4c6f880d4b09e3c915f48af1d08.jpg","type":"image\/jpeg"}],"twitter_card":"summary_large_image","twitter_misc":{"Est. reading time":"1 minuta"},"schema":{"@context":"https:\/\/schema.org","@graph":[{"@type":"Organization","@id":"https:\/\/selleetools.com\/#organization","name":"Selleetools","url":"https:\/\/selleetools.com\/","sameAs":[],"logo":{"@type":"ImageObject","inLanguage":"pl-PL","@id":"https:\/\/selleetools.com\/#\/schema\/logo\/image\/","url":"https:\/\/selleetools.com\/wp-content\/uploads\/2021\/10\/logo-dark.png","contentUrl":"https:\/\/selleetools.com\/wp-content\/uploads\/2021\/10\/logo-dark.png","width":320,"height":76,"caption":"Selleetools"},"image":{"@id":"https:\/\/selleetools.com\/#\/schema\/logo\/image\/"}},{"@type":"WebSite","@id":"https:\/\/selleetools.com\/#website","url":"https:\/\/selleetools.com\/","name":"Selleetools.com","description":"","publisher":{"@id":"https:\/\/selleetools.com\/#organization"},"potentialAction":[{"@type":"SearchAction","target":{"@type":"EntryPoint","urlTemplate":"https:\/\/selleetools.com\/?s={search_term_string}"},"query-input":"required name=search_term_string"}],"inLanguage":"pl-PL"},{"@type":"WebPage","@id":"https:\/\/selleetools.com\/product\/zestaw-2-unikalnych-mis-na-przekaski-naturalne-drewno\/","url":"https:\/\/selleetools.com\/product\/zestaw-2-unikalnych-mis-na-przekaski-naturalne-drewno\/","name":"Zestaw 2 unikalnych mis na przek\u0105ski - naturalne drewno - Selleetools.com","isPartOf":{"@id":"https:\/\/selleetools.com\/#website"},"datePublished":"2025-07-06T12:29:36+00:00","dateModified":"2025-08-08T12:04:19+00:00","breadcrumb":{"@id":"https:\/\/selleetools.com\/product\/zestaw-2-unikalnych-mis-na-przekaski-naturalne-drewno\/#breadcrumb"},"inLanguage":"pl-PL","potentialAction":[{"@type":"ReadAction","target":["https:\/\/selleetools.com\/product\/zestaw-2-unikalnych-mis-na-przekaski-naturalne-drewno\/"]}]},{"@type":"BreadcrumbList","@id":"https:\/\/selleetools.com\/product\/zestaw-2-unikalnych-mis-na-przekaski-naturalne-drewno\/#breadcrumb","itemListElement":[{"@type":"ListItem","position":1,"name":"Home","item":"https:\/\/selleetools.com\/pl\/"},{"@type":"ListItem","position":2,"name":"Katalog","item":"https:\/\/selleetools.com\/pl\/katalog\/"},{"@type":"ListItem","position":3,"name":"Zestaw 2 unikalnych mis na przek\u0105ski &#8211; naturalne drewno"}]}]}},"_links":{"self":[{"href":"https:\/\/selleetools.com\/pl\/wp-json\/wp\/v2\/product\/489811"}],"collection":[{"href":"https:\/\/selleetools.com\/pl\/wp-json\/wp\/v2\/product"}],"about":[{"href":"https:\/\/selleetools.com\/pl\/wp-json\/wp\/v2\/types\/product"}],"replies":[{"embeddable":true,"href":"https:\/\/selleetools.com\/pl\/wp-json\/wp\/v2\/comments?post=489811"}],"wp:featuredmedia":[{"embeddable":true,"href":"https:\/\/selleetools.com\/pl\/wp-json\/wp\/v2\/media\/489797"}],"wp:attachment":[{"href":"https:\/\/selleetools.com\/pl\/wp-json\/wp\/v2\/media?parent=489811"}],"curies":[{"name":"wp","href":"https:\/\/api.w.org\/{rel}","templated":true}]}}