{"id":489796,"date":"2025-07-06T14:29:28","date_gmt":"2025-07-06T12:29:28","guid":{"rendered":"https:\/\/selleetools.com\/?post_type=product&#038;p=489796"},"modified":"2025-08-08T14:04:19","modified_gmt":"2025-08-08T12:04:19","slug":"stojak-na-telefon-plus-organizer-na-przybory-2-w-1","status":"publish","type":"product","link":"https:\/\/selleetools.com\/pl\/product\/stojak-na-telefon-plus-organizer-na-przybory-2-w-1\/","title":{"rendered":"Stojak na telefon plus organizer na przybory 2 w 1"},"content":{"rendered":"<p>Stojak na telefon plus organizer na przybory 2 w 1 to doskona\u0142e rozwi\u0105zanie dla wszystkich, kt\u00f3rzy pragn\u0105 uporz\u0105dkowa\u0107 swoje miejsce pracy lub przestrze\u0144 osobist\u0105. Ten innowacyjny produkt \u0142\u0105czy w sobie funkcj\u0119 stabilnego wsparcia dla smartfona oraz funkcjonalnego organizera, pozwalaj\u0105c na wygodne przechowywanie przybor\u00f3w biurowych, takich jak d\u0142ugopisy, o\u0142\u00f3wki, notatniki czy inne drobiazgi.<\/p>\n<p>Wykonany z wysokiej jako\u015bci materia\u0142\u00f3w, stojak charakteryzuje si\u0119 nowoczesnym designem, kt\u00f3ry doskonale wpasuje si\u0119 w r\u00f3\u017cne aran\u017cacje wn\u0119trz. Dzi\u0119ki regulowanej konstrukcji, mo\u017cesz dostosowa\u0107 k\u0105t nachylenia telefonu do swoich potrzeb, co zapewnia komfortowe korzystanie z r\u00f3\u017cnych aplikacji czy prowadzenie wideokonferencji. Organizer na przybory zosta\u0142 zaprojektowany z my\u015bl\u0105 o maksymalnej funkcjonalno\u015bci, co sprawia, \u017ce jest idealnym rozwi\u0105zaniem do biura, domu czy szko\u0142y.<\/p>\n<p>Kiedy stawiasz na porz\u0105dek i wygod\u0119, wyb\u00f3r Stojaka na telefon plus organizera na przybory 2 w 1 z pewno\u015bci\u0105 spe\u0142ni Twoje oczekiwania. Zainwestuj w produktywno\u015b\u0107 i estetyk\u0119 swojego otoczenia ju\u017c dzi\u015b.<\/p>\n<p>TO JEST WYR\u00d3B WYRABIANY W WI\u0118KSZO\u015aCI R\u0118CZNIE Z MA\u0141\u0104 ILO\u015aCI\u0104 U\u017bYCIA MASZYNY.<\/p>\n","protected":false},"excerpt":{"rendered":"<p>Stojak na telefon plus organizer na przybory 2 w 1 to doskona\u0142e rozwi\u0105zanie dla wszystkich, kt\u00f3rzy pragn\u0105 uporz\u0105dkowa\u0107 swoje miejsce pracy lub przestrze\u0144 osobist\u0105. Ten innowacyjny produkt \u0142\u0105czy w sobie funkcj\u0119 stabilnego wsparcia dla smartfona oraz funkcjonalnego organizera, pozwalaj\u0105c na wygodne przechowywanie przybor\u00f3w biurowych, takich jak d\u0142ugopisy, o\u0142\u00f3wki, notatniki czy inne drobiazgi. Wykonany z wysokiej &#8230; <a title=\"Stojak na telefon plus organizer na przybory 2 w 1\" class=\"read-more\" href=\"https:\/\/selleetools.com\/pl\/product\/stojak-na-telefon-plus-organizer-na-przybory-2-w-1\/\">Read more<span class=\"screen-reader-text\">Stojak na telefon plus organizer na przybory 2 w 1<\/span><\/a><\/p>\n","protected":false},"featured_media":489782,"comment_status":"open","ping_status":"closed","template":"","meta":{"_links_to":"","_links_to_target":""},"yoast_head":"<!-- This site is optimized with the Yoast SEO plugin v19.4 - https:\/\/yoast.com\/wordpress\/plugins\/seo\/ -->\n<title>Stojak na telefon plus organizer na przybory 2 w 1 - Selleetools.com<\/title>\n<meta name=\"robots\" content=\"index, follow, max-snippet:-1, max-image-preview:large, max-video-preview:-1\" \/>\n<link rel=\"canonical\" href=\"https:\/\/admincentral.selleetools.com\/product\/stojak-na-telefon-plus-organizer-na-przybory-2-w-1\/\" \/>\n<meta property=\"og:locale\" content=\"pl_PL\" \/>\n<meta property=\"og:type\" content=\"article\" \/>\n<meta property=\"og:title\" content=\"Stojak na telefon plus organizer na przybory 2 w 1 - Selleetools.com\" \/>\n<meta property=\"og:description\" content=\"Stojak na telefon plus organizer na przybory 2 w 1 to doskona\u0142e rozwi\u0105zanie dla wszystkich, kt\u00f3rzy pragn\u0105 uporz\u0105dkowa\u0107 swoje miejsce pracy lub przestrze\u0144 osobist\u0105. Ten innowacyjny produkt \u0142\u0105czy w sobie funkcj\u0119 stabilnego wsparcia dla smartfona oraz funkcjonalnego organizera, pozwalaj\u0105c na wygodne przechowywanie przybor\u00f3w biurowych, takich jak d\u0142ugopisy, o\u0142\u00f3wki, notatniki czy inne drobiazgi. Wykonany z wysokiej ... Read moreStojak na telefon plus organizer na przybory 2 w 1\" \/>\n<meta property=\"og:url\" content=\"https:\/\/admincentral.selleetools.com\/product\/stojak-na-telefon-plus-organizer-na-przybory-2-w-1\/\" \/>\n<meta property=\"og:site_name\" content=\"Selleetools.com\" \/>\n<meta property=\"article:modified_time\" content=\"2025-08-08T12:04:19+00:00\" \/>\n<meta property=\"og:image\" content=\"https:\/\/selleetools.com\/wp-content\/uploads\/2025\/07\/80723c652663050343968171990faaee.jpg\" \/>\n\t<meta property=\"og:image:width\" content=\"1500\" \/>\n\t<meta property=\"og:image:height\" content=\"1500\" \/>\n\t<meta property=\"og:image:type\" content=\"image\/jpeg\" \/>\n<meta name=\"twitter:card\" content=\"summary_large_image\" \/>\n<meta name=\"twitter:label1\" content=\"Est. reading time\" \/>\n\t<meta name=\"twitter:data1\" content=\"1 minuta\" \/>\n<!-- \/ Yoast SEO plugin. -->","yoast_head_json":{"title":"Stojak na telefon plus organizer na przybory 2 w 1 - Selleetools.com","robots":{"index":"index","follow":"follow","max-snippet":"max-snippet:-1","max-image-preview":"max-image-preview:large","max-video-preview":"max-video-preview:-1"},"canonical":"https:\/\/admincentral.selleetools.com\/product\/stojak-na-telefon-plus-organizer-na-przybory-2-w-1\/","og_locale":"pl_PL","og_type":"article","og_title":"Stojak na telefon plus organizer na przybory 2 w 1 - Selleetools.com","og_description":"Stojak na telefon plus organizer na przybory 2 w 1 to doskona\u0142e rozwi\u0105zanie dla wszystkich, kt\u00f3rzy pragn\u0105 uporz\u0105dkowa\u0107 swoje miejsce pracy lub przestrze\u0144 osobist\u0105. Ten innowacyjny produkt \u0142\u0105czy w sobie funkcj\u0119 stabilnego wsparcia dla smartfona oraz funkcjonalnego organizera, pozwalaj\u0105c na wygodne przechowywanie przybor\u00f3w biurowych, takich jak d\u0142ugopisy, o\u0142\u00f3wki, notatniki czy inne drobiazgi. Wykonany z wysokiej ... Read moreStojak na telefon plus organizer na przybory 2 w 1","og_url":"https:\/\/admincentral.selleetools.com\/product\/stojak-na-telefon-plus-organizer-na-przybory-2-w-1\/","og_site_name":"Selleetools.com","article_modified_time":"2025-08-08T12:04:19+00:00","og_image":[{"width":1500,"height":1500,"url":"https:\/\/selleetools.com\/wp-content\/uploads\/2025\/07\/80723c652663050343968171990faaee.jpg","type":"image\/jpeg"}],"twitter_card":"summary_large_image","twitter_misc":{"Est. reading time":"1 minuta"},"schema":{"@context":"https:\/\/schema.org","@graph":[{"@type":"Organization","@id":"https:\/\/selleetools.com\/#organization","name":"Selleetools","url":"https:\/\/selleetools.com\/","sameAs":[],"logo":{"@type":"ImageObject","inLanguage":"pl-PL","@id":"https:\/\/selleetools.com\/#\/schema\/logo\/image\/","url":"https:\/\/selleetools.com\/wp-content\/uploads\/2021\/10\/logo-dark.png","contentUrl":"https:\/\/selleetools.com\/wp-content\/uploads\/2021\/10\/logo-dark.png","width":320,"height":76,"caption":"Selleetools"},"image":{"@id":"https:\/\/selleetools.com\/#\/schema\/logo\/image\/"}},{"@type":"WebSite","@id":"https:\/\/selleetools.com\/#website","url":"https:\/\/selleetools.com\/","name":"Selleetools.com","description":"","publisher":{"@id":"https:\/\/selleetools.com\/#organization"},"potentialAction":[{"@type":"SearchAction","target":{"@type":"EntryPoint","urlTemplate":"https:\/\/selleetools.com\/?s={search_term_string}"},"query-input":"required name=search_term_string"}],"inLanguage":"pl-PL"},{"@type":"WebPage","@id":"https:\/\/admincentral.selleetools.com\/product\/stojak-na-telefon-plus-organizer-na-przybory-2-w-1\/","url":"https:\/\/admincentral.selleetools.com\/product\/stojak-na-telefon-plus-organizer-na-przybory-2-w-1\/","name":"Stojak na telefon plus organizer na przybory 2 w 1 - Selleetools.com","isPartOf":{"@id":"https:\/\/selleetools.com\/#website"},"datePublished":"2025-07-06T12:29:28+00:00","dateModified":"2025-08-08T12:04:19+00:00","breadcrumb":{"@id":"https:\/\/admincentral.selleetools.com\/product\/stojak-na-telefon-plus-organizer-na-przybory-2-w-1\/#breadcrumb"},"inLanguage":"pl-PL","potentialAction":[{"@type":"ReadAction","target":["https:\/\/admincentral.selleetools.com\/product\/stojak-na-telefon-plus-organizer-na-przybory-2-w-1\/"]}]},{"@type":"BreadcrumbList","@id":"https:\/\/admincentral.selleetools.com\/product\/stojak-na-telefon-plus-organizer-na-przybory-2-w-1\/#breadcrumb","itemListElement":[{"@type":"ListItem","position":1,"name":"Home","item":"https:\/\/selleetools.com\/pl\/"},{"@type":"ListItem","position":2,"name":"Katalog","item":"https:\/\/selleetools.com\/pl\/katalog\/"},{"@type":"ListItem","position":3,"name":"Stojak na telefon plus organizer na przybory 2 w 1"}]}]}},"_links":{"self":[{"href":"https:\/\/selleetools.com\/pl\/wp-json\/wp\/v2\/product\/489796"}],"collection":[{"href":"https:\/\/selleetools.com\/pl\/wp-json\/wp\/v2\/product"}],"about":[{"href":"https:\/\/selleetools.com\/pl\/wp-json\/wp\/v2\/types\/product"}],"replies":[{"embeddable":true,"href":"https:\/\/selleetools.com\/pl\/wp-json\/wp\/v2\/comments?post=489796"}],"wp:featuredmedia":[{"embeddable":true,"href":"https:\/\/selleetools.com\/pl\/wp-json\/wp\/v2\/media\/489782"}],"wp:attachment":[{"href":"https:\/\/selleetools.com\/pl\/wp-json\/wp\/v2\/media?parent=489796"}],"curies":[{"name":"wp","href":"https:\/\/api.w.org\/{rel}","templated":true}]}}