{"id":489781,"date":"2025-07-06T14:29:19","date_gmt":"2025-07-06T12:29:19","guid":{"rendered":"https:\/\/selleetools.com\/?post_type=product&#038;p=489781"},"modified":"2025-08-08T14:04:19","modified_gmt":"2025-08-08T12:04:19","slug":"drewniana-tacka-ze-sztuccami-sowa","status":"publish","type":"product","link":"https:\/\/selleetools.com\/pl\/product\/drewniana-tacka-ze-sztuccami-sowa\/","title":{"rendered":"Drewniana tacka ze sztu\u0107cami &#8211; sowa"},"content":{"rendered":"<p>Odkryj urok i funkcjonalno\u015b\u0107 naszej drewnianej tacki ze sztu\u0107cami w kszta\u0142cie sowy. Ten wyj\u0105tkowy produkt \u0142\u0105czy w sobie estetyk\u0119 oraz praktyczno\u015b\u0107, idealnie sprawdzaj\u0105c si\u0119 zar\u00f3wno w codziennym u\u017cytkowaniu, jak i podczas specjalnych okazji. <\/p>\n<p>Tacka zosta\u0142a wykonana z wysokiej jako\u015bci drewna, co gwarantuje jej trwa\u0142o\u015b\u0107 i odporno\u015b\u0107 na uszkodzenia. Elegancka forma sowy nadaje jej niepowtarzalny charakter, stanowi\u0105c atrakcyjny element dekoracyjny ka\u017cdego sto\u0142u. W zestawie znajduj\u0105 si\u0119 dopasowane sztu\u0107ce, kt\u00f3re doskonale komponuj\u0105 si\u0119 z ca\u0142o\u015bci\u0105, u\u0142atwiaj\u0105c serwowanie posi\u0142k\u00f3w.<\/p>\n<p>Dzi\u0119ki swoim wymiarom, tacka jest wystarczaj\u0105co pojemna, by pomie\u015bci\u0107 wszystkie niezb\u0119dne akcesoria kuchenne, a jednocze\u015bnie na tyle kompaktowa, aby nie zajmowa\u0107 zbyt wiele miejsca. Doskona\u0142a jako\u015b\u0107 wykonania i unikalny design sprawiaj\u0105, \u017ce jest to idealny prezent dla mi\u0142o\u015bnik\u00f3w stylowego wystroju wn\u0119trz i praktycznych rozwi\u0105za\u0144.<\/p>\n<p>Zainwestuj w nasz\u0105 drewnian\u0105 tack\u0119 ze sztu\u0107cami &#8211; to doskona\u0142y wyb\u00f3r dla os\u00f3b poszukuj\u0105cych nie tylko funkcjonalno\u015bci, ale i estetyki w codziennym \u017cyciu. Wprowad\u017a do swojego domu odrobin\u0119 sielskiego klimatu, jednocze\u015bnie ciesz\u0105c si\u0119 komfortem u\u017cytkowania.<\/p>\n<p>TO JEST WYR\u00d3B WYRABIANY W WI\u0118KSZO\u015aCI R\u0118CZNIE Z MA\u0141\u0104 ILO\u015aCI\u0104 U\u017bYCIA MASZYNY.<\/p>\n","protected":false},"excerpt":{"rendered":"<p>Odkryj urok i funkcjonalno\u015b\u0107 naszej drewnianej tacki ze sztu\u0107cami w kszta\u0142cie sowy. Ten wyj\u0105tkowy produkt \u0142\u0105czy w sobie estetyk\u0119 oraz praktyczno\u015b\u0107, idealnie sprawdzaj\u0105c si\u0119 zar\u00f3wno w codziennym u\u017cytkowaniu, jak i podczas specjalnych okazji. Tacka zosta\u0142a wykonana z wysokiej jako\u015bci drewna, co gwarantuje jej trwa\u0142o\u015b\u0107 i odporno\u015b\u0107 na uszkodzenia. Elegancka forma sowy nadaje jej niepowtarzalny charakter, &#8230; <a title=\"Drewniana tacka ze sztu\u0107cami &#8211; sowa\" class=\"read-more\" href=\"https:\/\/selleetools.com\/pl\/product\/drewniana-tacka-ze-sztuccami-sowa\/\">Read more<span class=\"screen-reader-text\">Drewniana tacka ze sztu\u0107cami &#8211; sowa<\/span><\/a><\/p>\n","protected":false},"featured_media":489767,"comment_status":"open","ping_status":"closed","template":"","meta":{"_links_to":"","_links_to_target":""},"yoast_head":"<!-- This site is optimized with the Yoast SEO plugin v19.4 - https:\/\/yoast.com\/wordpress\/plugins\/seo\/ -->\n<title>Drewniana tacka ze sztu\u0107cami - sowa - Selleetools.com<\/title>\n<meta name=\"robots\" content=\"index, follow, max-snippet:-1, max-image-preview:large, max-video-preview:-1\" \/>\n<link rel=\"canonical\" href=\"https:\/\/admincentral.selleetools.com\/pl\/product\/drewniana-tacka-ze-sztuccami-sowa\/\" \/>\n<meta property=\"og:locale\" content=\"pl_PL\" \/>\n<meta property=\"og:type\" content=\"article\" \/>\n<meta property=\"og:title\" content=\"Drewniana tacka ze sztu\u0107cami - sowa - Selleetools.com\" \/>\n<meta property=\"og:description\" content=\"Odkryj urok i funkcjonalno\u015b\u0107 naszej drewnianej tacki ze sztu\u0107cami w kszta\u0142cie sowy. Ten wyj\u0105tkowy produkt \u0142\u0105czy w sobie estetyk\u0119 oraz praktyczno\u015b\u0107, idealnie sprawdzaj\u0105c si\u0119 zar\u00f3wno w codziennym u\u017cytkowaniu, jak i podczas specjalnych okazji. Tacka zosta\u0142a wykonana z wysokiej jako\u015bci drewna, co gwarantuje jej trwa\u0142o\u015b\u0107 i odporno\u015b\u0107 na uszkodzenia. Elegancka forma sowy nadaje jej niepowtarzalny charakter, ... Read moreDrewniana tacka ze sztu\u0107cami &#8211; sowa\" \/>\n<meta property=\"og:url\" content=\"https:\/\/admincentral.selleetools.com\/pl\/product\/drewniana-tacka-ze-sztuccami-sowa\/\" \/>\n<meta property=\"og:site_name\" content=\"Selleetools.com\" \/>\n<meta property=\"article:modified_time\" content=\"2025-08-08T12:04:19+00:00\" \/>\n<meta property=\"og:image\" content=\"https:\/\/selleetools.com\/wp-content\/uploads\/2025\/07\/0d7f77466f7953cd3d87833f6f1092af.jpg\" \/>\n\t<meta property=\"og:image:width\" content=\"1500\" \/>\n\t<meta property=\"og:image:height\" content=\"1500\" \/>\n\t<meta property=\"og:image:type\" content=\"image\/jpeg\" \/>\n<meta name=\"twitter:card\" content=\"summary_large_image\" \/>\n<meta name=\"twitter:label1\" content=\"Est. reading time\" \/>\n\t<meta name=\"twitter:data1\" content=\"1 minuta\" \/>\n<!-- \/ Yoast SEO plugin. -->","yoast_head_json":{"title":"Drewniana tacka ze sztu\u0107cami - sowa - Selleetools.com","robots":{"index":"index","follow":"follow","max-snippet":"max-snippet:-1","max-image-preview":"max-image-preview:large","max-video-preview":"max-video-preview:-1"},"canonical":"https:\/\/admincentral.selleetools.com\/pl\/product\/drewniana-tacka-ze-sztuccami-sowa\/","og_locale":"pl_PL","og_type":"article","og_title":"Drewniana tacka ze sztu\u0107cami - sowa - Selleetools.com","og_description":"Odkryj urok i funkcjonalno\u015b\u0107 naszej drewnianej tacki ze sztu\u0107cami w kszta\u0142cie sowy. Ten wyj\u0105tkowy produkt \u0142\u0105czy w sobie estetyk\u0119 oraz praktyczno\u015b\u0107, idealnie sprawdzaj\u0105c si\u0119 zar\u00f3wno w codziennym u\u017cytkowaniu, jak i podczas specjalnych okazji. Tacka zosta\u0142a wykonana z wysokiej jako\u015bci drewna, co gwarantuje jej trwa\u0142o\u015b\u0107 i odporno\u015b\u0107 na uszkodzenia. Elegancka forma sowy nadaje jej niepowtarzalny charakter, ... Read moreDrewniana tacka ze sztu\u0107cami &#8211; sowa","og_url":"https:\/\/admincentral.selleetools.com\/pl\/product\/drewniana-tacka-ze-sztuccami-sowa\/","og_site_name":"Selleetools.com","article_modified_time":"2025-08-08T12:04:19+00:00","og_image":[{"width":1500,"height":1500,"url":"https:\/\/selleetools.com\/wp-content\/uploads\/2025\/07\/0d7f77466f7953cd3d87833f6f1092af.jpg","type":"image\/jpeg"}],"twitter_card":"summary_large_image","twitter_misc":{"Est. reading time":"1 minuta"},"schema":{"@context":"https:\/\/schema.org","@graph":[{"@type":"Organization","@id":"https:\/\/selleetools.com\/#organization","name":"Selleetools","url":"https:\/\/selleetools.com\/","sameAs":[],"logo":{"@type":"ImageObject","inLanguage":"pl-PL","@id":"https:\/\/selleetools.com\/#\/schema\/logo\/image\/","url":"https:\/\/selleetools.com\/wp-content\/uploads\/2021\/10\/logo-dark.png","contentUrl":"https:\/\/selleetools.com\/wp-content\/uploads\/2021\/10\/logo-dark.png","width":320,"height":76,"caption":"Selleetools"},"image":{"@id":"https:\/\/selleetools.com\/#\/schema\/logo\/image\/"}},{"@type":"WebSite","@id":"https:\/\/selleetools.com\/#website","url":"https:\/\/selleetools.com\/","name":"Selleetools.com","description":"","publisher":{"@id":"https:\/\/selleetools.com\/#organization"},"potentialAction":[{"@type":"SearchAction","target":{"@type":"EntryPoint","urlTemplate":"https:\/\/selleetools.com\/?s={search_term_string}"},"query-input":"required name=search_term_string"}],"inLanguage":"pl-PL"},{"@type":"WebPage","@id":"https:\/\/admincentral.selleetools.com\/pl\/product\/drewniana-tacka-ze-sztuccami-sowa\/","url":"https:\/\/admincentral.selleetools.com\/pl\/product\/drewniana-tacka-ze-sztuccami-sowa\/","name":"Drewniana tacka ze sztu\u0107cami - sowa - Selleetools.com","isPartOf":{"@id":"https:\/\/selleetools.com\/#website"},"datePublished":"2025-07-06T12:29:19+00:00","dateModified":"2025-08-08T12:04:19+00:00","breadcrumb":{"@id":"https:\/\/admincentral.selleetools.com\/pl\/product\/drewniana-tacka-ze-sztuccami-sowa\/#breadcrumb"},"inLanguage":"pl-PL","potentialAction":[{"@type":"ReadAction","target":["https:\/\/admincentral.selleetools.com\/pl\/product\/drewniana-tacka-ze-sztuccami-sowa\/"]}]},{"@type":"BreadcrumbList","@id":"https:\/\/admincentral.selleetools.com\/pl\/product\/drewniana-tacka-ze-sztuccami-sowa\/#breadcrumb","itemListElement":[{"@type":"ListItem","position":1,"name":"Home","item":"https:\/\/selleetools.com\/pl\/"},{"@type":"ListItem","position":2,"name":"Katalog","item":"https:\/\/selleetools.com\/pl\/katalog\/"},{"@type":"ListItem","position":3,"name":"Drewniana tacka ze sztu\u0107cami &#8211; sowa"}]}]}},"_links":{"self":[{"href":"https:\/\/selleetools.com\/pl\/wp-json\/wp\/v2\/product\/489781"}],"collection":[{"href":"https:\/\/selleetools.com\/pl\/wp-json\/wp\/v2\/product"}],"about":[{"href":"https:\/\/selleetools.com\/pl\/wp-json\/wp\/v2\/types\/product"}],"replies":[{"embeddable":true,"href":"https:\/\/selleetools.com\/pl\/wp-json\/wp\/v2\/comments?post=489781"}],"wp:featuredmedia":[{"embeddable":true,"href":"https:\/\/selleetools.com\/pl\/wp-json\/wp\/v2\/media\/489767"}],"wp:attachment":[{"href":"https:\/\/selleetools.com\/pl\/wp-json\/wp\/v2\/media?parent=489781"}],"curies":[{"name":"wp","href":"https:\/\/api.w.org\/{rel}","templated":true}]}}