{"id":489750,"date":"2025-07-06T14:28:58","date_gmt":"2025-07-06T12:28:58","guid":{"rendered":"https:\/\/selleetools.com\/?post_type=product&#038;p=489750"},"modified":"2025-08-08T14:04:19","modified_gmt":"2025-08-08T12:04:19","slug":"zylka-do-koszenia-mega-zestaw-10-szpulek-kosa-podkaszarka-tnaca-trawy","status":"publish","type":"product","link":"https:\/\/selleetools.com\/pl\/product\/zylka-do-koszenia-mega-zestaw-10-szpulek-kosa-podkaszarka-tnaca-trawy\/","title":{"rendered":"\u017bY\u0141KA DO KOSZENIA MEGA ZESTAW 10 SZPULEK KOSA PODKASZARKA TN\u0104CA TRAWY"},"content":{"rendered":"<p>Oferujemy wyj\u0105tkowy zestaw \u017cy\u0142ek do koszenia, sk\u0142adaj\u0105cy si\u0119 z 10 profesjonalnych szpulek, kt\u00f3re zapewniaj\u0105 efektywne i precyzyjne koszenie trawnika. Nasze \u017cy\u0142ki s\u0105 idealne do podkaszarek i kosiarek, gwarantuj\u0105c doskona\u0142e wyniki dla ka\u017cdego u\u017cytkownika.<\/p>\n<p>Zestaw charakteryzuje si\u0119 wysok\u0105 jako\u015bci\u0105 materia\u0142\u00f3w, co przek\u0142ada si\u0119 na ich du\u017c\u0105 wytrzyma\u0142o\u015b\u0107 oraz elastyczno\u015b\u0107. Dzi\u0119ki optymalnej \u015brednicy \u017cy\u0142ki, \u0142atwo poradz\u0105 sobie z r\u00f3\u017cnorodnymi powierzchniami, czy to w zwi\u0105zku z trawnikiem, chwastami czy trudniejszymi obszarami do koszenia.<\/p>\n<p>\u017by\u0142ki te s\u0105 proste w monta\u017cu i u\u017cytkowaniu, co czyni je odpowiednimi zar\u00f3wno dla profesjonalist\u00f3w, jak i hobbyst\u00f3w zajmuj\u0105cych si\u0119 ogrodnictwem. Inwestuj\u0105c w nasz zestaw, zyskujesz nie tylko jako\u015b\u0107, ale tak\u017ce komfort codziennej pracy w ogrodzie. Utrzymanie pi\u0119knego, zadbanego trawnika nigdy nie by\u0142o prostsze!<\/p>\n","protected":false},"excerpt":{"rendered":"<p>Oferujemy wyj\u0105tkowy zestaw \u017cy\u0142ek do koszenia, sk\u0142adaj\u0105cy si\u0119 z 10 profesjonalnych szpulek, kt\u00f3re zapewniaj\u0105 efektywne i precyzyjne koszenie trawnika. Nasze \u017cy\u0142ki s\u0105 idealne do podkaszarek i kosiarek, gwarantuj\u0105c doskona\u0142e wyniki dla ka\u017cdego u\u017cytkownika. Zestaw charakteryzuje si\u0119 wysok\u0105 jako\u015bci\u0105 materia\u0142\u00f3w, co przek\u0142ada si\u0119 na ich du\u017c\u0105 wytrzyma\u0142o\u015b\u0107 oraz elastyczno\u015b\u0107. Dzi\u0119ki optymalnej \u015brednicy \u017cy\u0142ki, \u0142atwo poradz\u0105 sobie &#8230; <a title=\"\u017bY\u0141KA DO KOSZENIA MEGA ZESTAW 10 SZPULEK KOSA PODKASZARKA TN\u0104CA TRAWY\" class=\"read-more\" href=\"https:\/\/selleetools.com\/pl\/product\/zylka-do-koszenia-mega-zestaw-10-szpulek-kosa-podkaszarka-tnaca-trawy\/\">Read more<span class=\"screen-reader-text\">\u017bY\u0141KA DO KOSZENIA MEGA ZESTAW 10 SZPULEK KOSA PODKASZARKA TN\u0104CA TRAWY<\/span><\/a><\/p>\n","protected":false},"featured_media":489744,"comment_status":"closed","ping_status":"closed","template":"","meta":{"_links_to":"","_links_to_target":""},"yoast_head":"<!-- This site is optimized with the Yoast SEO plugin v19.4 - https:\/\/yoast.com\/wordpress\/plugins\/seo\/ -->\n<title>\u017bY\u0141KA DO KOSZENIA MEGA ZESTAW 10 SZPULEK KOSA PODKASZARKA TN\u0104CA TRAWY - Selleetools.com<\/title>\n<meta name=\"robots\" content=\"index, follow, max-snippet:-1, max-image-preview:large, max-video-preview:-1\" \/>\n<link rel=\"canonical\" href=\"https:\/\/selleetools.com\/product\/zylka-do-koszenia-mega-zestaw-10-szpulek-kosa-podkaszarka-tnaca-trawy\/\" \/>\n<meta property=\"og:locale\" content=\"pl_PL\" \/>\n<meta property=\"og:type\" content=\"article\" \/>\n<meta property=\"og:title\" content=\"\u017bY\u0141KA DO KOSZENIA MEGA ZESTAW 10 SZPULEK KOSA PODKASZARKA TN\u0104CA TRAWY - Selleetools.com\" \/>\n<meta property=\"og:description\" content=\"Oferujemy wyj\u0105tkowy zestaw \u017cy\u0142ek do koszenia, sk\u0142adaj\u0105cy si\u0119 z 10 profesjonalnych szpulek, kt\u00f3re zapewniaj\u0105 efektywne i precyzyjne koszenie trawnika. Nasze \u017cy\u0142ki s\u0105 idealne do podkaszarek i kosiarek, gwarantuj\u0105c doskona\u0142e wyniki dla ka\u017cdego u\u017cytkownika. Zestaw charakteryzuje si\u0119 wysok\u0105 jako\u015bci\u0105 materia\u0142\u00f3w, co przek\u0142ada si\u0119 na ich du\u017c\u0105 wytrzyma\u0142o\u015b\u0107 oraz elastyczno\u015b\u0107. Dzi\u0119ki optymalnej \u015brednicy \u017cy\u0142ki, \u0142atwo poradz\u0105 sobie ... Read more\u017bY\u0141KA DO KOSZENIA MEGA ZESTAW 10 SZPULEK KOSA PODKASZARKA TN\u0104CA TRAWY\" \/>\n<meta property=\"og:url\" content=\"https:\/\/selleetools.com\/product\/zylka-do-koszenia-mega-zestaw-10-szpulek-kosa-podkaszarka-tnaca-trawy\/\" \/>\n<meta property=\"og:site_name\" content=\"Selleetools.com\" \/>\n<meta property=\"article:modified_time\" content=\"2025-08-08T12:04:19+00:00\" \/>\n<meta property=\"og:image\" content=\"https:\/\/selleetools.com\/wp-content\/uploads\/2025\/07\/3e7570d96b237ca74e615d310a1348f6.jpg\" \/>\n\t<meta property=\"og:image:width\" content=\"2560\" \/>\n\t<meta property=\"og:image:height\" content=\"2560\" \/>\n\t<meta property=\"og:image:type\" content=\"image\/jpeg\" \/>\n<meta name=\"twitter:card\" content=\"summary_large_image\" \/>\n<meta name=\"twitter:label1\" content=\"Est. reading time\" \/>\n\t<meta name=\"twitter:data1\" content=\"1 minuta\" \/>\n<!-- \/ Yoast SEO plugin. -->","yoast_head_json":{"title":"\u017bY\u0141KA DO KOSZENIA MEGA ZESTAW 10 SZPULEK KOSA PODKASZARKA TN\u0104CA TRAWY - Selleetools.com","robots":{"index":"index","follow":"follow","max-snippet":"max-snippet:-1","max-image-preview":"max-image-preview:large","max-video-preview":"max-video-preview:-1"},"canonical":"https:\/\/selleetools.com\/product\/zylka-do-koszenia-mega-zestaw-10-szpulek-kosa-podkaszarka-tnaca-trawy\/","og_locale":"pl_PL","og_type":"article","og_title":"\u017bY\u0141KA DO KOSZENIA MEGA ZESTAW 10 SZPULEK KOSA PODKASZARKA TN\u0104CA TRAWY - Selleetools.com","og_description":"Oferujemy wyj\u0105tkowy zestaw \u017cy\u0142ek do koszenia, sk\u0142adaj\u0105cy si\u0119 z 10 profesjonalnych szpulek, kt\u00f3re zapewniaj\u0105 efektywne i precyzyjne koszenie trawnika. Nasze \u017cy\u0142ki s\u0105 idealne do podkaszarek i kosiarek, gwarantuj\u0105c doskona\u0142e wyniki dla ka\u017cdego u\u017cytkownika. Zestaw charakteryzuje si\u0119 wysok\u0105 jako\u015bci\u0105 materia\u0142\u00f3w, co przek\u0142ada si\u0119 na ich du\u017c\u0105 wytrzyma\u0142o\u015b\u0107 oraz elastyczno\u015b\u0107. Dzi\u0119ki optymalnej \u015brednicy \u017cy\u0142ki, \u0142atwo poradz\u0105 sobie ... Read more\u017bY\u0141KA DO KOSZENIA MEGA ZESTAW 10 SZPULEK KOSA PODKASZARKA TN\u0104CA TRAWY","og_url":"https:\/\/selleetools.com\/product\/zylka-do-koszenia-mega-zestaw-10-szpulek-kosa-podkaszarka-tnaca-trawy\/","og_site_name":"Selleetools.com","article_modified_time":"2025-08-08T12:04:19+00:00","og_image":[{"width":2560,"height":2560,"url":"https:\/\/selleetools.com\/wp-content\/uploads\/2025\/07\/3e7570d96b237ca74e615d310a1348f6.jpg","type":"image\/jpeg"}],"twitter_card":"summary_large_image","twitter_misc":{"Est. reading time":"1 minuta"},"schema":{"@context":"https:\/\/schema.org","@graph":[{"@type":"Organization","@id":"https:\/\/selleetools.com\/#organization","name":"Selleetools","url":"https:\/\/selleetools.com\/","sameAs":[],"logo":{"@type":"ImageObject","inLanguage":"pl-PL","@id":"https:\/\/selleetools.com\/#\/schema\/logo\/image\/","url":"https:\/\/selleetools.com\/wp-content\/uploads\/2021\/10\/logo-dark.png","contentUrl":"https:\/\/selleetools.com\/wp-content\/uploads\/2021\/10\/logo-dark.png","width":320,"height":76,"caption":"Selleetools"},"image":{"@id":"https:\/\/selleetools.com\/#\/schema\/logo\/image\/"}},{"@type":"WebSite","@id":"https:\/\/selleetools.com\/#website","url":"https:\/\/selleetools.com\/","name":"Selleetools.com","description":"","publisher":{"@id":"https:\/\/selleetools.com\/#organization"},"potentialAction":[{"@type":"SearchAction","target":{"@type":"EntryPoint","urlTemplate":"https:\/\/selleetools.com\/?s={search_term_string}"},"query-input":"required name=search_term_string"}],"inLanguage":"pl-PL"},{"@type":"WebPage","@id":"https:\/\/selleetools.com\/product\/zylka-do-koszenia-mega-zestaw-10-szpulek-kosa-podkaszarka-tnaca-trawy\/","url":"https:\/\/selleetools.com\/product\/zylka-do-koszenia-mega-zestaw-10-szpulek-kosa-podkaszarka-tnaca-trawy\/","name":"\u017bY\u0141KA DO KOSZENIA MEGA ZESTAW 10 SZPULEK KOSA PODKASZARKA TN\u0104CA TRAWY - Selleetools.com","isPartOf":{"@id":"https:\/\/selleetools.com\/#website"},"datePublished":"2025-07-06T12:28:58+00:00","dateModified":"2025-08-08T12:04:19+00:00","breadcrumb":{"@id":"https:\/\/selleetools.com\/product\/zylka-do-koszenia-mega-zestaw-10-szpulek-kosa-podkaszarka-tnaca-trawy\/#breadcrumb"},"inLanguage":"pl-PL","potentialAction":[{"@type":"ReadAction","target":["https:\/\/selleetools.com\/product\/zylka-do-koszenia-mega-zestaw-10-szpulek-kosa-podkaszarka-tnaca-trawy\/"]}]},{"@type":"BreadcrumbList","@id":"https:\/\/selleetools.com\/product\/zylka-do-koszenia-mega-zestaw-10-szpulek-kosa-podkaszarka-tnaca-trawy\/#breadcrumb","itemListElement":[{"@type":"ListItem","position":1,"name":"Home","item":"https:\/\/selleetools.com\/pl\/"},{"@type":"ListItem","position":2,"name":"Katalog","item":"https:\/\/selleetools.com\/pl\/katalog\/"},{"@type":"ListItem","position":3,"name":"\u017bY\u0141KA DO KOSZENIA MEGA ZESTAW 10 SZPULEK KOSA PODKASZARKA TN\u0104CA TRAWY"}]}]}},"_links":{"self":[{"href":"https:\/\/selleetools.com\/pl\/wp-json\/wp\/v2\/product\/489750"}],"collection":[{"href":"https:\/\/selleetools.com\/pl\/wp-json\/wp\/v2\/product"}],"about":[{"href":"https:\/\/selleetools.com\/pl\/wp-json\/wp\/v2\/types\/product"}],"replies":[{"embeddable":true,"href":"https:\/\/selleetools.com\/pl\/wp-json\/wp\/v2\/comments?post=489750"}],"wp:featuredmedia":[{"embeddable":true,"href":"https:\/\/selleetools.com\/pl\/wp-json\/wp\/v2\/media\/489744"}],"wp:attachment":[{"href":"https:\/\/selleetools.com\/pl\/wp-json\/wp\/v2\/media?parent=489750"}],"curies":[{"name":"wp","href":"https:\/\/api.w.org\/{rel}","templated":true}]}}