{"id":489725,"date":"2025-07-06T14:28:37","date_gmt":"2025-07-06T12:28:37","guid":{"rendered":"https:\/\/selleetools.com\/?post_type=product&#038;p=489725"},"modified":"2025-08-08T14:04:19","modified_gmt":"2025-08-08T12:04:19","slug":"przejsciowka-rozdzielacz-aluminiowy-1x14mm-na-2x7mm-czarny-audio","status":"publish","type":"product","link":"https:\/\/selleetools.com\/pl\/product\/przejsciowka-rozdzielacz-aluminiowy-1x14mm-na-2x7mm-czarny-audio\/","title":{"rendered":"PRZEJ\u015aCI\u00d3WKA ROZDZIELACZ ALUMINIOWY 1X14MM NA 2X7MM CZARNY AUDIO"},"content":{"rendered":"<p>Przej\u015bci\u00f3wka rozdzielacz aluminiowy 1x14mm na 2x7mm czarny audio to niezawodne rozwi\u0105zanie, kt\u00f3re umo\u017cliwia wygodne pod\u0142\u0105czenie urz\u0105dze\u0144 audio w najlepszej jako\u015bci. Wykonana z wysokiej jako\u015bci aluminium, charakteryzuje si\u0119 nie tylko trwa\u0142o\u015bci\u0105, ale tak\u017ce estetycznym wygl\u0105dem, kt\u00f3ry doskonale wpisuje si\u0119 w nowoczesne aran\u017cacje wn\u0119trz.<\/p>\n<p>Dzi\u0119ki kompaktowym wymiarom oraz ergonomicznemu kszta\u0142towi, rozdzielacz jest \u0142atwy w u\u017cyciu i zapewnia stabilne po\u0142\u0105czenie. Umo\u017cliwia pod\u0142\u0105czenie jednego \u017ar\u00f3d\u0142a sygna\u0142u do dw\u00f3ch urz\u0105dze\u0144, co czyni go idealnym dla os\u00f3b, kt\u00f3re ceni\u0105 sobie elastyczno\u015b\u0107 w zakresie konfiguracji sprz\u0119tu audio.<\/p>\n<p>Przej\u015bci\u00f3wka jest kompatybilna z szerok\u0105 gam\u0105 urz\u0105dze\u0144, co sprawia, \u017ce jest wszechstronnym akcesorium w ka\u017cdym domowym studio, a tak\u017ce podczas ods\u0142uchu muzyki czy ogl\u0105dania film\u00f3w. Dzi\u0119ki swojej funkcjonalno\u015bci i eleganckiemu designowi, produkt ten stanowi doskona\u0142y wyb\u00f3r dla wszystkich mi\u0142o\u015bnik\u00f3w audio.<\/p>\n<p>Zainwestuj w jako\u015b\u0107 d\u017awi\u0119ku i wybierz przej\u015bci\u00f3wk\u0119 rozdzielacz aluminiowy 1x14mm na 2x7mm czarny audio, a zyskasz niezawodne narz\u0119dzie do tworzenia doskona\u0142ego do\u015bwiadczenia audio w swoim otoczeniu.<\/p>\n","protected":false},"excerpt":{"rendered":"<p>Przej\u015bci\u00f3wka rozdzielacz aluminiowy 1x14mm na 2x7mm czarny audio to niezawodne rozwi\u0105zanie, kt\u00f3re umo\u017cliwia wygodne pod\u0142\u0105czenie urz\u0105dze\u0144 audio w najlepszej jako\u015bci. Wykonana z wysokiej jako\u015bci aluminium, charakteryzuje si\u0119 nie tylko trwa\u0142o\u015bci\u0105, ale tak\u017ce estetycznym wygl\u0105dem, kt\u00f3ry doskonale wpisuje si\u0119 w nowoczesne aran\u017cacje wn\u0119trz. Dzi\u0119ki kompaktowym wymiarom oraz ergonomicznemu kszta\u0142towi, rozdzielacz jest \u0142atwy w u\u017cyciu i zapewnia &#8230; <a title=\"PRZEJ\u015aCI\u00d3WKA ROZDZIELACZ ALUMINIOWY 1X14MM NA 2X7MM CZARNY AUDIO\" class=\"read-more\" href=\"https:\/\/selleetools.com\/pl\/product\/przejsciowka-rozdzielacz-aluminiowy-1x14mm-na-2x7mm-czarny-audio\/\">Read more<span class=\"screen-reader-text\">PRZEJ\u015aCI\u00d3WKA ROZDZIELACZ ALUMINIOWY 1X14MM NA 2X7MM CZARNY AUDIO<\/span><\/a><\/p>\n","protected":false},"featured_media":489719,"comment_status":"closed","ping_status":"closed","template":"","meta":{"_links_to":"","_links_to_target":""},"yoast_head":"<!-- This site is optimized with the Yoast SEO plugin v19.4 - https:\/\/yoast.com\/wordpress\/plugins\/seo\/ -->\n<title>PRZEJ\u015aCI\u00d3WKA ROZDZIELACZ ALUMINIOWY 1X14MM NA 2X7MM CZARNY AUDIO - Selleetools.com<\/title>\n<meta name=\"robots\" content=\"index, follow, max-snippet:-1, max-image-preview:large, max-video-preview:-1\" \/>\n<link rel=\"canonical\" href=\"https:\/\/selleetools.com\/product\/przejsciowka-rozdzielacz-aluminiowy-1x14mm-na-2x7mm-czarny-audio\/\" \/>\n<meta property=\"og:locale\" content=\"pl_PL\" \/>\n<meta property=\"og:type\" content=\"article\" \/>\n<meta property=\"og:title\" content=\"PRZEJ\u015aCI\u00d3WKA ROZDZIELACZ ALUMINIOWY 1X14MM NA 2X7MM CZARNY AUDIO - Selleetools.com\" \/>\n<meta property=\"og:description\" content=\"Przej\u015bci\u00f3wka rozdzielacz aluminiowy 1x14mm na 2x7mm czarny audio to niezawodne rozwi\u0105zanie, kt\u00f3re umo\u017cliwia wygodne pod\u0142\u0105czenie urz\u0105dze\u0144 audio w najlepszej jako\u015bci. Wykonana z wysokiej jako\u015bci aluminium, charakteryzuje si\u0119 nie tylko trwa\u0142o\u015bci\u0105, ale tak\u017ce estetycznym wygl\u0105dem, kt\u00f3ry doskonale wpisuje si\u0119 w nowoczesne aran\u017cacje wn\u0119trz. Dzi\u0119ki kompaktowym wymiarom oraz ergonomicznemu kszta\u0142towi, rozdzielacz jest \u0142atwy w u\u017cyciu i zapewnia ... Read morePRZEJ\u015aCI\u00d3WKA ROZDZIELACZ ALUMINIOWY 1X14MM NA 2X7MM CZARNY AUDIO\" \/>\n<meta property=\"og:url\" content=\"https:\/\/selleetools.com\/product\/przejsciowka-rozdzielacz-aluminiowy-1x14mm-na-2x7mm-czarny-audio\/\" \/>\n<meta property=\"og:site_name\" content=\"Selleetools.com\" \/>\n<meta property=\"article:modified_time\" content=\"2025-08-08T12:04:19+00:00\" \/>\n<meta property=\"og:image\" content=\"https:\/\/selleetools.com\/wp-content\/uploads\/2025\/07\/995997efc109b07b818433e03c61fffd.jpg\" \/>\n\t<meta property=\"og:image:width\" content=\"800\" \/>\n\t<meta property=\"og:image:height\" content=\"800\" \/>\n\t<meta property=\"og:image:type\" content=\"image\/jpeg\" \/>\n<meta name=\"twitter:card\" content=\"summary_large_image\" \/>\n<meta name=\"twitter:label1\" content=\"Est. reading time\" \/>\n\t<meta name=\"twitter:data1\" content=\"1 minuta\" \/>\n<!-- \/ Yoast SEO plugin. -->","yoast_head_json":{"title":"PRZEJ\u015aCI\u00d3WKA ROZDZIELACZ ALUMINIOWY 1X14MM NA 2X7MM CZARNY AUDIO - Selleetools.com","robots":{"index":"index","follow":"follow","max-snippet":"max-snippet:-1","max-image-preview":"max-image-preview:large","max-video-preview":"max-video-preview:-1"},"canonical":"https:\/\/selleetools.com\/product\/przejsciowka-rozdzielacz-aluminiowy-1x14mm-na-2x7mm-czarny-audio\/","og_locale":"pl_PL","og_type":"article","og_title":"PRZEJ\u015aCI\u00d3WKA ROZDZIELACZ ALUMINIOWY 1X14MM NA 2X7MM CZARNY AUDIO - Selleetools.com","og_description":"Przej\u015bci\u00f3wka rozdzielacz aluminiowy 1x14mm na 2x7mm czarny audio to niezawodne rozwi\u0105zanie, kt\u00f3re umo\u017cliwia wygodne pod\u0142\u0105czenie urz\u0105dze\u0144 audio w najlepszej jako\u015bci. Wykonana z wysokiej jako\u015bci aluminium, charakteryzuje si\u0119 nie tylko trwa\u0142o\u015bci\u0105, ale tak\u017ce estetycznym wygl\u0105dem, kt\u00f3ry doskonale wpisuje si\u0119 w nowoczesne aran\u017cacje wn\u0119trz. Dzi\u0119ki kompaktowym wymiarom oraz ergonomicznemu kszta\u0142towi, rozdzielacz jest \u0142atwy w u\u017cyciu i zapewnia ... Read morePRZEJ\u015aCI\u00d3WKA ROZDZIELACZ ALUMINIOWY 1X14MM NA 2X7MM CZARNY AUDIO","og_url":"https:\/\/selleetools.com\/product\/przejsciowka-rozdzielacz-aluminiowy-1x14mm-na-2x7mm-czarny-audio\/","og_site_name":"Selleetools.com","article_modified_time":"2025-08-08T12:04:19+00:00","og_image":[{"width":800,"height":800,"url":"https:\/\/selleetools.com\/wp-content\/uploads\/2025\/07\/995997efc109b07b818433e03c61fffd.jpg","type":"image\/jpeg"}],"twitter_card":"summary_large_image","twitter_misc":{"Est. reading time":"1 minuta"},"schema":{"@context":"https:\/\/schema.org","@graph":[{"@type":"Organization","@id":"https:\/\/selleetools.com\/#organization","name":"Selleetools","url":"https:\/\/selleetools.com\/","sameAs":[],"logo":{"@type":"ImageObject","inLanguage":"pl-PL","@id":"https:\/\/selleetools.com\/#\/schema\/logo\/image\/","url":"https:\/\/selleetools.com\/wp-content\/uploads\/2021\/10\/logo-dark.png","contentUrl":"https:\/\/selleetools.com\/wp-content\/uploads\/2021\/10\/logo-dark.png","width":320,"height":76,"caption":"Selleetools"},"image":{"@id":"https:\/\/selleetools.com\/#\/schema\/logo\/image\/"}},{"@type":"WebSite","@id":"https:\/\/selleetools.com\/#website","url":"https:\/\/selleetools.com\/","name":"Selleetools.com","description":"","publisher":{"@id":"https:\/\/selleetools.com\/#organization"},"potentialAction":[{"@type":"SearchAction","target":{"@type":"EntryPoint","urlTemplate":"https:\/\/selleetools.com\/?s={search_term_string}"},"query-input":"required name=search_term_string"}],"inLanguage":"pl-PL"},{"@type":"WebPage","@id":"https:\/\/selleetools.com\/product\/przejsciowka-rozdzielacz-aluminiowy-1x14mm-na-2x7mm-czarny-audio\/","url":"https:\/\/selleetools.com\/product\/przejsciowka-rozdzielacz-aluminiowy-1x14mm-na-2x7mm-czarny-audio\/","name":"PRZEJ\u015aCI\u00d3WKA ROZDZIELACZ ALUMINIOWY 1X14MM NA 2X7MM CZARNY AUDIO - Selleetools.com","isPartOf":{"@id":"https:\/\/selleetools.com\/#website"},"datePublished":"2025-07-06T12:28:37+00:00","dateModified":"2025-08-08T12:04:19+00:00","breadcrumb":{"@id":"https:\/\/selleetools.com\/product\/przejsciowka-rozdzielacz-aluminiowy-1x14mm-na-2x7mm-czarny-audio\/#breadcrumb"},"inLanguage":"pl-PL","potentialAction":[{"@type":"ReadAction","target":["https:\/\/selleetools.com\/product\/przejsciowka-rozdzielacz-aluminiowy-1x14mm-na-2x7mm-czarny-audio\/"]}]},{"@type":"BreadcrumbList","@id":"https:\/\/selleetools.com\/product\/przejsciowka-rozdzielacz-aluminiowy-1x14mm-na-2x7mm-czarny-audio\/#breadcrumb","itemListElement":[{"@type":"ListItem","position":1,"name":"Home","item":"https:\/\/selleetools.com\/pl\/"},{"@type":"ListItem","position":2,"name":"Katalog","item":"https:\/\/selleetools.com\/pl\/katalog\/"},{"@type":"ListItem","position":3,"name":"PRZEJ\u015aCI\u00d3WKA ROZDZIELACZ ALUMINIOWY 1X14MM NA 2X7MM CZARNY AUDIO"}]}]}},"_links":{"self":[{"href":"https:\/\/selleetools.com\/pl\/wp-json\/wp\/v2\/product\/489725"}],"collection":[{"href":"https:\/\/selleetools.com\/pl\/wp-json\/wp\/v2\/product"}],"about":[{"href":"https:\/\/selleetools.com\/pl\/wp-json\/wp\/v2\/types\/product"}],"replies":[{"embeddable":true,"href":"https:\/\/selleetools.com\/pl\/wp-json\/wp\/v2\/comments?post=489725"}],"wp:featuredmedia":[{"embeddable":true,"href":"https:\/\/selleetools.com\/pl\/wp-json\/wp\/v2\/media\/489719"}],"wp:attachment":[{"href":"https:\/\/selleetools.com\/pl\/wp-json\/wp\/v2\/media?parent=489725"}],"curies":[{"name":"wp","href":"https:\/\/api.w.org\/{rel}","templated":true}]}}