{"id":489711,"date":"2025-07-06T14:28:25","date_gmt":"2025-07-06T12:28:25","guid":{"rendered":"https:\/\/selleetools.com\/?post_type=product&#038;p=489711"},"modified":"2025-08-08T14:04:19","modified_gmt":"2025-08-08T12:04:19","slug":"zegar-cyfrowy-elektroniczny-budzik-termometr-z-czujnikiem-swiatla-7","status":"publish","type":"product","link":"https:\/\/selleetools.com\/pl\/product\/zegar-cyfrowy-elektroniczny-budzik-termometr-z-czujnikiem-swiatla-7\/","title":{"rendered":"ZEGAR CYFROWY ELEKTRONICZNY BUDZIK TERMOMETR Z CZUJNIKIEM \u015aWIAT\u0141A 7&#8242;"},"content":{"rendered":"<p>Zegar cyfrowy elektroniczny budzik z termometrem wyposa\u017cony w czujnik \u015bwiat\u0142a to innowacyjne urz\u0105dzenie, kt\u00f3re doskonale sprawdzi si\u0119 w ka\u017cdej sypialni oraz biurze. Jego elegancka konstrukcja i czytelny wy\u015bwietlacz o przek\u0105tnej 7 cali umo\u017cliwiaj\u0105 \u0142atwe odczytywanie godziny, nawet z wi\u0119kszej odleg\u0142o\u015bci. Zegar zosta\u0142 zaopatrzony w zaawansowany czujnik \u015bwiat\u0142a, dzi\u0119ki czemu automatycznie dostosowuje jasno\u015b\u0107 wy\u015bwietlacza do o\u015bwietlenia w pomieszczeniu, co zapewnia komfort u\u017cytkowania zar\u00f3wno w dzie\u0144, jak i w nocy.<\/p>\n<p>Funkcja termometru pozwala na bie\u017c\u0105co monitorowa\u0107 temperatur\u0119 otoczenia, co jest szczeg\u00f3lnie przydatne w ch\u0142odniejsze dni. Zegar wyposa\u017cony jest w funkcj\u0119 alarmu, kt\u00f3ra umo\u017cliwia ustawienie kilku r\u00f3\u017cnych budzik\u00f3w, idealnych dla os\u00f3b o nieregularnym rozk\u0142adzie snu. Dodatkowo, jego prosty, intuicyjny interfejs sprawia, \u017ce ustawienie czasu oraz alarm\u00f3w jest szybkie i bezproblemowe.<\/p>\n<p>Zainwestuj w zegar, kt\u00f3ry nie tylko pomo\u017ce Ci w codziennym zarz\u0105dzaniu czasem, ale r\u00f3wnie\u017c wniesie elegancj\u0119 do Twojego wn\u0119trza. Dzi\u0119ki stylowemu designowi i funkcjonalno\u015bci, b\u0119dzie on doskona\u0142ym dodatkiem do ka\u017cdego pomieszczenia.<\/p>\n","protected":false},"excerpt":{"rendered":"<p>Zegar cyfrowy elektroniczny budzik z termometrem wyposa\u017cony w czujnik \u015bwiat\u0142a to innowacyjne urz\u0105dzenie, kt\u00f3re doskonale sprawdzi si\u0119 w ka\u017cdej sypialni oraz biurze. Jego elegancka konstrukcja i czytelny wy\u015bwietlacz o przek\u0105tnej 7 cali umo\u017cliwiaj\u0105 \u0142atwe odczytywanie godziny, nawet z wi\u0119kszej odleg\u0142o\u015bci. Zegar zosta\u0142 zaopatrzony w zaawansowany czujnik \u015bwiat\u0142a, dzi\u0119ki czemu automatycznie dostosowuje jasno\u015b\u0107 wy\u015bwietlacza do o\u015bwietlenia &#8230; <a title=\"ZEGAR CYFROWY ELEKTRONICZNY BUDZIK TERMOMETR Z CZUJNIKIEM \u015aWIAT\u0141A 7&#8242;\" class=\"read-more\" href=\"https:\/\/selleetools.com\/pl\/product\/zegar-cyfrowy-elektroniczny-budzik-termometr-z-czujnikiem-swiatla-7\/\">Read more<span class=\"screen-reader-text\">ZEGAR CYFROWY ELEKTRONICZNY BUDZIK TERMOMETR Z CZUJNIKIEM \u015aWIAT\u0141A 7&#8242;<\/span><\/a><\/p>\n","protected":false},"featured_media":489705,"comment_status":"closed","ping_status":"closed","template":"","meta":{"_links_to":"","_links_to_target":""},"yoast_head":"<!-- This site is optimized with the Yoast SEO plugin v19.4 - https:\/\/yoast.com\/wordpress\/plugins\/seo\/ -->\n<title>ZEGAR CYFROWY ELEKTRONICZNY BUDZIK TERMOMETR Z CZUJNIKIEM \u015aWIAT\u0141A 7&#039; - Selleetools.com<\/title>\n<meta name=\"robots\" content=\"index, follow, max-snippet:-1, max-image-preview:large, max-video-preview:-1\" \/>\n<link rel=\"canonical\" href=\"https:\/\/selleetools.com\/product\/zegar-cyfrowy-elektroniczny-budzik-termometr-z-czujnikiem-swiatla-7\/\" \/>\n<meta property=\"og:locale\" content=\"pl_PL\" \/>\n<meta property=\"og:type\" content=\"article\" \/>\n<meta property=\"og:title\" content=\"ZEGAR CYFROWY ELEKTRONICZNY BUDZIK TERMOMETR Z CZUJNIKIEM \u015aWIAT\u0141A 7&#039; - Selleetools.com\" \/>\n<meta property=\"og:description\" content=\"Zegar cyfrowy elektroniczny budzik z termometrem wyposa\u017cony w czujnik \u015bwiat\u0142a to innowacyjne urz\u0105dzenie, kt\u00f3re doskonale sprawdzi si\u0119 w ka\u017cdej sypialni oraz biurze. Jego elegancka konstrukcja i czytelny wy\u015bwietlacz o przek\u0105tnej 7 cali umo\u017cliwiaj\u0105 \u0142atwe odczytywanie godziny, nawet z wi\u0119kszej odleg\u0142o\u015bci. Zegar zosta\u0142 zaopatrzony w zaawansowany czujnik \u015bwiat\u0142a, dzi\u0119ki czemu automatycznie dostosowuje jasno\u015b\u0107 wy\u015bwietlacza do o\u015bwietlenia ... Read moreZEGAR CYFROWY ELEKTRONICZNY BUDZIK TERMOMETR Z CZUJNIKIEM \u015aWIAT\u0141A 7&#8242;\" \/>\n<meta property=\"og:url\" content=\"https:\/\/selleetools.com\/product\/zegar-cyfrowy-elektroniczny-budzik-termometr-z-czujnikiem-swiatla-7\/\" \/>\n<meta property=\"og:site_name\" content=\"Selleetools.com\" \/>\n<meta property=\"article:modified_time\" content=\"2025-08-08T12:04:19+00:00\" \/>\n<meta property=\"og:image\" content=\"https:\/\/selleetools.com\/wp-content\/uploads\/2025\/07\/72b54c9d3e74f4e8c81d0bf9b22e9f74.jpg\" \/>\n\t<meta property=\"og:image:width\" content=\"1280\" \/>\n\t<meta property=\"og:image:height\" content=\"1280\" \/>\n\t<meta property=\"og:image:type\" content=\"image\/jpeg\" \/>\n<meta name=\"twitter:card\" content=\"summary_large_image\" \/>\n<meta name=\"twitter:label1\" content=\"Est. reading time\" \/>\n\t<meta name=\"twitter:data1\" content=\"1 minuta\" \/>\n<!-- \/ Yoast SEO plugin. -->","yoast_head_json":{"title":"ZEGAR CYFROWY ELEKTRONICZNY BUDZIK TERMOMETR Z CZUJNIKIEM \u015aWIAT\u0141A 7' - Selleetools.com","robots":{"index":"index","follow":"follow","max-snippet":"max-snippet:-1","max-image-preview":"max-image-preview:large","max-video-preview":"max-video-preview:-1"},"canonical":"https:\/\/selleetools.com\/product\/zegar-cyfrowy-elektroniczny-budzik-termometr-z-czujnikiem-swiatla-7\/","og_locale":"pl_PL","og_type":"article","og_title":"ZEGAR CYFROWY ELEKTRONICZNY BUDZIK TERMOMETR Z CZUJNIKIEM \u015aWIAT\u0141A 7' - Selleetools.com","og_description":"Zegar cyfrowy elektroniczny budzik z termometrem wyposa\u017cony w czujnik \u015bwiat\u0142a to innowacyjne urz\u0105dzenie, kt\u00f3re doskonale sprawdzi si\u0119 w ka\u017cdej sypialni oraz biurze. Jego elegancka konstrukcja i czytelny wy\u015bwietlacz o przek\u0105tnej 7 cali umo\u017cliwiaj\u0105 \u0142atwe odczytywanie godziny, nawet z wi\u0119kszej odleg\u0142o\u015bci. Zegar zosta\u0142 zaopatrzony w zaawansowany czujnik \u015bwiat\u0142a, dzi\u0119ki czemu automatycznie dostosowuje jasno\u015b\u0107 wy\u015bwietlacza do o\u015bwietlenia ... Read moreZEGAR CYFROWY ELEKTRONICZNY BUDZIK TERMOMETR Z CZUJNIKIEM \u015aWIAT\u0141A 7&#8242;","og_url":"https:\/\/selleetools.com\/product\/zegar-cyfrowy-elektroniczny-budzik-termometr-z-czujnikiem-swiatla-7\/","og_site_name":"Selleetools.com","article_modified_time":"2025-08-08T12:04:19+00:00","og_image":[{"width":1280,"height":1280,"url":"https:\/\/selleetools.com\/wp-content\/uploads\/2025\/07\/72b54c9d3e74f4e8c81d0bf9b22e9f74.jpg","type":"image\/jpeg"}],"twitter_card":"summary_large_image","twitter_misc":{"Est. reading time":"1 minuta"},"schema":{"@context":"https:\/\/schema.org","@graph":[{"@type":"Organization","@id":"https:\/\/selleetools.com\/#organization","name":"Selleetools","url":"https:\/\/selleetools.com\/","sameAs":[],"logo":{"@type":"ImageObject","inLanguage":"pl-PL","@id":"https:\/\/selleetools.com\/#\/schema\/logo\/image\/","url":"https:\/\/selleetools.com\/wp-content\/uploads\/2021\/10\/logo-dark.png","contentUrl":"https:\/\/selleetools.com\/wp-content\/uploads\/2021\/10\/logo-dark.png","width":320,"height":76,"caption":"Selleetools"},"image":{"@id":"https:\/\/selleetools.com\/#\/schema\/logo\/image\/"}},{"@type":"WebSite","@id":"https:\/\/selleetools.com\/#website","url":"https:\/\/selleetools.com\/","name":"Selleetools.com","description":"","publisher":{"@id":"https:\/\/selleetools.com\/#organization"},"potentialAction":[{"@type":"SearchAction","target":{"@type":"EntryPoint","urlTemplate":"https:\/\/selleetools.com\/?s={search_term_string}"},"query-input":"required name=search_term_string"}],"inLanguage":"pl-PL"},{"@type":"WebPage","@id":"https:\/\/selleetools.com\/product\/zegar-cyfrowy-elektroniczny-budzik-termometr-z-czujnikiem-swiatla-7\/","url":"https:\/\/selleetools.com\/product\/zegar-cyfrowy-elektroniczny-budzik-termometr-z-czujnikiem-swiatla-7\/","name":"ZEGAR CYFROWY ELEKTRONICZNY BUDZIK TERMOMETR Z CZUJNIKIEM \u015aWIAT\u0141A 7' - Selleetools.com","isPartOf":{"@id":"https:\/\/selleetools.com\/#website"},"datePublished":"2025-07-06T12:28:25+00:00","dateModified":"2025-08-08T12:04:19+00:00","breadcrumb":{"@id":"https:\/\/selleetools.com\/product\/zegar-cyfrowy-elektroniczny-budzik-termometr-z-czujnikiem-swiatla-7\/#breadcrumb"},"inLanguage":"pl-PL","potentialAction":[{"@type":"ReadAction","target":["https:\/\/selleetools.com\/product\/zegar-cyfrowy-elektroniczny-budzik-termometr-z-czujnikiem-swiatla-7\/"]}]},{"@type":"BreadcrumbList","@id":"https:\/\/selleetools.com\/product\/zegar-cyfrowy-elektroniczny-budzik-termometr-z-czujnikiem-swiatla-7\/#breadcrumb","itemListElement":[{"@type":"ListItem","position":1,"name":"Home","item":"https:\/\/selleetools.com\/pl\/"},{"@type":"ListItem","position":2,"name":"Katalog","item":"https:\/\/selleetools.com\/pl\/katalog\/"},{"@type":"ListItem","position":3,"name":"ZEGAR CYFROWY ELEKTRONICZNY BUDZIK TERMOMETR Z CZUJNIKIEM \u015aWIAT\u0141A 7&#8242;"}]}]}},"_links":{"self":[{"href":"https:\/\/selleetools.com\/pl\/wp-json\/wp\/v2\/product\/489711"}],"collection":[{"href":"https:\/\/selleetools.com\/pl\/wp-json\/wp\/v2\/product"}],"about":[{"href":"https:\/\/selleetools.com\/pl\/wp-json\/wp\/v2\/types\/product"}],"replies":[{"embeddable":true,"href":"https:\/\/selleetools.com\/pl\/wp-json\/wp\/v2\/comments?post=489711"}],"wp:featuredmedia":[{"embeddable":true,"href":"https:\/\/selleetools.com\/pl\/wp-json\/wp\/v2\/media\/489705"}],"wp:attachment":[{"href":"https:\/\/selleetools.com\/pl\/wp-json\/wp\/v2\/media?parent=489711"}],"curies":[{"name":"wp","href":"https:\/\/api.w.org\/{rel}","templated":true}]}}