{"id":489693,"date":"2025-07-06T14:28:12","date_gmt":"2025-07-06T12:28:12","guid":{"rendered":"https:\/\/selleetools.com\/?post_type=product&#038;p=489693"},"modified":"2025-08-08T14:04:19","modified_gmt":"2025-08-08T12:04:19","slug":"plyta-podloga-hsp-do-skali-1-10-04001-03601-94107-metal-rc","status":"publish","type":"product","link":"https:\/\/selleetools.com\/pl\/product\/plyta-podloga-hsp-do-skali-1-10-04001-03601-94107-metal-rc\/","title":{"rendered":"P\u0141YTA POD\u0141OGA HSP DO SKALI 1\/10 04001 03601 94107 METAL RC"},"content":{"rendered":"<p>P\u0142yta pod\u0142oga HSP do skali 1\/10 to niezb\u0119dny element dla entuzjast\u00f3w modelarstwa i zdalnie sterowanych pojazd\u00f3w. Wykonana z wysokiej jako\u015bci metalu, zapewnia wyj\u0105tkow\u0105 trwa\u0142o\u015b\u0107 i stabilno\u015b\u0107, co sprawia, \u017ce jest idealnym wyborem dla os\u00f3b, kt\u00f3re ceni\u0105 sobie niezawodno\u015b\u0107 w swoich projektach. Kompatybilna z modelami 04001, 03601 oraz 94107, p\u0142yta pod\u0142ogowa doskonale wpisuje si\u0119 w standardy skali 1\/10, umo\u017cliwiaj\u0105c precyzyjne dopasowanie do wybranego modelu. Dzi\u0119ki prostemu monta\u017cowi, mo\u017cesz szybko i \u0142atwo zainstalowa\u0107 j\u0105 w swoim poje\u017adzie RC, co pozwala na efektywne zwi\u0119kszenie jego wydajno\u015bci. Wybierz p\u0142yt\u0119 pod\u0142ogow\u0105 HSP i podnie\u015b swoje do\u015bwiadczenie zwi\u0105zane z modelarstwem na wy\u017cszy poziom.<\/p>\n","protected":false},"excerpt":{"rendered":"<p>P\u0142yta pod\u0142oga HSP do skali 1\/10 to niezb\u0119dny element dla entuzjast\u00f3w modelarstwa i zdalnie sterowanych pojazd\u00f3w. Wykonana z wysokiej jako\u015bci metalu, zapewnia wyj\u0105tkow\u0105 trwa\u0142o\u015b\u0107 i stabilno\u015b\u0107, co sprawia, \u017ce jest idealnym wyborem dla os\u00f3b, kt\u00f3re ceni\u0105 sobie niezawodno\u015b\u0107 w swoich projektach. Kompatybilna z modelami 04001, 03601 oraz 94107, p\u0142yta pod\u0142ogowa doskonale wpisuje si\u0119 w standardy &#8230; <a title=\"P\u0141YTA POD\u0141OGA HSP DO SKALI 1\/10 04001 03601 94107 METAL RC\" class=\"read-more\" href=\"https:\/\/selleetools.com\/pl\/product\/plyta-podloga-hsp-do-skali-1-10-04001-03601-94107-metal-rc\/\">Read more<span class=\"screen-reader-text\">P\u0141YTA POD\u0141OGA HSP DO SKALI 1\/10 04001 03601 94107 METAL RC<\/span><\/a><\/p>\n","protected":false},"featured_media":489685,"comment_status":"closed","ping_status":"closed","template":"","meta":{"_links_to":"","_links_to_target":""},"yoast_head":"<!-- This site is optimized with the Yoast SEO plugin v19.4 - https:\/\/yoast.com\/wordpress\/plugins\/seo\/ -->\n<title>P\u0141YTA POD\u0141OGA HSP DO SKALI 1\/10 04001 03601 94107 METAL RC - Selleetools.com<\/title>\n<meta name=\"robots\" content=\"index, follow, max-snippet:-1, max-image-preview:large, max-video-preview:-1\" \/>\n<link rel=\"canonical\" href=\"https:\/\/selleetools.com\/product\/plyta-podloga-hsp-do-skali-1-10-04001-03601-94107-metal-rc\/\" \/>\n<meta property=\"og:locale\" content=\"pl_PL\" \/>\n<meta property=\"og:type\" content=\"article\" \/>\n<meta property=\"og:title\" content=\"P\u0141YTA POD\u0141OGA HSP DO SKALI 1\/10 04001 03601 94107 METAL RC - Selleetools.com\" \/>\n<meta property=\"og:description\" content=\"P\u0142yta pod\u0142oga HSP do skali 1\/10 to niezb\u0119dny element dla entuzjast\u00f3w modelarstwa i zdalnie sterowanych pojazd\u00f3w. Wykonana z wysokiej jako\u015bci metalu, zapewnia wyj\u0105tkow\u0105 trwa\u0142o\u015b\u0107 i stabilno\u015b\u0107, co sprawia, \u017ce jest idealnym wyborem dla os\u00f3b, kt\u00f3re ceni\u0105 sobie niezawodno\u015b\u0107 w swoich projektach. Kompatybilna z modelami 04001, 03601 oraz 94107, p\u0142yta pod\u0142ogowa doskonale wpisuje si\u0119 w standardy ... Read moreP\u0141YTA POD\u0141OGA HSP DO SKALI 1\/10 04001 03601 94107 METAL RC\" \/>\n<meta property=\"og:url\" content=\"https:\/\/selleetools.com\/product\/plyta-podloga-hsp-do-skali-1-10-04001-03601-94107-metal-rc\/\" \/>\n<meta property=\"og:site_name\" content=\"Selleetools.com\" \/>\n<meta property=\"article:modified_time\" content=\"2025-08-08T12:04:19+00:00\" \/>\n<meta property=\"og:image\" content=\"https:\/\/selleetools.com\/wp-content\/uploads\/2025\/07\/f23f69794ce28181552198e30eae8b0a.jpg\" \/>\n\t<meta property=\"og:image:width\" content=\"2560\" \/>\n\t<meta property=\"og:image:height\" content=\"2560\" \/>\n\t<meta property=\"og:image:type\" content=\"image\/jpeg\" \/>\n<meta name=\"twitter:card\" content=\"summary_large_image\" \/>\n<meta name=\"twitter:label1\" content=\"Est. reading time\" \/>\n\t<meta name=\"twitter:data1\" content=\"1 minuta\" \/>\n<!-- \/ Yoast SEO plugin. -->","yoast_head_json":{"title":"P\u0141YTA POD\u0141OGA HSP DO SKALI 1\/10 04001 03601 94107 METAL RC - Selleetools.com","robots":{"index":"index","follow":"follow","max-snippet":"max-snippet:-1","max-image-preview":"max-image-preview:large","max-video-preview":"max-video-preview:-1"},"canonical":"https:\/\/selleetools.com\/product\/plyta-podloga-hsp-do-skali-1-10-04001-03601-94107-metal-rc\/","og_locale":"pl_PL","og_type":"article","og_title":"P\u0141YTA POD\u0141OGA HSP DO SKALI 1\/10 04001 03601 94107 METAL RC - Selleetools.com","og_description":"P\u0142yta pod\u0142oga HSP do skali 1\/10 to niezb\u0119dny element dla entuzjast\u00f3w modelarstwa i zdalnie sterowanych pojazd\u00f3w. Wykonana z wysokiej jako\u015bci metalu, zapewnia wyj\u0105tkow\u0105 trwa\u0142o\u015b\u0107 i stabilno\u015b\u0107, co sprawia, \u017ce jest idealnym wyborem dla os\u00f3b, kt\u00f3re ceni\u0105 sobie niezawodno\u015b\u0107 w swoich projektach. Kompatybilna z modelami 04001, 03601 oraz 94107, p\u0142yta pod\u0142ogowa doskonale wpisuje si\u0119 w standardy ... Read moreP\u0141YTA POD\u0141OGA HSP DO SKALI 1\/10 04001 03601 94107 METAL RC","og_url":"https:\/\/selleetools.com\/product\/plyta-podloga-hsp-do-skali-1-10-04001-03601-94107-metal-rc\/","og_site_name":"Selleetools.com","article_modified_time":"2025-08-08T12:04:19+00:00","og_image":[{"width":2560,"height":2560,"url":"https:\/\/selleetools.com\/wp-content\/uploads\/2025\/07\/f23f69794ce28181552198e30eae8b0a.jpg","type":"image\/jpeg"}],"twitter_card":"summary_large_image","twitter_misc":{"Est. reading time":"1 minuta"},"schema":{"@context":"https:\/\/schema.org","@graph":[{"@type":"Organization","@id":"https:\/\/selleetools.com\/#organization","name":"Selleetools","url":"https:\/\/selleetools.com\/","sameAs":[],"logo":{"@type":"ImageObject","inLanguage":"pl-PL","@id":"https:\/\/selleetools.com\/#\/schema\/logo\/image\/","url":"https:\/\/selleetools.com\/wp-content\/uploads\/2021\/10\/logo-dark.png","contentUrl":"https:\/\/selleetools.com\/wp-content\/uploads\/2021\/10\/logo-dark.png","width":320,"height":76,"caption":"Selleetools"},"image":{"@id":"https:\/\/selleetools.com\/#\/schema\/logo\/image\/"}},{"@type":"WebSite","@id":"https:\/\/selleetools.com\/#website","url":"https:\/\/selleetools.com\/","name":"Selleetools.com","description":"","publisher":{"@id":"https:\/\/selleetools.com\/#organization"},"potentialAction":[{"@type":"SearchAction","target":{"@type":"EntryPoint","urlTemplate":"https:\/\/selleetools.com\/?s={search_term_string}"},"query-input":"required name=search_term_string"}],"inLanguage":"pl-PL"},{"@type":"WebPage","@id":"https:\/\/selleetools.com\/product\/plyta-podloga-hsp-do-skali-1-10-04001-03601-94107-metal-rc\/","url":"https:\/\/selleetools.com\/product\/plyta-podloga-hsp-do-skali-1-10-04001-03601-94107-metal-rc\/","name":"P\u0141YTA POD\u0141OGA HSP DO SKALI 1\/10 04001 03601 94107 METAL RC - Selleetools.com","isPartOf":{"@id":"https:\/\/selleetools.com\/#website"},"datePublished":"2025-07-06T12:28:12+00:00","dateModified":"2025-08-08T12:04:19+00:00","breadcrumb":{"@id":"https:\/\/selleetools.com\/product\/plyta-podloga-hsp-do-skali-1-10-04001-03601-94107-metal-rc\/#breadcrumb"},"inLanguage":"pl-PL","potentialAction":[{"@type":"ReadAction","target":["https:\/\/selleetools.com\/product\/plyta-podloga-hsp-do-skali-1-10-04001-03601-94107-metal-rc\/"]}]},{"@type":"BreadcrumbList","@id":"https:\/\/selleetools.com\/product\/plyta-podloga-hsp-do-skali-1-10-04001-03601-94107-metal-rc\/#breadcrumb","itemListElement":[{"@type":"ListItem","position":1,"name":"Home","item":"https:\/\/selleetools.com\/pl\/"},{"@type":"ListItem","position":2,"name":"Katalog","item":"https:\/\/selleetools.com\/pl\/katalog\/"},{"@type":"ListItem","position":3,"name":"P\u0141YTA POD\u0141OGA HSP DO SKALI 1\/10 04001 03601 94107 METAL RC"}]}]}},"_links":{"self":[{"href":"https:\/\/selleetools.com\/pl\/wp-json\/wp\/v2\/product\/489693"}],"collection":[{"href":"https:\/\/selleetools.com\/pl\/wp-json\/wp\/v2\/product"}],"about":[{"href":"https:\/\/selleetools.com\/pl\/wp-json\/wp\/v2\/types\/product"}],"replies":[{"embeddable":true,"href":"https:\/\/selleetools.com\/pl\/wp-json\/wp\/v2\/comments?post=489693"}],"wp:featuredmedia":[{"embeddable":true,"href":"https:\/\/selleetools.com\/pl\/wp-json\/wp\/v2\/media\/489685"}],"wp:attachment":[{"href":"https:\/\/selleetools.com\/pl\/wp-json\/wp\/v2\/media?parent=489693"}],"curies":[{"name":"wp","href":"https:\/\/api.w.org\/{rel}","templated":true}]}}