{"id":489647,"date":"2025-07-06T14:27:43","date_gmt":"2025-07-06T12:27:43","guid":{"rendered":"https:\/\/selleetools.com\/?post_type=product&#038;p=489647"},"modified":"2025-08-08T14:04:19","modified_gmt":"2025-08-08T12:04:19","slug":"praska-do-miesa-prasa-ze-stali-do-zgniatania-miesa-hamburgerow","status":"publish","type":"product","link":"https:\/\/selleetools.com\/pl\/product\/praska-do-miesa-prasa-ze-stali-do-zgniatania-miesa-hamburgerow\/","title":{"rendered":"PRASKA DO MI\u0118SA PRASA ZE STALI DO ZGNIATANIA MI\u0118SA HAMBURGER\u00d3W"},"content":{"rendered":"<p>Przedstawiamy pras\u0119 do mi\u0119sa wykonan\u0105 ze stali nierdzewnej, idealn\u0105 do przygotowywania domowych hamburger\u00f3w. Nasz produkt jest doskona\u0142ym narz\u0119dziem dla mi\u0142o\u015bnik\u00f3w gotowania, kt\u00f3rzy ceni\u0105 jako\u015b\u0107 oraz smak swoich potraw. Dzi\u0119ki solidnej konstrukcji, prasa z \u0142atwo\u015bci\u0105 formuje idealne kotlety mi\u0119sne, kt\u00f3re zachwyc\u0105 Twoich go\u015bci. Stalowa powierzchnia zapewnia nie tylko trwa\u0142o\u015b\u0107, ale r\u00f3wnie\u017c \u0142atwo\u015b\u0107 w czyszczeniu, co czyni j\u0105 niezwykle praktycznym rozwi\u0105zaniem w ka\u017cdej kuchni.<\/p>\n<p>Prasa zosta\u0142a zaprojektowana z my\u015bl\u0105 o ergonomii, co pozwala na wygodne u\u017cytkowanie nawet podczas d\u0142u\u017cszego przygotowywania posi\u0142k\u00f3w. Przygotowanie burger\u00f3w jeszcze nigdy nie by\u0142o tak proste i przyjemne. Zainwestuj w skuteczne narz\u0119dzie, kt\u00f3re u\u0142atwi Ci tworzenie pysznych, domowych da\u0144 mi\u0119snych. Z t\u0105 pras\u0105 do mi\u0119sa ka\u017cda kulinarna przygoda stanie si\u0119 nie tylko prostsza, ale r\u00f3wnie\u017c bardziej satysfakcjonuj\u0105ca.<\/p>\n","protected":false},"excerpt":{"rendered":"<p>Przedstawiamy pras\u0119 do mi\u0119sa wykonan\u0105 ze stali nierdzewnej, idealn\u0105 do przygotowywania domowych hamburger\u00f3w. Nasz produkt jest doskona\u0142ym narz\u0119dziem dla mi\u0142o\u015bnik\u00f3w gotowania, kt\u00f3rzy ceni\u0105 jako\u015b\u0107 oraz smak swoich potraw. Dzi\u0119ki solidnej konstrukcji, prasa z \u0142atwo\u015bci\u0105 formuje idealne kotlety mi\u0119sne, kt\u00f3re zachwyc\u0105 Twoich go\u015bci. Stalowa powierzchnia zapewnia nie tylko trwa\u0142o\u015b\u0107, ale r\u00f3wnie\u017c \u0142atwo\u015b\u0107 w czyszczeniu, co czyni &#8230; <a title=\"PRASKA DO MI\u0118SA PRASA ZE STALI DO ZGNIATANIA MI\u0118SA HAMBURGER\u00d3W\" class=\"read-more\" href=\"https:\/\/selleetools.com\/pl\/product\/praska-do-miesa-prasa-ze-stali-do-zgniatania-miesa-hamburgerow\/\">Read more<span class=\"screen-reader-text\">PRASKA DO MI\u0118SA PRASA ZE STALI DO ZGNIATANIA MI\u0118SA HAMBURGER\u00d3W<\/span><\/a><\/p>\n","protected":false},"featured_media":489625,"comment_status":"closed","ping_status":"closed","template":"","meta":{"_links_to":"","_links_to_target":""},"yoast_head":"<!-- This site is optimized with the Yoast SEO plugin v19.4 - https:\/\/yoast.com\/wordpress\/plugins\/seo\/ -->\n<title>PRASKA DO MI\u0118SA PRASA ZE STALI DO ZGNIATANIA MI\u0118SA HAMBURGER\u00d3W - Selleetools.com<\/title>\n<meta name=\"robots\" content=\"index, follow, max-snippet:-1, max-image-preview:large, max-video-preview:-1\" \/>\n<link rel=\"canonical\" href=\"https:\/\/selleetools.com\/product\/praska-do-miesa-prasa-ze-stali-do-zgniatania-miesa-hamburgerow\/\" \/>\n<meta property=\"og:locale\" content=\"pl_PL\" \/>\n<meta property=\"og:type\" content=\"article\" \/>\n<meta property=\"og:title\" content=\"PRASKA DO MI\u0118SA PRASA ZE STALI DO ZGNIATANIA MI\u0118SA HAMBURGER\u00d3W - Selleetools.com\" \/>\n<meta property=\"og:description\" content=\"Przedstawiamy pras\u0119 do mi\u0119sa wykonan\u0105 ze stali nierdzewnej, idealn\u0105 do przygotowywania domowych hamburger\u00f3w. Nasz produkt jest doskona\u0142ym narz\u0119dziem dla mi\u0142o\u015bnik\u00f3w gotowania, kt\u00f3rzy ceni\u0105 jako\u015b\u0107 oraz smak swoich potraw. Dzi\u0119ki solidnej konstrukcji, prasa z \u0142atwo\u015bci\u0105 formuje idealne kotlety mi\u0119sne, kt\u00f3re zachwyc\u0105 Twoich go\u015bci. Stalowa powierzchnia zapewnia nie tylko trwa\u0142o\u015b\u0107, ale r\u00f3wnie\u017c \u0142atwo\u015b\u0107 w czyszczeniu, co czyni ... Read morePRASKA DO MI\u0118SA PRASA ZE STALI DO ZGNIATANIA MI\u0118SA HAMBURGER\u00d3W\" \/>\n<meta property=\"og:url\" content=\"https:\/\/selleetools.com\/product\/praska-do-miesa-prasa-ze-stali-do-zgniatania-miesa-hamburgerow\/\" \/>\n<meta property=\"og:site_name\" content=\"Selleetools.com\" \/>\n<meta property=\"article:modified_time\" content=\"2025-08-08T12:04:19+00:00\" \/>\n<meta property=\"og:image\" content=\"https:\/\/selleetools.com\/wp-content\/uploads\/2025\/07\/c40c720ee2ca908ecd0184182c7f29b3.jpg\" \/>\n\t<meta property=\"og:image:width\" content=\"1080\" \/>\n\t<meta property=\"og:image:height\" content=\"1350\" \/>\n\t<meta property=\"og:image:type\" content=\"image\/jpeg\" \/>\n<meta name=\"twitter:card\" content=\"summary_large_image\" \/>\n<meta name=\"twitter:label1\" content=\"Est. reading time\" \/>\n\t<meta name=\"twitter:data1\" content=\"1 minuta\" \/>\n<!-- \/ Yoast SEO plugin. -->","yoast_head_json":{"title":"PRASKA DO MI\u0118SA PRASA ZE STALI DO ZGNIATANIA MI\u0118SA HAMBURGER\u00d3W - Selleetools.com","robots":{"index":"index","follow":"follow","max-snippet":"max-snippet:-1","max-image-preview":"max-image-preview:large","max-video-preview":"max-video-preview:-1"},"canonical":"https:\/\/selleetools.com\/product\/praska-do-miesa-prasa-ze-stali-do-zgniatania-miesa-hamburgerow\/","og_locale":"pl_PL","og_type":"article","og_title":"PRASKA DO MI\u0118SA PRASA ZE STALI DO ZGNIATANIA MI\u0118SA HAMBURGER\u00d3W - Selleetools.com","og_description":"Przedstawiamy pras\u0119 do mi\u0119sa wykonan\u0105 ze stali nierdzewnej, idealn\u0105 do przygotowywania domowych hamburger\u00f3w. Nasz produkt jest doskona\u0142ym narz\u0119dziem dla mi\u0142o\u015bnik\u00f3w gotowania, kt\u00f3rzy ceni\u0105 jako\u015b\u0107 oraz smak swoich potraw. Dzi\u0119ki solidnej konstrukcji, prasa z \u0142atwo\u015bci\u0105 formuje idealne kotlety mi\u0119sne, kt\u00f3re zachwyc\u0105 Twoich go\u015bci. Stalowa powierzchnia zapewnia nie tylko trwa\u0142o\u015b\u0107, ale r\u00f3wnie\u017c \u0142atwo\u015b\u0107 w czyszczeniu, co czyni ... Read morePRASKA DO MI\u0118SA PRASA ZE STALI DO ZGNIATANIA MI\u0118SA HAMBURGER\u00d3W","og_url":"https:\/\/selleetools.com\/product\/praska-do-miesa-prasa-ze-stali-do-zgniatania-miesa-hamburgerow\/","og_site_name":"Selleetools.com","article_modified_time":"2025-08-08T12:04:19+00:00","og_image":[{"width":1080,"height":1350,"url":"https:\/\/selleetools.com\/wp-content\/uploads\/2025\/07\/c40c720ee2ca908ecd0184182c7f29b3.jpg","type":"image\/jpeg"}],"twitter_card":"summary_large_image","twitter_misc":{"Est. reading time":"1 minuta"},"schema":{"@context":"https:\/\/schema.org","@graph":[{"@type":"Organization","@id":"https:\/\/selleetools.com\/#organization","name":"Selleetools","url":"https:\/\/selleetools.com\/","sameAs":[],"logo":{"@type":"ImageObject","inLanguage":"pl-PL","@id":"https:\/\/selleetools.com\/#\/schema\/logo\/image\/","url":"https:\/\/selleetools.com\/wp-content\/uploads\/2021\/10\/logo-dark.png","contentUrl":"https:\/\/selleetools.com\/wp-content\/uploads\/2021\/10\/logo-dark.png","width":320,"height":76,"caption":"Selleetools"},"image":{"@id":"https:\/\/selleetools.com\/#\/schema\/logo\/image\/"}},{"@type":"WebSite","@id":"https:\/\/selleetools.com\/#website","url":"https:\/\/selleetools.com\/","name":"Selleetools.com","description":"","publisher":{"@id":"https:\/\/selleetools.com\/#organization"},"potentialAction":[{"@type":"SearchAction","target":{"@type":"EntryPoint","urlTemplate":"https:\/\/selleetools.com\/?s={search_term_string}"},"query-input":"required name=search_term_string"}],"inLanguage":"pl-PL"},{"@type":"WebPage","@id":"https:\/\/selleetools.com\/product\/praska-do-miesa-prasa-ze-stali-do-zgniatania-miesa-hamburgerow\/","url":"https:\/\/selleetools.com\/product\/praska-do-miesa-prasa-ze-stali-do-zgniatania-miesa-hamburgerow\/","name":"PRASKA DO MI\u0118SA PRASA ZE STALI DO ZGNIATANIA MI\u0118SA HAMBURGER\u00d3W - Selleetools.com","isPartOf":{"@id":"https:\/\/selleetools.com\/#website"},"datePublished":"2025-07-06T12:27:43+00:00","dateModified":"2025-08-08T12:04:19+00:00","breadcrumb":{"@id":"https:\/\/selleetools.com\/product\/praska-do-miesa-prasa-ze-stali-do-zgniatania-miesa-hamburgerow\/#breadcrumb"},"inLanguage":"pl-PL","potentialAction":[{"@type":"ReadAction","target":["https:\/\/selleetools.com\/product\/praska-do-miesa-prasa-ze-stali-do-zgniatania-miesa-hamburgerow\/"]}]},{"@type":"BreadcrumbList","@id":"https:\/\/selleetools.com\/product\/praska-do-miesa-prasa-ze-stali-do-zgniatania-miesa-hamburgerow\/#breadcrumb","itemListElement":[{"@type":"ListItem","position":1,"name":"Home","item":"https:\/\/selleetools.com\/pl\/"},{"@type":"ListItem","position":2,"name":"Katalog","item":"https:\/\/selleetools.com\/pl\/katalog\/"},{"@type":"ListItem","position":3,"name":"PRASKA DO MI\u0118SA PRASA ZE STALI DO ZGNIATANIA MI\u0118SA HAMBURGER\u00d3W"}]}]}},"_links":{"self":[{"href":"https:\/\/selleetools.com\/pl\/wp-json\/wp\/v2\/product\/489647"}],"collection":[{"href":"https:\/\/selleetools.com\/pl\/wp-json\/wp\/v2\/product"}],"about":[{"href":"https:\/\/selleetools.com\/pl\/wp-json\/wp\/v2\/types\/product"}],"replies":[{"embeddable":true,"href":"https:\/\/selleetools.com\/pl\/wp-json\/wp\/v2\/comments?post=489647"}],"wp:featuredmedia":[{"embeddable":true,"href":"https:\/\/selleetools.com\/pl\/wp-json\/wp\/v2\/media\/489625"}],"wp:attachment":[{"href":"https:\/\/selleetools.com\/pl\/wp-json\/wp\/v2\/media?parent=489647"}],"curies":[{"name":"wp","href":"https:\/\/api.w.org\/{rel}","templated":true}]}}