{"id":489624,"date":"2025-07-06T14:27:33","date_gmt":"2025-07-06T12:27:33","guid":{"rendered":"https:\/\/selleetools.com\/?post_type=product&#038;p=489624"},"modified":"2025-08-08T14:48:12","modified_gmt":"2025-08-08T12:48:12","slug":"wtyczka-kabel-sieciowy-do-zasilania-kart-graficznych-dwa-pcie-2x-8-biegunow","status":"publish","type":"product","link":"https:\/\/selleetools.com\/pl\/product\/wtyczka-kabel-sieciowy-do-zasilania-kart-graficznych-dwa-pcie-2x-8-biegunow\/","title":{"rendered":"WTYCZKA KABEL SIECIOWY DO ZASILANIA KART GRAFICZNYCH DWA PCIE 2X 8 BIEGUN\u00d3W"},"content":{"rendered":"<p>Przedstawiamy wysokiej jako\u015bci wtyczk\u0119 kabla sieciowego do zasilania kart graficznych, wykonan\u0105 z my\u015bl\u0105 o efektywno\u015bci i niezawodno\u015bci. Nasz model wyposa\u017cony jest w dwa z\u0142\u0105cza PCIe 8-biegowe, co zapewnia wszechstronno\u015b\u0107 i kompatybilno\u015b\u0107 z szerok\u0105 gam\u0105 kart graficznych. Dzi\u0119ki solidnym materia\u0142om i precyzyjnemu wykonaniu, wtyczka gwarantuje stabilne po\u0142\u0105czenie oraz optymalne dostarczanie mocy, co jest kluczowe dla wydajno\u015bci Twojego systemu komputerowego. Idealne rozwi\u0105zanie dla entuzjast\u00f3w gier oraz profesjonalist\u00f3w z bran\u017cy graficznej. Ciesz si\u0119 p\u0142ynno\u015bci\u0105 pracy i zaawansowanymi mo\u017cliwo\u015bciami graficznymi, kt\u00f3re osi\u0105gniesz dzi\u0119ki naszemu produktowi.<\/p>\n<p>D\u0142ugo\u015b\u0107 jednego bieguna wliczaj\u0105c wtyczk\u0119 22,5 cm<\/p>\n","protected":false},"excerpt":{"rendered":"<p>Przedstawiamy wysokiej jako\u015bci wtyczk\u0119 kabla sieciowego do zasilania kart graficznych, wykonan\u0105 z my\u015bl\u0105 o efektywno\u015bci i niezawodno\u015bci. Nasz model wyposa\u017cony jest w dwa z\u0142\u0105cza PCIe 8-biegowe, co zapewnia wszechstronno\u015b\u0107 i kompatybilno\u015b\u0107 z szerok\u0105 gam\u0105 kart graficznych. Dzi\u0119ki solidnym materia\u0142om i precyzyjnemu wykonaniu, wtyczka gwarantuje stabilne po\u0142\u0105czenie oraz optymalne dostarczanie mocy, co jest kluczowe dla wydajno\u015bci &#8230; <a title=\"WTYCZKA KABEL SIECIOWY DO ZASILANIA KART GRAFICZNYCH DWA PCIE 2X 8 BIEGUN\u00d3W\" class=\"read-more\" href=\"https:\/\/selleetools.com\/pl\/product\/wtyczka-kabel-sieciowy-do-zasilania-kart-graficznych-dwa-pcie-2x-8-biegunow\/\">Read more<span class=\"screen-reader-text\">WTYCZKA KABEL SIECIOWY DO ZASILANIA KART GRAFICZNYCH DWA PCIE 2X 8 BIEGUN\u00d3W<\/span><\/a><\/p>\n","protected":false},"featured_media":489608,"comment_status":"closed","ping_status":"closed","template":"","meta":{"_links_to":"","_links_to_target":""},"yoast_head":"<!-- This site is optimized with the Yoast SEO plugin v19.4 - https:\/\/yoast.com\/wordpress\/plugins\/seo\/ -->\n<title>WTYCZKA KABEL SIECIOWY DO ZASILANIA KART GRAFICZNYCH DWA PCIE 2X 8 BIEGUN\u00d3W - Selleetools.com<\/title>\n<meta name=\"robots\" content=\"index, follow, max-snippet:-1, max-image-preview:large, max-video-preview:-1\" \/>\n<link rel=\"canonical\" href=\"https:\/\/admincentral.selleetools.com\/product\/wtyczka-kabel-sieciowy-do-zasilania-kart-graficznych-dwa-pcie-2x-8-biegunow\/\" \/>\n<meta property=\"og:locale\" content=\"pl_PL\" \/>\n<meta property=\"og:type\" content=\"article\" \/>\n<meta property=\"og:title\" content=\"WTYCZKA KABEL SIECIOWY DO ZASILANIA KART GRAFICZNYCH DWA PCIE 2X 8 BIEGUN\u00d3W - Selleetools.com\" \/>\n<meta property=\"og:description\" content=\"Przedstawiamy wysokiej jako\u015bci wtyczk\u0119 kabla sieciowego do zasilania kart graficznych, wykonan\u0105 z my\u015bl\u0105 o efektywno\u015bci i niezawodno\u015bci. Nasz model wyposa\u017cony jest w dwa z\u0142\u0105cza PCIe 8-biegowe, co zapewnia wszechstronno\u015b\u0107 i kompatybilno\u015b\u0107 z szerok\u0105 gam\u0105 kart graficznych. Dzi\u0119ki solidnym materia\u0142om i precyzyjnemu wykonaniu, wtyczka gwarantuje stabilne po\u0142\u0105czenie oraz optymalne dostarczanie mocy, co jest kluczowe dla wydajno\u015bci ... Read moreWTYCZKA KABEL SIECIOWY DO ZASILANIA KART GRAFICZNYCH DWA PCIE 2X 8 BIEGUN\u00d3W\" \/>\n<meta property=\"og:url\" content=\"https:\/\/admincentral.selleetools.com\/product\/wtyczka-kabel-sieciowy-do-zasilania-kart-graficznych-dwa-pcie-2x-8-biegunow\/\" \/>\n<meta property=\"og:site_name\" content=\"Selleetools.com\" \/>\n<meta property=\"article:modified_time\" content=\"2025-08-08T12:48:12+00:00\" \/>\n<meta property=\"og:image\" content=\"https:\/\/selleetools.com\/wp-content\/uploads\/2025\/07\/bb45b7104440f33645addfeff2ebcbf8.webp\" \/>\n\t<meta property=\"og:image:width\" content=\"128\" \/>\n\t<meta property=\"og:image:height\" content=\"62\" \/>\n\t<meta property=\"og:image:type\" content=\"image\/webp\" \/>\n<meta name=\"twitter:card\" content=\"summary_large_image\" \/>\n<meta name=\"twitter:label1\" content=\"Est. reading time\" \/>\n\t<meta name=\"twitter:data1\" content=\"1 minuta\" \/>\n<!-- \/ Yoast SEO plugin. -->","yoast_head_json":{"title":"WTYCZKA KABEL SIECIOWY DO ZASILANIA KART GRAFICZNYCH DWA PCIE 2X 8 BIEGUN\u00d3W - Selleetools.com","robots":{"index":"index","follow":"follow","max-snippet":"max-snippet:-1","max-image-preview":"max-image-preview:large","max-video-preview":"max-video-preview:-1"},"canonical":"https:\/\/admincentral.selleetools.com\/product\/wtyczka-kabel-sieciowy-do-zasilania-kart-graficznych-dwa-pcie-2x-8-biegunow\/","og_locale":"pl_PL","og_type":"article","og_title":"WTYCZKA KABEL SIECIOWY DO ZASILANIA KART GRAFICZNYCH DWA PCIE 2X 8 BIEGUN\u00d3W - Selleetools.com","og_description":"Przedstawiamy wysokiej jako\u015bci wtyczk\u0119 kabla sieciowego do zasilania kart graficznych, wykonan\u0105 z my\u015bl\u0105 o efektywno\u015bci i niezawodno\u015bci. Nasz model wyposa\u017cony jest w dwa z\u0142\u0105cza PCIe 8-biegowe, co zapewnia wszechstronno\u015b\u0107 i kompatybilno\u015b\u0107 z szerok\u0105 gam\u0105 kart graficznych. Dzi\u0119ki solidnym materia\u0142om i precyzyjnemu wykonaniu, wtyczka gwarantuje stabilne po\u0142\u0105czenie oraz optymalne dostarczanie mocy, co jest kluczowe dla wydajno\u015bci ... Read moreWTYCZKA KABEL SIECIOWY DO ZASILANIA KART GRAFICZNYCH DWA PCIE 2X 8 BIEGUN\u00d3W","og_url":"https:\/\/admincentral.selleetools.com\/product\/wtyczka-kabel-sieciowy-do-zasilania-kart-graficznych-dwa-pcie-2x-8-biegunow\/","og_site_name":"Selleetools.com","article_modified_time":"2025-08-08T12:48:12+00:00","og_image":[{"width":128,"height":62,"url":"https:\/\/selleetools.com\/wp-content\/uploads\/2025\/07\/bb45b7104440f33645addfeff2ebcbf8.webp","type":"image\/webp"}],"twitter_card":"summary_large_image","twitter_misc":{"Est. reading time":"1 minuta"},"schema":{"@context":"https:\/\/schema.org","@graph":[{"@type":"Organization","@id":"https:\/\/selleetools.com\/#organization","name":"Selleetools","url":"https:\/\/selleetools.com\/","sameAs":[],"logo":{"@type":"ImageObject","inLanguage":"pl-PL","@id":"https:\/\/selleetools.com\/#\/schema\/logo\/image\/","url":"https:\/\/selleetools.com\/wp-content\/uploads\/2021\/10\/logo-dark.png","contentUrl":"https:\/\/selleetools.com\/wp-content\/uploads\/2021\/10\/logo-dark.png","width":320,"height":76,"caption":"Selleetools"},"image":{"@id":"https:\/\/selleetools.com\/#\/schema\/logo\/image\/"}},{"@type":"WebSite","@id":"https:\/\/selleetools.com\/#website","url":"https:\/\/selleetools.com\/","name":"Selleetools.com","description":"","publisher":{"@id":"https:\/\/selleetools.com\/#organization"},"potentialAction":[{"@type":"SearchAction","target":{"@type":"EntryPoint","urlTemplate":"https:\/\/selleetools.com\/?s={search_term_string}"},"query-input":"required name=search_term_string"}],"inLanguage":"pl-PL"},{"@type":"WebPage","@id":"https:\/\/admincentral.selleetools.com\/product\/wtyczka-kabel-sieciowy-do-zasilania-kart-graficznych-dwa-pcie-2x-8-biegunow\/","url":"https:\/\/admincentral.selleetools.com\/product\/wtyczka-kabel-sieciowy-do-zasilania-kart-graficznych-dwa-pcie-2x-8-biegunow\/","name":"WTYCZKA KABEL SIECIOWY DO ZASILANIA KART GRAFICZNYCH DWA PCIE 2X 8 BIEGUN\u00d3W - Selleetools.com","isPartOf":{"@id":"https:\/\/selleetools.com\/#website"},"datePublished":"2025-07-06T12:27:33+00:00","dateModified":"2025-08-08T12:48:12+00:00","breadcrumb":{"@id":"https:\/\/admincentral.selleetools.com\/product\/wtyczka-kabel-sieciowy-do-zasilania-kart-graficznych-dwa-pcie-2x-8-biegunow\/#breadcrumb"},"inLanguage":"pl-PL","potentialAction":[{"@type":"ReadAction","target":["https:\/\/admincentral.selleetools.com\/product\/wtyczka-kabel-sieciowy-do-zasilania-kart-graficznych-dwa-pcie-2x-8-biegunow\/"]}]},{"@type":"BreadcrumbList","@id":"https:\/\/admincentral.selleetools.com\/product\/wtyczka-kabel-sieciowy-do-zasilania-kart-graficznych-dwa-pcie-2x-8-biegunow\/#breadcrumb","itemListElement":[{"@type":"ListItem","position":1,"name":"Home","item":"https:\/\/selleetools.com\/pl\/"},{"@type":"ListItem","position":2,"name":"Katalog","item":"https:\/\/selleetools.com\/pl\/katalog\/"},{"@type":"ListItem","position":3,"name":"WTYCZKA KABEL SIECIOWY DO ZASILANIA KART GRAFICZNYCH DWA PCIE 2X 8 BIEGUN\u00d3W"}]}]}},"_links":{"self":[{"href":"https:\/\/selleetools.com\/pl\/wp-json\/wp\/v2\/product\/489624"}],"collection":[{"href":"https:\/\/selleetools.com\/pl\/wp-json\/wp\/v2\/product"}],"about":[{"href":"https:\/\/selleetools.com\/pl\/wp-json\/wp\/v2\/types\/product"}],"replies":[{"embeddable":true,"href":"https:\/\/selleetools.com\/pl\/wp-json\/wp\/v2\/comments?post=489624"}],"wp:featuredmedia":[{"embeddable":true,"href":"https:\/\/selleetools.com\/pl\/wp-json\/wp\/v2\/media\/489608"}],"wp:attachment":[{"href":"https:\/\/selleetools.com\/pl\/wp-json\/wp\/v2\/media?parent=489624"}],"curies":[{"name":"wp","href":"https:\/\/api.w.org\/{rel}","templated":true}]}}