{"id":489594,"date":"2025-07-06T14:27:22","date_gmt":"2025-07-06T12:27:22","guid":{"rendered":"https:\/\/selleetools.com\/?post_type=product&#038;p=489594"},"modified":"2025-08-08T14:04:20","modified_gmt":"2025-08-08T12:04:20","slug":"plaska-plyta-laczaca-wytrzymala-trwala-do-prostego-przedluzania-10-sztuk","status":"publish","type":"product","link":"https:\/\/selleetools.com\/pl\/product\/plaska-plyta-laczaca-wytrzymala-trwala-do-prostego-przedluzania-10-sztuk\/","title":{"rendered":"P\u0141ASKA P\u0141YTA \u0141\u0104CZ\u0104CA WYTRZYMA\u0141A TRWA\u0141A DO PROSTEGO PRZED\u0141U\u017bANIA 10 SZTUK"},"content":{"rendered":"<p>Wprowad\u017a nowy wymiar prostoty i efektywno\u015bci przy u\u017cyciu wytrzyma\u0142ej i trwa\u0142ej p\u0142askiej p\u0142yty \u0142\u0105cz\u0105cej, idealnej do prostego przed\u0142u\u017cania. Nasz zestaw zawiera 10 sztuk, co sprawia, \u017ce jest niezwykle praktycznym rozwi\u0105zaniem zar\u00f3wno dla profesjonalist\u00f3w, jak i majsterkowicz\u00f3w. Dzi\u0119ki wysokiej jako\u015bci materia\u0142om, kt\u00f3re zapewniaj\u0105 nie tylko mocne po\u0142\u0105czenia, ale r\u00f3wnie\u017c odporno\u015b\u0107 na uszkodzenia, mo\u017cesz by\u0107 pewien, \u017ce ka\u017cdy projekt b\u0119dzie realizowany z niezwyk\u0142\u0105 precyzj\u0105. Inwestuj\u0105c w nasze p\u0142yty \u0142\u0105cz\u0105ce, zyskujesz nie tylko funkcjonalno\u015b\u0107, ale tak\u017ce czas, kt\u00f3ry zaoszcz\u0119dzisz na monta\u017cu. Zaufaj produktom, kt\u00f3re sprawi\u0105, \u017ce Twoje prace budowlane i remontowe b\u0119d\u0105 prostsze ni\u017c kiedykolwiek wcze\u015bniej.<\/p>\n","protected":false},"excerpt":{"rendered":"<p>Wprowad\u017a nowy wymiar prostoty i efektywno\u015bci przy u\u017cyciu wytrzyma\u0142ej i trwa\u0142ej p\u0142askiej p\u0142yty \u0142\u0105cz\u0105cej, idealnej do prostego przed\u0142u\u017cania. Nasz zestaw zawiera 10 sztuk, co sprawia, \u017ce jest niezwykle praktycznym rozwi\u0105zaniem zar\u00f3wno dla profesjonalist\u00f3w, jak i majsterkowicz\u00f3w. Dzi\u0119ki wysokiej jako\u015bci materia\u0142om, kt\u00f3re zapewniaj\u0105 nie tylko mocne po\u0142\u0105czenia, ale r\u00f3wnie\u017c odporno\u015b\u0107 na uszkodzenia, mo\u017cesz by\u0107 pewien, \u017ce &#8230; <a title=\"P\u0141ASKA P\u0141YTA \u0141\u0104CZ\u0104CA WYTRZYMA\u0141A TRWA\u0141A DO PROSTEGO PRZED\u0141U\u017bANIA 10 SZTUK\" class=\"read-more\" href=\"https:\/\/selleetools.com\/pl\/product\/plaska-plyta-laczaca-wytrzymala-trwala-do-prostego-przedluzania-10-sztuk\/\">Read more<span class=\"screen-reader-text\">P\u0141ASKA P\u0141YTA \u0141\u0104CZ\u0104CA WYTRZYMA\u0141A TRWA\u0141A DO PROSTEGO PRZED\u0141U\u017bANIA 10 SZTUK<\/span><\/a><\/p>\n","protected":false},"featured_media":489582,"comment_status":"closed","ping_status":"closed","template":"","meta":{"_links_to":"","_links_to_target":""},"yoast_head":"<!-- This site is optimized with the Yoast SEO plugin v19.4 - https:\/\/yoast.com\/wordpress\/plugins\/seo\/ -->\n<title>P\u0141ASKA P\u0141YTA \u0141\u0104CZ\u0104CA WYTRZYMA\u0141A TRWA\u0141A DO PROSTEGO PRZED\u0141U\u017bANIA 10 SZTUK - Selleetools.com<\/title>\n<meta name=\"robots\" content=\"index, follow, max-snippet:-1, max-image-preview:large, max-video-preview:-1\" \/>\n<link rel=\"canonical\" href=\"https:\/\/selleetools.com\/product\/plaska-plyta-laczaca-wytrzymala-trwala-do-prostego-przedluzania-10-sztuk\/\" \/>\n<meta property=\"og:locale\" content=\"pl_PL\" \/>\n<meta property=\"og:type\" content=\"article\" \/>\n<meta property=\"og:title\" content=\"P\u0141ASKA P\u0141YTA \u0141\u0104CZ\u0104CA WYTRZYMA\u0141A TRWA\u0141A DO PROSTEGO PRZED\u0141U\u017bANIA 10 SZTUK - Selleetools.com\" \/>\n<meta property=\"og:description\" content=\"Wprowad\u017a nowy wymiar prostoty i efektywno\u015bci przy u\u017cyciu wytrzyma\u0142ej i trwa\u0142ej p\u0142askiej p\u0142yty \u0142\u0105cz\u0105cej, idealnej do prostego przed\u0142u\u017cania. Nasz zestaw zawiera 10 sztuk, co sprawia, \u017ce jest niezwykle praktycznym rozwi\u0105zaniem zar\u00f3wno dla profesjonalist\u00f3w, jak i majsterkowicz\u00f3w. Dzi\u0119ki wysokiej jako\u015bci materia\u0142om, kt\u00f3re zapewniaj\u0105 nie tylko mocne po\u0142\u0105czenia, ale r\u00f3wnie\u017c odporno\u015b\u0107 na uszkodzenia, mo\u017cesz by\u0107 pewien, \u017ce ... Read moreP\u0141ASKA P\u0141YTA \u0141\u0104CZ\u0104CA WYTRZYMA\u0141A TRWA\u0141A DO PROSTEGO PRZED\u0141U\u017bANIA 10 SZTUK\" \/>\n<meta property=\"og:url\" content=\"https:\/\/selleetools.com\/product\/plaska-plyta-laczaca-wytrzymala-trwala-do-prostego-przedluzania-10-sztuk\/\" \/>\n<meta property=\"og:site_name\" content=\"Selleetools.com\" \/>\n<meta property=\"article:modified_time\" content=\"2025-08-08T12:04:20+00:00\" \/>\n<meta property=\"og:image\" content=\"https:\/\/selleetools.com\/wp-content\/uploads\/2025\/07\/387e390ebc99ea41468a9197a87e3e66.jpg\" \/>\n\t<meta property=\"og:image:width\" content=\"1500\" \/>\n\t<meta property=\"og:image:height\" content=\"1500\" \/>\n\t<meta property=\"og:image:type\" content=\"image\/jpeg\" \/>\n<meta name=\"twitter:card\" content=\"summary_large_image\" \/>\n<meta name=\"twitter:label1\" content=\"Est. reading time\" \/>\n\t<meta name=\"twitter:data1\" content=\"1 minuta\" \/>\n<!-- \/ Yoast SEO plugin. -->","yoast_head_json":{"title":"P\u0141ASKA P\u0141YTA \u0141\u0104CZ\u0104CA WYTRZYMA\u0141A TRWA\u0141A DO PROSTEGO PRZED\u0141U\u017bANIA 10 SZTUK - Selleetools.com","robots":{"index":"index","follow":"follow","max-snippet":"max-snippet:-1","max-image-preview":"max-image-preview:large","max-video-preview":"max-video-preview:-1"},"canonical":"https:\/\/selleetools.com\/product\/plaska-plyta-laczaca-wytrzymala-trwala-do-prostego-przedluzania-10-sztuk\/","og_locale":"pl_PL","og_type":"article","og_title":"P\u0141ASKA P\u0141YTA \u0141\u0104CZ\u0104CA WYTRZYMA\u0141A TRWA\u0141A DO PROSTEGO PRZED\u0141U\u017bANIA 10 SZTUK - Selleetools.com","og_description":"Wprowad\u017a nowy wymiar prostoty i efektywno\u015bci przy u\u017cyciu wytrzyma\u0142ej i trwa\u0142ej p\u0142askiej p\u0142yty \u0142\u0105cz\u0105cej, idealnej do prostego przed\u0142u\u017cania. Nasz zestaw zawiera 10 sztuk, co sprawia, \u017ce jest niezwykle praktycznym rozwi\u0105zaniem zar\u00f3wno dla profesjonalist\u00f3w, jak i majsterkowicz\u00f3w. Dzi\u0119ki wysokiej jako\u015bci materia\u0142om, kt\u00f3re zapewniaj\u0105 nie tylko mocne po\u0142\u0105czenia, ale r\u00f3wnie\u017c odporno\u015b\u0107 na uszkodzenia, mo\u017cesz by\u0107 pewien, \u017ce ... Read moreP\u0141ASKA P\u0141YTA \u0141\u0104CZ\u0104CA WYTRZYMA\u0141A TRWA\u0141A DO PROSTEGO PRZED\u0141U\u017bANIA 10 SZTUK","og_url":"https:\/\/selleetools.com\/product\/plaska-plyta-laczaca-wytrzymala-trwala-do-prostego-przedluzania-10-sztuk\/","og_site_name":"Selleetools.com","article_modified_time":"2025-08-08T12:04:20+00:00","og_image":[{"width":1500,"height":1500,"url":"https:\/\/selleetools.com\/wp-content\/uploads\/2025\/07\/387e390ebc99ea41468a9197a87e3e66.jpg","type":"image\/jpeg"}],"twitter_card":"summary_large_image","twitter_misc":{"Est. reading time":"1 minuta"},"schema":{"@context":"https:\/\/schema.org","@graph":[{"@type":"Organization","@id":"https:\/\/selleetools.com\/#organization","name":"Selleetools","url":"https:\/\/selleetools.com\/","sameAs":[],"logo":{"@type":"ImageObject","inLanguage":"pl-PL","@id":"https:\/\/selleetools.com\/#\/schema\/logo\/image\/","url":"https:\/\/selleetools.com\/wp-content\/uploads\/2021\/10\/logo-dark.png","contentUrl":"https:\/\/selleetools.com\/wp-content\/uploads\/2021\/10\/logo-dark.png","width":320,"height":76,"caption":"Selleetools"},"image":{"@id":"https:\/\/selleetools.com\/#\/schema\/logo\/image\/"}},{"@type":"WebSite","@id":"https:\/\/selleetools.com\/#website","url":"https:\/\/selleetools.com\/","name":"Selleetools.com","description":"","publisher":{"@id":"https:\/\/selleetools.com\/#organization"},"potentialAction":[{"@type":"SearchAction","target":{"@type":"EntryPoint","urlTemplate":"https:\/\/selleetools.com\/?s={search_term_string}"},"query-input":"required name=search_term_string"}],"inLanguage":"pl-PL"},{"@type":"WebPage","@id":"https:\/\/selleetools.com\/product\/plaska-plyta-laczaca-wytrzymala-trwala-do-prostego-przedluzania-10-sztuk\/","url":"https:\/\/selleetools.com\/product\/plaska-plyta-laczaca-wytrzymala-trwala-do-prostego-przedluzania-10-sztuk\/","name":"P\u0141ASKA P\u0141YTA \u0141\u0104CZ\u0104CA WYTRZYMA\u0141A TRWA\u0141A DO PROSTEGO PRZED\u0141U\u017bANIA 10 SZTUK - Selleetools.com","isPartOf":{"@id":"https:\/\/selleetools.com\/#website"},"datePublished":"2025-07-06T12:27:22+00:00","dateModified":"2025-08-08T12:04:20+00:00","breadcrumb":{"@id":"https:\/\/selleetools.com\/product\/plaska-plyta-laczaca-wytrzymala-trwala-do-prostego-przedluzania-10-sztuk\/#breadcrumb"},"inLanguage":"pl-PL","potentialAction":[{"@type":"ReadAction","target":["https:\/\/selleetools.com\/product\/plaska-plyta-laczaca-wytrzymala-trwala-do-prostego-przedluzania-10-sztuk\/"]}]},{"@type":"BreadcrumbList","@id":"https:\/\/selleetools.com\/product\/plaska-plyta-laczaca-wytrzymala-trwala-do-prostego-przedluzania-10-sztuk\/#breadcrumb","itemListElement":[{"@type":"ListItem","position":1,"name":"Home","item":"https:\/\/selleetools.com\/pl\/"},{"@type":"ListItem","position":2,"name":"Katalog","item":"https:\/\/selleetools.com\/pl\/katalog\/"},{"@type":"ListItem","position":3,"name":"P\u0141ASKA P\u0141YTA \u0141\u0104CZ\u0104CA WYTRZYMA\u0141A TRWA\u0141A DO PROSTEGO PRZED\u0141U\u017bANIA 10 SZTUK"}]}]}},"_links":{"self":[{"href":"https:\/\/selleetools.com\/pl\/wp-json\/wp\/v2\/product\/489594"}],"collection":[{"href":"https:\/\/selleetools.com\/pl\/wp-json\/wp\/v2\/product"}],"about":[{"href":"https:\/\/selleetools.com\/pl\/wp-json\/wp\/v2\/types\/product"}],"replies":[{"embeddable":true,"href":"https:\/\/selleetools.com\/pl\/wp-json\/wp\/v2\/comments?post=489594"}],"wp:featuredmedia":[{"embeddable":true,"href":"https:\/\/selleetools.com\/pl\/wp-json\/wp\/v2\/media\/489582"}],"wp:attachment":[{"href":"https:\/\/selleetools.com\/pl\/wp-json\/wp\/v2\/media?parent=489594"}],"curies":[{"name":"wp","href":"https:\/\/api.w.org\/{rel}","templated":true}]}}