{"id":489576,"date":"2025-07-06T14:27:06","date_gmt":"2025-07-06T12:27:06","guid":{"rendered":"https:\/\/selleetools.com\/?post_type=product&#038;p=489576"},"modified":"2025-08-08T14:04:20","modified_gmt":"2025-08-08T12:04:20","slug":"zestaw-3-drewnianych-desek-do-krojenia","status":"publish","type":"product","link":"https:\/\/selleetools.com\/pl\/product\/zestaw-3-drewnianych-desek-do-krojenia\/","title":{"rendered":"Zestaw 3 drewnianych desek do krojenia"},"content":{"rendered":"<p>Zestaw 3 drewnianych desek do krojenia to idealne rozwi\u0105zanie dla ka\u017cdego mi\u0142o\u015bnika kulinari\u00f3w. Wykonane z wysokiej jako\u015bci drewna, deski oferuj\u0105 nie tylko estetyczny wygl\u0105d, ale tak\u017ce trwa\u0142o\u015b\u0107 i odporno\u015b\u0107 na uszkodzenia. Doskona\u0142e do krojenia, porcjowania czy serwowania, sprawdz\u0105 si\u0119 w ka\u017cdej kuchni. Ka\u017cda deska ma inny rozmiar, co pozwala na wygodne dopasowanie do r\u00f3\u017cnych zada\u0144 kuchennych. Dodatkowo, drewno ma naturalne w\u0142a\u015bciwo\u015bci antybakteryjne, co zapewnia bezpiecze\u0144stwo podczas przygotowywania posi\u0142k\u00f3w. Zestaw jest \u0142atwy w piel\u0119gnacji i utrzymaniu, co czyni go idealnym wyborem dla ka\u017cdego, kto ceni sobie wysok\u0105 jako\u015b\u0107 oraz funkcjonalno\u015b\u0107. Postaw na elegancj\u0119 i praktyczno\u015b\u0107 w swojej kuchni dzi\u0119ki naszemu zestawowi drewnianych desek.<\/p>\n<p>TO JEST WYR\u00d3B WYRABIANY W WI\u0118KSZO\u015aCI R\u0118CZNIE Z MA\u0141\u0104 ILO\u015aCI\u0104 U\u017bYCIA MASZYNY.<\/p>\n","protected":false},"excerpt":{"rendered":"<p>Zestaw 3 drewnianych desek do krojenia to idealne rozwi\u0105zanie dla ka\u017cdego mi\u0142o\u015bnika kulinari\u00f3w. Wykonane z wysokiej jako\u015bci drewna, deski oferuj\u0105 nie tylko estetyczny wygl\u0105d, ale tak\u017ce trwa\u0142o\u015b\u0107 i odporno\u015b\u0107 na uszkodzenia. Doskona\u0142e do krojenia, porcjowania czy serwowania, sprawdz\u0105 si\u0119 w ka\u017cdej kuchni. Ka\u017cda deska ma inny rozmiar, co pozwala na wygodne dopasowanie do r\u00f3\u017cnych zada\u0144 &#8230; <a title=\"Zestaw 3 drewnianych desek do krojenia\" class=\"read-more\" href=\"https:\/\/selleetools.com\/pl\/product\/zestaw-3-drewnianych-desek-do-krojenia\/\">Read more<span class=\"screen-reader-text\">Zestaw 3 drewnianych desek do krojenia<\/span><\/a><\/p>\n","protected":false},"featured_media":489566,"comment_status":"open","ping_status":"closed","template":"","meta":{"_links_to":"","_links_to_target":""},"yoast_head":"<!-- This site is optimized with the Yoast SEO plugin v19.4 - https:\/\/yoast.com\/wordpress\/plugins\/seo\/ -->\n<title>Zestaw 3 drewnianych desek do krojenia - Selleetools.com<\/title>\n<meta name=\"robots\" content=\"index, follow, max-snippet:-1, max-image-preview:large, max-video-preview:-1\" \/>\n<link rel=\"canonical\" href=\"https:\/\/selleetools.com\/pl\/product\/zestaw-3-drewnianych-desek-do-krojenia\/\" \/>\n<meta property=\"og:locale\" content=\"pl_PL\" \/>\n<meta property=\"og:type\" content=\"article\" \/>\n<meta property=\"og:title\" content=\"Zestaw 3 drewnianych desek do krojenia - Selleetools.com\" \/>\n<meta property=\"og:description\" content=\"Zestaw 3 drewnianych desek do krojenia to idealne rozwi\u0105zanie dla ka\u017cdego mi\u0142o\u015bnika kulinari\u00f3w. Wykonane z wysokiej jako\u015bci drewna, deski oferuj\u0105 nie tylko estetyczny wygl\u0105d, ale tak\u017ce trwa\u0142o\u015b\u0107 i odporno\u015b\u0107 na uszkodzenia. Doskona\u0142e do krojenia, porcjowania czy serwowania, sprawdz\u0105 si\u0119 w ka\u017cdej kuchni. Ka\u017cda deska ma inny rozmiar, co pozwala na wygodne dopasowanie do r\u00f3\u017cnych zada\u0144 ... Read moreZestaw 3 drewnianych desek do krojenia\" \/>\n<meta property=\"og:url\" content=\"https:\/\/selleetools.com\/pl\/product\/zestaw-3-drewnianych-desek-do-krojenia\/\" \/>\n<meta property=\"og:site_name\" content=\"Selleetools.com\" \/>\n<meta property=\"article:modified_time\" content=\"2025-08-08T12:04:20+00:00\" \/>\n<meta property=\"og:image\" content=\"https:\/\/selleetools.com\/wp-content\/uploads\/2025\/07\/69b5868febee8a0fe30bc11d8762df2c.jpg\" \/>\n\t<meta property=\"og:image:width\" content=\"1500\" \/>\n\t<meta property=\"og:image:height\" content=\"1500\" \/>\n\t<meta property=\"og:image:type\" content=\"image\/jpeg\" \/>\n<meta name=\"twitter:card\" content=\"summary_large_image\" \/>\n<meta name=\"twitter:label1\" content=\"Est. reading time\" \/>\n\t<meta name=\"twitter:data1\" content=\"1 minuta\" \/>\n<!-- \/ Yoast SEO plugin. -->","yoast_head_json":{"title":"Zestaw 3 drewnianych desek do krojenia - Selleetools.com","robots":{"index":"index","follow":"follow","max-snippet":"max-snippet:-1","max-image-preview":"max-image-preview:large","max-video-preview":"max-video-preview:-1"},"canonical":"https:\/\/selleetools.com\/pl\/product\/zestaw-3-drewnianych-desek-do-krojenia\/","og_locale":"pl_PL","og_type":"article","og_title":"Zestaw 3 drewnianych desek do krojenia - Selleetools.com","og_description":"Zestaw 3 drewnianych desek do krojenia to idealne rozwi\u0105zanie dla ka\u017cdego mi\u0142o\u015bnika kulinari\u00f3w. Wykonane z wysokiej jako\u015bci drewna, deski oferuj\u0105 nie tylko estetyczny wygl\u0105d, ale tak\u017ce trwa\u0142o\u015b\u0107 i odporno\u015b\u0107 na uszkodzenia. Doskona\u0142e do krojenia, porcjowania czy serwowania, sprawdz\u0105 si\u0119 w ka\u017cdej kuchni. Ka\u017cda deska ma inny rozmiar, co pozwala na wygodne dopasowanie do r\u00f3\u017cnych zada\u0144 ... Read moreZestaw 3 drewnianych desek do krojenia","og_url":"https:\/\/selleetools.com\/pl\/product\/zestaw-3-drewnianych-desek-do-krojenia\/","og_site_name":"Selleetools.com","article_modified_time":"2025-08-08T12:04:20+00:00","og_image":[{"width":1500,"height":1500,"url":"https:\/\/selleetools.com\/wp-content\/uploads\/2025\/07\/69b5868febee8a0fe30bc11d8762df2c.jpg","type":"image\/jpeg"}],"twitter_card":"summary_large_image","twitter_misc":{"Est. reading time":"1 minuta"},"schema":{"@context":"https:\/\/schema.org","@graph":[{"@type":"Organization","@id":"https:\/\/selleetools.com\/#organization","name":"Selleetools","url":"https:\/\/selleetools.com\/","sameAs":[],"logo":{"@type":"ImageObject","inLanguage":"pl-PL","@id":"https:\/\/selleetools.com\/#\/schema\/logo\/image\/","url":"https:\/\/selleetools.com\/wp-content\/uploads\/2021\/10\/logo-dark.png","contentUrl":"https:\/\/selleetools.com\/wp-content\/uploads\/2021\/10\/logo-dark.png","width":320,"height":76,"caption":"Selleetools"},"image":{"@id":"https:\/\/selleetools.com\/#\/schema\/logo\/image\/"}},{"@type":"WebSite","@id":"https:\/\/selleetools.com\/#website","url":"https:\/\/selleetools.com\/","name":"Selleetools.com","description":"","publisher":{"@id":"https:\/\/selleetools.com\/#organization"},"potentialAction":[{"@type":"SearchAction","target":{"@type":"EntryPoint","urlTemplate":"https:\/\/selleetools.com\/?s={search_term_string}"},"query-input":"required name=search_term_string"}],"inLanguage":"pl-PL"},{"@type":"WebPage","@id":"https:\/\/selleetools.com\/pl\/product\/zestaw-3-drewnianych-desek-do-krojenia\/","url":"https:\/\/selleetools.com\/pl\/product\/zestaw-3-drewnianych-desek-do-krojenia\/","name":"Zestaw 3 drewnianych desek do krojenia - Selleetools.com","isPartOf":{"@id":"https:\/\/selleetools.com\/#website"},"datePublished":"2025-07-06T12:27:06+00:00","dateModified":"2025-08-08T12:04:20+00:00","breadcrumb":{"@id":"https:\/\/selleetools.com\/pl\/product\/zestaw-3-drewnianych-desek-do-krojenia\/#breadcrumb"},"inLanguage":"pl-PL","potentialAction":[{"@type":"ReadAction","target":["https:\/\/selleetools.com\/pl\/product\/zestaw-3-drewnianych-desek-do-krojenia\/"]}]},{"@type":"BreadcrumbList","@id":"https:\/\/selleetools.com\/pl\/product\/zestaw-3-drewnianych-desek-do-krojenia\/#breadcrumb","itemListElement":[{"@type":"ListItem","position":1,"name":"Home","item":"https:\/\/selleetools.com\/pl\/"},{"@type":"ListItem","position":2,"name":"Katalog","item":"https:\/\/selleetools.com\/pl\/katalog\/"},{"@type":"ListItem","position":3,"name":"Zestaw 3 drewnianych desek do krojenia"}]}]}},"_links":{"self":[{"href":"https:\/\/selleetools.com\/pl\/wp-json\/wp\/v2\/product\/489576"}],"collection":[{"href":"https:\/\/selleetools.com\/pl\/wp-json\/wp\/v2\/product"}],"about":[{"href":"https:\/\/selleetools.com\/pl\/wp-json\/wp\/v2\/types\/product"}],"replies":[{"embeddable":true,"href":"https:\/\/selleetools.com\/pl\/wp-json\/wp\/v2\/comments?post=489576"}],"wp:featuredmedia":[{"embeddable":true,"href":"https:\/\/selleetools.com\/pl\/wp-json\/wp\/v2\/media\/489566"}],"wp:attachment":[{"href":"https:\/\/selleetools.com\/pl\/wp-json\/wp\/v2\/media?parent=489576"}],"curies":[{"name":"wp","href":"https:\/\/api.w.org\/{rel}","templated":true}]}}