{"id":489565,"date":"2025-07-06T14:26:59","date_gmt":"2025-07-06T12:26:59","guid":{"rendered":"https:\/\/selleetools.com\/?post_type=product&#038;p=489565"},"modified":"2025-08-08T14:04:20","modified_gmt":"2025-08-08T12:04:20","slug":"zestaw-2-unikalnych-mis-na-przekaski-drewno-lakierowane","status":"publish","type":"product","link":"https:\/\/selleetools.com\/pl\/product\/zestaw-2-unikalnych-mis-na-przekaski-drewno-lakierowane\/","title":{"rendered":"Zestaw 2 unikalnych mis na przek\u0105ski &#8211; drewno lakierowane"},"content":{"rendered":"<p>Oferujemy zestaw dw\u00f3ch unikalnych mis na przek\u0105ski, wykonanych z lakierowanego drewna, kt\u00f3re doskonale \u0142\u0105cz\u0105 funkcjonalno\u015b\u0107 z estetyk\u0105. Ka\u017cda misa wyr\u00f3\u017cnia si\u0119 starannym wykonaniem i oryginalnym designem, kt\u00f3ry doda elegancji ka\u017cdemu sto\u0142owi. Idealne do serwowania r\u00f3\u017cnorodnych przek\u0105sek, od orzech\u00f3w po owoce czy przystawki, nasze misy s\u0105 nie tylko praktyczne, ale tak\u017ce stanowi\u0105 wspania\u0142\u0105 dekoracj\u0119. Dzi\u0119ki zastosowaniu lakierowanego drewna, produkty s\u0105 \u0142atwe w utrzymaniu czysto\u015bci oraz odporne na uszkodzenia. Spraw, aby Twoje spotkania z rodzin\u0105 i przyjaci\u00f3\u0142mi by\u0142y jeszcze bardziej wyj\u0105tkowe z tym eleganckim zestawem.<\/p>\n<p>TO JEST WYR\u00d3B WYRABIANY W WI\u0118KSZO\u015aCI R\u0118CZNIE Z MA\u0141\u0104 ILO\u015aCI\u0104 U\u017bYCIA MASZYNY.<\/p>\n","protected":false},"excerpt":{"rendered":"<p>Oferujemy zestaw dw\u00f3ch unikalnych mis na przek\u0105ski, wykonanych z lakierowanego drewna, kt\u00f3re doskonale \u0142\u0105cz\u0105 funkcjonalno\u015b\u0107 z estetyk\u0105. Ka\u017cda misa wyr\u00f3\u017cnia si\u0119 starannym wykonaniem i oryginalnym designem, kt\u00f3ry doda elegancji ka\u017cdemu sto\u0142owi. Idealne do serwowania r\u00f3\u017cnorodnych przek\u0105sek, od orzech\u00f3w po owoce czy przystawki, nasze misy s\u0105 nie tylko praktyczne, ale tak\u017ce stanowi\u0105 wspania\u0142\u0105 dekoracj\u0119. Dzi\u0119ki zastosowaniu &#8230; <a title=\"Zestaw 2 unikalnych mis na przek\u0105ski &#8211; drewno lakierowane\" class=\"read-more\" href=\"https:\/\/selleetools.com\/pl\/product\/zestaw-2-unikalnych-mis-na-przekaski-drewno-lakierowane\/\">Read more<span class=\"screen-reader-text\">Zestaw 2 unikalnych mis na przek\u0105ski &#8211; drewno lakierowane<\/span><\/a><\/p>\n","protected":false},"featured_media":489555,"comment_status":"open","ping_status":"closed","template":"","meta":{"_links_to":"","_links_to_target":""},"yoast_head":"<!-- This site is optimized with the Yoast SEO plugin v19.4 - https:\/\/yoast.com\/wordpress\/plugins\/seo\/ -->\n<title>Zestaw 2 unikalnych mis na przek\u0105ski - drewno lakierowane - Selleetools.com<\/title>\n<meta name=\"robots\" content=\"index, follow, max-snippet:-1, max-image-preview:large, max-video-preview:-1\" \/>\n<link rel=\"canonical\" href=\"https:\/\/selleetools.com\/product\/zestaw-2-unikalnych-mis-na-przekaski-drewno-lakierowane\/\" \/>\n<meta property=\"og:locale\" content=\"pl_PL\" \/>\n<meta property=\"og:type\" content=\"article\" \/>\n<meta property=\"og:title\" content=\"Zestaw 2 unikalnych mis na przek\u0105ski - drewno lakierowane - Selleetools.com\" \/>\n<meta property=\"og:description\" content=\"Oferujemy zestaw dw\u00f3ch unikalnych mis na przek\u0105ski, wykonanych z lakierowanego drewna, kt\u00f3re doskonale \u0142\u0105cz\u0105 funkcjonalno\u015b\u0107 z estetyk\u0105. Ka\u017cda misa wyr\u00f3\u017cnia si\u0119 starannym wykonaniem i oryginalnym designem, kt\u00f3ry doda elegancji ka\u017cdemu sto\u0142owi. Idealne do serwowania r\u00f3\u017cnorodnych przek\u0105sek, od orzech\u00f3w po owoce czy przystawki, nasze misy s\u0105 nie tylko praktyczne, ale tak\u017ce stanowi\u0105 wspania\u0142\u0105 dekoracj\u0119. Dzi\u0119ki zastosowaniu ... Read moreZestaw 2 unikalnych mis na przek\u0105ski &#8211; drewno lakierowane\" \/>\n<meta property=\"og:url\" content=\"https:\/\/selleetools.com\/product\/zestaw-2-unikalnych-mis-na-przekaski-drewno-lakierowane\/\" \/>\n<meta property=\"og:site_name\" content=\"Selleetools.com\" \/>\n<meta property=\"article:modified_time\" content=\"2025-08-08T12:04:20+00:00\" \/>\n<meta property=\"og:image\" content=\"https:\/\/selleetools.com\/wp-content\/uploads\/2025\/07\/1e319a2bbb5134e7118dedd50be7b7d3.jpg\" \/>\n\t<meta property=\"og:image:width\" content=\"1500\" \/>\n\t<meta property=\"og:image:height\" content=\"1500\" \/>\n\t<meta property=\"og:image:type\" content=\"image\/jpeg\" \/>\n<meta name=\"twitter:card\" content=\"summary_large_image\" \/>\n<meta name=\"twitter:label1\" content=\"Est. reading time\" \/>\n\t<meta name=\"twitter:data1\" content=\"1 minuta\" \/>\n<!-- \/ Yoast SEO plugin. -->","yoast_head_json":{"title":"Zestaw 2 unikalnych mis na przek\u0105ski - drewno lakierowane - Selleetools.com","robots":{"index":"index","follow":"follow","max-snippet":"max-snippet:-1","max-image-preview":"max-image-preview:large","max-video-preview":"max-video-preview:-1"},"canonical":"https:\/\/selleetools.com\/product\/zestaw-2-unikalnych-mis-na-przekaski-drewno-lakierowane\/","og_locale":"pl_PL","og_type":"article","og_title":"Zestaw 2 unikalnych mis na przek\u0105ski - drewno lakierowane - Selleetools.com","og_description":"Oferujemy zestaw dw\u00f3ch unikalnych mis na przek\u0105ski, wykonanych z lakierowanego drewna, kt\u00f3re doskonale \u0142\u0105cz\u0105 funkcjonalno\u015b\u0107 z estetyk\u0105. Ka\u017cda misa wyr\u00f3\u017cnia si\u0119 starannym wykonaniem i oryginalnym designem, kt\u00f3ry doda elegancji ka\u017cdemu sto\u0142owi. Idealne do serwowania r\u00f3\u017cnorodnych przek\u0105sek, od orzech\u00f3w po owoce czy przystawki, nasze misy s\u0105 nie tylko praktyczne, ale tak\u017ce stanowi\u0105 wspania\u0142\u0105 dekoracj\u0119. Dzi\u0119ki zastosowaniu ... Read moreZestaw 2 unikalnych mis na przek\u0105ski &#8211; drewno lakierowane","og_url":"https:\/\/selleetools.com\/product\/zestaw-2-unikalnych-mis-na-przekaski-drewno-lakierowane\/","og_site_name":"Selleetools.com","article_modified_time":"2025-08-08T12:04:20+00:00","og_image":[{"width":1500,"height":1500,"url":"https:\/\/selleetools.com\/wp-content\/uploads\/2025\/07\/1e319a2bbb5134e7118dedd50be7b7d3.jpg","type":"image\/jpeg"}],"twitter_card":"summary_large_image","twitter_misc":{"Est. reading time":"1 minuta"},"schema":{"@context":"https:\/\/schema.org","@graph":[{"@type":"Organization","@id":"https:\/\/selleetools.com\/#organization","name":"Selleetools","url":"https:\/\/selleetools.com\/","sameAs":[],"logo":{"@type":"ImageObject","inLanguage":"pl-PL","@id":"https:\/\/selleetools.com\/#\/schema\/logo\/image\/","url":"https:\/\/selleetools.com\/wp-content\/uploads\/2021\/10\/logo-dark.png","contentUrl":"https:\/\/selleetools.com\/wp-content\/uploads\/2021\/10\/logo-dark.png","width":320,"height":76,"caption":"Selleetools"},"image":{"@id":"https:\/\/selleetools.com\/#\/schema\/logo\/image\/"}},{"@type":"WebSite","@id":"https:\/\/selleetools.com\/#website","url":"https:\/\/selleetools.com\/","name":"Selleetools.com","description":"","publisher":{"@id":"https:\/\/selleetools.com\/#organization"},"potentialAction":[{"@type":"SearchAction","target":{"@type":"EntryPoint","urlTemplate":"https:\/\/selleetools.com\/?s={search_term_string}"},"query-input":"required name=search_term_string"}],"inLanguage":"pl-PL"},{"@type":"WebPage","@id":"https:\/\/selleetools.com\/product\/zestaw-2-unikalnych-mis-na-przekaski-drewno-lakierowane\/","url":"https:\/\/selleetools.com\/product\/zestaw-2-unikalnych-mis-na-przekaski-drewno-lakierowane\/","name":"Zestaw 2 unikalnych mis na przek\u0105ski - drewno lakierowane - Selleetools.com","isPartOf":{"@id":"https:\/\/selleetools.com\/#website"},"datePublished":"2025-07-06T12:26:59+00:00","dateModified":"2025-08-08T12:04:20+00:00","breadcrumb":{"@id":"https:\/\/selleetools.com\/product\/zestaw-2-unikalnych-mis-na-przekaski-drewno-lakierowane\/#breadcrumb"},"inLanguage":"pl-PL","potentialAction":[{"@type":"ReadAction","target":["https:\/\/selleetools.com\/product\/zestaw-2-unikalnych-mis-na-przekaski-drewno-lakierowane\/"]}]},{"@type":"BreadcrumbList","@id":"https:\/\/selleetools.com\/product\/zestaw-2-unikalnych-mis-na-przekaski-drewno-lakierowane\/#breadcrumb","itemListElement":[{"@type":"ListItem","position":1,"name":"Home","item":"https:\/\/selleetools.com\/pl\/"},{"@type":"ListItem","position":2,"name":"Katalog","item":"https:\/\/selleetools.com\/pl\/katalog\/"},{"@type":"ListItem","position":3,"name":"Zestaw 2 unikalnych mis na przek\u0105ski &#8211; drewno lakierowane"}]}]}},"_links":{"self":[{"href":"https:\/\/selleetools.com\/pl\/wp-json\/wp\/v2\/product\/489565"}],"collection":[{"href":"https:\/\/selleetools.com\/pl\/wp-json\/wp\/v2\/product"}],"about":[{"href":"https:\/\/selleetools.com\/pl\/wp-json\/wp\/v2\/types\/product"}],"replies":[{"embeddable":true,"href":"https:\/\/selleetools.com\/pl\/wp-json\/wp\/v2\/comments?post=489565"}],"wp:featuredmedia":[{"embeddable":true,"href":"https:\/\/selleetools.com\/pl\/wp-json\/wp\/v2\/media\/489555"}],"wp:attachment":[{"href":"https:\/\/selleetools.com\/pl\/wp-json\/wp\/v2\/media?parent=489565"}],"curies":[{"name":"wp","href":"https:\/\/api.w.org\/{rel}","templated":true}]}}