{"id":489554,"date":"2025-07-06T14:26:52","date_gmt":"2025-07-06T12:26:52","guid":{"rendered":"https:\/\/selleetools.com\/?post_type=product&#038;p=489554"},"modified":"2025-08-08T14:04:20","modified_gmt":"2025-08-08T12:04:20","slug":"zestaw-2-stylowych-desek-kuchennych","status":"publish","type":"product","link":"https:\/\/selleetools.com\/pl\/product\/zestaw-2-stylowych-desek-kuchennych\/","title":{"rendered":"Zestaw 2 stylowych desek kuchennych"},"content":{"rendered":"<p>Zestaw dw\u00f3ch stylowych desek kuchennych to idealne rozwi\u0105zanie dla ka\u017cdego kucharza, kt\u00f3ry ceni sobie funkcjonalno\u015b\u0107 oraz estetyk\u0119 podczas gotowania. Wykonane z wysokiej jako\u015bci drewna, deski charakteryzuj\u0105 si\u0119 wyj\u0105tkow\u0105 trwa\u0142o\u015bci\u0105 oraz odporno\u015bci\u0105 na uszkodzenia. <\/p>\n<p>Ka\u017cda deska ma unikalny design, kt\u00f3ry doskonale wkomponuje si\u0119 w nowoczesne jak i klasyczne wn\u0119trza kuchenne. Dzi\u0119ki r\u00f3\u017cnym rozmiarom idealnie nadaj\u0105 si\u0119 do szybkiego krojenia warzyw, mi\u0119sa czy ser\u00f3w. G\u0142adka powierzchnia minimalizuje ryzyko zarysowa\u0144, a ich \u0142atwe czyszczenie sprawia, \u017ce s\u0105 niezwykle praktyczne w codziennym u\u017cytkowaniu. <\/p>\n<p>Zestaw desek kuchennych nie tylko u\u0142atwia prac\u0119 w kuchni, ale tak\u017ce dodaje jej eleganckiego charakteru. To doskona\u0142y wyb\u00f3r zar\u00f3wno dla amator\u00f3w gotowania, jak i profesjonalnych kucharzy. Wybierz nasz zestaw i podnie\u015b komfort oraz estetyk\u0119 swoich kulinarnych przyg\u00f3d.<\/p>\n<p>TO JEST WYR\u00d3B WYRABIANY W WI\u0118KSZO\u015aCI R\u0118CZNIE Z MA\u0141\u0104 ILO\u015aCI\u0104 U\u017bYCIA MASZYNY.<\/p>\n","protected":false},"excerpt":{"rendered":"<p>Zestaw dw\u00f3ch stylowych desek kuchennych to idealne rozwi\u0105zanie dla ka\u017cdego kucharza, kt\u00f3ry ceni sobie funkcjonalno\u015b\u0107 oraz estetyk\u0119 podczas gotowania. Wykonane z wysokiej jako\u015bci drewna, deski charakteryzuj\u0105 si\u0119 wyj\u0105tkow\u0105 trwa\u0142o\u015bci\u0105 oraz odporno\u015bci\u0105 na uszkodzenia. Ka\u017cda deska ma unikalny design, kt\u00f3ry doskonale wkomponuje si\u0119 w nowoczesne jak i klasyczne wn\u0119trza kuchenne. Dzi\u0119ki r\u00f3\u017cnym rozmiarom idealnie nadaj\u0105 si\u0119 &#8230; <a title=\"Zestaw 2 stylowych desek kuchennych\" class=\"read-more\" href=\"https:\/\/selleetools.com\/pl\/product\/zestaw-2-stylowych-desek-kuchennych\/\">Read more<span class=\"screen-reader-text\">Zestaw 2 stylowych desek kuchennych<\/span><\/a><\/p>\n","protected":false},"featured_media":489542,"comment_status":"open","ping_status":"closed","template":"","meta":{"_links_to":"","_links_to_target":""},"yoast_head":"<!-- This site is optimized with the Yoast SEO plugin v19.4 - https:\/\/yoast.com\/wordpress\/plugins\/seo\/ -->\n<title>Zestaw 2 stylowych desek kuchennych - Selleetools.com<\/title>\n<meta name=\"robots\" content=\"index, follow, max-snippet:-1, max-image-preview:large, max-video-preview:-1\" \/>\n<link rel=\"canonical\" href=\"https:\/\/selleetools.com\/product\/zestaw-2-stylowych-desek-kuchennych\/\" \/>\n<meta property=\"og:locale\" content=\"pl_PL\" \/>\n<meta property=\"og:type\" content=\"article\" \/>\n<meta property=\"og:title\" content=\"Zestaw 2 stylowych desek kuchennych - Selleetools.com\" \/>\n<meta property=\"og:description\" content=\"Zestaw dw\u00f3ch stylowych desek kuchennych to idealne rozwi\u0105zanie dla ka\u017cdego kucharza, kt\u00f3ry ceni sobie funkcjonalno\u015b\u0107 oraz estetyk\u0119 podczas gotowania. Wykonane z wysokiej jako\u015bci drewna, deski charakteryzuj\u0105 si\u0119 wyj\u0105tkow\u0105 trwa\u0142o\u015bci\u0105 oraz odporno\u015bci\u0105 na uszkodzenia. Ka\u017cda deska ma unikalny design, kt\u00f3ry doskonale wkomponuje si\u0119 w nowoczesne jak i klasyczne wn\u0119trza kuchenne. Dzi\u0119ki r\u00f3\u017cnym rozmiarom idealnie nadaj\u0105 si\u0119 ... Read moreZestaw 2 stylowych desek kuchennych\" \/>\n<meta property=\"og:url\" content=\"https:\/\/selleetools.com\/product\/zestaw-2-stylowych-desek-kuchennych\/\" \/>\n<meta property=\"og:site_name\" content=\"Selleetools.com\" \/>\n<meta property=\"article:modified_time\" content=\"2025-08-08T12:04:20+00:00\" \/>\n<meta property=\"og:image\" content=\"https:\/\/selleetools.com\/wp-content\/uploads\/2025\/07\/dbb3c9c4d5122781c6be742214d4ad3b.jpg\" \/>\n\t<meta property=\"og:image:width\" content=\"1500\" \/>\n\t<meta property=\"og:image:height\" content=\"1500\" \/>\n\t<meta property=\"og:image:type\" content=\"image\/jpeg\" \/>\n<meta name=\"twitter:card\" content=\"summary_large_image\" \/>\n<meta name=\"twitter:label1\" content=\"Est. reading time\" \/>\n\t<meta name=\"twitter:data1\" content=\"1 minuta\" \/>\n<!-- \/ Yoast SEO plugin. -->","yoast_head_json":{"title":"Zestaw 2 stylowych desek kuchennych - Selleetools.com","robots":{"index":"index","follow":"follow","max-snippet":"max-snippet:-1","max-image-preview":"max-image-preview:large","max-video-preview":"max-video-preview:-1"},"canonical":"https:\/\/selleetools.com\/product\/zestaw-2-stylowych-desek-kuchennych\/","og_locale":"pl_PL","og_type":"article","og_title":"Zestaw 2 stylowych desek kuchennych - Selleetools.com","og_description":"Zestaw dw\u00f3ch stylowych desek kuchennych to idealne rozwi\u0105zanie dla ka\u017cdego kucharza, kt\u00f3ry ceni sobie funkcjonalno\u015b\u0107 oraz estetyk\u0119 podczas gotowania. Wykonane z wysokiej jako\u015bci drewna, deski charakteryzuj\u0105 si\u0119 wyj\u0105tkow\u0105 trwa\u0142o\u015bci\u0105 oraz odporno\u015bci\u0105 na uszkodzenia. Ka\u017cda deska ma unikalny design, kt\u00f3ry doskonale wkomponuje si\u0119 w nowoczesne jak i klasyczne wn\u0119trza kuchenne. Dzi\u0119ki r\u00f3\u017cnym rozmiarom idealnie nadaj\u0105 si\u0119 ... Read moreZestaw 2 stylowych desek kuchennych","og_url":"https:\/\/selleetools.com\/product\/zestaw-2-stylowych-desek-kuchennych\/","og_site_name":"Selleetools.com","article_modified_time":"2025-08-08T12:04:20+00:00","og_image":[{"width":1500,"height":1500,"url":"https:\/\/selleetools.com\/wp-content\/uploads\/2025\/07\/dbb3c9c4d5122781c6be742214d4ad3b.jpg","type":"image\/jpeg"}],"twitter_card":"summary_large_image","twitter_misc":{"Est. reading time":"1 minuta"},"schema":{"@context":"https:\/\/schema.org","@graph":[{"@type":"Organization","@id":"https:\/\/selleetools.com\/#organization","name":"Selleetools","url":"https:\/\/selleetools.com\/","sameAs":[],"logo":{"@type":"ImageObject","inLanguage":"pl-PL","@id":"https:\/\/selleetools.com\/#\/schema\/logo\/image\/","url":"https:\/\/selleetools.com\/wp-content\/uploads\/2021\/10\/logo-dark.png","contentUrl":"https:\/\/selleetools.com\/wp-content\/uploads\/2021\/10\/logo-dark.png","width":320,"height":76,"caption":"Selleetools"},"image":{"@id":"https:\/\/selleetools.com\/#\/schema\/logo\/image\/"}},{"@type":"WebSite","@id":"https:\/\/selleetools.com\/#website","url":"https:\/\/selleetools.com\/","name":"Selleetools.com","description":"","publisher":{"@id":"https:\/\/selleetools.com\/#organization"},"potentialAction":[{"@type":"SearchAction","target":{"@type":"EntryPoint","urlTemplate":"https:\/\/selleetools.com\/?s={search_term_string}"},"query-input":"required name=search_term_string"}],"inLanguage":"pl-PL"},{"@type":"WebPage","@id":"https:\/\/selleetools.com\/product\/zestaw-2-stylowych-desek-kuchennych\/","url":"https:\/\/selleetools.com\/product\/zestaw-2-stylowych-desek-kuchennych\/","name":"Zestaw 2 stylowych desek kuchennych - Selleetools.com","isPartOf":{"@id":"https:\/\/selleetools.com\/#website"},"datePublished":"2025-07-06T12:26:52+00:00","dateModified":"2025-08-08T12:04:20+00:00","breadcrumb":{"@id":"https:\/\/selleetools.com\/product\/zestaw-2-stylowych-desek-kuchennych\/#breadcrumb"},"inLanguage":"pl-PL","potentialAction":[{"@type":"ReadAction","target":["https:\/\/selleetools.com\/product\/zestaw-2-stylowych-desek-kuchennych\/"]}]},{"@type":"BreadcrumbList","@id":"https:\/\/selleetools.com\/product\/zestaw-2-stylowych-desek-kuchennych\/#breadcrumb","itemListElement":[{"@type":"ListItem","position":1,"name":"Home","item":"https:\/\/selleetools.com\/pl\/"},{"@type":"ListItem","position":2,"name":"Katalog","item":"https:\/\/selleetools.com\/pl\/katalog\/"},{"@type":"ListItem","position":3,"name":"Zestaw 2 stylowych desek kuchennych"}]}]}},"_links":{"self":[{"href":"https:\/\/selleetools.com\/pl\/wp-json\/wp\/v2\/product\/489554"}],"collection":[{"href":"https:\/\/selleetools.com\/pl\/wp-json\/wp\/v2\/product"}],"about":[{"href":"https:\/\/selleetools.com\/pl\/wp-json\/wp\/v2\/types\/product"}],"replies":[{"embeddable":true,"href":"https:\/\/selleetools.com\/pl\/wp-json\/wp\/v2\/comments?post=489554"}],"wp:featuredmedia":[{"embeddable":true,"href":"https:\/\/selleetools.com\/pl\/wp-json\/wp\/v2\/media\/489542"}],"wp:attachment":[{"href":"https:\/\/selleetools.com\/pl\/wp-json\/wp\/v2\/media?parent=489554"}],"curies":[{"name":"wp","href":"https:\/\/api.w.org\/{rel}","templated":true}]}}