{"id":489509,"date":"2025-07-06T14:26:26","date_gmt":"2025-07-06T12:26:26","guid":{"rendered":"https:\/\/selleetools.com\/?post_type=product&#038;p=489509"},"modified":"2025-08-08T14:04:20","modified_gmt":"2025-08-08T12:04:20","slug":"drewniana-tacka-ze-sztuccami-wiewiorka","status":"publish","type":"product","link":"https:\/\/selleetools.com\/pl\/product\/drewniana-tacka-ze-sztuccami-wiewiorka\/","title":{"rendered":"Drewniana tacka ze sztu\u0107cami &#8211; wiewi\u00f3rka"},"content":{"rendered":"<p>Oferujemy wyj\u0105tkow\u0105 drewnian\u0105 tack\u0119 ze sztu\u0107cami, ozdobion\u0105 urokliwym motywem wiewi\u00f3rki. Ta starannie wykonana tacka \u0142\u0105czy w sobie estetyk\u0119 oraz funkcjonalno\u015b\u0107, stanowi\u0105c doskona\u0142e uzupe\u0142nienie ka\u017cdej kuchni czy jadalni. Wykonana z wysokiej jako\u015bci drewna, zapewnia trwa\u0142o\u015b\u0107 oraz elegancki wygl\u0105d, kt\u00f3ry z pewno\u015bci\u0105 przyci\u0105gnie uwag\u0119 go\u015bci.<\/p>\n<p>Zestaw zawiera wszystkie niezb\u0119dne sztu\u0107ce, co sprawia, \u017ce jest idealnym rozwi\u0105zaniem na rodzinne obiady, imprezy lub pikniki na \u015bwie\u017cym powietrzu. Dzi\u0119ki przemy\u015blanej konstrukcji, ka\u017cdy element jest \u0142atwo dost\u0119pny, co u\u0142atwia serwowanie potraw i organizacj\u0119 czasu przy stole.<\/p>\n<p>Drewniana tacka ze sztu\u0107cami &#8211; wiewi\u00f3rka to wspania\u0142y wyb\u00f3r dla os\u00f3b ceni\u0105cych sobie styl oraz jako\u015b\u0107 wykonania. Idealnie sprawdzi si\u0119 r\u00f3wnie\u017c jako prezent dla bliskiej osoby, zar\u00f3wno na urodziny, jak i inne okazje. Wzboga\u0107 swoj\u0105 przestrze\u0144 o ten niezwyk\u0142y element wyposa\u017cenia, kt\u00f3ry z pewno\u015bci\u0105 umili ka\u017cd\u0105 chwil\u0119 sp\u0119dzon\u0105 przy stole.<\/p>\n<p>TO JEST WYR\u00d3B WYRABIANY W WI\u0118KSZO\u015aCI R\u0118CZNIE Z MA\u0141\u0104 ILO\u015aCI\u0104 U\u017bYCIA MASZYNY.<\/p>\n","protected":false},"excerpt":{"rendered":"<p>Oferujemy wyj\u0105tkow\u0105 drewnian\u0105 tack\u0119 ze sztu\u0107cami, ozdobion\u0105 urokliwym motywem wiewi\u00f3rki. Ta starannie wykonana tacka \u0142\u0105czy w sobie estetyk\u0119 oraz funkcjonalno\u015b\u0107, stanowi\u0105c doskona\u0142e uzupe\u0142nienie ka\u017cdej kuchni czy jadalni. Wykonana z wysokiej jako\u015bci drewna, zapewnia trwa\u0142o\u015b\u0107 oraz elegancki wygl\u0105d, kt\u00f3ry z pewno\u015bci\u0105 przyci\u0105gnie uwag\u0119 go\u015bci. Zestaw zawiera wszystkie niezb\u0119dne sztu\u0107ce, co sprawia, \u017ce jest idealnym rozwi\u0105zaniem na &#8230; <a title=\"Drewniana tacka ze sztu\u0107cami &#8211; wiewi\u00f3rka\" class=\"read-more\" href=\"https:\/\/selleetools.com\/pl\/product\/drewniana-tacka-ze-sztuccami-wiewiorka\/\">Read more<span class=\"screen-reader-text\">Drewniana tacka ze sztu\u0107cami &#8211; wiewi\u00f3rka<\/span><\/a><\/p>\n","protected":false},"featured_media":489499,"comment_status":"open","ping_status":"closed","template":"","meta":{"_links_to":"","_links_to_target":""},"yoast_head":"<!-- This site is optimized with the Yoast SEO plugin v19.4 - https:\/\/yoast.com\/wordpress\/plugins\/seo\/ -->\n<title>Drewniana tacka ze sztu\u0107cami - wiewi\u00f3rka - Selleetools.com<\/title>\n<meta name=\"robots\" content=\"index, follow, max-snippet:-1, max-image-preview:large, max-video-preview:-1\" \/>\n<link rel=\"canonical\" href=\"https:\/\/admincentral.selleetools.com\/pl\/product\/drewniana-tacka-ze-sztuccami-wiewiorka\/\" \/>\n<meta property=\"og:locale\" content=\"pl_PL\" \/>\n<meta property=\"og:type\" content=\"article\" \/>\n<meta property=\"og:title\" content=\"Drewniana tacka ze sztu\u0107cami - wiewi\u00f3rka - Selleetools.com\" \/>\n<meta property=\"og:description\" content=\"Oferujemy wyj\u0105tkow\u0105 drewnian\u0105 tack\u0119 ze sztu\u0107cami, ozdobion\u0105 urokliwym motywem wiewi\u00f3rki. Ta starannie wykonana tacka \u0142\u0105czy w sobie estetyk\u0119 oraz funkcjonalno\u015b\u0107, stanowi\u0105c doskona\u0142e uzupe\u0142nienie ka\u017cdej kuchni czy jadalni. Wykonana z wysokiej jako\u015bci drewna, zapewnia trwa\u0142o\u015b\u0107 oraz elegancki wygl\u0105d, kt\u00f3ry z pewno\u015bci\u0105 przyci\u0105gnie uwag\u0119 go\u015bci. Zestaw zawiera wszystkie niezb\u0119dne sztu\u0107ce, co sprawia, \u017ce jest idealnym rozwi\u0105zaniem na ... Read moreDrewniana tacka ze sztu\u0107cami &#8211; wiewi\u00f3rka\" \/>\n<meta property=\"og:url\" content=\"https:\/\/admincentral.selleetools.com\/pl\/product\/drewniana-tacka-ze-sztuccami-wiewiorka\/\" \/>\n<meta property=\"og:site_name\" content=\"Selleetools.com\" \/>\n<meta property=\"article:modified_time\" content=\"2025-08-08T12:04:20+00:00\" \/>\n<meta property=\"og:image\" content=\"https:\/\/selleetools.com\/wp-content\/uploads\/2025\/07\/60b17256a3968e30941e17d813c49afb.jpg\" \/>\n\t<meta property=\"og:image:width\" content=\"1500\" \/>\n\t<meta property=\"og:image:height\" content=\"1500\" \/>\n\t<meta property=\"og:image:type\" content=\"image\/jpeg\" \/>\n<meta name=\"twitter:card\" content=\"summary_large_image\" \/>\n<meta name=\"twitter:label1\" content=\"Est. reading time\" \/>\n\t<meta name=\"twitter:data1\" content=\"1 minuta\" \/>\n<!-- \/ Yoast SEO plugin. -->","yoast_head_json":{"title":"Drewniana tacka ze sztu\u0107cami - wiewi\u00f3rka - Selleetools.com","robots":{"index":"index","follow":"follow","max-snippet":"max-snippet:-1","max-image-preview":"max-image-preview:large","max-video-preview":"max-video-preview:-1"},"canonical":"https:\/\/admincentral.selleetools.com\/pl\/product\/drewniana-tacka-ze-sztuccami-wiewiorka\/","og_locale":"pl_PL","og_type":"article","og_title":"Drewniana tacka ze sztu\u0107cami - wiewi\u00f3rka - Selleetools.com","og_description":"Oferujemy wyj\u0105tkow\u0105 drewnian\u0105 tack\u0119 ze sztu\u0107cami, ozdobion\u0105 urokliwym motywem wiewi\u00f3rki. Ta starannie wykonana tacka \u0142\u0105czy w sobie estetyk\u0119 oraz funkcjonalno\u015b\u0107, stanowi\u0105c doskona\u0142e uzupe\u0142nienie ka\u017cdej kuchni czy jadalni. Wykonana z wysokiej jako\u015bci drewna, zapewnia trwa\u0142o\u015b\u0107 oraz elegancki wygl\u0105d, kt\u00f3ry z pewno\u015bci\u0105 przyci\u0105gnie uwag\u0119 go\u015bci. Zestaw zawiera wszystkie niezb\u0119dne sztu\u0107ce, co sprawia, \u017ce jest idealnym rozwi\u0105zaniem na ... Read moreDrewniana tacka ze sztu\u0107cami &#8211; wiewi\u00f3rka","og_url":"https:\/\/admincentral.selleetools.com\/pl\/product\/drewniana-tacka-ze-sztuccami-wiewiorka\/","og_site_name":"Selleetools.com","article_modified_time":"2025-08-08T12:04:20+00:00","og_image":[{"width":1500,"height":1500,"url":"https:\/\/selleetools.com\/wp-content\/uploads\/2025\/07\/60b17256a3968e30941e17d813c49afb.jpg","type":"image\/jpeg"}],"twitter_card":"summary_large_image","twitter_misc":{"Est. reading time":"1 minuta"},"schema":{"@context":"https:\/\/schema.org","@graph":[{"@type":"Organization","@id":"https:\/\/selleetools.com\/#organization","name":"Selleetools","url":"https:\/\/selleetools.com\/","sameAs":[],"logo":{"@type":"ImageObject","inLanguage":"pl-PL","@id":"https:\/\/selleetools.com\/#\/schema\/logo\/image\/","url":"https:\/\/selleetools.com\/wp-content\/uploads\/2021\/10\/logo-dark.png","contentUrl":"https:\/\/selleetools.com\/wp-content\/uploads\/2021\/10\/logo-dark.png","width":320,"height":76,"caption":"Selleetools"},"image":{"@id":"https:\/\/selleetools.com\/#\/schema\/logo\/image\/"}},{"@type":"WebSite","@id":"https:\/\/selleetools.com\/#website","url":"https:\/\/selleetools.com\/","name":"Selleetools.com","description":"","publisher":{"@id":"https:\/\/selleetools.com\/#organization"},"potentialAction":[{"@type":"SearchAction","target":{"@type":"EntryPoint","urlTemplate":"https:\/\/selleetools.com\/?s={search_term_string}"},"query-input":"required name=search_term_string"}],"inLanguage":"pl-PL"},{"@type":"WebPage","@id":"https:\/\/admincentral.selleetools.com\/pl\/product\/drewniana-tacka-ze-sztuccami-wiewiorka\/","url":"https:\/\/admincentral.selleetools.com\/pl\/product\/drewniana-tacka-ze-sztuccami-wiewiorka\/","name":"Drewniana tacka ze sztu\u0107cami - wiewi\u00f3rka - Selleetools.com","isPartOf":{"@id":"https:\/\/selleetools.com\/#website"},"datePublished":"2025-07-06T12:26:26+00:00","dateModified":"2025-08-08T12:04:20+00:00","breadcrumb":{"@id":"https:\/\/admincentral.selleetools.com\/pl\/product\/drewniana-tacka-ze-sztuccami-wiewiorka\/#breadcrumb"},"inLanguage":"pl-PL","potentialAction":[{"@type":"ReadAction","target":["https:\/\/admincentral.selleetools.com\/pl\/product\/drewniana-tacka-ze-sztuccami-wiewiorka\/"]}]},{"@type":"BreadcrumbList","@id":"https:\/\/admincentral.selleetools.com\/pl\/product\/drewniana-tacka-ze-sztuccami-wiewiorka\/#breadcrumb","itemListElement":[{"@type":"ListItem","position":1,"name":"Home","item":"https:\/\/selleetools.com\/pl\/"},{"@type":"ListItem","position":2,"name":"Katalog","item":"https:\/\/selleetools.com\/pl\/katalog\/"},{"@type":"ListItem","position":3,"name":"Drewniana tacka ze sztu\u0107cami &#8211; wiewi\u00f3rka"}]}]}},"_links":{"self":[{"href":"https:\/\/selleetools.com\/pl\/wp-json\/wp\/v2\/product\/489509"}],"collection":[{"href":"https:\/\/selleetools.com\/pl\/wp-json\/wp\/v2\/product"}],"about":[{"href":"https:\/\/selleetools.com\/pl\/wp-json\/wp\/v2\/types\/product"}],"replies":[{"embeddable":true,"href":"https:\/\/selleetools.com\/pl\/wp-json\/wp\/v2\/comments?post=489509"}],"wp:featuredmedia":[{"embeddable":true,"href":"https:\/\/selleetools.com\/pl\/wp-json\/wp\/v2\/media\/489499"}],"wp:attachment":[{"href":"https:\/\/selleetools.com\/pl\/wp-json\/wp\/v2\/media?parent=489509"}],"curies":[{"name":"wp","href":"https:\/\/api.w.org\/{rel}","templated":true}]}}